{"id":80781,"date":"2019-09-22T21:43:37","date_gmt":"2019-09-22T21:43:37","guid":{"rendered":"https:\/\/matyodesign.hu\/?page_id=80781"},"modified":"2025-04-11T11:14:17","modified_gmt":"2025-04-11T09:14:17","slug":"gomany_erzsebet","status":"publish","type":"page","link":"https:\/\/matyodesign.hu\/en\/gomany_erzsebet\/","title":{"rendered":"Gom\u00e1ny Erzs\u00e9bet"},"content":{"rendered":"<section class=\"wpb-content-wrapper\"><div class=\"vc_row wpb_row vc_row-fluid\" ><div class=\"wpb_column vc_column_container vc_col-sm-6\"><div class=\"vc_column-inner\"><div class=\"wpb_wrapper\">\n\t<div  class=\"wpb_single_image wpb_content_element vc_align_left\">\n\t\t\n\t\t<figure class=\"wpb_wrapper vc_figure\">\n\t\t\t<div class=\"vc_single_image-wrapper   vc_box_border_grey\"><img loading=\"lazy\" decoding=\"async\" width=\"1000\" height=\"1000\" src=\"https:\/\/matyodesign.hu\/wp-content\/uploads\/2024\/05\/Gomany_Erzsebet.webp\" class=\"vc_single_image-img attachment-full\" alt=\"\" title=\"Gomany_Erzsebet\" srcset=\"https:\/\/matyodesign.hu\/wp-content\/uploads\/2024\/05\/Gomany_Erzsebet.webp 1000w, https:\/\/matyodesign.hu\/wp-content\/uploads\/2024\/05\/Gomany_Erzsebet-300x300.webp 300w, https:\/\/matyodesign.hu\/wp-content\/uploads\/2024\/05\/Gomany_Erzsebet-150x150.webp 150w, https:\/\/matyodesign.hu\/wp-content\/uploads\/2024\/05\/Gomany_Erzsebet-768x768.webp 768w, https:\/\/matyodesign.hu\/wp-content\/uploads\/2024\/05\/Gomany_Erzsebet-12x12.webp 12w, https:\/\/matyodesign.hu\/wp-content\/uploads\/2024\/05\/Gomany_Erzsebet-650x650.webp 650w, https:\/\/matyodesign.hu\/wp-content\/uploads\/2024\/05\/Gomany_Erzsebet-600x600.webp 600w, https:\/\/matyodesign.hu\/wp-content\/uploads\/2024\/05\/Gomany_Erzsebet-100x100.webp 100w\" sizes=\"auto, (max-width: 1000px) 100vw, 1000px\" \/><\/div>\n\t\t<\/figure>\n\t<\/div>\n<\/div><\/div><\/div><div class=\"wpb_column vc_column_container vc_col-sm-6\"><div class=\"vc_column-inner\"><div class=\"wpb_wrapper\">\n\t<div class=\"wpb_text_column wpb_content_element\" >\n\t\t<div class=\"wpb_wrapper\">\n\t\t\t<div id=\"text-block-2\" class=\"mk-text-block\">\n<h3 class=\"shortcode-heading mk-fancy-title align-left\">GOM\u00c1NY ERZS\u00c9BET, h\u00edmz\u0151n\u0151<\/h3>\n<p>1940-ben l\u00e1ttam meg a napvil\u00e1got, \u00e9n att\u00f3l kezdve itt \u00e9lek Tardon. Utols\u00f3k\u00e9nt \u00e9rkeztem egy \u00f6tgyerekes csal\u00e1dba, nagyon szeg\u00e9nyek voltunk, nekem ez a falu m\u00e9gis a j\u00f3 csal\u00e1di \u00e9letet jelenti. Viszem tov\u00e1bb mindazt, amit a sz\u00fcleimt\u0151l tanultam \u2013 a csal\u00e1d a legfontosabb. K\u00e9t gyerekem van, csal\u00e1djaikkal egy\u00fctt \u0151k a legfontosabbak nekem. Rozi \u00e9s Bogyisz csal\u00e1dja is hasonl\u00f3 \u00e9rt\u00e9kek szerint \u00e9ltek, ismertem a sz\u00fcleiket \u00e9s az \u00f6sszes testv\u00e9r\u00fcket is.<\/p>\n<p>\u00c9n el\u0151sz\u00f6r fonni tanultam, ehhez k\u00f6t\u0151dik az egyik legszebb gyerekkori eml\u00e9kem. \u00c9desany\u00e1m mellettem dolgozott, \u00e9n fontam. L\u00e1ttam \u00e1m, hogy a munk\u00e1ja k\u00f6zben oda-oda n\u00e9zeget r\u00e1m, azt\u00e1n amikor tele lett az ors\u00f3m, k\u00e9rtem \u0151t, hogy n\u00e9zze meg, milyen lett. Azt mondta: \u201eFiam, de ver\u00e9bfejesen font\u00e1l, h\u00e1t nem kell sietni, hanem sz\u00e9p sim\u00e1ra fonni, nem ilyen ver\u00e9bfejesre \u2026\u201d<br \/>\nHat-h\u00e9t \u00e9vesen kezdtem el h\u00edmezni, am\u00edg tanultam, elb\u00fajtam a patakparton a bokorba, hogy senki ne l\u00e1ssa, mennyit hib\u00e1zok.<\/p>\n<p>A matyodesign nyugd\u00edjkieg\u00e9sz\u00edt\u00e9st jelent, ami nagyon j\u00f3l j\u00f6n. Az\u00e9rt meg kell mondjam, sokszor nem \u00f6r\u00fcl\u00f6k a sz\u00edneknek, mert h\u00e1t nem ehhez vagyok szokva, de ha ez kell, h\u00e1t akkor ezt fogjuk h\u00edmezni. Mostanra m\u00e1r megszoktam, hogy a maty\u00f3 r\u00f3zsa bizony n\u00e9ha fekete.<\/p>\n<p>Az a fontos, hogy b\u00e1rmilyen munk\u00e1t is b\u00edz r\u00e1nk a f\u00f6l\u00f6tt\u00fcnk val\u00f3, a j\u00f3 Isten, azt lelkiismeretesen \u00e9s szorgalmasan v\u00e9gezz\u00fck.<\/p>\n<div class=\"clearboth\"><\/div>\n<\/div>\n<div class=\"wpb_single_image wpb_content_element vc_align_left\">\n<figure class=\"wpb_wrapper vc_figure\">\n<div class=\"vc_single_image-wrapper vc_box_border_grey\"><img loading=\"lazy\" decoding=\"async\" class=\"vc_single_image-img attachment-full\" src=\"https:\/\/matyodesign.hu\/wp-content\/uploads\/2016\/06\/gomany_erzsebet.png\" sizes=\"auto, (max-width: 700px) 100vw, 700px\" srcset=\"https:\/\/matyodesign.hu\/wp-content\/uploads\/2016\/06\/gomany_erzsebet.png 700w, https:\/\/matyodesign.hu\/wp-content\/uploads\/2016\/06\/gomany_erzsebet-600x113.png 600w\" alt=\"\" width=\"700\" height=\"132\" \/><\/div>\n<\/figure>\n<\/div>\n\n\t\t<\/div>\n\t<\/div>\n<\/div><\/div><\/div><\/div><div class=\"vc_row wpb_row vc_row-fluid\" ><div class=\"wpb_column vc_column_container vc_col-sm-12\"><div class=\"vc_column-inner\"><div class=\"wpb_wrapper\"><a class=\"wpb_button_a\" title=\"Vissza\" href=\"https:\/\/matyodesign.hu\/en\/about\/\"><span class=\"wpb_button  wpb_wpb_button wpb_regularsize\">Vissza<\/span><\/a><\/div><\/div><\/div><\/div>\n<\/section>","protected":false},"excerpt":{"rendered":"<p>If you&#8217;d like to discuss working with us, find out more about the range of services we have to offer, or just want to have a chat, please get in touch.<\/p>","protected":false},"author":1,"featured_media":0,"parent":0,"menu_order":0,"comment_status":"closed","ping_status":"closed","template":"","meta":{"footnotes":""},"class_list":["post-80781","page","type-page","status-publish","hentry"],"yoast_head":"<!-- This site is optimized with the Yoast SEO plugin v27.4 - https:\/\/yoast.com\/product\/yoast-seo-wordpress\/ -->\n<title>Gom\u00e1ny Erzs\u00e9bet \u2013 Maty\u00f3 h\u00edmz\u00e9s \u00e9s h\u00edmzett ruh\u00e1k<\/title>\n<meta name=\"description\" content=\"Gom\u00e1ny Erzs\u00e9bet t\u00f6rt\u00e9nete a maty\u00f3 h\u00edmz\u00e9s vil\u00e1g\u00e1b\u00f3l. Hagyom\u00e1nyos mint\u00e1k, k\u00e9zzel h\u00edmzett ruh\u00e1k \u00e9s kieg\u00e9sz\u00edt\u0151k a maty\u00f3 ruha web\u00e1ruh\u00e1z kollekci\u00f3j\u00e1ban.\" \/>\n<meta name=\"robots\" content=\"index, follow, max-snippet:-1, max-image-preview:large, max-video-preview:-1\" \/>\n<link rel=\"canonical\" href=\"https:\/\/matyodesign.hu\/en\/gomany_erzsebet\/\" \/>\n<meta property=\"og:locale\" content=\"en_GB\" \/>\n<meta property=\"og:type\" content=\"article\" \/>\n<meta property=\"og:title\" content=\"Gom\u00e1ny Erzs\u00e9bet \u2013 Maty\u00f3 h\u00edmz\u00e9s \u00e9s h\u00edmzett ruh\u00e1k\" \/>\n<meta property=\"og:description\" content=\"Gom\u00e1ny Erzs\u00e9bet t\u00f6rt\u00e9nete a maty\u00f3 h\u00edmz\u00e9s vil\u00e1g\u00e1b\u00f3l. Hagyom\u00e1nyos mint\u00e1k, k\u00e9zzel h\u00edmzett ruh\u00e1k \u00e9s kieg\u00e9sz\u00edt\u0151k a maty\u00f3 ruha web\u00e1ruh\u00e1z kollekci\u00f3j\u00e1ban.\" \/>\n<meta property=\"og:url\" content=\"https:\/\/matyodesign.hu\/en\/gomany_erzsebet\/\" \/>\n<meta property=\"og:site_name\" content=\"matyodesign\" \/>\n<meta property=\"article:modified_time\" content=\"2025-04-11T09:14:17+00:00\" \/>\n<meta property=\"og:image\" content=\"https:\/\/matyodesign.hu\/wp-content\/uploads\/2016\/06\/gomany_erzsebet.png\" \/>\n<meta name=\"twitter:card\" content=\"summary_large_image\" \/>\n<meta name=\"twitter:label1\" content=\"Estimated reading time\" \/>\n\t<meta name=\"twitter:data1\" content=\"2 minutes\" \/>\n<script type=\"application\/ld+json\" class=\"yoast-schema-graph\">{\"@context\":\"https:\\\/\\\/schema.org\",\"@graph\":[{\"@type\":\"WebPage\",\"@id\":\"https:\\\/\\\/matyodesign.hu\\\/gomany_erzsebet\\\/\",\"url\":\"https:\\\/\\\/matyodesign.hu\\\/gomany_erzsebet\\\/\",\"name\":\"Gom\u00e1ny Erzs\u00e9bet \u2013 Maty\u00f3 h\u00edmz\u00e9s \u00e9s h\u00edmzett ruh\u00e1k\",\"isPartOf\":{\"@id\":\"https:\\\/\\\/matyodesign.hu\\\/#website\"},\"primaryImageOfPage\":{\"@id\":\"https:\\\/\\\/matyodesign.hu\\\/gomany_erzsebet\\\/#primaryimage\"},\"image\":{\"@id\":\"https:\\\/\\\/matyodesign.hu\\\/gomany_erzsebet\\\/#primaryimage\"},\"thumbnailUrl\":\"https:\\\/\\\/matyodesign.hu\\\/wp-content\\\/uploads\\\/2016\\\/06\\\/gomany_erzsebet.png\",\"datePublished\":\"2019-09-22T21:43:37+00:00\",\"dateModified\":\"2025-04-11T09:14:17+00:00\",\"description\":\"Gom\u00e1ny Erzs\u00e9bet t\u00f6rt\u00e9nete a maty\u00f3 h\u00edmz\u00e9s vil\u00e1g\u00e1b\u00f3l. Hagyom\u00e1nyos mint\u00e1k, k\u00e9zzel h\u00edmzett ruh\u00e1k \u00e9s kieg\u00e9sz\u00edt\u0151k a maty\u00f3 ruha web\u00e1ruh\u00e1z kollekci\u00f3j\u00e1ban.\",\"breadcrumb\":{\"@id\":\"https:\\\/\\\/matyodesign.hu\\\/gomany_erzsebet\\\/#breadcrumb\"},\"inLanguage\":\"en-GB\",\"potentialAction\":[{\"@type\":\"ReadAction\",\"target\":[\"https:\\\/\\\/matyodesign.hu\\\/gomany_erzsebet\\\/\"]}]},{\"@type\":\"ImageObject\",\"inLanguage\":\"en-GB\",\"@id\":\"https:\\\/\\\/matyodesign.hu\\\/gomany_erzsebet\\\/#primaryimage\",\"url\":\"https:\\\/\\\/matyodesign.hu\\\/wp-content\\\/uploads\\\/2016\\\/06\\\/gomany_erzsebet.png\",\"contentUrl\":\"https:\\\/\\\/matyodesign.hu\\\/wp-content\\\/uploads\\\/2016\\\/06\\\/gomany_erzsebet.png\"},{\"@type\":\"BreadcrumbList\",\"@id\":\"https:\\\/\\\/matyodesign.hu\\\/gomany_erzsebet\\\/#breadcrumb\",\"itemListElement\":[{\"@type\":\"ListItem\",\"position\":1,\"name\":\"Kezd\u0151lap\",\"item\":\"https:\\\/\\\/matyodesign.hu\\\/\"},{\"@type\":\"ListItem\",\"position\":2,\"name\":\"Gom\u00e1ny Erzs\u00e9bet\"}]},{\"@type\":\"WebSite\",\"@id\":\"https:\\\/\\\/matyodesign.hu\\\/#website\",\"url\":\"https:\\\/\\\/matyodesign.hu\\\/\",\"name\":\"matyodesign\",\"description\":\"K\u00e9zzel. Szeretettel. Neked.\",\"potentialAction\":[{\"@type\":\"SearchAction\",\"target\":{\"@type\":\"EntryPoint\",\"urlTemplate\":\"https:\\\/\\\/matyodesign.hu\\\/?s={search_term_string}\"},\"query-input\":{\"@type\":\"PropertyValueSpecification\",\"valueRequired\":true,\"valueName\":\"search_term_string\"}}],\"inLanguage\":\"en-GB\"}]}<\/script>\n<!-- \/ Yoast SEO plugin. -->","yoast_head_json":{"title":"Gom\u00e1ny Erzs\u00e9bet \u2013 Maty\u00f3 h\u00edmz\u00e9s \u00e9s h\u00edmzett ruh\u00e1k","description":"Gom\u00e1ny Erzs\u00e9bet t\u00f6rt\u00e9nete a maty\u00f3 h\u00edmz\u00e9s vil\u00e1g\u00e1b\u00f3l. Hagyom\u00e1nyos mint\u00e1k, k\u00e9zzel h\u00edmzett ruh\u00e1k \u00e9s kieg\u00e9sz\u00edt\u0151k a maty\u00f3 ruha web\u00e1ruh\u00e1z kollekci\u00f3j\u00e1ban.","robots":{"index":"index","follow":"follow","max-snippet":"max-snippet:-1","max-image-preview":"max-image-preview:large","max-video-preview":"max-video-preview:-1"},"canonical":"https:\/\/matyodesign.hu\/en\/gomany_erzsebet\/","og_locale":"en_GB","og_type":"article","og_title":"Gom\u00e1ny Erzs\u00e9bet \u2013 Maty\u00f3 h\u00edmz\u00e9s \u00e9s h\u00edmzett ruh\u00e1k","og_description":"Gom\u00e1ny Erzs\u00e9bet t\u00f6rt\u00e9nete a maty\u00f3 h\u00edmz\u00e9s vil\u00e1g\u00e1b\u00f3l. Hagyom\u00e1nyos mint\u00e1k, k\u00e9zzel h\u00edmzett ruh\u00e1k \u00e9s kieg\u00e9sz\u00edt\u0151k a maty\u00f3 ruha web\u00e1ruh\u00e1z kollekci\u00f3j\u00e1ban.","og_url":"https:\/\/matyodesign.hu\/en\/gomany_erzsebet\/","og_site_name":"matyodesign","article_modified_time":"2025-04-11T09:14:17+00:00","og_image":[{"url":"https:\/\/matyodesign.hu\/wp-content\/uploads\/2016\/06\/gomany_erzsebet.png","type":"","width":"","height":""}],"twitter_card":"summary_large_image","twitter_misc":{"Estimated reading time":"2 minutes"},"schema":{"@context":"https:\/\/schema.org","@graph":[{"@type":"WebPage","@id":"https:\/\/matyodesign.hu\/gomany_erzsebet\/","url":"https:\/\/matyodesign.hu\/gomany_erzsebet\/","name":"Gom\u00e1ny Erzs\u00e9bet \u2013 Maty\u00f3 h\u00edmz\u00e9s \u00e9s h\u00edmzett ruh\u00e1k","isPartOf":{"@id":"https:\/\/matyodesign.hu\/#website"},"primaryImageOfPage":{"@id":"https:\/\/matyodesign.hu\/gomany_erzsebet\/#primaryimage"},"image":{"@id":"https:\/\/matyodesign.hu\/gomany_erzsebet\/#primaryimage"},"thumbnailUrl":"https:\/\/matyodesign.hu\/wp-content\/uploads\/2016\/06\/gomany_erzsebet.png","datePublished":"2019-09-22T21:43:37+00:00","dateModified":"2025-04-11T09:14:17+00:00","description":"Gom\u00e1ny Erzs\u00e9bet t\u00f6rt\u00e9nete a maty\u00f3 h\u00edmz\u00e9s vil\u00e1g\u00e1b\u00f3l. Hagyom\u00e1nyos mint\u00e1k, k\u00e9zzel h\u00edmzett ruh\u00e1k \u00e9s kieg\u00e9sz\u00edt\u0151k a maty\u00f3 ruha web\u00e1ruh\u00e1z kollekci\u00f3j\u00e1ban.","breadcrumb":{"@id":"https:\/\/matyodesign.hu\/gomany_erzsebet\/#breadcrumb"},"inLanguage":"en-GB","potentialAction":[{"@type":"ReadAction","target":["https:\/\/matyodesign.hu\/gomany_erzsebet\/"]}]},{"@type":"ImageObject","inLanguage":"en-GB","@id":"https:\/\/matyodesign.hu\/gomany_erzsebet\/#primaryimage","url":"https:\/\/matyodesign.hu\/wp-content\/uploads\/2016\/06\/gomany_erzsebet.png","contentUrl":"https:\/\/matyodesign.hu\/wp-content\/uploads\/2016\/06\/gomany_erzsebet.png"},{"@type":"BreadcrumbList","@id":"https:\/\/matyodesign.hu\/gomany_erzsebet\/#breadcrumb","itemListElement":[{"@type":"ListItem","position":1,"name":"Kezd\u0151lap","item":"https:\/\/matyodesign.hu\/"},{"@type":"ListItem","position":2,"name":"Gom\u00e1ny Erzs\u00e9bet"}]},{"@type":"WebSite","@id":"https:\/\/matyodesign.hu\/#website","url":"https:\/\/matyodesign.hu\/","name":"matyodesign","description":"K\u00e9zzel. Szeretettel. Neked.","potentialAction":[{"@type":"SearchAction","target":{"@type":"EntryPoint","urlTemplate":"https:\/\/matyodesign.hu\/?s={search_term_string}"},"query-input":{"@type":"PropertyValueSpecification","valueRequired":true,"valueName":"search_term_string"}}],"inLanguage":"en-GB"}]}},"_links":{"self":[{"href":"https:\/\/matyodesign.hu\/en\/wp-json\/wp\/v2\/pages\/80781","targetHints":{"allow":["GET"]}}],"collection":[{"href":"https:\/\/matyodesign.hu\/en\/wp-json\/wp\/v2\/pages"}],"about":[{"href":"https:\/\/matyodesign.hu\/en\/wp-json\/wp\/v2\/types\/page"}],"author":[{"embeddable":true,"href":"https:\/\/matyodesign.hu\/en\/wp-json\/wp\/v2\/users\/1"}],"replies":[{"embeddable":true,"href":"https:\/\/matyodesign.hu\/en\/wp-json\/wp\/v2\/comments?post=80781"}],"version-history":[{"count":2,"href":"https:\/\/matyodesign.hu\/en\/wp-json\/wp\/v2\/pages\/80781\/revisions"}],"predecessor-version":[{"id":100864,"href":"https:\/\/matyodesign.hu\/en\/wp-json\/wp\/v2\/pages\/80781\/revisions\/100864"}],"wp:attachment":[{"href":"https:\/\/matyodesign.hu\/en\/wp-json\/wp\/v2\/media?parent=80781"}],"curies":[{"name":"wp","href":"https:\/\/api.w.org\/{rel}","templated":true}]}}