{"id":80855,"date":"2019-09-22T22:44:10","date_gmt":"2019-09-22T22:44:10","guid":{"rendered":"https:\/\/matyodesign.hu\/?page_id=80855"},"modified":"2025-04-11T11:34:04","modified_gmt":"2025-04-11T09:34:04","slug":"molnar-maria","status":"publish","type":"page","link":"https:\/\/matyodesign.hu\/en\/molnar-maria\/","title":{"rendered":"Moln\u00e1r M\u00e1ria"},"content":{"rendered":"<section class=\"wpb-content-wrapper\"><div class=\"vc_row wpb_row vc_row-fluid\" ><div class=\"wpb_column vc_column_container vc_col-sm-6\"><div class=\"vc_column-inner\"><div class=\"wpb_wrapper\">\n\t<div  class=\"wpb_single_image wpb_content_element vc_align_left\">\n\t\t\n\t\t<figure class=\"wpb_wrapper vc_figure\">\n\t\t\t<div class=\"vc_single_image-wrapper   vc_box_border_grey\"><img loading=\"lazy\" decoding=\"async\" width=\"1000\" height=\"1000\" src=\"https:\/\/matyodesign.hu\/wp-content\/uploads\/2024\/05\/Molnar_Maria.webp\" class=\"vc_single_image-img attachment-full\" alt=\"\" title=\"Molnar_Maria\" srcset=\"https:\/\/matyodesign.hu\/wp-content\/uploads\/2024\/05\/Molnar_Maria.webp 1000w, https:\/\/matyodesign.hu\/wp-content\/uploads\/2024\/05\/Molnar_Maria-300x300.webp 300w, https:\/\/matyodesign.hu\/wp-content\/uploads\/2024\/05\/Molnar_Maria-150x150.webp 150w, https:\/\/matyodesign.hu\/wp-content\/uploads\/2024\/05\/Molnar_Maria-768x768.webp 768w, https:\/\/matyodesign.hu\/wp-content\/uploads\/2024\/05\/Molnar_Maria-12x12.webp 12w, https:\/\/matyodesign.hu\/wp-content\/uploads\/2024\/05\/Molnar_Maria-650x650.webp 650w, https:\/\/matyodesign.hu\/wp-content\/uploads\/2024\/05\/Molnar_Maria-600x600.webp 600w, https:\/\/matyodesign.hu\/wp-content\/uploads\/2024\/05\/Molnar_Maria-100x100.webp 100w\" sizes=\"auto, (max-width: 1000px) 100vw, 1000px\" \/><\/div>\n\t\t<\/figure>\n\t<\/div>\n<\/div><\/div><\/div><div class=\"wpb_column vc_column_container vc_col-sm-6\"><div class=\"vc_column-inner\"><div class=\"wpb_wrapper\">\n\t<div class=\"wpb_text_column wpb_content_element\" >\n\t\t<div class=\"wpb_wrapper\">\n\t\t\t<div id=\"text-block-2\" class=\"mk-text-block\">\n<div id=\"text-block-2\" class=\"mk-text-block\">\n<h3 class=\"shortcode-heading mk-fancy-title align-left\">MOLN\u00c1R M\u00c1RIA, h\u00edmz\u0151n\u0151<\/h3>\n<p>1952. okt\u00f3ber 19-\u00e9n sz\u00fclettem Tardon egyszer\u0171, vall\u00e1sos parasztcsal\u00e1dba. Itt nevelkedtem, itt mentem f\u00e9rjhez, itt sz\u00fclettek a fiaim. A csal\u00e1dom a legfontosabb sz\u00e1momra \u2013 a f\u00e9rjem, a fiaim, az unok\u00e1im.<\/p>\n<p>M\u00e1r 8-10\u00a0\u00e9vesen elkezdtem h\u00edmezni tanulni, \u00e9desany\u00e1m tan\u00edtgatott, azt\u00e1n egyed\u00fcl fejl\u0151dtem tov\u00e1bb, tanultam a hib\u00e1imb\u00f3l.<\/p>\n<p>Nagyon szeretek Rozi\u00e9knak h\u00edmezni, mert kikapcsol \u00e9s pihentet a varr\u00e1s.<\/p>\n<div class=\"clearboth\"><\/div>\n<\/div>\n<div class=\"wpb_single_image wpb_content_element vc_align_left\">\n<figure class=\"wpb_wrapper vc_figure\">\n<div class=\"vc_single_image-wrapper vc_box_border_grey\"><\/div>\n<\/figure>\n<\/div>\n<\/div>\n\n\t\t<\/div>\n\t<\/div>\n<\/div><\/div><\/div><\/div><div class=\"vc_row wpb_row vc_row-fluid\" ><div class=\"wpb_column vc_column_container vc_col-sm-12\"><div class=\"vc_column-inner\"><div class=\"wpb_wrapper\"><a class=\"wpb_button_a\" title=\"Vissza\" href=\"https:\/\/matyodesign.hu\/en\/about\/\"><span class=\"wpb_button  wpb_wpb_button wpb_regularsize\">Vissza<\/span><\/a><\/div><\/div><\/div><\/div>\n<\/section>","protected":false},"excerpt":{"rendered":"<p>If you&#8217;d like to discuss working with us, find out more about the range of services we have to offer, or just want to have a chat, please get in touch.<\/p>","protected":false},"author":1,"featured_media":0,"parent":0,"menu_order":0,"comment_status":"closed","ping_status":"closed","template":"","meta":{"footnotes":""},"class_list":["post-80855","page","type-page","status-publish","hentry"],"yoast_head":"<!-- This site is optimized with the Yoast SEO plugin v27.4 - https:\/\/yoast.com\/product\/yoast-seo-wordpress\/ -->\n<title>Moln\u00e1r M\u00e1ria \u2013 Maty\u00f3 h\u00edmz\u00e9s \u00e9s h\u00edmzett ruh\u00e1k<\/title>\n<meta name=\"description\" content=\"Moln\u00e1r M\u00e1ria h\u00edmz\u0151n\u0151k\u00e9nt \u00e9vtizedek \u00f3ta alkot. Maty\u00f3 h\u00edmz\u00e9s modern ruh\u00e1kon: h\u00edmzett p\u00f3l\u00f3k, magyar h\u00edmzett ruh\u00e1k \u00e9s kieg\u00e9sz\u00edt\u0151k a Matyodesign vil\u00e1g\u00e1ban.\" \/>\n<meta name=\"robots\" content=\"index, follow, max-snippet:-1, max-image-preview:large, max-video-preview:-1\" \/>\n<link rel=\"canonical\" href=\"https:\/\/matyodesign.hu\/en\/molnar-maria\/\" \/>\n<meta property=\"og:locale\" content=\"en_GB\" \/>\n<meta property=\"og:type\" content=\"article\" \/>\n<meta property=\"og:title\" content=\"Moln\u00e1r M\u00e1ria \u2013 Maty\u00f3 h\u00edmz\u00e9s \u00e9s h\u00edmzett ruh\u00e1k\" \/>\n<meta property=\"og:description\" content=\"Moln\u00e1r M\u00e1ria h\u00edmz\u0151n\u0151k\u00e9nt \u00e9vtizedek \u00f3ta alkot. Maty\u00f3 h\u00edmz\u00e9s modern ruh\u00e1kon: h\u00edmzett p\u00f3l\u00f3k, magyar h\u00edmzett ruh\u00e1k \u00e9s kieg\u00e9sz\u00edt\u0151k a Matyodesign vil\u00e1g\u00e1ban.\" \/>\n<meta property=\"og:url\" content=\"https:\/\/matyodesign.hu\/en\/molnar-maria\/\" \/>\n<meta property=\"og:site_name\" content=\"matyodesign\" \/>\n<meta property=\"article:modified_time\" content=\"2025-04-11T09:34:04+00:00\" \/>\n<meta name=\"twitter:card\" content=\"summary_large_image\" \/>\n<meta name=\"twitter:label1\" content=\"Estimated reading time\" \/>\n\t<meta name=\"twitter:data1\" content=\"1 minute\" \/>\n<script type=\"application\/ld+json\" class=\"yoast-schema-graph\">{\"@context\":\"https:\\\/\\\/schema.org\",\"@graph\":[{\"@type\":\"WebPage\",\"@id\":\"https:\\\/\\\/matyodesign.hu\\\/molnar-maria\\\/\",\"url\":\"https:\\\/\\\/matyodesign.hu\\\/molnar-maria\\\/\",\"name\":\"Moln\u00e1r M\u00e1ria \u2013 Maty\u00f3 h\u00edmz\u00e9s \u00e9s h\u00edmzett ruh\u00e1k\",\"isPartOf\":{\"@id\":\"https:\\\/\\\/matyodesign.hu\\\/#website\"},\"datePublished\":\"2019-09-22T22:44:10+00:00\",\"dateModified\":\"2025-04-11T09:34:04+00:00\",\"description\":\"Moln\u00e1r M\u00e1ria h\u00edmz\u0151n\u0151k\u00e9nt \u00e9vtizedek \u00f3ta alkot. Maty\u00f3 h\u00edmz\u00e9s modern ruh\u00e1kon: h\u00edmzett p\u00f3l\u00f3k, magyar h\u00edmzett ruh\u00e1k \u00e9s kieg\u00e9sz\u00edt\u0151k a Matyodesign vil\u00e1g\u00e1ban.\",\"breadcrumb\":{\"@id\":\"https:\\\/\\\/matyodesign.hu\\\/molnar-maria\\\/#breadcrumb\"},\"inLanguage\":\"en-GB\",\"potentialAction\":[{\"@type\":\"ReadAction\",\"target\":[\"https:\\\/\\\/matyodesign.hu\\\/molnar-maria\\\/\"]}]},{\"@type\":\"BreadcrumbList\",\"@id\":\"https:\\\/\\\/matyodesign.hu\\\/molnar-maria\\\/#breadcrumb\",\"itemListElement\":[{\"@type\":\"ListItem\",\"position\":1,\"name\":\"Kezd\u0151lap\",\"item\":\"https:\\\/\\\/matyodesign.hu\\\/\"},{\"@type\":\"ListItem\",\"position\":2,\"name\":\"Moln\u00e1r M\u00e1ria\"}]},{\"@type\":\"WebSite\",\"@id\":\"https:\\\/\\\/matyodesign.hu\\\/#website\",\"url\":\"https:\\\/\\\/matyodesign.hu\\\/\",\"name\":\"matyodesign\",\"description\":\"K\u00e9zzel. Szeretettel. Neked.\",\"potentialAction\":[{\"@type\":\"SearchAction\",\"target\":{\"@type\":\"EntryPoint\",\"urlTemplate\":\"https:\\\/\\\/matyodesign.hu\\\/?s={search_term_string}\"},\"query-input\":{\"@type\":\"PropertyValueSpecification\",\"valueRequired\":true,\"valueName\":\"search_term_string\"}}],\"inLanguage\":\"en-GB\"}]}<\/script>\n<!-- \/ Yoast SEO plugin. -->","yoast_head_json":{"title":"Moln\u00e1r M\u00e1ria \u2013 Maty\u00f3 h\u00edmz\u00e9s \u00e9s h\u00edmzett ruh\u00e1k","description":"Moln\u00e1r M\u00e1ria h\u00edmz\u0151n\u0151k\u00e9nt \u00e9vtizedek \u00f3ta alkot. Maty\u00f3 h\u00edmz\u00e9s modern ruh\u00e1kon: h\u00edmzett p\u00f3l\u00f3k, magyar h\u00edmzett ruh\u00e1k \u00e9s kieg\u00e9sz\u00edt\u0151k a Matyodesign vil\u00e1g\u00e1ban.","robots":{"index":"index","follow":"follow","max-snippet":"max-snippet:-1","max-image-preview":"max-image-preview:large","max-video-preview":"max-video-preview:-1"},"canonical":"https:\/\/matyodesign.hu\/en\/molnar-maria\/","og_locale":"en_GB","og_type":"article","og_title":"Moln\u00e1r M\u00e1ria \u2013 Maty\u00f3 h\u00edmz\u00e9s \u00e9s h\u00edmzett ruh\u00e1k","og_description":"Moln\u00e1r M\u00e1ria h\u00edmz\u0151n\u0151k\u00e9nt \u00e9vtizedek \u00f3ta alkot. Maty\u00f3 h\u00edmz\u00e9s modern ruh\u00e1kon: h\u00edmzett p\u00f3l\u00f3k, magyar h\u00edmzett ruh\u00e1k \u00e9s kieg\u00e9sz\u00edt\u0151k a Matyodesign vil\u00e1g\u00e1ban.","og_url":"https:\/\/matyodesign.hu\/en\/molnar-maria\/","og_site_name":"matyodesign","article_modified_time":"2025-04-11T09:34:04+00:00","twitter_card":"summary_large_image","twitter_misc":{"Estimated reading time":"1 minute"},"schema":{"@context":"https:\/\/schema.org","@graph":[{"@type":"WebPage","@id":"https:\/\/matyodesign.hu\/molnar-maria\/","url":"https:\/\/matyodesign.hu\/molnar-maria\/","name":"Moln\u00e1r M\u00e1ria \u2013 Maty\u00f3 h\u00edmz\u00e9s \u00e9s h\u00edmzett ruh\u00e1k","isPartOf":{"@id":"https:\/\/matyodesign.hu\/#website"},"datePublished":"2019-09-22T22:44:10+00:00","dateModified":"2025-04-11T09:34:04+00:00","description":"Moln\u00e1r M\u00e1ria h\u00edmz\u0151n\u0151k\u00e9nt \u00e9vtizedek \u00f3ta alkot. Maty\u00f3 h\u00edmz\u00e9s modern ruh\u00e1kon: h\u00edmzett p\u00f3l\u00f3k, magyar h\u00edmzett ruh\u00e1k \u00e9s kieg\u00e9sz\u00edt\u0151k a Matyodesign vil\u00e1g\u00e1ban.","breadcrumb":{"@id":"https:\/\/matyodesign.hu\/molnar-maria\/#breadcrumb"},"inLanguage":"en-GB","potentialAction":[{"@type":"ReadAction","target":["https:\/\/matyodesign.hu\/molnar-maria\/"]}]},{"@type":"BreadcrumbList","@id":"https:\/\/matyodesign.hu\/molnar-maria\/#breadcrumb","itemListElement":[{"@type":"ListItem","position":1,"name":"Kezd\u0151lap","item":"https:\/\/matyodesign.hu\/"},{"@type":"ListItem","position":2,"name":"Moln\u00e1r M\u00e1ria"}]},{"@type":"WebSite","@id":"https:\/\/matyodesign.hu\/#website","url":"https:\/\/matyodesign.hu\/","name":"matyodesign","description":"K\u00e9zzel. Szeretettel. Neked.","potentialAction":[{"@type":"SearchAction","target":{"@type":"EntryPoint","urlTemplate":"https:\/\/matyodesign.hu\/?s={search_term_string}"},"query-input":{"@type":"PropertyValueSpecification","valueRequired":true,"valueName":"search_term_string"}}],"inLanguage":"en-GB"}]}},"_links":{"self":[{"href":"https:\/\/matyodesign.hu\/en\/wp-json\/wp\/v2\/pages\/80855","targetHints":{"allow":["GET"]}}],"collection":[{"href":"https:\/\/matyodesign.hu\/en\/wp-json\/wp\/v2\/pages"}],"about":[{"href":"https:\/\/matyodesign.hu\/en\/wp-json\/wp\/v2\/types\/page"}],"author":[{"embeddable":true,"href":"https:\/\/matyodesign.hu\/en\/wp-json\/wp\/v2\/users\/1"}],"replies":[{"embeddable":true,"href":"https:\/\/matyodesign.hu\/en\/wp-json\/wp\/v2\/comments?post=80855"}],"version-history":[{"count":2,"href":"https:\/\/matyodesign.hu\/en\/wp-json\/wp\/v2\/pages\/80855\/revisions"}],"predecessor-version":[{"id":100870,"href":"https:\/\/matyodesign.hu\/en\/wp-json\/wp\/v2\/pages\/80855\/revisions\/100870"}],"wp:attachment":[{"href":"https:\/\/matyodesign.hu\/en\/wp-json\/wp\/v2\/media?parent=80855"}],"curies":[{"name":"wp","href":"https:\/\/api.w.org\/{rel}","templated":true}]}}