{"id":80860,"date":"2019-09-22T22:49:02","date_gmt":"2019-09-22T22:49:02","guid":{"rendered":"https:\/\/matyodesign.hu\/?page_id=80860"},"modified":"2025-04-11T12:45:11","modified_gmt":"2025-04-11T10:45:11","slug":"toth-erzsebet","status":"publish","type":"page","link":"https:\/\/matyodesign.hu\/en\/toth-erzsebet\/","title":{"rendered":"T\u00f3th Erzs\u00e9bet"},"content":{"rendered":"<section class=\"wpb-content-wrapper\"><div class=\"vc_row wpb_row vc_row-fluid\" ><div class=\"wpb_column vc_column_container vc_col-sm-6\"><div class=\"vc_column-inner\"><div class=\"wpb_wrapper\">\n\t<div  class=\"wpb_single_image wpb_content_element vc_align_left\">\n\t\t\n\t\t<figure class=\"wpb_wrapper vc_figure\">\n\t\t\t<div class=\"vc_single_image-wrapper   vc_box_border_grey\"><img loading=\"lazy\" decoding=\"async\" width=\"1000\" height=\"1000\" src=\"https:\/\/matyodesign.hu\/wp-content\/uploads\/2024\/05\/Toth_Erzsebet.webp\" class=\"vc_single_image-img attachment-full\" alt=\"\" title=\"Toth_Erzsebet\" srcset=\"https:\/\/matyodesign.hu\/wp-content\/uploads\/2024\/05\/Toth_Erzsebet.webp 1000w, https:\/\/matyodesign.hu\/wp-content\/uploads\/2024\/05\/Toth_Erzsebet-300x300.webp 300w, https:\/\/matyodesign.hu\/wp-content\/uploads\/2024\/05\/Toth_Erzsebet-150x150.webp 150w, https:\/\/matyodesign.hu\/wp-content\/uploads\/2024\/05\/Toth_Erzsebet-768x768.webp 768w, https:\/\/matyodesign.hu\/wp-content\/uploads\/2024\/05\/Toth_Erzsebet-12x12.webp 12w, https:\/\/matyodesign.hu\/wp-content\/uploads\/2024\/05\/Toth_Erzsebet-650x650.webp 650w, https:\/\/matyodesign.hu\/wp-content\/uploads\/2024\/05\/Toth_Erzsebet-600x600.webp 600w, https:\/\/matyodesign.hu\/wp-content\/uploads\/2024\/05\/Toth_Erzsebet-100x100.webp 100w\" sizes=\"auto, (max-width: 1000px) 100vw, 1000px\" \/><\/div>\n\t\t<\/figure>\n\t<\/div>\n<\/div><\/div><\/div><div class=\"wpb_column vc_column_container vc_col-sm-6\"><div class=\"vc_column-inner\"><div class=\"wpb_wrapper\">\n\t<div class=\"wpb_text_column wpb_content_element\" >\n\t\t<div class=\"wpb_wrapper\">\n\t\t\t<div id=\"text-block-2\" class=\"mk-text-block\">\n<div id=\"text-block-2\" class=\"mk-text-block\">\n<h3 class=\"shortcode-heading mk-fancy-title align-left\">T\u00d3TH ERZS\u00c9BET, h\u00edmz\u0151n\u0151<\/h3>\n<p>1942 nyar\u00e1n sz\u00fclettem Tardon, k\u00e9t testv\u00e9remmel szeg\u00e9ny csal\u00e1dban nevelkedt\u00fcnk, de a szeretet mindig k\u00f6r\u00fclvett minket. Ezt pr\u00f3b\u00e1ltam tov\u00e1bbvinni amikor megsz\u00fcletett a fiam. \u0150 a legfontosabb nekem, feles\u00e9g\u00e9vel \u00e9s a diplom\u00e1s, 22 \u00e9ves unok\u00e1mmal egy\u00fctt. Ha egyetlen tan\u00e1csot adhatn\u00e9k valakinek, ez lenne: Szeress\u00fck egym\u00e1st, gyerekek, mert minden perc\u00e9rt k\u00e1r.<\/p>\n<p>Egyed\u00fcl vagyok m\u00e1r a vil\u00e1gban, ez\u00e9rt a mag\u00e1nyos t\u00e9li napokon, amikor nincs sz\u0151l\u0151 \u00e9s t\u00f6k, amit m\u0171velni kell a kertben, ter\u00e1pia a h\u00edmz\u00e9s. Maty\u00f3t \u00e9s keresztszemest szeretek a legjobban varrni, hiszen tardi vagyok.<\/p>\n<div class=\"clearboth\"><\/div>\n<\/div>\n<div class=\"wpb_single_image wpb_content_element vc_align_left\">\n<figure class=\"wpb_wrapper vc_figure\">\n<div class=\"vc_single_image-wrapper vc_box_border_grey\"><\/div>\n<\/figure>\n<\/div>\n<\/div>\n\n\t\t<\/div>\n\t<\/div>\n<\/div><\/div><\/div><\/div><div class=\"vc_row wpb_row vc_row-fluid\" ><div class=\"wpb_column vc_column_container vc_col-sm-12\"><div class=\"vc_column-inner\"><div class=\"wpb_wrapper\"><a class=\"wpb_button_a\" title=\"Vissza\" href=\"https:\/\/matyodesign.hu\/en\/about\/\"><span class=\"wpb_button  wpb_wpb_button wpb_regularsize\">Vissza<\/span><\/a><\/div><\/div><\/div><\/div>\n<\/section>","protected":false},"excerpt":{"rendered":"<p>If you&#8217;d like to discuss working with us, find out more about the range of services we have to offer, or just want to have a chat, please get in touch.<\/p>","protected":false},"author":1,"featured_media":0,"parent":0,"menu_order":0,"comment_status":"closed","ping_status":"closed","template":"","meta":{"footnotes":""},"class_list":["post-80860","page","type-page","status-publish","hentry"],"yoast_head":"<!-- This site is optimized with the Yoast SEO plugin v27.5 - https:\/\/yoast.com\/product\/yoast-seo-wordpress\/ -->\n<title>T\u00f3th Erzs\u00e9bet \u2013 Maty\u00f3 h\u00edmz\u00e9s \u00e9s h\u00edmzett ruh\u00e1k<\/title>\n<meta name=\"description\" content=\"T\u00f3th Erzs\u00e9bet h\u00edmz\u0151n\u0151k\u00e9nt varr maty\u00f3 mint\u00e1s ruh\u00e1kat. H\u00edmzett p\u00f3l\u00f3, magyar h\u00edmzett ruha \u00e9s egyedi kieg\u00e9sz\u00edt\u0151k a Matyodesign ruha web\u00e1ruh\u00e1z k\u00edn\u00e1lat\u00e1ban.\" \/>\n<meta name=\"robots\" content=\"index, follow, max-snippet:-1, max-image-preview:large, max-video-preview:-1\" \/>\n<link rel=\"canonical\" href=\"https:\/\/matyodesign.hu\/en\/toth-erzsebet\/\" \/>\n<meta property=\"og:locale\" content=\"en_GB\" \/>\n<meta property=\"og:type\" content=\"article\" \/>\n<meta property=\"og:title\" content=\"T\u00f3th Erzs\u00e9bet \u2013 Maty\u00f3 h\u00edmz\u00e9s \u00e9s h\u00edmzett ruh\u00e1k\" \/>\n<meta property=\"og:description\" content=\"T\u00f3th Erzs\u00e9bet h\u00edmz\u0151n\u0151k\u00e9nt varr maty\u00f3 mint\u00e1s ruh\u00e1kat. H\u00edmzett p\u00f3l\u00f3, magyar h\u00edmzett ruha \u00e9s egyedi kieg\u00e9sz\u00edt\u0151k a Matyodesign ruha web\u00e1ruh\u00e1z k\u00edn\u00e1lat\u00e1ban.\" \/>\n<meta property=\"og:url\" content=\"https:\/\/matyodesign.hu\/en\/toth-erzsebet\/\" \/>\n<meta property=\"og:site_name\" content=\"matyodesign\" \/>\n<meta property=\"article:modified_time\" content=\"2025-04-11T10:45:11+00:00\" \/>\n<meta name=\"twitter:card\" content=\"summary_large_image\" \/>\n<meta name=\"twitter:label1\" content=\"Estimated reading time\" \/>\n\t<meta name=\"twitter:data1\" content=\"1 minute\" \/>\n<script type=\"application\/ld+json\" class=\"yoast-schema-graph\">{\"@context\":\"https:\\\/\\\/schema.org\",\"@graph\":[{\"@type\":\"WebPage\",\"@id\":\"https:\\\/\\\/matyodesign.hu\\\/toth-erzsebet\\\/\",\"url\":\"https:\\\/\\\/matyodesign.hu\\\/toth-erzsebet\\\/\",\"name\":\"T\u00f3th Erzs\u00e9bet \u2013 Maty\u00f3 h\u00edmz\u00e9s \u00e9s h\u00edmzett ruh\u00e1k\",\"isPartOf\":{\"@id\":\"https:\\\/\\\/matyodesign.hu\\\/#website\"},\"datePublished\":\"2019-09-22T22:49:02+00:00\",\"dateModified\":\"2025-04-11T10:45:11+00:00\",\"description\":\"T\u00f3th Erzs\u00e9bet h\u00edmz\u0151n\u0151k\u00e9nt varr maty\u00f3 mint\u00e1s ruh\u00e1kat. H\u00edmzett p\u00f3l\u00f3, magyar h\u00edmzett ruha \u00e9s egyedi kieg\u00e9sz\u00edt\u0151k a Matyodesign ruha web\u00e1ruh\u00e1z k\u00edn\u00e1lat\u00e1ban.\",\"breadcrumb\":{\"@id\":\"https:\\\/\\\/matyodesign.hu\\\/toth-erzsebet\\\/#breadcrumb\"},\"inLanguage\":\"en-GB\",\"potentialAction\":[{\"@type\":\"ReadAction\",\"target\":[\"https:\\\/\\\/matyodesign.hu\\\/toth-erzsebet\\\/\"]}]},{\"@type\":\"BreadcrumbList\",\"@id\":\"https:\\\/\\\/matyodesign.hu\\\/toth-erzsebet\\\/#breadcrumb\",\"itemListElement\":[{\"@type\":\"ListItem\",\"position\":1,\"name\":\"Kezd\u0151lap\",\"item\":\"https:\\\/\\\/matyodesign.hu\\\/\"},{\"@type\":\"ListItem\",\"position\":2,\"name\":\"T\u00f3th Erzs\u00e9bet\"}]},{\"@type\":\"WebSite\",\"@id\":\"https:\\\/\\\/matyodesign.hu\\\/#website\",\"url\":\"https:\\\/\\\/matyodesign.hu\\\/\",\"name\":\"matyodesign\",\"description\":\"K\u00e9zzel. Szeretettel. Neked.\",\"potentialAction\":[{\"@type\":\"SearchAction\",\"target\":{\"@type\":\"EntryPoint\",\"urlTemplate\":\"https:\\\/\\\/matyodesign.hu\\\/?s={search_term_string}\"},\"query-input\":{\"@type\":\"PropertyValueSpecification\",\"valueRequired\":true,\"valueName\":\"search_term_string\"}}],\"inLanguage\":\"en-GB\"}]}<\/script>\n<!-- \/ Yoast SEO plugin. -->","yoast_head_json":{"title":"T\u00f3th Erzs\u00e9bet \u2013 Maty\u00f3 h\u00edmz\u00e9s \u00e9s h\u00edmzett ruh\u00e1k","description":"T\u00f3th Erzs\u00e9bet h\u00edmz\u0151n\u0151k\u00e9nt varr maty\u00f3 mint\u00e1s ruh\u00e1kat. H\u00edmzett p\u00f3l\u00f3, magyar h\u00edmzett ruha \u00e9s egyedi kieg\u00e9sz\u00edt\u0151k a Matyodesign ruha web\u00e1ruh\u00e1z k\u00edn\u00e1lat\u00e1ban.","robots":{"index":"index","follow":"follow","max-snippet":"max-snippet:-1","max-image-preview":"max-image-preview:large","max-video-preview":"max-video-preview:-1"},"canonical":"https:\/\/matyodesign.hu\/en\/toth-erzsebet\/","og_locale":"en_GB","og_type":"article","og_title":"T\u00f3th Erzs\u00e9bet \u2013 Maty\u00f3 h\u00edmz\u00e9s \u00e9s h\u00edmzett ruh\u00e1k","og_description":"T\u00f3th Erzs\u00e9bet h\u00edmz\u0151n\u0151k\u00e9nt varr maty\u00f3 mint\u00e1s ruh\u00e1kat. H\u00edmzett p\u00f3l\u00f3, magyar h\u00edmzett ruha \u00e9s egyedi kieg\u00e9sz\u00edt\u0151k a Matyodesign ruha web\u00e1ruh\u00e1z k\u00edn\u00e1lat\u00e1ban.","og_url":"https:\/\/matyodesign.hu\/en\/toth-erzsebet\/","og_site_name":"matyodesign","article_modified_time":"2025-04-11T10:45:11+00:00","twitter_card":"summary_large_image","twitter_misc":{"Estimated reading time":"1 minute"},"schema":{"@context":"https:\/\/schema.org","@graph":[{"@type":"WebPage","@id":"https:\/\/matyodesign.hu\/toth-erzsebet\/","url":"https:\/\/matyodesign.hu\/toth-erzsebet\/","name":"T\u00f3th Erzs\u00e9bet \u2013 Maty\u00f3 h\u00edmz\u00e9s \u00e9s h\u00edmzett ruh\u00e1k","isPartOf":{"@id":"https:\/\/matyodesign.hu\/#website"},"datePublished":"2019-09-22T22:49:02+00:00","dateModified":"2025-04-11T10:45:11+00:00","description":"T\u00f3th Erzs\u00e9bet h\u00edmz\u0151n\u0151k\u00e9nt varr maty\u00f3 mint\u00e1s ruh\u00e1kat. H\u00edmzett p\u00f3l\u00f3, magyar h\u00edmzett ruha \u00e9s egyedi kieg\u00e9sz\u00edt\u0151k a Matyodesign ruha web\u00e1ruh\u00e1z k\u00edn\u00e1lat\u00e1ban.","breadcrumb":{"@id":"https:\/\/matyodesign.hu\/toth-erzsebet\/#breadcrumb"},"inLanguage":"en-GB","potentialAction":[{"@type":"ReadAction","target":["https:\/\/matyodesign.hu\/toth-erzsebet\/"]}]},{"@type":"BreadcrumbList","@id":"https:\/\/matyodesign.hu\/toth-erzsebet\/#breadcrumb","itemListElement":[{"@type":"ListItem","position":1,"name":"Kezd\u0151lap","item":"https:\/\/matyodesign.hu\/"},{"@type":"ListItem","position":2,"name":"T\u00f3th Erzs\u00e9bet"}]},{"@type":"WebSite","@id":"https:\/\/matyodesign.hu\/#website","url":"https:\/\/matyodesign.hu\/","name":"matyodesign","description":"K\u00e9zzel. Szeretettel. Neked.","potentialAction":[{"@type":"SearchAction","target":{"@type":"EntryPoint","urlTemplate":"https:\/\/matyodesign.hu\/?s={search_term_string}"},"query-input":{"@type":"PropertyValueSpecification","valueRequired":true,"valueName":"search_term_string"}}],"inLanguage":"en-GB"}]}},"_links":{"self":[{"href":"https:\/\/matyodesign.hu\/en\/wp-json\/wp\/v2\/pages\/80860","targetHints":{"allow":["GET"]}}],"collection":[{"href":"https:\/\/matyodesign.hu\/en\/wp-json\/wp\/v2\/pages"}],"about":[{"href":"https:\/\/matyodesign.hu\/en\/wp-json\/wp\/v2\/types\/page"}],"author":[{"embeddable":true,"href":"https:\/\/matyodesign.hu\/en\/wp-json\/wp\/v2\/users\/1"}],"replies":[{"embeddable":true,"href":"https:\/\/matyodesign.hu\/en\/wp-json\/wp\/v2\/comments?post=80860"}],"version-history":[{"count":2,"href":"https:\/\/matyodesign.hu\/en\/wp-json\/wp\/v2\/pages\/80860\/revisions"}],"predecessor-version":[{"id":100871,"href":"https:\/\/matyodesign.hu\/en\/wp-json\/wp\/v2\/pages\/80860\/revisions\/100871"}],"wp:attachment":[{"href":"https:\/\/matyodesign.hu\/en\/wp-json\/wp\/v2\/media?parent=80860"}],"curies":[{"name":"wp","href":"https:\/\/api.w.org\/{rel}","templated":true}]}}