{"id":80864,"date":"2019-09-22T22:53:01","date_gmt":"2019-09-22T22:53:01","guid":{"rendered":"https:\/\/matyodesign.hu\/?page_id=80864"},"modified":"2025-04-11T11:27:55","modified_gmt":"2025-04-11T09:27:55","slug":"marton_eleonora","status":"publish","type":"page","link":"https:\/\/matyodesign.hu\/en\/marton_eleonora\/","title":{"rendered":"Marton Eleon\u00f3ra"},"content":{"rendered":"<section class=\"wpb-content-wrapper\"><div class=\"vc_row wpb_row vc_row-fluid\" ><div class=\"wpb_column vc_column_container vc_col-sm-6\"><div class=\"vc_column-inner\"><div class=\"wpb_wrapper\">\n\t<div  class=\"wpb_single_image wpb_content_element vc_align_left\">\n\t\t\n\t\t<figure class=\"wpb_wrapper vc_figure\">\n\t\t\t<div class=\"vc_single_image-wrapper   vc_box_border_grey\"><img loading=\"lazy\" decoding=\"async\" width=\"1000\" height=\"1000\" src=\"https:\/\/matyodesign.hu\/wp-content\/uploads\/2024\/05\/Marton_Eleonora.webp\" class=\"vc_single_image-img attachment-full\" alt=\"\" title=\"Marton_Eleonora\" srcset=\"https:\/\/matyodesign.hu\/wp-content\/uploads\/2024\/05\/Marton_Eleonora.webp 1000w, https:\/\/matyodesign.hu\/wp-content\/uploads\/2024\/05\/Marton_Eleonora-300x300.webp 300w, https:\/\/matyodesign.hu\/wp-content\/uploads\/2024\/05\/Marton_Eleonora-150x150.webp 150w, https:\/\/matyodesign.hu\/wp-content\/uploads\/2024\/05\/Marton_Eleonora-768x768.webp 768w, https:\/\/matyodesign.hu\/wp-content\/uploads\/2024\/05\/Marton_Eleonora-12x12.webp 12w, https:\/\/matyodesign.hu\/wp-content\/uploads\/2024\/05\/Marton_Eleonora-650x650.webp 650w, https:\/\/matyodesign.hu\/wp-content\/uploads\/2024\/05\/Marton_Eleonora-600x600.webp 600w, https:\/\/matyodesign.hu\/wp-content\/uploads\/2024\/05\/Marton_Eleonora-100x100.webp 100w\" sizes=\"auto, (max-width: 1000px) 100vw, 1000px\" \/><\/div>\n\t\t<\/figure>\n\t<\/div>\n<\/div><\/div><\/div><div class=\"wpb_column vc_column_container vc_col-sm-6\"><div class=\"vc_column-inner\"><div class=\"wpb_wrapper\">\n\t<div class=\"wpb_text_column wpb_content_element\" >\n\t\t<div class=\"wpb_wrapper\">\n\t\t\t<div id=\"text-block-2\" class=\"mk-text-block\">\n<div id=\"text-block-2\" class=\"mk-text-block\">\n<h3 class=\"shortcode-heading mk-fancy-title align-left\">MARTON ELENON\u00d3RA, h\u00edmz\u0151n\u0151<\/h3>\n<p>Egyszer\u0171 parasztcsal\u00e1dba sz\u00fclett\u00fcnk a testv\u00e9reimmel. Nagyon sz\u00edvesen gondolok vissza azokra az id\u0151kre, amikor az eg\u00e9sz csal\u00e1d egy\u00fctt dolgozott a f\u00f6ldeken, vagy amikor elment\u00fcnk Budapestre az \u00e1llatkertbe. H\u00edmezni is a n\u0151v\u00e9reimt\u0151l tanultam, t\u00edz\u00e9ves lehettem amikor el\u0151sz\u00f6r t\u0171t vettem a kezembe. Az els\u0151 pillanatt\u00f3l kezdve szeretem ezt a tev\u00e9kenys\u00e9get, mert megnyugtat, kikapcsolja a gondolataimat. Ugyanolyan fontos sz\u00e1momra, mint a Biblia olvas\u00e1sa. Egy-egy f\u00e1raszt\u00f3 nap ut\u00e1n csak erre v\u00e1gyom az \u00e1llatok etet\u00e9se, f\u0151z\u00e9s, s\u00fct\u00e9s, takar\u00edt\u00e1s ut\u00e1n.<\/p>\n<p>Nagyon fontos, hogy a fizikai munka mellett a lelki \u00e9lettel is foglalkozzunk. \u201cMert mit haszn\u00e1l az embernek, ha az eg\u00e9sz vil\u00e1got megnyeri, lelk\u00e9ben pedig k\u00e1rt vall?\u201d \u2013 M\u00e1t\u00e9 16:26<\/p>\n<div class=\"clearboth\"><\/div>\n<\/div>\n<div class=\"wpb_single_image wpb_content_element vc_align_left\">\n<figure class=\"wpb_wrapper vc_figure\">\n<div class=\"vc_single_image-wrapper vc_box_border_grey\"><\/div>\n<\/figure>\n<\/div>\n<\/div>\n\n\t\t<\/div>\n\t<\/div>\n<\/div><\/div><\/div><\/div><div class=\"vc_row wpb_row vc_row-fluid\" ><div class=\"wpb_column vc_column_container vc_col-sm-12\"><div class=\"vc_column-inner\"><div class=\"wpb_wrapper\"><a class=\"wpb_button_a\" title=\"Vissza\" href=\"https:\/\/matyodesign.hu\/en\/about\/\"><span class=\"wpb_button  wpb_wpb_button wpb_regularsize\">Vissza<\/span><\/a><\/div><\/div><\/div><\/div>\n<\/section>","protected":false},"excerpt":{"rendered":"<p>If you&#8217;d like to discuss working with us, find out more about the range of services we have to offer, or just want to have a chat, please get in touch.<\/p>","protected":false},"author":1,"featured_media":0,"parent":0,"menu_order":0,"comment_status":"closed","ping_status":"closed","template":"","meta":{"footnotes":""},"class_list":["post-80864","page","type-page","status-publish","hentry"],"yoast_head":"<!-- This site is optimized with the Yoast SEO plugin v27.5 - https:\/\/yoast.com\/product\/yoast-seo-wordpress\/ -->\n<title>Marton Eleon\u00f3ra \u2013 Maty\u00f3 h\u00edmz\u00e9s, h\u00edmzett ruh\u00e1k<\/title>\n<meta name=\"description\" content=\"Marton Eleon\u00f3ra \u00e9vtizedek \u00f3ta h\u00edmez. Maty\u00f3 h\u00edmz\u00e9s modern ruh\u00e1kon: h\u00edmzett p\u00f3l\u00f3k, magyar h\u00edmzett ruh\u00e1k \u00e9s kieg\u00e9sz\u00edt\u0151k a Matyodesign kollekci\u00f3ban.\" \/>\n<meta name=\"robots\" content=\"index, follow, max-snippet:-1, max-image-preview:large, max-video-preview:-1\" \/>\n<link rel=\"canonical\" href=\"https:\/\/matyodesign.hu\/en\/marton_eleonora\/\" \/>\n<meta property=\"og:locale\" content=\"en_GB\" \/>\n<meta property=\"og:type\" content=\"article\" \/>\n<meta property=\"og:title\" content=\"Marton Eleon\u00f3ra \u2013 Maty\u00f3 h\u00edmz\u00e9s, h\u00edmzett ruh\u00e1k\" \/>\n<meta property=\"og:description\" content=\"Marton Eleon\u00f3ra \u00e9vtizedek \u00f3ta h\u00edmez. Maty\u00f3 h\u00edmz\u00e9s modern ruh\u00e1kon: h\u00edmzett p\u00f3l\u00f3k, magyar h\u00edmzett ruh\u00e1k \u00e9s kieg\u00e9sz\u00edt\u0151k a Matyodesign kollekci\u00f3ban.\" \/>\n<meta property=\"og:url\" content=\"https:\/\/matyodesign.hu\/en\/marton_eleonora\/\" \/>\n<meta property=\"og:site_name\" content=\"matyodesign\" \/>\n<meta property=\"article:modified_time\" content=\"2025-04-11T09:27:55+00:00\" \/>\n<meta name=\"twitter:card\" content=\"summary_large_image\" \/>\n<meta name=\"twitter:label1\" content=\"Estimated reading time\" \/>\n\t<meta name=\"twitter:data1\" content=\"2 minutes\" \/>\n<script type=\"application\/ld+json\" class=\"yoast-schema-graph\">{\"@context\":\"https:\\\/\\\/schema.org\",\"@graph\":[{\"@type\":\"WebPage\",\"@id\":\"https:\\\/\\\/matyodesign.hu\\\/marton_eleonora\\\/\",\"url\":\"https:\\\/\\\/matyodesign.hu\\\/marton_eleonora\\\/\",\"name\":\"Marton Eleon\u00f3ra \u2013 Maty\u00f3 h\u00edmz\u00e9s, h\u00edmzett ruh\u00e1k\",\"isPartOf\":{\"@id\":\"https:\\\/\\\/matyodesign.hu\\\/#website\"},\"datePublished\":\"2019-09-22T22:53:01+00:00\",\"dateModified\":\"2025-04-11T09:27:55+00:00\",\"description\":\"Marton Eleon\u00f3ra \u00e9vtizedek \u00f3ta h\u00edmez. Maty\u00f3 h\u00edmz\u00e9s modern ruh\u00e1kon: h\u00edmzett p\u00f3l\u00f3k, magyar h\u00edmzett ruh\u00e1k \u00e9s kieg\u00e9sz\u00edt\u0151k a Matyodesign kollekci\u00f3ban.\",\"breadcrumb\":{\"@id\":\"https:\\\/\\\/matyodesign.hu\\\/marton_eleonora\\\/#breadcrumb\"},\"inLanguage\":\"en-GB\",\"potentialAction\":[{\"@type\":\"ReadAction\",\"target\":[\"https:\\\/\\\/matyodesign.hu\\\/marton_eleonora\\\/\"]}]},{\"@type\":\"BreadcrumbList\",\"@id\":\"https:\\\/\\\/matyodesign.hu\\\/marton_eleonora\\\/#breadcrumb\",\"itemListElement\":[{\"@type\":\"ListItem\",\"position\":1,\"name\":\"Kezd\u0151lap\",\"item\":\"https:\\\/\\\/matyodesign.hu\\\/\"},{\"@type\":\"ListItem\",\"position\":2,\"name\":\"Marton Eleon\u00f3ra\"}]},{\"@type\":\"WebSite\",\"@id\":\"https:\\\/\\\/matyodesign.hu\\\/#website\",\"url\":\"https:\\\/\\\/matyodesign.hu\\\/\",\"name\":\"matyodesign\",\"description\":\"K\u00e9zzel. Szeretettel. Neked.\",\"potentialAction\":[{\"@type\":\"SearchAction\",\"target\":{\"@type\":\"EntryPoint\",\"urlTemplate\":\"https:\\\/\\\/matyodesign.hu\\\/?s={search_term_string}\"},\"query-input\":{\"@type\":\"PropertyValueSpecification\",\"valueRequired\":true,\"valueName\":\"search_term_string\"}}],\"inLanguage\":\"en-GB\"}]}<\/script>\n<!-- \/ Yoast SEO plugin. -->","yoast_head_json":{"title":"Marton Eleon\u00f3ra \u2013 Maty\u00f3 h\u00edmz\u00e9s, h\u00edmzett ruh\u00e1k","description":"Marton Eleon\u00f3ra \u00e9vtizedek \u00f3ta h\u00edmez. Maty\u00f3 h\u00edmz\u00e9s modern ruh\u00e1kon: h\u00edmzett p\u00f3l\u00f3k, magyar h\u00edmzett ruh\u00e1k \u00e9s kieg\u00e9sz\u00edt\u0151k a Matyodesign kollekci\u00f3ban.","robots":{"index":"index","follow":"follow","max-snippet":"max-snippet:-1","max-image-preview":"max-image-preview:large","max-video-preview":"max-video-preview:-1"},"canonical":"https:\/\/matyodesign.hu\/en\/marton_eleonora\/","og_locale":"en_GB","og_type":"article","og_title":"Marton Eleon\u00f3ra \u2013 Maty\u00f3 h\u00edmz\u00e9s, h\u00edmzett ruh\u00e1k","og_description":"Marton Eleon\u00f3ra \u00e9vtizedek \u00f3ta h\u00edmez. Maty\u00f3 h\u00edmz\u00e9s modern ruh\u00e1kon: h\u00edmzett p\u00f3l\u00f3k, magyar h\u00edmzett ruh\u00e1k \u00e9s kieg\u00e9sz\u00edt\u0151k a Matyodesign kollekci\u00f3ban.","og_url":"https:\/\/matyodesign.hu\/en\/marton_eleonora\/","og_site_name":"matyodesign","article_modified_time":"2025-04-11T09:27:55+00:00","twitter_card":"summary_large_image","twitter_misc":{"Estimated reading time":"2 minutes"},"schema":{"@context":"https:\/\/schema.org","@graph":[{"@type":"WebPage","@id":"https:\/\/matyodesign.hu\/marton_eleonora\/","url":"https:\/\/matyodesign.hu\/marton_eleonora\/","name":"Marton Eleon\u00f3ra \u2013 Maty\u00f3 h\u00edmz\u00e9s, h\u00edmzett ruh\u00e1k","isPartOf":{"@id":"https:\/\/matyodesign.hu\/#website"},"datePublished":"2019-09-22T22:53:01+00:00","dateModified":"2025-04-11T09:27:55+00:00","description":"Marton Eleon\u00f3ra \u00e9vtizedek \u00f3ta h\u00edmez. Maty\u00f3 h\u00edmz\u00e9s modern ruh\u00e1kon: h\u00edmzett p\u00f3l\u00f3k, magyar h\u00edmzett ruh\u00e1k \u00e9s kieg\u00e9sz\u00edt\u0151k a Matyodesign kollekci\u00f3ban.","breadcrumb":{"@id":"https:\/\/matyodesign.hu\/marton_eleonora\/#breadcrumb"},"inLanguage":"en-GB","potentialAction":[{"@type":"ReadAction","target":["https:\/\/matyodesign.hu\/marton_eleonora\/"]}]},{"@type":"BreadcrumbList","@id":"https:\/\/matyodesign.hu\/marton_eleonora\/#breadcrumb","itemListElement":[{"@type":"ListItem","position":1,"name":"Kezd\u0151lap","item":"https:\/\/matyodesign.hu\/"},{"@type":"ListItem","position":2,"name":"Marton Eleon\u00f3ra"}]},{"@type":"WebSite","@id":"https:\/\/matyodesign.hu\/#website","url":"https:\/\/matyodesign.hu\/","name":"matyodesign","description":"K\u00e9zzel. Szeretettel. Neked.","potentialAction":[{"@type":"SearchAction","target":{"@type":"EntryPoint","urlTemplate":"https:\/\/matyodesign.hu\/?s={search_term_string}"},"query-input":{"@type":"PropertyValueSpecification","valueRequired":true,"valueName":"search_term_string"}}],"inLanguage":"en-GB"}]}},"_links":{"self":[{"href":"https:\/\/matyodesign.hu\/en\/wp-json\/wp\/v2\/pages\/80864","targetHints":{"allow":["GET"]}}],"collection":[{"href":"https:\/\/matyodesign.hu\/en\/wp-json\/wp\/v2\/pages"}],"about":[{"href":"https:\/\/matyodesign.hu\/en\/wp-json\/wp\/v2\/types\/page"}],"author":[{"embeddable":true,"href":"https:\/\/matyodesign.hu\/en\/wp-json\/wp\/v2\/users\/1"}],"replies":[{"embeddable":true,"href":"https:\/\/matyodesign.hu\/en\/wp-json\/wp\/v2\/comments?post=80864"}],"version-history":[{"count":2,"href":"https:\/\/matyodesign.hu\/en\/wp-json\/wp\/v2\/pages\/80864\/revisions"}],"predecessor-version":[{"id":100872,"href":"https:\/\/matyodesign.hu\/en\/wp-json\/wp\/v2\/pages\/80864\/revisions\/100872"}],"wp:attachment":[{"href":"https:\/\/matyodesign.hu\/en\/wp-json\/wp\/v2\/media?parent=80864"}],"curies":[{"name":"wp","href":"https:\/\/api.w.org\/{rel}","templated":true}]}}