{"id":80868,"date":"2019-09-22T22:57:06","date_gmt":"2019-09-22T22:57:06","guid":{"rendered":"https:\/\/matyodesign.hu\/?page_id=80868"},"modified":"2025-04-11T11:27:08","modified_gmt":"2025-04-11T09:27:08","slug":"kurti_vali","status":"publish","type":"page","link":"https:\/\/matyodesign.hu\/en\/kurti_vali\/","title":{"rendered":"K\u00fcrti Vali"},"content":{"rendered":"<section class=\"wpb-content-wrapper\"><div class=\"vc_row wpb_row vc_row-fluid\" ><div class=\"wpb_column vc_column_container vc_col-sm-6\"><div class=\"vc_column-inner\"><div class=\"wpb_wrapper\">\n\t<div  class=\"wpb_single_image wpb_content_element vc_align_left\">\n\t\t\n\t\t<figure class=\"wpb_wrapper vc_figure\">\n\t\t\t<div class=\"vc_single_image-wrapper   vc_box_border_grey\"><img loading=\"lazy\" decoding=\"async\" width=\"1000\" height=\"1000\" src=\"https:\/\/matyodesign.hu\/wp-content\/uploads\/2024\/05\/Kurti_Vali.webp\" class=\"vc_single_image-img attachment-full\" alt=\"\" title=\"Kurti_Vali\" srcset=\"https:\/\/matyodesign.hu\/wp-content\/uploads\/2024\/05\/Kurti_Vali.webp 1000w, https:\/\/matyodesign.hu\/wp-content\/uploads\/2024\/05\/Kurti_Vali-300x300.webp 300w, https:\/\/matyodesign.hu\/wp-content\/uploads\/2024\/05\/Kurti_Vali-150x150.webp 150w, https:\/\/matyodesign.hu\/wp-content\/uploads\/2024\/05\/Kurti_Vali-768x768.webp 768w, https:\/\/matyodesign.hu\/wp-content\/uploads\/2024\/05\/Kurti_Vali-12x12.webp 12w, https:\/\/matyodesign.hu\/wp-content\/uploads\/2024\/05\/Kurti_Vali-650x650.webp 650w, https:\/\/matyodesign.hu\/wp-content\/uploads\/2024\/05\/Kurti_Vali-600x600.webp 600w, https:\/\/matyodesign.hu\/wp-content\/uploads\/2024\/05\/Kurti_Vali-100x100.webp 100w\" sizes=\"auto, (max-width: 1000px) 100vw, 1000px\" \/><\/div>\n\t\t<\/figure>\n\t<\/div>\n<\/div><\/div><\/div><div class=\"wpb_column vc_column_container vc_col-sm-6\"><div class=\"vc_column-inner\"><div class=\"wpb_wrapper\">\n\t<div class=\"wpb_text_column wpb_content_element\" >\n\t\t<div class=\"wpb_wrapper\">\n\t\t\t<div id=\"text-block-2\" class=\"mk-text-block\">\n<div id=\"text-block-2\" class=\"mk-text-block\">\n<h3 class=\"shortcode-heading mk-fancy-title align-left\">K\u00dcRTI VALI, h\u00edmz\u0151n\u0151<\/h3>\n<p>1952 febru\u00e1rj\u00e1ban sz\u00fclettem parasztcsal\u00e1dba. Tard a sz\u00fcl\u0151falum, nagyon nyugodt hely, nem is tudom elk\u00e9pzelni, hogy m\u00e1shol \u00e9ljek. Itt telt a gyerekkorom, sokszor eml\u00e9kszem vissza azokra a napokra, amikor nagy vihar \u00e9s es\u0151 ut\u00e1n a s\u00e1rban mez\u00edtl\u00e1basan dagony\u00e1ztunk a rokonokkal, bar\u00e1tokkal.<\/p>\n<p>Hetedikes voltam, amikor az egyik tan\u00e1rom megtan\u00edtott h\u00edmezni, \u00e9s az\u00f3ta sem hagytam abba. Van, hogy semmire nem gondolok k\u00f6zben, de amikor d\u00f6nt\u00e9s el\u0151tt \u00e1llok, ez a legjobb id\u0151 arra, hogy mindent \u00e1tgondoljak. A matyodesign nekem kikapcsol\u00f3d\u00e1st \u00e9s nyugd\u00edjkieg\u00e9sz\u00edt\u00e9st jelent, nagyon sokat sz\u00e1m\u00edt!<\/p>\n<p>Rozi\u00e9k apj\u00e1t ismertem, nagyon j\u00f3, seg\u00edt\u0151k\u00e9sz \u00e9nektan\u00e1r volt, szerett\u00fck is! J\u00f3 ked\u00e9ly\u0171 ember volt, \u00e9n azt mondom, a legfontosabb az \u00e9letben az, hogy sokat mosolyogjunk, kedvesen sz\u00f3ljunk a m\u00e1sikhoz, mert egy j\u00f3 sz\u00f3 mindenn\u00e9l t\u00f6bbet \u00e9r!<\/p>\n<div class=\"clearboth\"><\/div>\n<\/div>\n<div class=\"wpb_single_image wpb_content_element vc_align_left\">\n<figure class=\"wpb_wrapper vc_figure\">\n<div class=\"vc_single_image-wrapper vc_box_border_grey\"><\/div>\n<\/figure>\n<\/div>\n<\/div>\n\n\t\t<\/div>\n\t<\/div>\n<\/div><\/div><\/div><\/div><div class=\"vc_row wpb_row vc_row-fluid\" ><div class=\"wpb_column vc_column_container vc_col-sm-12\"><div class=\"vc_column-inner\"><div class=\"wpb_wrapper\"><a class=\"wpb_button_a\" title=\"Vissza\" href=\"https:\/\/matyodesign.hu\/en\/about\/\"><span class=\"wpb_button  wpb_wpb_button wpb_regularsize\">Vissza<\/span><\/a><\/div><\/div><\/div><\/div>\n<\/section>","protected":false},"excerpt":{"rendered":"<p>If you&#8217;d like to discuss working with us, find out more about the range of services we have to offer, or just want to have a chat, please get in touch.<\/p>","protected":false},"author":1,"featured_media":0,"parent":0,"menu_order":0,"comment_status":"closed","ping_status":"closed","template":"","meta":{"footnotes":""},"class_list":["post-80868","page","type-page","status-publish","hentry"],"yoast_head":"<!-- This site is optimized with the Yoast SEO plugin v27.4 - https:\/\/yoast.com\/product\/yoast-seo-wordpress\/ -->\n<title>K\u00fcrti Vali \u2013 Maty\u00f3 h\u00edmz\u00e9s \u00e9s h\u00edmzett ruh\u00e1k<\/title>\n<meta name=\"description\" content=\"K\u00fcrti Vali h\u00edmz\u0151n\u0151k\u00e9nt \u00e9vtizedek \u00f3ta k\u00e9sz\u00edt maty\u00f3 mint\u00e1s darabokat. H\u00edmzett p\u00f3l\u00f3, magyar h\u00edmzett ruha \u00e9s egyedi kieg\u00e9sz\u00edt\u0151k a matyodesign kollekci\u00f3ban.\" \/>\n<meta name=\"robots\" content=\"index, follow, max-snippet:-1, max-image-preview:large, max-video-preview:-1\" \/>\n<link rel=\"canonical\" href=\"https:\/\/matyodesign.hu\/en\/kurti_vali\/\" \/>\n<meta property=\"og:locale\" content=\"en_GB\" \/>\n<meta property=\"og:type\" content=\"article\" \/>\n<meta property=\"og:title\" content=\"K\u00fcrti Vali \u2013 Maty\u00f3 h\u00edmz\u00e9s \u00e9s h\u00edmzett ruh\u00e1k\" \/>\n<meta property=\"og:description\" content=\"K\u00fcrti Vali h\u00edmz\u0151n\u0151k\u00e9nt \u00e9vtizedek \u00f3ta k\u00e9sz\u00edt maty\u00f3 mint\u00e1s darabokat. H\u00edmzett p\u00f3l\u00f3, magyar h\u00edmzett ruha \u00e9s egyedi kieg\u00e9sz\u00edt\u0151k a matyodesign kollekci\u00f3ban.\" \/>\n<meta property=\"og:url\" content=\"https:\/\/matyodesign.hu\/en\/kurti_vali\/\" \/>\n<meta property=\"og:site_name\" content=\"matyodesign\" \/>\n<meta property=\"article:modified_time\" content=\"2025-04-11T09:27:08+00:00\" \/>\n<meta name=\"twitter:card\" content=\"summary_large_image\" \/>\n<meta name=\"twitter:label1\" content=\"Estimated reading time\" \/>\n\t<meta name=\"twitter:data1\" content=\"2 minutes\" \/>\n<script type=\"application\/ld+json\" class=\"yoast-schema-graph\">{\"@context\":\"https:\\\/\\\/schema.org\",\"@graph\":[{\"@type\":\"WebPage\",\"@id\":\"https:\\\/\\\/matyodesign.hu\\\/kurti_vali\\\/\",\"url\":\"https:\\\/\\\/matyodesign.hu\\\/kurti_vali\\\/\",\"name\":\"K\u00fcrti Vali \u2013 Maty\u00f3 h\u00edmz\u00e9s \u00e9s h\u00edmzett ruh\u00e1k\",\"isPartOf\":{\"@id\":\"https:\\\/\\\/matyodesign.hu\\\/#website\"},\"datePublished\":\"2019-09-22T22:57:06+00:00\",\"dateModified\":\"2025-04-11T09:27:08+00:00\",\"description\":\"K\u00fcrti Vali h\u00edmz\u0151n\u0151k\u00e9nt \u00e9vtizedek \u00f3ta k\u00e9sz\u00edt maty\u00f3 mint\u00e1s darabokat. H\u00edmzett p\u00f3l\u00f3, magyar h\u00edmzett ruha \u00e9s egyedi kieg\u00e9sz\u00edt\u0151k a matyodesign kollekci\u00f3ban.\",\"breadcrumb\":{\"@id\":\"https:\\\/\\\/matyodesign.hu\\\/kurti_vali\\\/#breadcrumb\"},\"inLanguage\":\"en-GB\",\"potentialAction\":[{\"@type\":\"ReadAction\",\"target\":[\"https:\\\/\\\/matyodesign.hu\\\/kurti_vali\\\/\"]}]},{\"@type\":\"BreadcrumbList\",\"@id\":\"https:\\\/\\\/matyodesign.hu\\\/kurti_vali\\\/#breadcrumb\",\"itemListElement\":[{\"@type\":\"ListItem\",\"position\":1,\"name\":\"Kezd\u0151lap\",\"item\":\"https:\\\/\\\/matyodesign.hu\\\/\"},{\"@type\":\"ListItem\",\"position\":2,\"name\":\"K\u00fcrti Vali\"}]},{\"@type\":\"WebSite\",\"@id\":\"https:\\\/\\\/matyodesign.hu\\\/#website\",\"url\":\"https:\\\/\\\/matyodesign.hu\\\/\",\"name\":\"matyodesign\",\"description\":\"K\u00e9zzel. Szeretettel. Neked.\",\"potentialAction\":[{\"@type\":\"SearchAction\",\"target\":{\"@type\":\"EntryPoint\",\"urlTemplate\":\"https:\\\/\\\/matyodesign.hu\\\/?s={search_term_string}\"},\"query-input\":{\"@type\":\"PropertyValueSpecification\",\"valueRequired\":true,\"valueName\":\"search_term_string\"}}],\"inLanguage\":\"en-GB\"}]}<\/script>\n<!-- \/ Yoast SEO plugin. -->","yoast_head_json":{"title":"K\u00fcrti Vali \u2013 Maty\u00f3 h\u00edmz\u00e9s \u00e9s h\u00edmzett ruh\u00e1k","description":"K\u00fcrti Vali h\u00edmz\u0151n\u0151k\u00e9nt \u00e9vtizedek \u00f3ta k\u00e9sz\u00edt maty\u00f3 mint\u00e1s darabokat. H\u00edmzett p\u00f3l\u00f3, magyar h\u00edmzett ruha \u00e9s egyedi kieg\u00e9sz\u00edt\u0151k a matyodesign kollekci\u00f3ban.","robots":{"index":"index","follow":"follow","max-snippet":"max-snippet:-1","max-image-preview":"max-image-preview:large","max-video-preview":"max-video-preview:-1"},"canonical":"https:\/\/matyodesign.hu\/en\/kurti_vali\/","og_locale":"en_GB","og_type":"article","og_title":"K\u00fcrti Vali \u2013 Maty\u00f3 h\u00edmz\u00e9s \u00e9s h\u00edmzett ruh\u00e1k","og_description":"K\u00fcrti Vali h\u00edmz\u0151n\u0151k\u00e9nt \u00e9vtizedek \u00f3ta k\u00e9sz\u00edt maty\u00f3 mint\u00e1s darabokat. H\u00edmzett p\u00f3l\u00f3, magyar h\u00edmzett ruha \u00e9s egyedi kieg\u00e9sz\u00edt\u0151k a matyodesign kollekci\u00f3ban.","og_url":"https:\/\/matyodesign.hu\/en\/kurti_vali\/","og_site_name":"matyodesign","article_modified_time":"2025-04-11T09:27:08+00:00","twitter_card":"summary_large_image","twitter_misc":{"Estimated reading time":"2 minutes"},"schema":{"@context":"https:\/\/schema.org","@graph":[{"@type":"WebPage","@id":"https:\/\/matyodesign.hu\/kurti_vali\/","url":"https:\/\/matyodesign.hu\/kurti_vali\/","name":"K\u00fcrti Vali \u2013 Maty\u00f3 h\u00edmz\u00e9s \u00e9s h\u00edmzett ruh\u00e1k","isPartOf":{"@id":"https:\/\/matyodesign.hu\/#website"},"datePublished":"2019-09-22T22:57:06+00:00","dateModified":"2025-04-11T09:27:08+00:00","description":"K\u00fcrti Vali h\u00edmz\u0151n\u0151k\u00e9nt \u00e9vtizedek \u00f3ta k\u00e9sz\u00edt maty\u00f3 mint\u00e1s darabokat. H\u00edmzett p\u00f3l\u00f3, magyar h\u00edmzett ruha \u00e9s egyedi kieg\u00e9sz\u00edt\u0151k a matyodesign kollekci\u00f3ban.","breadcrumb":{"@id":"https:\/\/matyodesign.hu\/kurti_vali\/#breadcrumb"},"inLanguage":"en-GB","potentialAction":[{"@type":"ReadAction","target":["https:\/\/matyodesign.hu\/kurti_vali\/"]}]},{"@type":"BreadcrumbList","@id":"https:\/\/matyodesign.hu\/kurti_vali\/#breadcrumb","itemListElement":[{"@type":"ListItem","position":1,"name":"Kezd\u0151lap","item":"https:\/\/matyodesign.hu\/"},{"@type":"ListItem","position":2,"name":"K\u00fcrti Vali"}]},{"@type":"WebSite","@id":"https:\/\/matyodesign.hu\/#website","url":"https:\/\/matyodesign.hu\/","name":"matyodesign","description":"K\u00e9zzel. Szeretettel. Neked.","potentialAction":[{"@type":"SearchAction","target":{"@type":"EntryPoint","urlTemplate":"https:\/\/matyodesign.hu\/?s={search_term_string}"},"query-input":{"@type":"PropertyValueSpecification","valueRequired":true,"valueName":"search_term_string"}}],"inLanguage":"en-GB"}]}},"_links":{"self":[{"href":"https:\/\/matyodesign.hu\/en\/wp-json\/wp\/v2\/pages\/80868","targetHints":{"allow":["GET"]}}],"collection":[{"href":"https:\/\/matyodesign.hu\/en\/wp-json\/wp\/v2\/pages"}],"about":[{"href":"https:\/\/matyodesign.hu\/en\/wp-json\/wp\/v2\/types\/page"}],"author":[{"embeddable":true,"href":"https:\/\/matyodesign.hu\/en\/wp-json\/wp\/v2\/users\/1"}],"replies":[{"embeddable":true,"href":"https:\/\/matyodesign.hu\/en\/wp-json\/wp\/v2\/comments?post=80868"}],"version-history":[{"count":2,"href":"https:\/\/matyodesign.hu\/en\/wp-json\/wp\/v2\/pages\/80868\/revisions"}],"predecessor-version":[{"id":100873,"href":"https:\/\/matyodesign.hu\/en\/wp-json\/wp\/v2\/pages\/80868\/revisions\/100873"}],"wp:attachment":[{"href":"https:\/\/matyodesign.hu\/en\/wp-json\/wp\/v2\/media?parent=80868"}],"curies":[{"name":"wp","href":"https:\/\/api.w.org\/{rel}","templated":true}]}}