{"id":80873,"date":"2019-09-22T23:00:48","date_gmt":"2019-09-22T23:00:48","guid":{"rendered":"https:\/\/matyodesign.hu\/?page_id=80873"},"modified":"2025-04-11T12:48:44","modified_gmt":"2025-04-11T10:48:44","slug":"vaczi_rozi","status":"publish","type":"page","link":"https:\/\/matyodesign.hu\/en\/vaczi_rozi\/","title":{"rendered":"V\u00e1czi Rozi"},"content":{"rendered":"<section class=\"wpb-content-wrapper\"><div class=\"vc_row wpb_row vc_row-fluid\" ><div class=\"wpb_column vc_column_container vc_col-sm-6\"><div class=\"vc_column-inner\"><div class=\"wpb_wrapper\">\n\t<div  class=\"wpb_single_image wpb_content_element vc_align_left\">\n\t\t\n\t\t<figure class=\"wpb_wrapper vc_figure\">\n\t\t\t<div class=\"vc_single_image-wrapper   vc_box_border_grey\"><img loading=\"lazy\" decoding=\"async\" width=\"1024\" height=\"1024\" src=\"https:\/\/matyodesign.hu\/wp-content\/uploads\/2024\/05\/vaczi-rozi-1024x1024-1.webp\" class=\"vc_single_image-img attachment-full\" alt=\"\" title=\"vaczi-rozi-1024x1024\" srcset=\"https:\/\/matyodesign.hu\/wp-content\/uploads\/2024\/05\/vaczi-rozi-1024x1024-1.webp 1024w, https:\/\/matyodesign.hu\/wp-content\/uploads\/2024\/05\/vaczi-rozi-1024x1024-1-300x300.webp 300w, https:\/\/matyodesign.hu\/wp-content\/uploads\/2024\/05\/vaczi-rozi-1024x1024-1-150x150.webp 150w, https:\/\/matyodesign.hu\/wp-content\/uploads\/2024\/05\/vaczi-rozi-1024x1024-1-768x768.webp 768w, https:\/\/matyodesign.hu\/wp-content\/uploads\/2024\/05\/vaczi-rozi-1024x1024-1-12x12.webp 12w, https:\/\/matyodesign.hu\/wp-content\/uploads\/2024\/05\/vaczi-rozi-1024x1024-1-650x650.webp 650w, https:\/\/matyodesign.hu\/wp-content\/uploads\/2024\/05\/vaczi-rozi-1024x1024-1-600x600.webp 600w, https:\/\/matyodesign.hu\/wp-content\/uploads\/2024\/05\/vaczi-rozi-1024x1024-1-100x100.webp 100w\" sizes=\"auto, (max-width: 1024px) 100vw, 1024px\" \/><\/div>\n\t\t<\/figure>\n\t<\/div>\n<\/div><\/div><\/div><div class=\"wpb_column vc_column_container vc_col-sm-6\"><div class=\"vc_column-inner\"><div class=\"wpb_wrapper\">\n\t<div class=\"wpb_text_column wpb_content_element\" >\n\t\t<div class=\"wpb_wrapper\">\n\t\t\t<div id=\"text-block-2\" class=\"mk-text-block\">\n<h3 class=\"shortcode-heading mk-fancy-title align-left\">V\u00c1CZI ROZI, a matyodesign meg\u00e1lmod\u00f3ja, \u00fcgyvezet\u0151<\/h3>\n<p>&nbsp;<\/p>\n<p><em>Voltam kilenc v\u00e1roson, faluban, de mikor a dzsip kirakott a tardi t\u00e9esztanya el\u0151tt, s leereszkedtem a katlanba, el\u0151sz\u00f6r \u00e9reztem, mit bor a kancs\u00f3ban, fecsketoj\u00e1s\u00a0a f\u00e9szekben, a folytonoss\u00e1got\u2026\u201d (V\u00e1czi Tam\u00e1s: A targyi helyzet)<\/em><\/p>\n<p>Sz\u00fcleink 1978-ban\u00a0Budapestr\u0151l Tardra k\u00f6lt\u00f6ztek. \u00cdgy t\u00f6rt\u00e9nt,\u00a0hogy egyhetesek sem voltunk, amikor el\u0151sz\u00f6r megl\u00e1ttuk, hogyan\u00a0kanyarog a maty\u00f3 k\u00f6t\u00e9nyen a bazsar\u00f3zsa sz\u00e1ra, \u00e9s hogyan vir\u00edt\u00a0mellette a nefelejcs. L\u00e1ttunk \u00e9s tanultunk m\u00e9g ezer csod\u00e1t: tiszta\u00a0udvart, rendes h\u00e1zat, alacsonyan sz\u00e1ll\u00f3 fecsk\u00e9t \u00e9s magasan \u00fcl\u0151\u00a0templomtornyot. \u00c9s l\u00e1ttunk asszonyokat, akik most nektek h\u00edmzik\u00a0a maty\u00f3 mint\u00e1kat. D\u00edsz\u00edtse ruhat\u00e1ratokat \u00e9pp annyira egy-egy darab,\u00a0mint ahogy a mi \u00e9let\u00fcnket aranyozza be a maty\u00f3f\u00f6ldi Tard!<\/p>\n<\/div>\n\n\t\t<\/div>\n\t<\/div>\n<\/div><\/div><\/div><\/div><div class=\"vc_row wpb_row vc_row-fluid\" ><div class=\"wpb_column vc_column_container vc_col-sm-12\"><div class=\"vc_column-inner\"><div class=\"wpb_wrapper\"><a class=\"wpb_button_a\" title=\"Vissza\" href=\"https:\/\/matyodesign.hu\/en\/about\/\"><span class=\"wpb_button  wpb_wpb_button wpb_regularsize\">Vissza<\/span><\/a><\/div><\/div><\/div><\/div>\n<\/section>","protected":false},"excerpt":{"rendered":"<p>If you&#8217;d like to discuss working with us, find out more about the range of services we have to offer, or just want to have a chat, please get in touch.<\/p>","protected":false},"author":1,"featured_media":0,"parent":0,"menu_order":0,"comment_status":"closed","ping_status":"closed","template":"","meta":{"footnotes":""},"class_list":["post-80873","page","type-page","status-publish","hentry"],"yoast_head":"<!-- This site is optimized with the Yoast SEO plugin v27.4 - https:\/\/yoast.com\/product\/yoast-seo-wordpress\/ -->\n<title>V\u00e1czi Rozi \u2013 Maty\u00f3 h\u00edmz\u00e9s \u00e9s egyedi ruh\u00e1k Tardr\u00f3l<\/title>\n<meta name=\"description\" content=\"V\u00e1czi Rozi a Matyodesign alap\u00edt\u00f3ja. Maty\u00f3 h\u00edmz\u00e9s modern ruh\u00e1kon: maty\u00f3 mint\u00e1s p\u00f3l\u00f3k, h\u00edmzett t\u00e1sk\u00e1k \u00e9s exkluz\u00edv egyedi ruh\u00e1k a trad\u00edci\u00f3 jegy\u00e9ben.\" \/>\n<meta name=\"robots\" content=\"index, follow, max-snippet:-1, max-image-preview:large, max-video-preview:-1\" \/>\n<link rel=\"canonical\" href=\"https:\/\/matyodesign.hu\/en\/vaczi_rozi\/\" \/>\n<meta property=\"og:locale\" content=\"en_GB\" \/>\n<meta property=\"og:type\" content=\"article\" \/>\n<meta property=\"og:title\" content=\"V\u00e1czi Rozi \u2013 Maty\u00f3 h\u00edmz\u00e9s \u00e9s egyedi ruh\u00e1k Tardr\u00f3l\" \/>\n<meta property=\"og:description\" content=\"V\u00e1czi Rozi a Matyodesign alap\u00edt\u00f3ja. Maty\u00f3 h\u00edmz\u00e9s modern ruh\u00e1kon: maty\u00f3 mint\u00e1s p\u00f3l\u00f3k, h\u00edmzett t\u00e1sk\u00e1k \u00e9s exkluz\u00edv egyedi ruh\u00e1k a trad\u00edci\u00f3 jegy\u00e9ben.\" \/>\n<meta property=\"og:url\" content=\"https:\/\/matyodesign.hu\/en\/vaczi_rozi\/\" \/>\n<meta property=\"og:site_name\" content=\"matyodesign\" \/>\n<meta property=\"article:modified_time\" content=\"2025-04-11T10:48:44+00:00\" \/>\n<meta name=\"twitter:card\" content=\"summary_large_image\" \/>\n<meta name=\"twitter:label1\" content=\"Estimated reading time\" \/>\n\t<meta name=\"twitter:data1\" content=\"2 minutes\" \/>\n<script type=\"application\/ld+json\" class=\"yoast-schema-graph\">{\"@context\":\"https:\\\/\\\/schema.org\",\"@graph\":[{\"@type\":\"WebPage\",\"@id\":\"https:\\\/\\\/matyodesign.hu\\\/vaczi_rozi\\\/\",\"url\":\"https:\\\/\\\/matyodesign.hu\\\/vaczi_rozi\\\/\",\"name\":\"V\u00e1czi Rozi \u2013 Maty\u00f3 h\u00edmz\u00e9s \u00e9s egyedi ruh\u00e1k Tardr\u00f3l\",\"isPartOf\":{\"@id\":\"https:\\\/\\\/matyodesign.hu\\\/#website\"},\"datePublished\":\"2019-09-22T23:00:48+00:00\",\"dateModified\":\"2025-04-11T10:48:44+00:00\",\"description\":\"V\u00e1czi Rozi a Matyodesign alap\u00edt\u00f3ja. Maty\u00f3 h\u00edmz\u00e9s modern ruh\u00e1kon: maty\u00f3 mint\u00e1s p\u00f3l\u00f3k, h\u00edmzett t\u00e1sk\u00e1k \u00e9s exkluz\u00edv egyedi ruh\u00e1k a trad\u00edci\u00f3 jegy\u00e9ben.\",\"breadcrumb\":{\"@id\":\"https:\\\/\\\/matyodesign.hu\\\/vaczi_rozi\\\/#breadcrumb\"},\"inLanguage\":\"en-GB\",\"potentialAction\":[{\"@type\":\"ReadAction\",\"target\":[\"https:\\\/\\\/matyodesign.hu\\\/vaczi_rozi\\\/\"]}]},{\"@type\":\"BreadcrumbList\",\"@id\":\"https:\\\/\\\/matyodesign.hu\\\/vaczi_rozi\\\/#breadcrumb\",\"itemListElement\":[{\"@type\":\"ListItem\",\"position\":1,\"name\":\"Kezd\u0151lap\",\"item\":\"https:\\\/\\\/matyodesign.hu\\\/\"},{\"@type\":\"ListItem\",\"position\":2,\"name\":\"V\u00e1czi Rozi\"}]},{\"@type\":\"WebSite\",\"@id\":\"https:\\\/\\\/matyodesign.hu\\\/#website\",\"url\":\"https:\\\/\\\/matyodesign.hu\\\/\",\"name\":\"matyodesign\",\"description\":\"K\u00e9zzel. Szeretettel. Neked.\",\"potentialAction\":[{\"@type\":\"SearchAction\",\"target\":{\"@type\":\"EntryPoint\",\"urlTemplate\":\"https:\\\/\\\/matyodesign.hu\\\/?s={search_term_string}\"},\"query-input\":{\"@type\":\"PropertyValueSpecification\",\"valueRequired\":true,\"valueName\":\"search_term_string\"}}],\"inLanguage\":\"en-GB\"}]}<\/script>\n<!-- \/ Yoast SEO plugin. -->","yoast_head_json":{"title":"V\u00e1czi Rozi \u2013 Maty\u00f3 h\u00edmz\u00e9s \u00e9s egyedi ruh\u00e1k Tardr\u00f3l","description":"V\u00e1czi Rozi a Matyodesign alap\u00edt\u00f3ja. Maty\u00f3 h\u00edmz\u00e9s modern ruh\u00e1kon: maty\u00f3 mint\u00e1s p\u00f3l\u00f3k, h\u00edmzett t\u00e1sk\u00e1k \u00e9s exkluz\u00edv egyedi ruh\u00e1k a trad\u00edci\u00f3 jegy\u00e9ben.","robots":{"index":"index","follow":"follow","max-snippet":"max-snippet:-1","max-image-preview":"max-image-preview:large","max-video-preview":"max-video-preview:-1"},"canonical":"https:\/\/matyodesign.hu\/en\/vaczi_rozi\/","og_locale":"en_GB","og_type":"article","og_title":"V\u00e1czi Rozi \u2013 Maty\u00f3 h\u00edmz\u00e9s \u00e9s egyedi ruh\u00e1k Tardr\u00f3l","og_description":"V\u00e1czi Rozi a Matyodesign alap\u00edt\u00f3ja. Maty\u00f3 h\u00edmz\u00e9s modern ruh\u00e1kon: maty\u00f3 mint\u00e1s p\u00f3l\u00f3k, h\u00edmzett t\u00e1sk\u00e1k \u00e9s exkluz\u00edv egyedi ruh\u00e1k a trad\u00edci\u00f3 jegy\u00e9ben.","og_url":"https:\/\/matyodesign.hu\/en\/vaczi_rozi\/","og_site_name":"matyodesign","article_modified_time":"2025-04-11T10:48:44+00:00","twitter_card":"summary_large_image","twitter_misc":{"Estimated reading time":"2 minutes"},"schema":{"@context":"https:\/\/schema.org","@graph":[{"@type":"WebPage","@id":"https:\/\/matyodesign.hu\/vaczi_rozi\/","url":"https:\/\/matyodesign.hu\/vaczi_rozi\/","name":"V\u00e1czi Rozi \u2013 Maty\u00f3 h\u00edmz\u00e9s \u00e9s egyedi ruh\u00e1k Tardr\u00f3l","isPartOf":{"@id":"https:\/\/matyodesign.hu\/#website"},"datePublished":"2019-09-22T23:00:48+00:00","dateModified":"2025-04-11T10:48:44+00:00","description":"V\u00e1czi Rozi a Matyodesign alap\u00edt\u00f3ja. Maty\u00f3 h\u00edmz\u00e9s modern ruh\u00e1kon: maty\u00f3 mint\u00e1s p\u00f3l\u00f3k, h\u00edmzett t\u00e1sk\u00e1k \u00e9s exkluz\u00edv egyedi ruh\u00e1k a trad\u00edci\u00f3 jegy\u00e9ben.","breadcrumb":{"@id":"https:\/\/matyodesign.hu\/vaczi_rozi\/#breadcrumb"},"inLanguage":"en-GB","potentialAction":[{"@type":"ReadAction","target":["https:\/\/matyodesign.hu\/vaczi_rozi\/"]}]},{"@type":"BreadcrumbList","@id":"https:\/\/matyodesign.hu\/vaczi_rozi\/#breadcrumb","itemListElement":[{"@type":"ListItem","position":1,"name":"Kezd\u0151lap","item":"https:\/\/matyodesign.hu\/"},{"@type":"ListItem","position":2,"name":"V\u00e1czi Rozi"}]},{"@type":"WebSite","@id":"https:\/\/matyodesign.hu\/#website","url":"https:\/\/matyodesign.hu\/","name":"matyodesign","description":"K\u00e9zzel. Szeretettel. Neked.","potentialAction":[{"@type":"SearchAction","target":{"@type":"EntryPoint","urlTemplate":"https:\/\/matyodesign.hu\/?s={search_term_string}"},"query-input":{"@type":"PropertyValueSpecification","valueRequired":true,"valueName":"search_term_string"}}],"inLanguage":"en-GB"}]}},"_links":{"self":[{"href":"https:\/\/matyodesign.hu\/en\/wp-json\/wp\/v2\/pages\/80873","targetHints":{"allow":["GET"]}}],"collection":[{"href":"https:\/\/matyodesign.hu\/en\/wp-json\/wp\/v2\/pages"}],"about":[{"href":"https:\/\/matyodesign.hu\/en\/wp-json\/wp\/v2\/types\/page"}],"author":[{"embeddable":true,"href":"https:\/\/matyodesign.hu\/en\/wp-json\/wp\/v2\/users\/1"}],"replies":[{"embeddable":true,"href":"https:\/\/matyodesign.hu\/en\/wp-json\/wp\/v2\/comments?post=80873"}],"version-history":[{"count":3,"href":"https:\/\/matyodesign.hu\/en\/wp-json\/wp\/v2\/pages\/80873\/revisions"}],"predecessor-version":[{"id":100859,"href":"https:\/\/matyodesign.hu\/en\/wp-json\/wp\/v2\/pages\/80873\/revisions\/100859"}],"wp:attachment":[{"href":"https:\/\/matyodesign.hu\/en\/wp-json\/wp\/v2\/media?parent=80873"}],"curies":[{"name":"wp","href":"https:\/\/api.w.org\/{rel}","templated":true}]}}