{"id":80879,"date":"2019-09-22T23:06:29","date_gmt":"2019-09-22T23:06:29","guid":{"rendered":"https:\/\/matyodesign.hu\/?page_id=80879"},"modified":"2025-04-11T12:36:48","modified_gmt":"2025-04-11T10:36:48","slug":"salamon-agota","status":"publish","type":"page","link":"https:\/\/matyodesign.hu\/en\/salamon-agota\/","title":{"rendered":"Salamon \u00c1gota"},"content":{"rendered":"<section class=\"wpb-content-wrapper\"><div class=\"vc_row wpb_row vc_row-fluid\" ><div class=\"wpb_column vc_column_container vc_col-sm-6\"><div class=\"vc_column-inner\"><div class=\"wpb_wrapper\">\n\t<div  class=\"wpb_single_image wpb_content_element vc_align_left\">\n\t\t\n\t\t<figure class=\"wpb_wrapper vc_figure\">\n\t\t\t<div class=\"vc_single_image-wrapper   vc_box_border_grey\"><img decoding=\"async\" class=\"vc_img-placeholder vc_single_image-img\" src=\"https:\/\/matyodesign.hu\/wp-content\/plugins\/js_composer\/assets\/vc\/no_image.png\" \/><\/div>\n\t\t<\/figure>\n\t<\/div>\n<\/div><\/div><\/div><div class=\"wpb_column vc_column_container vc_col-sm-6\"><div class=\"vc_column-inner\"><div class=\"wpb_wrapper\">\n\t<div class=\"wpb_text_column wpb_content_element\" >\n\t\t<div class=\"wpb_wrapper\">\n\t\t\t<div id=\"text-block-2\" class=\"mk-text-block\">\n<h3 class=\"shortcode-heading mk-fancy-title align-left\">SALAMON \u00c1GOTA, \u00e9rt\u00e9kes\u00edt\u00e9s<\/h3>\n<p>&nbsp;<\/p>\n<p>A matyodesign k\u00f6zel\u00e9be v\u00e9letlenszer\u0171en ker\u00fcltem, a k\u00f6z\u00f6s tal\u00e1lkoz\u00e1si pont a t\u00e1rsadalmi v\u00e1llalkoz\u00e1s volt. Nagyon fontos, hogy j\u00f3 \u00fcgyet szolg\u00e1ljak. Ha a munk\u00e1mmal teremteni tudok, az \u00f6r\u00f6mmel t\u00f6lt el. Ez a v\u00e1llalkoz\u00e1s sz\u00e1momra a fejl\u0151d\u00e9sre val\u00f3 lehet\u0151s\u00e9get jelenti, minden benne r\u00e9sztvev\u0151 szem\u00e9lyt bele\u00e9rtve, mert a matyodesign j\u00f6v\u0151k\u00e9pet ad a dolgoz\u00f3inak.<\/p>\n<p>Feladatom a v\u00e1llalkoz\u00e1son bel\u00fcl, hogy min\u00e9l t\u00f6bb \u00fczleti partnert, viszontelad\u00f3t keressek, ahol a vev\u0151k megismerhetik \u00e9s megv\u00e1s\u00e1rolhatj\u00e1k ezeket az egyedi term\u00e9keket.<\/p>\n<p>Eg\u00e9sz \u00e9letemben emberekkel, term\u00e9kekkel foglalkoztam. Fontos a kommunik\u00e1ci\u00f3 \u00e9s az ember maga, de a megb\u00edzhat\u00f3s\u00e1g \u00e9s precizit\u00e1s is nagyon hangs\u00falyosak. Szeretem a kih\u00edv\u00e1sokat, a v\u00e1ltozatoss\u00e1got.<\/p>\n<p>A matyodesign legfontosabb tulajdons\u00e1ga az, hogy egyens\u00falyt \u00e9s biztons\u00e1got tud teremteni emberek \u00e9let\u00e9ben, c\u00e9lt, j\u00f6v\u0151t ad annak a gener\u00e1ci\u00f3nak is, akik m\u00e1shol ezt m\u00e1r nem tal\u00e1lhatj\u00e1k meg. Az id\u0151s emberek is szeretik magukat hasznosnak \u00e9rezni \u00e9s utols\u00f3 pillanatig is tev\u00e9kenyen, \u00f6r\u00f6mtelien szeretnek \u00e9lni.<\/p>\n<\/div>\n\n\t\t<\/div>\n\t<\/div>\n<\/div><\/div><\/div><\/div><div class=\"vc_row wpb_row vc_row-fluid\" ><div class=\"wpb_column vc_column_container vc_col-sm-12\"><div class=\"vc_column-inner\"><div class=\"wpb_wrapper\"><button class=\"wpb_button  wpb_wpb_button wpb_regularsize\">Text on the button<\/button><\/div><\/div><\/div><\/div>\n<\/section>","protected":false},"excerpt":{"rendered":"<p>If you&#8217;d like to discuss working with us, find out more about the range of services we have to offer, or just want to have a chat, please get in touch.<\/p>","protected":false},"author":1,"featured_media":0,"parent":0,"menu_order":0,"comment_status":"closed","ping_status":"closed","template":"","meta":{"footnotes":""},"class_list":["post-80879","page","type-page","status-publish","hentry"],"yoast_head":"<!-- This site is optimized with the Yoast SEO plugin v27.5 - https:\/\/yoast.com\/product\/yoast-seo-wordpress\/ -->\n<title>Salamon \u00c1gota \u2013 \u00c9rt\u00e9kes\u00edt\u00e9s \u2013 Matyodesign<\/title>\n<meta name=\"description\" content=\"Salamon \u00c1gota, a Matyodesign \u00e9rt\u00e9kes\u00edt\u0151je. C\u00e9lom, hogy min\u00e9l t\u00f6bb viszontelad\u00f3val megismertessem a h\u00edmzett term\u00e9keket \u00e9s t\u00e1mogassam a fejl\u0151d\u00e9st.\" \/>\n<meta name=\"robots\" content=\"index, follow, max-snippet:-1, max-image-preview:large, max-video-preview:-1\" \/>\n<link rel=\"canonical\" href=\"https:\/\/matyodesign.hu\/en\/salamon-agota\/\" \/>\n<meta property=\"og:locale\" content=\"en_GB\" \/>\n<meta property=\"og:type\" content=\"article\" \/>\n<meta property=\"og:title\" content=\"Salamon \u00c1gota \u2013 \u00c9rt\u00e9kes\u00edt\u00e9s \u2013 Matyodesign\" \/>\n<meta property=\"og:description\" content=\"Salamon \u00c1gota, a Matyodesign \u00e9rt\u00e9kes\u00edt\u0151je. C\u00e9lom, hogy min\u00e9l t\u00f6bb viszontelad\u00f3val megismertessem a h\u00edmzett term\u00e9keket \u00e9s t\u00e1mogassam a fejl\u0151d\u00e9st.\" \/>\n<meta property=\"og:url\" content=\"https:\/\/matyodesign.hu\/en\/salamon-agota\/\" \/>\n<meta property=\"og:site_name\" content=\"matyodesign\" \/>\n<meta property=\"article:modified_time\" content=\"2025-04-11T10:36:48+00:00\" \/>\n<meta name=\"twitter:card\" content=\"summary_large_image\" \/>\n<meta name=\"twitter:label1\" content=\"Estimated reading time\" \/>\n\t<meta name=\"twitter:data1\" content=\"2 minutes\" \/>\n<script type=\"application\/ld+json\" class=\"yoast-schema-graph\">{\"@context\":\"https:\\\/\\\/schema.org\",\"@graph\":[{\"@type\":\"WebPage\",\"@id\":\"https:\\\/\\\/matyodesign.hu\\\/salamon-agota\\\/\",\"url\":\"https:\\\/\\\/matyodesign.hu\\\/salamon-agota\\\/\",\"name\":\"Salamon \u00c1gota \u2013 \u00c9rt\u00e9kes\u00edt\u00e9s \u2013 Matyodesign\",\"isPartOf\":{\"@id\":\"https:\\\/\\\/matyodesign.hu\\\/#website\"},\"datePublished\":\"2019-09-22T23:06:29+00:00\",\"dateModified\":\"2025-04-11T10:36:48+00:00\",\"description\":\"Salamon \u00c1gota, a Matyodesign \u00e9rt\u00e9kes\u00edt\u0151je. C\u00e9lom, hogy min\u00e9l t\u00f6bb viszontelad\u00f3val megismertessem a h\u00edmzett term\u00e9keket \u00e9s t\u00e1mogassam a fejl\u0151d\u00e9st.\",\"breadcrumb\":{\"@id\":\"https:\\\/\\\/matyodesign.hu\\\/salamon-agota\\\/#breadcrumb\"},\"inLanguage\":\"en-GB\",\"potentialAction\":[{\"@type\":\"ReadAction\",\"target\":[\"https:\\\/\\\/matyodesign.hu\\\/salamon-agota\\\/\"]}]},{\"@type\":\"BreadcrumbList\",\"@id\":\"https:\\\/\\\/matyodesign.hu\\\/salamon-agota\\\/#breadcrumb\",\"itemListElement\":[{\"@type\":\"ListItem\",\"position\":1,\"name\":\"Kezd\u0151lap\",\"item\":\"https:\\\/\\\/matyodesign.hu\\\/\"},{\"@type\":\"ListItem\",\"position\":2,\"name\":\"Salamon \u00c1gota\"}]},{\"@type\":\"WebSite\",\"@id\":\"https:\\\/\\\/matyodesign.hu\\\/#website\",\"url\":\"https:\\\/\\\/matyodesign.hu\\\/\",\"name\":\"matyodesign\",\"description\":\"K\u00e9zzel. Szeretettel. Neked.\",\"potentialAction\":[{\"@type\":\"SearchAction\",\"target\":{\"@type\":\"EntryPoint\",\"urlTemplate\":\"https:\\\/\\\/matyodesign.hu\\\/?s={search_term_string}\"},\"query-input\":{\"@type\":\"PropertyValueSpecification\",\"valueRequired\":true,\"valueName\":\"search_term_string\"}}],\"inLanguage\":\"en-GB\"}]}<\/script>\n<!-- \/ Yoast SEO plugin. -->","yoast_head_json":{"title":"Salamon \u00c1gota \u2013 \u00c9rt\u00e9kes\u00edt\u00e9s \u2013 Matyodesign","description":"Salamon \u00c1gota, a Matyodesign \u00e9rt\u00e9kes\u00edt\u0151je. C\u00e9lom, hogy min\u00e9l t\u00f6bb viszontelad\u00f3val megismertessem a h\u00edmzett term\u00e9keket \u00e9s t\u00e1mogassam a fejl\u0151d\u00e9st.","robots":{"index":"index","follow":"follow","max-snippet":"max-snippet:-1","max-image-preview":"max-image-preview:large","max-video-preview":"max-video-preview:-1"},"canonical":"https:\/\/matyodesign.hu\/en\/salamon-agota\/","og_locale":"en_GB","og_type":"article","og_title":"Salamon \u00c1gota \u2013 \u00c9rt\u00e9kes\u00edt\u00e9s \u2013 Matyodesign","og_description":"Salamon \u00c1gota, a Matyodesign \u00e9rt\u00e9kes\u00edt\u0151je. C\u00e9lom, hogy min\u00e9l t\u00f6bb viszontelad\u00f3val megismertessem a h\u00edmzett term\u00e9keket \u00e9s t\u00e1mogassam a fejl\u0151d\u00e9st.","og_url":"https:\/\/matyodesign.hu\/en\/salamon-agota\/","og_site_name":"matyodesign","article_modified_time":"2025-04-11T10:36:48+00:00","twitter_card":"summary_large_image","twitter_misc":{"Estimated reading time":"2 minutes"},"schema":{"@context":"https:\/\/schema.org","@graph":[{"@type":"WebPage","@id":"https:\/\/matyodesign.hu\/salamon-agota\/","url":"https:\/\/matyodesign.hu\/salamon-agota\/","name":"Salamon \u00c1gota \u2013 \u00c9rt\u00e9kes\u00edt\u00e9s \u2013 Matyodesign","isPartOf":{"@id":"https:\/\/matyodesign.hu\/#website"},"datePublished":"2019-09-22T23:06:29+00:00","dateModified":"2025-04-11T10:36:48+00:00","description":"Salamon \u00c1gota, a Matyodesign \u00e9rt\u00e9kes\u00edt\u0151je. C\u00e9lom, hogy min\u00e9l t\u00f6bb viszontelad\u00f3val megismertessem a h\u00edmzett term\u00e9keket \u00e9s t\u00e1mogassam a fejl\u0151d\u00e9st.","breadcrumb":{"@id":"https:\/\/matyodesign.hu\/salamon-agota\/#breadcrumb"},"inLanguage":"en-GB","potentialAction":[{"@type":"ReadAction","target":["https:\/\/matyodesign.hu\/salamon-agota\/"]}]},{"@type":"BreadcrumbList","@id":"https:\/\/matyodesign.hu\/salamon-agota\/#breadcrumb","itemListElement":[{"@type":"ListItem","position":1,"name":"Kezd\u0151lap","item":"https:\/\/matyodesign.hu\/"},{"@type":"ListItem","position":2,"name":"Salamon \u00c1gota"}]},{"@type":"WebSite","@id":"https:\/\/matyodesign.hu\/#website","url":"https:\/\/matyodesign.hu\/","name":"matyodesign","description":"K\u00e9zzel. Szeretettel. Neked.","potentialAction":[{"@type":"SearchAction","target":{"@type":"EntryPoint","urlTemplate":"https:\/\/matyodesign.hu\/?s={search_term_string}"},"query-input":{"@type":"PropertyValueSpecification","valueRequired":true,"valueName":"search_term_string"}}],"inLanguage":"en-GB"}]}},"_links":{"self":[{"href":"https:\/\/matyodesign.hu\/en\/wp-json\/wp\/v2\/pages\/80879","targetHints":{"allow":["GET"]}}],"collection":[{"href":"https:\/\/matyodesign.hu\/en\/wp-json\/wp\/v2\/pages"}],"about":[{"href":"https:\/\/matyodesign.hu\/en\/wp-json\/wp\/v2\/types\/page"}],"author":[{"embeddable":true,"href":"https:\/\/matyodesign.hu\/en\/wp-json\/wp\/v2\/users\/1"}],"replies":[{"embeddable":true,"href":"https:\/\/matyodesign.hu\/en\/wp-json\/wp\/v2\/comments?post=80879"}],"version-history":[{"count":1,"href":"https:\/\/matyodesign.hu\/en\/wp-json\/wp\/v2\/pages\/80879\/revisions"}],"predecessor-version":[{"id":99908,"href":"https:\/\/matyodesign.hu\/en\/wp-json\/wp\/v2\/pages\/80879\/revisions\/99908"}],"wp:attachment":[{"href":"https:\/\/matyodesign.hu\/en\/wp-json\/wp\/v2\/media?parent=80879"}],"curies":[{"name":"wp","href":"https:\/\/api.w.org\/{rel}","templated":true}]}}