{"id":80894,"date":"2019-09-22T23:20:08","date_gmt":"2019-09-22T23:20:08","guid":{"rendered":"https:\/\/matyodesign.hu\/?page_id=80894"},"modified":"2025-04-11T10:42:42","modified_gmt":"2025-04-11T08:42:42","slug":"almasi-gabor","status":"publish","type":"page","link":"https:\/\/matyodesign.hu\/en\/almasi-gabor\/","title":{"rendered":"Alm\u00e1si G\u00e1bor"},"content":{"rendered":"<section class=\"wpb-content-wrapper\"><div class=\"vc_row wpb_row vc_row-fluid\" ><div class=\"wpb_column vc_column_container vc_col-sm-6\"><div class=\"vc_column-inner\"><div class=\"wpb_wrapper\">\n\t<div  class=\"wpb_single_image wpb_content_element vc_align_left\">\n\t\t\n\t\t<figure class=\"wpb_wrapper vc_figure\">\n\t\t\t<div class=\"vc_single_image-wrapper   vc_box_border_grey\"><img loading=\"lazy\" decoding=\"async\" width=\"1000\" height=\"1000\" src=\"https:\/\/matyodesign.hu\/wp-content\/uploads\/2024\/05\/Almasi_Gabor.webp\" class=\"vc_single_image-img attachment-full\" alt=\"\" title=\"Almasi_Gabor\" srcset=\"https:\/\/matyodesign.hu\/wp-content\/uploads\/2024\/05\/Almasi_Gabor.webp 1000w, https:\/\/matyodesign.hu\/wp-content\/uploads\/2024\/05\/Almasi_Gabor-300x300.webp 300w, https:\/\/matyodesign.hu\/wp-content\/uploads\/2024\/05\/Almasi_Gabor-150x150.webp 150w, https:\/\/matyodesign.hu\/wp-content\/uploads\/2024\/05\/Almasi_Gabor-768x768.webp 768w, https:\/\/matyodesign.hu\/wp-content\/uploads\/2024\/05\/Almasi_Gabor-12x12.webp 12w, https:\/\/matyodesign.hu\/wp-content\/uploads\/2024\/05\/Almasi_Gabor-650x650.webp 650w, https:\/\/matyodesign.hu\/wp-content\/uploads\/2024\/05\/Almasi_Gabor-600x600.webp 600w, https:\/\/matyodesign.hu\/wp-content\/uploads\/2024\/05\/Almasi_Gabor-100x100.webp 100w\" sizes=\"auto, (max-width: 1000px) 100vw, 1000px\" \/><\/div>\n\t\t<\/figure>\n\t<\/div>\n<\/div><\/div><\/div><div class=\"wpb_column vc_column_container vc_col-sm-6\"><div class=\"vc_column-inner\"><div class=\"wpb_wrapper\">\n\t<div class=\"wpb_text_column wpb_content_element\" >\n\t\t<div class=\"wpb_wrapper\">\n\t\t\t<div id=\"text-block-2\" class=\"mk-text-block\">\n<h3 class=\"shortcode-heading mk-fancy-title align-left\">ALM\u00c1SI G\u00c1BOR, p\u00e9nz\u00fcgyek<\/h3>\n<p>&nbsp;<\/p>\n<p>A matyodesignt a magyarorsz\u00e1gi NESsT-en kereszt\u00fcl ismertem meg, ahol a tan\u00e1csad\u00f3i h\u00e1l\u00f3zatnak vagyok tagja. 2015-ben k\u00e9rt fel a NESsT vezet\u0151je, hogy mentork\u00e9nt csatlakozzak a matyodesign csapat\u00e1hoz. \u00c9letem egyik legjobb d\u00f6nt\u00e9se volt, hogy a felk\u00e9r\u00e9st elv\u00e1llaltam, nagyon nagy \u00f6r\u00f6m vel\u00fck dolgozni!<\/p>\n<p>P\u00e9nz\u00fcgyi- \u00e9s strat\u00e9giai tervez\u00e9sben seg\u00edtek.<br \/>\nNagyon szeretek k\u00fcl\u00f6nb\u00f6z\u0151 emberekkel, kult\u00far\u00e1kkal egy\u00fctt dolgozni, \u00e9s komplex kih\u00edv\u00e1sokat megoldani. A matyodesign csapat\u00e1ban nagyra \u00e9rt\u00e9kelem a csal\u00e1dias hangulatot, az \u00f6sszetart\u00e1st \u00e9s a kitart\u00e1st.<\/p>\n<\/div>\n\n\t\t<\/div>\n\t<\/div>\n<\/div><\/div><\/div><\/div><div class=\"vc_row wpb_row vc_row-fluid\" ><div class=\"wpb_column vc_column_container vc_col-sm-12\"><div class=\"vc_column-inner\"><div class=\"wpb_wrapper\"><a class=\"wpb_button_a\" title=\"Vissza\" href=\"https:\/\/matyodesign.hu\/en\/about\/\"><span class=\"wpb_button  wpb_wpb_button wpb_regularsize\">Vissza<\/span><\/a><\/div><\/div><\/div><\/div>\n<\/section>","protected":false},"excerpt":{"rendered":"<p>If you&#8217;d like to discuss working with us, find out more about the range of services we have to offer, or just want to have a chat, please get in touch.<\/p>","protected":false},"author":1,"featured_media":0,"parent":0,"menu_order":0,"comment_status":"closed","ping_status":"closed","template":"","meta":{"footnotes":""},"class_list":["post-80894","page","type-page","status-publish","hentry"],"yoast_head":"<!-- This site is optimized with the Yoast SEO plugin v27.5 - https:\/\/yoast.com\/product\/yoast-seo-wordpress\/ -->\n<title>Alm\u00e1si G\u00e1bor \u2013 Matyodesign - Maty\u00f3 h\u00edmzett ruh\u00e1k<\/title>\n<meta name=\"description\" content=\"Alm\u00e1si G\u00e1bor p\u00e9nz\u00fcgyi mentor a Matyodesign csapat\u00e1ban. Misszi\u00f3nk: maty\u00f3 h\u00edmz\u00e9s \u00fajragondolva, egyedi h\u00edmzett ruh\u00e1kon, p\u00f3l\u00f3kon \u00e9s kieg\u00e9sz\u00edt\u0151k\u00f6n.\" \/>\n<meta name=\"robots\" content=\"index, follow, max-snippet:-1, max-image-preview:large, max-video-preview:-1\" \/>\n<link rel=\"canonical\" href=\"https:\/\/matyodesign.hu\/en\/almasi-gabor\/\" \/>\n<meta property=\"og:locale\" content=\"en_GB\" \/>\n<meta property=\"og:type\" content=\"article\" \/>\n<meta property=\"og:title\" content=\"Alm\u00e1si G\u00e1bor \u2013 Matyodesign - Maty\u00f3 h\u00edmzett ruh\u00e1k\" \/>\n<meta property=\"og:description\" content=\"Alm\u00e1si G\u00e1bor p\u00e9nz\u00fcgyi mentor a Matyodesign csapat\u00e1ban. Misszi\u00f3nk: maty\u00f3 h\u00edmz\u00e9s \u00fajragondolva, egyedi h\u00edmzett ruh\u00e1kon, p\u00f3l\u00f3kon \u00e9s kieg\u00e9sz\u00edt\u0151k\u00f6n.\" \/>\n<meta property=\"og:url\" content=\"https:\/\/matyodesign.hu\/en\/almasi-gabor\/\" \/>\n<meta property=\"og:site_name\" content=\"matyodesign\" \/>\n<meta property=\"article:modified_time\" content=\"2025-04-11T08:42:42+00:00\" \/>\n<meta name=\"twitter:card\" content=\"summary_large_image\" \/>\n<meta name=\"twitter:label1\" content=\"Estimated reading time\" \/>\n\t<meta name=\"twitter:data1\" content=\"1 minute\" \/>\n<script type=\"application\/ld+json\" class=\"yoast-schema-graph\">{\"@context\":\"https:\\\/\\\/schema.org\",\"@graph\":[{\"@type\":\"WebPage\",\"@id\":\"https:\\\/\\\/matyodesign.hu\\\/almasi-gabor\\\/\",\"url\":\"https:\\\/\\\/matyodesign.hu\\\/almasi-gabor\\\/\",\"name\":\"Alm\u00e1si G\u00e1bor \u2013 Matyodesign - Maty\u00f3 h\u00edmzett ruh\u00e1k\",\"isPartOf\":{\"@id\":\"https:\\\/\\\/matyodesign.hu\\\/#website\"},\"datePublished\":\"2019-09-22T23:20:08+00:00\",\"dateModified\":\"2025-04-11T08:42:42+00:00\",\"description\":\"Alm\u00e1si G\u00e1bor p\u00e9nz\u00fcgyi mentor a Matyodesign csapat\u00e1ban. Misszi\u00f3nk: maty\u00f3 h\u00edmz\u00e9s \u00fajragondolva, egyedi h\u00edmzett ruh\u00e1kon, p\u00f3l\u00f3kon \u00e9s kieg\u00e9sz\u00edt\u0151k\u00f6n.\",\"breadcrumb\":{\"@id\":\"https:\\\/\\\/matyodesign.hu\\\/almasi-gabor\\\/#breadcrumb\"},\"inLanguage\":\"en-GB\",\"potentialAction\":[{\"@type\":\"ReadAction\",\"target\":[\"https:\\\/\\\/matyodesign.hu\\\/almasi-gabor\\\/\"]}]},{\"@type\":\"BreadcrumbList\",\"@id\":\"https:\\\/\\\/matyodesign.hu\\\/almasi-gabor\\\/#breadcrumb\",\"itemListElement\":[{\"@type\":\"ListItem\",\"position\":1,\"name\":\"Kezd\u0151lap\",\"item\":\"https:\\\/\\\/matyodesign.hu\\\/\"},{\"@type\":\"ListItem\",\"position\":2,\"name\":\"Alm\u00e1si G\u00e1bor\"}]},{\"@type\":\"WebSite\",\"@id\":\"https:\\\/\\\/matyodesign.hu\\\/#website\",\"url\":\"https:\\\/\\\/matyodesign.hu\\\/\",\"name\":\"matyodesign\",\"description\":\"K\u00e9zzel. Szeretettel. Neked.\",\"potentialAction\":[{\"@type\":\"SearchAction\",\"target\":{\"@type\":\"EntryPoint\",\"urlTemplate\":\"https:\\\/\\\/matyodesign.hu\\\/?s={search_term_string}\"},\"query-input\":{\"@type\":\"PropertyValueSpecification\",\"valueRequired\":true,\"valueName\":\"search_term_string\"}}],\"inLanguage\":\"en-GB\"}]}<\/script>\n<!-- \/ Yoast SEO plugin. -->","yoast_head_json":{"title":"Alm\u00e1si G\u00e1bor \u2013 Matyodesign - Maty\u00f3 h\u00edmzett ruh\u00e1k","description":"Alm\u00e1si G\u00e1bor p\u00e9nz\u00fcgyi mentor a Matyodesign csapat\u00e1ban. Misszi\u00f3nk: maty\u00f3 h\u00edmz\u00e9s \u00fajragondolva, egyedi h\u00edmzett ruh\u00e1kon, p\u00f3l\u00f3kon \u00e9s kieg\u00e9sz\u00edt\u0151k\u00f6n.","robots":{"index":"index","follow":"follow","max-snippet":"max-snippet:-1","max-image-preview":"max-image-preview:large","max-video-preview":"max-video-preview:-1"},"canonical":"https:\/\/matyodesign.hu\/en\/almasi-gabor\/","og_locale":"en_GB","og_type":"article","og_title":"Alm\u00e1si G\u00e1bor \u2013 Matyodesign - Maty\u00f3 h\u00edmzett ruh\u00e1k","og_description":"Alm\u00e1si G\u00e1bor p\u00e9nz\u00fcgyi mentor a Matyodesign csapat\u00e1ban. Misszi\u00f3nk: maty\u00f3 h\u00edmz\u00e9s \u00fajragondolva, egyedi h\u00edmzett ruh\u00e1kon, p\u00f3l\u00f3kon \u00e9s kieg\u00e9sz\u00edt\u0151k\u00f6n.","og_url":"https:\/\/matyodesign.hu\/en\/almasi-gabor\/","og_site_name":"matyodesign","article_modified_time":"2025-04-11T08:42:42+00:00","twitter_card":"summary_large_image","twitter_misc":{"Estimated reading time":"1 minute"},"schema":{"@context":"https:\/\/schema.org","@graph":[{"@type":"WebPage","@id":"https:\/\/matyodesign.hu\/almasi-gabor\/","url":"https:\/\/matyodesign.hu\/almasi-gabor\/","name":"Alm\u00e1si G\u00e1bor \u2013 Matyodesign - Maty\u00f3 h\u00edmzett ruh\u00e1k","isPartOf":{"@id":"https:\/\/matyodesign.hu\/#website"},"datePublished":"2019-09-22T23:20:08+00:00","dateModified":"2025-04-11T08:42:42+00:00","description":"Alm\u00e1si G\u00e1bor p\u00e9nz\u00fcgyi mentor a Matyodesign csapat\u00e1ban. Misszi\u00f3nk: maty\u00f3 h\u00edmz\u00e9s \u00fajragondolva, egyedi h\u00edmzett ruh\u00e1kon, p\u00f3l\u00f3kon \u00e9s kieg\u00e9sz\u00edt\u0151k\u00f6n.","breadcrumb":{"@id":"https:\/\/matyodesign.hu\/almasi-gabor\/#breadcrumb"},"inLanguage":"en-GB","potentialAction":[{"@type":"ReadAction","target":["https:\/\/matyodesign.hu\/almasi-gabor\/"]}]},{"@type":"BreadcrumbList","@id":"https:\/\/matyodesign.hu\/almasi-gabor\/#breadcrumb","itemListElement":[{"@type":"ListItem","position":1,"name":"Kezd\u0151lap","item":"https:\/\/matyodesign.hu\/"},{"@type":"ListItem","position":2,"name":"Alm\u00e1si G\u00e1bor"}]},{"@type":"WebSite","@id":"https:\/\/matyodesign.hu\/#website","url":"https:\/\/matyodesign.hu\/","name":"matyodesign","description":"K\u00e9zzel. Szeretettel. Neked.","potentialAction":[{"@type":"SearchAction","target":{"@type":"EntryPoint","urlTemplate":"https:\/\/matyodesign.hu\/?s={search_term_string}"},"query-input":{"@type":"PropertyValueSpecification","valueRequired":true,"valueName":"search_term_string"}}],"inLanguage":"en-GB"}]}},"_links":{"self":[{"href":"https:\/\/matyodesign.hu\/en\/wp-json\/wp\/v2\/pages\/80894","targetHints":{"allow":["GET"]}}],"collection":[{"href":"https:\/\/matyodesign.hu\/en\/wp-json\/wp\/v2\/pages"}],"about":[{"href":"https:\/\/matyodesign.hu\/en\/wp-json\/wp\/v2\/types\/page"}],"author":[{"embeddable":true,"href":"https:\/\/matyodesign.hu\/en\/wp-json\/wp\/v2\/users\/1"}],"replies":[{"embeddable":true,"href":"https:\/\/matyodesign.hu\/en\/wp-json\/wp\/v2\/comments?post=80894"}],"version-history":[{"count":3,"href":"https:\/\/matyodesign.hu\/en\/wp-json\/wp\/v2\/pages\/80894\/revisions"}],"predecessor-version":[{"id":102955,"href":"https:\/\/matyodesign.hu\/en\/wp-json\/wp\/v2\/pages\/80894\/revisions\/102955"}],"wp:attachment":[{"href":"https:\/\/matyodesign.hu\/en\/wp-json\/wp\/v2\/media?parent=80894"}],"curies":[{"name":"wp","href":"https:\/\/api.w.org\/{rel}","templated":true}]}}