{"id":81284,"date":"2019-10-20T07:35:00","date_gmt":"2019-10-20T07:35:00","guid":{"rendered":"https:\/\/matyodesign.hu\/?page_id=81284"},"modified":"2025-04-11T11:40:21","modified_gmt":"2025-04-11T09:40:21","slug":"nichs_andrea","status":"publish","type":"page","link":"https:\/\/matyodesign.hu\/en\/nichs_andrea\/","title":{"rendered":"Nichs Andrea"},"content":{"rendered":"<section class=\"wpb-content-wrapper\"><div class=\"vc_row wpb_row vc_row-fluid\" ><div class=\"wpb_column vc_column_container vc_col-sm-6\"><div class=\"vc_column-inner\"><div class=\"wpb_wrapper\">\n\t<div  class=\"wpb_single_image wpb_content_element vc_align_left\">\n\t\t\n\t\t<figure class=\"wpb_wrapper vc_figure\">\n\t\t\t<div class=\"vc_single_image-wrapper   vc_box_border_grey\"><img decoding=\"async\" class=\"vc_img-placeholder vc_single_image-img\" src=\"https:\/\/matyodesign.hu\/wp-content\/plugins\/js_composer\/assets\/vc\/no_image.png\" \/><\/div>\n\t\t<\/figure>\n\t<\/div>\n<\/div><\/div><\/div><div class=\"wpb_column vc_column_container vc_col-sm-6\"><div class=\"vc_column-inner\"><div class=\"wpb_wrapper\">\n\t<div class=\"wpb_text_column wpb_content_element\" >\n\t\t<div class=\"wpb_wrapper\">\n\t\t\t<div id=\"text-block-2\" class=\"mk-text-block\">\n<h3 class=\"shortcode-heading mk-fancy-title align-left\">NICHS ANDREA, pr, kommunik\u00e1ci\u00f3<\/h3>\n<p class=\"p1\"><span class=\"s1\">Etikus divat, slow fashion, t\u00e1rsadalmi v\u00e1llalkoz\u00e1s \u2013 hogy mik\u00e9nt kapcsol\u00f3dnak ezek a ma fontoss\u00e1 v\u00e1lt ir\u00e1nyok Tardhoz? Amikor el\u0151sz\u00f6r Rozi\u00e9k csal\u00e1dj\u00e1n\u00e1l t\u00f6lt\u00f6ttem n\u00e9h\u00e1ny napot az apr\u00f3cska borsodi faluban, m\u00e9g nem ezek a fogalmak jutottak eszembe. Csak \u00e9lveztem a j\u00f3 leveg\u0151t, a kil\u00e1t\u00e1st a domboldalr\u00f3l, a szabads\u00e1got, az alma \u00edz\u00e9t a frissen s\u00fclt pit\u00e9ben, amit a kezembe nyomtak, amikor elbiciklizt\u00fcnk a bog\u00e1csi strandra. Azonnal meg\u00e9reztem, k\u00e9s\u0151bb meg is \u00e9rtettem, mi\u00e9rt olyan fontos hely ez nekik. M\u00e1ra pedig r\u00e9szese lehetek egy olyan v\u00e1llalkoz\u00e1snak, ami ebb\u0151l a hatalmas szeretetb\u0151l fakad, \u00e9s aminek legf\u0151bb c\u00e9ljai k\u00f6zt szerepel visszaadni valamit az ittenieknek. Munkalehet\u0151s\u00e9get a gyerekkorban kapott t\u00f6r\u0151d\u00e9s\u00e9rt, elismer\u00e9st egy kihal\u00e1sra \u00edt\u00e9lt kult\u00fara \u00e9bren tart\u00e1s\u00e1\u00e9rt, k\u00f6z\u00f6ss\u00e9get \u00e9s vid\u00e1m pillanatokat az az\u00f3ta megteremtett matyodesign center falai k\u00f6z\u00f6tt. A matyodesign t\u00e9nyleg \u00e9rt\u00e9ket teremt, j\u00f3 \u00e9rz\u00e9s ezt h\u00edr\u00fcl adni, tov\u00e1bb vinni.<\/span><\/p>\n<\/div>\n\n\t\t<\/div>\n\t<\/div>\n<\/div><\/div><\/div><\/div><div class=\"vc_row wpb_row vc_row-fluid\" ><div class=\"wpb_column vc_column_container vc_col-sm-12\"><div class=\"vc_column-inner\"><div class=\"wpb_wrapper\"><button class=\"wpb_button  wpb_wpb_button wpb_regularsize\">Text on the button<\/button><\/div><\/div><\/div><\/div>\n<\/section>","protected":false},"excerpt":{"rendered":"<p>If you&#8217;d like to discuss working with us, find out more about the range of services we have to offer, or just want to have a chat, please get in touch.<\/p>","protected":false},"author":1,"featured_media":0,"parent":0,"menu_order":0,"comment_status":"closed","ping_status":"closed","template":"","meta":{"footnotes":""},"class_list":["post-81284","page","type-page","status-publish","hentry"],"yoast_head":"<!-- This site is optimized with the Yoast SEO plugin v27.0 - https:\/\/yoast.com\/product\/yoast-seo-wordpress\/ -->\n<title>Nichs Andrea \u2013 Maty\u00f3 h\u00edmz\u00e9s \u00e9s etikus divat<\/title>\n<meta name=\"description\" content=\"Nichs Andrea a maty\u00f3 h\u00edmz\u00e9s \u00e9s h\u00edmzett ruh\u00e1k \u00e9rt\u00e9k\u00e9t kommunik\u00e1lja. Egyedi h\u00edmzett p\u00f3l\u00f3k \u00e9s magyar h\u00edmzett ruha a Matyodesign k\u00f6z\u00f6ss\u00e9g\u00e9b\u0151l.\" \/>\n<meta name=\"robots\" content=\"index, follow, max-snippet:-1, max-image-preview:large, max-video-preview:-1\" \/>\n<link rel=\"canonical\" href=\"https:\/\/matyodesign.hu\/en\/nichs_andrea\/\" \/>\n<meta property=\"og:locale\" content=\"en_GB\" \/>\n<meta property=\"og:type\" content=\"article\" \/>\n<meta property=\"og:title\" content=\"Nichs Andrea \u2013 Maty\u00f3 h\u00edmz\u00e9s \u00e9s etikus divat\" \/>\n<meta property=\"og:description\" content=\"Nichs Andrea a maty\u00f3 h\u00edmz\u00e9s \u00e9s h\u00edmzett ruh\u00e1k \u00e9rt\u00e9k\u00e9t kommunik\u00e1lja. Egyedi h\u00edmzett p\u00f3l\u00f3k \u00e9s magyar h\u00edmzett ruha a Matyodesign k\u00f6z\u00f6ss\u00e9g\u00e9b\u0151l.\" \/>\n<meta property=\"og:url\" content=\"https:\/\/matyodesign.hu\/en\/nichs_andrea\/\" \/>\n<meta property=\"og:site_name\" content=\"matyodesign\" \/>\n<meta property=\"article:modified_time\" content=\"2025-04-11T09:40:21+00:00\" \/>\n<meta name=\"twitter:card\" content=\"summary_large_image\" \/>\n<meta name=\"twitter:label1\" content=\"Estimated reading time\" \/>\n\t<meta name=\"twitter:data1\" content=\"2 minutes\" \/>\n<script type=\"application\/ld+json\" class=\"yoast-schema-graph\">{\"@context\":\"https:\/\/schema.org\",\"@graph\":[{\"@type\":\"WebPage\",\"@id\":\"https:\/\/matyodesign.hu\/nichs_andrea\/\",\"url\":\"https:\/\/matyodesign.hu\/nichs_andrea\/\",\"name\":\"Nichs Andrea \u2013 Maty\u00f3 h\u00edmz\u00e9s \u00e9s etikus divat\",\"isPartOf\":{\"@id\":\"https:\/\/matyodesign.hu\/#website\"},\"datePublished\":\"2019-10-20T07:35:00+00:00\",\"dateModified\":\"2025-04-11T09:40:21+00:00\",\"description\":\"Nichs Andrea a maty\u00f3 h\u00edmz\u00e9s \u00e9s h\u00edmzett ruh\u00e1k \u00e9rt\u00e9k\u00e9t kommunik\u00e1lja. Egyedi h\u00edmzett p\u00f3l\u00f3k \u00e9s magyar h\u00edmzett ruha a Matyodesign k\u00f6z\u00f6ss\u00e9g\u00e9b\u0151l.\",\"breadcrumb\":{\"@id\":\"https:\/\/matyodesign.hu\/nichs_andrea\/#breadcrumb\"},\"inLanguage\":\"en-GB\",\"potentialAction\":[{\"@type\":\"ReadAction\",\"target\":[\"https:\/\/matyodesign.hu\/nichs_andrea\/\"]}]},{\"@type\":\"BreadcrumbList\",\"@id\":\"https:\/\/matyodesign.hu\/nichs_andrea\/#breadcrumb\",\"itemListElement\":[{\"@type\":\"ListItem\",\"position\":1,\"name\":\"Kezd\u0151lap\",\"item\":\"https:\/\/matyodesign.hu\/\"},{\"@type\":\"ListItem\",\"position\":2,\"name\":\"Nichs Andrea\"}]},{\"@type\":\"WebSite\",\"@id\":\"https:\/\/matyodesign.hu\/#website\",\"url\":\"https:\/\/matyodesign.hu\/\",\"name\":\"matyodesign\",\"description\":\"K\u00e9zzel. Szeretettel. Neked.\",\"potentialAction\":[{\"@type\":\"SearchAction\",\"target\":{\"@type\":\"EntryPoint\",\"urlTemplate\":\"https:\/\/matyodesign.hu\/?s={search_term_string}\"},\"query-input\":{\"@type\":\"PropertyValueSpecification\",\"valueRequired\":true,\"valueName\":\"search_term_string\"}}],\"inLanguage\":\"en-GB\"}]}<\/script>\n<!-- \/ Yoast SEO plugin. -->","yoast_head_json":{"title":"Nichs Andrea \u2013 Maty\u00f3 h\u00edmz\u00e9s \u00e9s etikus divat","description":"Nichs Andrea a maty\u00f3 h\u00edmz\u00e9s \u00e9s h\u00edmzett ruh\u00e1k \u00e9rt\u00e9k\u00e9t kommunik\u00e1lja. Egyedi h\u00edmzett p\u00f3l\u00f3k \u00e9s magyar h\u00edmzett ruha a Matyodesign k\u00f6z\u00f6ss\u00e9g\u00e9b\u0151l.","robots":{"index":"index","follow":"follow","max-snippet":"max-snippet:-1","max-image-preview":"max-image-preview:large","max-video-preview":"max-video-preview:-1"},"canonical":"https:\/\/matyodesign.hu\/en\/nichs_andrea\/","og_locale":"en_GB","og_type":"article","og_title":"Nichs Andrea \u2013 Maty\u00f3 h\u00edmz\u00e9s \u00e9s etikus divat","og_description":"Nichs Andrea a maty\u00f3 h\u00edmz\u00e9s \u00e9s h\u00edmzett ruh\u00e1k \u00e9rt\u00e9k\u00e9t kommunik\u00e1lja. Egyedi h\u00edmzett p\u00f3l\u00f3k \u00e9s magyar h\u00edmzett ruha a Matyodesign k\u00f6z\u00f6ss\u00e9g\u00e9b\u0151l.","og_url":"https:\/\/matyodesign.hu\/en\/nichs_andrea\/","og_site_name":"matyodesign","article_modified_time":"2025-04-11T09:40:21+00:00","twitter_card":"summary_large_image","twitter_misc":{"Estimated reading time":"2 minutes"},"schema":{"@context":"https:\/\/schema.org","@graph":[{"@type":"WebPage","@id":"https:\/\/matyodesign.hu\/nichs_andrea\/","url":"https:\/\/matyodesign.hu\/nichs_andrea\/","name":"Nichs Andrea \u2013 Maty\u00f3 h\u00edmz\u00e9s \u00e9s etikus divat","isPartOf":{"@id":"https:\/\/matyodesign.hu\/#website"},"datePublished":"2019-10-20T07:35:00+00:00","dateModified":"2025-04-11T09:40:21+00:00","description":"Nichs Andrea a maty\u00f3 h\u00edmz\u00e9s \u00e9s h\u00edmzett ruh\u00e1k \u00e9rt\u00e9k\u00e9t kommunik\u00e1lja. Egyedi h\u00edmzett p\u00f3l\u00f3k \u00e9s magyar h\u00edmzett ruha a Matyodesign k\u00f6z\u00f6ss\u00e9g\u00e9b\u0151l.","breadcrumb":{"@id":"https:\/\/matyodesign.hu\/nichs_andrea\/#breadcrumb"},"inLanguage":"en-GB","potentialAction":[{"@type":"ReadAction","target":["https:\/\/matyodesign.hu\/nichs_andrea\/"]}]},{"@type":"BreadcrumbList","@id":"https:\/\/matyodesign.hu\/nichs_andrea\/#breadcrumb","itemListElement":[{"@type":"ListItem","position":1,"name":"Kezd\u0151lap","item":"https:\/\/matyodesign.hu\/"},{"@type":"ListItem","position":2,"name":"Nichs Andrea"}]},{"@type":"WebSite","@id":"https:\/\/matyodesign.hu\/#website","url":"https:\/\/matyodesign.hu\/","name":"matyodesign","description":"K\u00e9zzel. Szeretettel. Neked.","potentialAction":[{"@type":"SearchAction","target":{"@type":"EntryPoint","urlTemplate":"https:\/\/matyodesign.hu\/?s={search_term_string}"},"query-input":{"@type":"PropertyValueSpecification","valueRequired":true,"valueName":"search_term_string"}}],"inLanguage":"en-GB"}]}},"_links":{"self":[{"href":"https:\/\/matyodesign.hu\/en\/wp-json\/wp\/v2\/pages\/81284","targetHints":{"allow":["GET"]}}],"collection":[{"href":"https:\/\/matyodesign.hu\/en\/wp-json\/wp\/v2\/pages"}],"about":[{"href":"https:\/\/matyodesign.hu\/en\/wp-json\/wp\/v2\/types\/page"}],"author":[{"embeddable":true,"href":"https:\/\/matyodesign.hu\/en\/wp-json\/wp\/v2\/users\/1"}],"replies":[{"embeddable":true,"href":"https:\/\/matyodesign.hu\/en\/wp-json\/wp\/v2\/comments?post=81284"}],"version-history":[{"count":1,"href":"https:\/\/matyodesign.hu\/en\/wp-json\/wp\/v2\/pages\/81284\/revisions"}],"predecessor-version":[{"id":99885,"href":"https:\/\/matyodesign.hu\/en\/wp-json\/wp\/v2\/pages\/81284\/revisions\/99885"}],"wp:attachment":[{"href":"https:\/\/matyodesign.hu\/en\/wp-json\/wp\/v2\/media?parent=81284"}],"curies":[{"name":"wp","href":"https:\/\/api.w.org\/{rel}","templated":true}]}}