{"id":81506,"date":"2019-11-07T14:01:05","date_gmt":"2019-11-07T14:01:05","guid":{"rendered":"https:\/\/matyodesign.hu\/?page_id=81506"},"modified":"2025-05-02T14:45:12","modified_gmt":"2025-05-02T12:45:12","slug":"payment-info","status":"publish","type":"page","link":"https:\/\/matyodesign.hu\/en\/payment-information\/","title":{"rendered":"Fizet\u00e9si inform\u00e1ci\u00f3k"},"content":{"rendered":"<p>[fizetesi_oldal]<\/p>","protected":false},"excerpt":{"rendered":"<p>[fizetesi_oldal]<\/p>","protected":false},"author":1,"featured_media":0,"parent":0,"menu_order":0,"comment_status":"closed","ping_status":"closed","template":"","meta":{"footnotes":""},"class_list":["post-81506","page","type-page","status-publish","hentry"],"yoast_head":"<!-- This site is optimized with the Yoast SEO plugin v27.0 - https:\/\/yoast.com\/product\/yoast-seo-wordpress\/ -->\n<title>Fizet\u00e9si inform\u00e1ci\u00f3k \u2013 Matyodesign<\/title>\n<meta name=\"description\" content=\"Fedezd fel a Matyodesign fizet\u00e9si lehet\u0151s\u00e9geit. Biztons\u00e1gos online v\u00e1s\u00e1rl\u00e1s, k\u00e9nyelmes fizet\u00e9si m\u00f3dok, hogy k\u00f6nnyed\u00e9n hozz\u00e1juthass a h\u00edmzett term\u00e9kekhez.\" \/>\n<meta name=\"robots\" content=\"index, follow, max-snippet:-1, max-image-preview:large, max-video-preview:-1\" \/>\n<link rel=\"canonical\" href=\"https:\/\/matyodesign.hu\/en\/payment-information\/\" \/>\n<meta property=\"og:locale\" content=\"en_GB\" \/>\n<meta property=\"og:type\" content=\"article\" \/>\n<meta property=\"og:title\" content=\"Fizet\u00e9si inform\u00e1ci\u00f3k \u2013 Matyodesign\" \/>\n<meta property=\"og:description\" content=\"Fedezd fel a Matyodesign fizet\u00e9si lehet\u0151s\u00e9geit. Biztons\u00e1gos online v\u00e1s\u00e1rl\u00e1s, k\u00e9nyelmes fizet\u00e9si m\u00f3dok, hogy k\u00f6nnyed\u00e9n hozz\u00e1juthass a h\u00edmzett term\u00e9kekhez.\" \/>\n<meta property=\"og:url\" content=\"https:\/\/matyodesign.hu\/en\/payment-information\/\" \/>\n<meta property=\"og:site_name\" content=\"matyodesign\" \/>\n<meta property=\"article:modified_time\" content=\"2025-05-02T12:45:12+00:00\" \/>\n<meta name=\"twitter:card\" content=\"summary_large_image\" \/>\n<meta name=\"twitter:label1\" content=\"Estimated reading time\" \/>\n\t<meta name=\"twitter:data1\" content=\"1 minute\" \/>\n<script type=\"application\/ld+json\" class=\"yoast-schema-graph\">{\"@context\":\"https:\/\/schema.org\",\"@graph\":[{\"@type\":\"WebPage\",\"@id\":\"https:\/\/matyodesign.hu\/payment-info\/\",\"url\":\"https:\/\/matyodesign.hu\/payment-info\/\",\"name\":\"Fizet\u00e9si inform\u00e1ci\u00f3k \u2013 Matyodesign\",\"isPartOf\":{\"@id\":\"https:\/\/matyodesign.hu\/#website\"},\"datePublished\":\"2019-11-07T14:01:05+00:00\",\"dateModified\":\"2025-05-02T12:45:12+00:00\",\"description\":\"Fedezd fel a Matyodesign fizet\u00e9si lehet\u0151s\u00e9geit. Biztons\u00e1gos online v\u00e1s\u00e1rl\u00e1s, k\u00e9nyelmes fizet\u00e9si m\u00f3dok, hogy k\u00f6nnyed\u00e9n hozz\u00e1juthass a h\u00edmzett term\u00e9kekhez.\",\"breadcrumb\":{\"@id\":\"https:\/\/matyodesign.hu\/payment-info\/#breadcrumb\"},\"inLanguage\":\"en-GB\",\"potentialAction\":[{\"@type\":\"ReadAction\",\"target\":[\"https:\/\/matyodesign.hu\/payment-info\/\"]}]},{\"@type\":\"BreadcrumbList\",\"@id\":\"https:\/\/matyodesign.hu\/payment-info\/#breadcrumb\",\"itemListElement\":[{\"@type\":\"ListItem\",\"position\":1,\"name\":\"Kezd\u0151lap\",\"item\":\"https:\/\/matyodesign.hu\/\"},{\"@type\":\"ListItem\",\"position\":2,\"name\":\"Fizet\u00e9si inform\u00e1ci\u00f3k\"}]},{\"@type\":\"WebSite\",\"@id\":\"https:\/\/matyodesign.hu\/#website\",\"url\":\"https:\/\/matyodesign.hu\/\",\"name\":\"matyodesign\",\"description\":\"K\u00e9zzel. Szeretettel. Neked.\",\"potentialAction\":[{\"@type\":\"SearchAction\",\"target\":{\"@type\":\"EntryPoint\",\"urlTemplate\":\"https:\/\/matyodesign.hu\/?s={search_term_string}\"},\"query-input\":{\"@type\":\"PropertyValueSpecification\",\"valueRequired\":true,\"valueName\":\"search_term_string\"}}],\"inLanguage\":\"en-GB\"}]}<\/script>\n<!-- \/ Yoast SEO plugin. -->","yoast_head_json":{"title":"Fizet\u00e9si inform\u00e1ci\u00f3k \u2013 Matyodesign","description":"Fedezd fel a Matyodesign fizet\u00e9si lehet\u0151s\u00e9geit. Biztons\u00e1gos online v\u00e1s\u00e1rl\u00e1s, k\u00e9nyelmes fizet\u00e9si m\u00f3dok, hogy k\u00f6nnyed\u00e9n hozz\u00e1juthass a h\u00edmzett term\u00e9kekhez.","robots":{"index":"index","follow":"follow","max-snippet":"max-snippet:-1","max-image-preview":"max-image-preview:large","max-video-preview":"max-video-preview:-1"},"canonical":"https:\/\/matyodesign.hu\/en\/payment-information\/","og_locale":"en_GB","og_type":"article","og_title":"Fizet\u00e9si inform\u00e1ci\u00f3k \u2013 Matyodesign","og_description":"Fedezd fel a Matyodesign fizet\u00e9si lehet\u0151s\u00e9geit. Biztons\u00e1gos online v\u00e1s\u00e1rl\u00e1s, k\u00e9nyelmes fizet\u00e9si m\u00f3dok, hogy k\u00f6nnyed\u00e9n hozz\u00e1juthass a h\u00edmzett term\u00e9kekhez.","og_url":"https:\/\/matyodesign.hu\/en\/payment-information\/","og_site_name":"matyodesign","article_modified_time":"2025-05-02T12:45:12+00:00","twitter_card":"summary_large_image","twitter_misc":{"Estimated reading time":"1 minute"},"schema":{"@context":"https:\/\/schema.org","@graph":[{"@type":"WebPage","@id":"https:\/\/matyodesign.hu\/payment-info\/","url":"https:\/\/matyodesign.hu\/payment-info\/","name":"Fizet\u00e9si inform\u00e1ci\u00f3k \u2013 Matyodesign","isPartOf":{"@id":"https:\/\/matyodesign.hu\/#website"},"datePublished":"2019-11-07T14:01:05+00:00","dateModified":"2025-05-02T12:45:12+00:00","description":"Fedezd fel a Matyodesign fizet\u00e9si lehet\u0151s\u00e9geit. Biztons\u00e1gos online v\u00e1s\u00e1rl\u00e1s, k\u00e9nyelmes fizet\u00e9si m\u00f3dok, hogy k\u00f6nnyed\u00e9n hozz\u00e1juthass a h\u00edmzett term\u00e9kekhez.","breadcrumb":{"@id":"https:\/\/matyodesign.hu\/payment-info\/#breadcrumb"},"inLanguage":"en-GB","potentialAction":[{"@type":"ReadAction","target":["https:\/\/matyodesign.hu\/payment-info\/"]}]},{"@type":"BreadcrumbList","@id":"https:\/\/matyodesign.hu\/payment-info\/#breadcrumb","itemListElement":[{"@type":"ListItem","position":1,"name":"Kezd\u0151lap","item":"https:\/\/matyodesign.hu\/"},{"@type":"ListItem","position":2,"name":"Fizet\u00e9si inform\u00e1ci\u00f3k"}]},{"@type":"WebSite","@id":"https:\/\/matyodesign.hu\/#website","url":"https:\/\/matyodesign.hu\/","name":"matyodesign","description":"K\u00e9zzel. Szeretettel. Neked.","potentialAction":[{"@type":"SearchAction","target":{"@type":"EntryPoint","urlTemplate":"https:\/\/matyodesign.hu\/?s={search_term_string}"},"query-input":{"@type":"PropertyValueSpecification","valueRequired":true,"valueName":"search_term_string"}}],"inLanguage":"en-GB"}]}},"_links":{"self":[{"href":"https:\/\/matyodesign.hu\/en\/wp-json\/wp\/v2\/pages\/81506","targetHints":{"allow":["GET"]}}],"collection":[{"href":"https:\/\/matyodesign.hu\/en\/wp-json\/wp\/v2\/pages"}],"about":[{"href":"https:\/\/matyodesign.hu\/en\/wp-json\/wp\/v2\/types\/page"}],"author":[{"embeddable":true,"href":"https:\/\/matyodesign.hu\/en\/wp-json\/wp\/v2\/users\/1"}],"replies":[{"embeddable":true,"href":"https:\/\/matyodesign.hu\/en\/wp-json\/wp\/v2\/comments?post=81506"}],"version-history":[{"count":4,"href":"https:\/\/matyodesign.hu\/en\/wp-json\/wp\/v2\/pages\/81506\/revisions"}],"predecessor-version":[{"id":102828,"href":"https:\/\/matyodesign.hu\/en\/wp-json\/wp\/v2\/pages\/81506\/revisions\/102828"}],"wp:attachment":[{"href":"https:\/\/matyodesign.hu\/en\/wp-json\/wp\/v2\/media?parent=81506"}],"curies":[{"name":"wp","href":"https:\/\/api.w.org\/{rel}","templated":true}]}}