{"id":82078,"date":"2019-11-27T10:11:53","date_gmt":"2019-11-27T10:11:53","guid":{"rendered":"https:\/\/matyodesign.hu\/privacy-policy\/"},"modified":"2025-04-11T11:51:15","modified_gmt":"2025-04-11T09:51:15","slug":"privacy-policy-2","status":"publish","type":"page","link":"https:\/\/matyodesign.hu\/en\/privacy-policy-2\/","title":{"rendered":"Privacy Policy"},"content":{"rendered":"<section class=\"wpb-content-wrapper\"><div class=\"vc_row wpb_row vc_row-fluid\" ><div class=\"wpb_column vc_column_container vc_col-sm-12\"><div class=\"vc_column-inner\"><div class=\"wpb_wrapper\"><h2 style=\"text-align: left;font-family:Abril Fatface;font-weight:400;font-style:normal\" class=\"vc_custom_heading\" >This is custom heading element<\/h2><\/div><\/div><\/div><\/div><div class=\"vc_row wpb_row vc_row-fluid\" ><div class=\"wpb_column vc_column_container vc_col-sm-12\"><div class=\"vc_column-inner\"><div class=\"wpb_wrapper\">\n\t<div class=\"wpb_text_column wpb_content_element\" >\n\t\t<div class=\"wpb_wrapper\">\n\t\t\t<p class=\"p3\"><span class=\"s1\"><b>Note:\u00a0Please read our privacy policy considerately to understand the collection, usage, protection and management of your personal data.\u00a0<\/b><\/span><\/p>\n<p class=\"p5\"><span class=\"s1\">Personal data<\/span><\/p>\n<p class=\"p3\"><span class=\"s1\">This Privacy Policy is in compliance with the Regulation (EU) 2016\/679 of the European Parliament and of the Council on the protection of natural persons with regard to the processing of personal data and on the free movement of such data (GDPR), which has been adopted on 25 May 2018. Under the GDPR the \u201c<b>personal data<\/b>\u201d means any information relating to an identified or identifiable natural person (\u2018data subject\u2019).\u00a0<\/span><\/p>\n<p class=\"p6\"><span class=\"s1\">Types of personal data we collect\/process regarding customers visiting our website<\/span><\/p>\n<ul>\n<li class=\"li7\"><span class=\"s1\">name, e-mail address, mailing address, telephone number<\/span><\/li>\n<li class=\"li7\"><span class=\"s1\">payment information, order information<\/span><\/li>\n<li class=\"li3\"><span class=\"s1\">other information necessary to fulfil orders, customer requests<\/span><\/li>\n<\/ul>\n<p class=\"p6\"><span class=\"s1\">Legal ground for the use of customer\u2019s personal data (in line with the GDPR)<\/span><\/p>\n<ul>\n<li class=\"li7\"><span class=\"s1\">a contribution of the person concerned (voluntary, specific, unambiguous, information-based, data-management purpose), OR<\/span><\/li>\n<li class=\"li7\"><span class=\"s1\">legitimate interest of a data controller or third party (maintaining a customer relationship, debt management), OR<\/span><\/li>\n<li class=\"li7\"><span class=\"s1\">fulfilment of a contract, OR<\/span><\/li>\n<li class=\"li3\"><span class=\"s1\">compliance with legal obligations.<\/span><\/li>\n<\/ul>\n<p class=\"p6\"><span class=\"s1\">Customer rights regarding data collection\/data management (in line with the GDPR)<\/span><\/p>\n<ul>\n<li class=\"li7\"><span class=\"s1\"><b>Right to information<\/b>: what type of personal data we collect and manage\u00a0<\/span><\/li>\n<li class=\"li7\"><span class=\"s1\"><b>Right to access<\/b>: (i) whether your personal data is being processed (ii) if your personal data is being processed, you have the right to access to such personal data\u00a0<\/span><\/li>\n<li class=\"li7\"><span class=\"s1\"><b>Right to portability<\/b>: if we process your personal data, based on your consent or based on an agreement, you have the right to get a copy of your data transferred to you or to another party (this only includes the personal data you have submitted to us)<\/span><\/li>\n<li class=\"li7\"><span class=\"s1\"><b>Right to rectify<\/b>: you have the right to request the correction or addition of inaccurate or incomplete personal data<\/span><\/li>\n<li class=\"li7\"><span class=\"s1\"><b>Right to delete<\/b>: you have the right to request the deletion of your personal data if data are no longer necessary for the purposes they were collected for\u00a0<\/span><\/li>\n<li class=\"li7\"><span class=\"s1\"><b>Right to restrict data management:<\/b>\u00a0you are entitled to restrict the continued handling of your personal data, in this case, we will not treat your data except for storage<\/span><\/li>\n<li class=\"li7\"><span class=\"s1\"><b>Right to object to the processing of your personal data that is based on our legitimate interest<\/b>: we will not continue to process the personal data unless we can demonstrate legitimate grounds for the process which overrides your interest and rights or due to legal claims<\/span><\/li>\n<li class=\"li7\"><span class=\"s1\"><b>Right to protest<\/b>: you are entitled to object to certain data manipulations (e.g. direct marketing).<\/span><\/li>\n<li class=\"li7\"><span class=\"s1\"><b>Automated decision-making and profiling rights<\/b>: you are entitled to request that we do not have legal or other significant consequences for you to decide on your own decision-making based solely on automated processing (including profiling).<\/span><\/li>\n<li class=\"li3\"><span class=\"s1\"><b>Right to complain with a supervisory authority<\/b>: If you consider we process your personal data in an incorrect way you can contact us or submit your complain to Nemzeti Adatv\u00e9delmi \u00e9s Inform\u00e1ci\u00f3szabads\u00e1g Hat\u00f3s\u00e1g.<\/span><\/li>\n<\/ul>\n<p class=\"p3\"><span class=\"s1\"><b>Note:<\/b> you can change your personal data by e-mailing us to\u00a0<\/span><span class=\"s3\">info@matyodesign.hu<\/span><span class=\"s1\">\u00a0e-mail address.\u00a0<\/span><\/p>\n<p class=\"p5\"><span class=\"s1\">Collection and usage of customer\u2019s personal data<\/span><\/p>\n<p class=\"p6\"><span class=\"s1\">We collect personal data from you when you:<\/span><\/p>\n<ul>\n<li class=\"li7\"><span class=\"s1\">enter personal information on our website (e.g. creating an account)<\/span><\/li>\n<li class=\"li7\"><span class=\"s1\">subscribe to a newsletter<\/span><\/li>\n<li class=\"li3\"><span class=\"s1\">place an order<\/span><\/li>\n<\/ul>\n<p class=\"p6\"><span class=\"s1\">We will use your personal data to:<\/span><\/p>\n<ul>\n<li class=\"li7\"><span class=\"s1\">process your order<\/span><\/li>\n<li class=\"li7\"><span class=\"s1\">manage your purchase online\u00a0<\/span><\/li>\n<li class=\"li7\"><span class=\"s1\">manage returns\u00a0<\/span><\/li>\n<li class=\"li7\"><span class=\"s1\">send you notifications of delivery status\u00a0<\/span><\/li>\n<li class=\"li7\"><span class=\"s1\">manage your payments<\/span><\/li>\n<li class=\"li7\"><span class=\"s1\">handle your quires and complaints<\/span><\/li>\n<li class=\"li7\"><span class=\"s1\">identify you<\/span><\/li>\n<li class=\"li7\"><span class=\"s1\">create manage your personal account\u00a0<\/span><\/li>\n<li class=\"li3\"><span class=\"s1\">send you offers\/discounts, invitations, marketing materials.\u00a0<\/span><\/li>\n<\/ul>\n<p class=\"p5\"><span class=\"s1\">Protection of customer\u2019s personal data<\/span><\/p>\n<p class=\"p6\"><span class=\"s1\">We may use the personal data we collect from you when you register, make a purchase, sign up for our newsletter, respond to a survey or marketing communication, surf the website, or use certain other site features in the following ways:<\/span><\/p>\n<ul>\n<li class=\"li7\"><span class=\"s1\">To personalize your experience and to allow us to deliver the type of content and product offerings in which you are most interested.<\/span><\/li>\n<li class=\"li7\"><span class=\"s1\">To improve our website in order to better serve you.<\/span><\/li>\n<li class=\"li7\"><span class=\"s1\">To quickly process your transactions.<\/span><\/li>\n<li class=\"li7\"><span class=\"s1\">To send periodic emails regarding your order or other products and services.<\/span><\/li>\n<li class=\"li3\"><span class=\"s1\">To follow up with them after correspondence (live chat, email or phone inquiries)<\/span><\/li>\n<\/ul>\n<p class=\"p6\"><span class=\"s1\">Your personal data is contained behind secured networks and is only accessible by a limited number of persons who have special access rights to such systems, and are required to keep the personal data confidential. In addition, all sensitive\/credit information you supply is encrypted via Secure Socket Layer (SSL) technology.<\/span><\/p>\n<p class=\"p6\"><span class=\"s1\">All transactions are processed through a gateway provider and are not stored or processed on our servers.<\/span><\/p>\n<p class=\"p5\"><span class=\"s1\">The data controller<\/span><\/p>\n<p class=\"p6\"><span class=\"s1\">Matyodesign Nonprofit Kft. is the controller of the personal data you submit to us and responsible for your personal data under applicable data protection law.<\/span><\/p>\n<p class=\"p3\"><span class=\"s1\">Matyodesign Nonporfit Kft.\u00a0<\/span><\/p>\n<p class=\"p6\"><span class=\"s1\">Registration number: Cg.05-09-027462<\/span><\/p>\n<p class=\"p3\"><span class=\"s1\">Tax number: 25060623-2-05\u00a0<\/span><\/p>\n<p class=\"p3\"><span class=\"s1\">Seat: H-3416 Tard, R\u00e1k\u00f3czi \u00fat 30.<\/span><\/p>\n<p class=\"p6\"><span class=\"s1\">Managing Director: V\u00e1czi Rozi<\/span><\/p>\n<p class=\"p5\"><span class=\"s1\">Storage of customer\u2019s personal data<\/span><\/p>\n<p class=\"p6\"><span class=\"s1\">The data that we collect from you is stored within the European Economic Area (\u201cEEA\u201d) but may also be transferred to and processed in a country outside of the EEA. Any such transfer of your personal data will be carried out in compliance with applicable laws.<\/span><\/p>\n<p class=\"p6\"><span class=\"s1\">For transfers outside the EEA, we will use Standard Contractual Clauses and Shields as safeguards for countries without adequacy decisions from the European Commission.<\/span><\/p>\n<p class=\"p5\"><span class=\"s1\">Cookies<\/span><\/p>\n<p class=\"p6\"><span class=\"s1\">We use cookies. Cookies are small files that a site or its service provider transfers to your computer\u2019s hard drive through your Web browser (if you allow) that enables the site\u2019s or service provider\u2019s systems to recognize your browser and capture and remember certain information. We also use cookies to help us compile aggregate data about site traffic and site interaction so that we can offer better site experiences and tools in the future.<\/span><\/p>\n<p class=\"p3\"><span class=\"s1\"><i>Types of Cookies<\/i><\/span><\/p>\n<p class=\"p3\"><span class=\"s1\"><i>Permanent cookies<\/i>\u00a0remain in your computer even when you have closed your browser. They will stay on your computer or mobile phone for days, months, even years. Their role is to remember your permanent data, like login details and password so you don\u2019t have to type them in every time you use the site.<\/span><\/p>\n<p class=\"p3\"><span class=\"s1\"><i>Session cookies<\/i>\u00a0expire when the browser is closed. With their help, temporary data is stored, e.g. data you enter while online shopping.<\/span><\/p>\n<p class=\"p3\"><span class=\"s1\"><i>First party cookies<\/i>\u00a0can be permanent or temporary, and they install data you will use again, during your next visit to the website they have been installed from.<\/span><\/p>\n<p class=\"p3\"><span class=\"s1\"><i>Third-party cookies<\/i>\u00a0are installed on your computer if you use advertisement on the website you are visiting, and it redirects you to a third party. This type of cookies is used for tracking behaviour on the Internet for marketing.<\/span><\/p>\n<p class=\"p6\"><span class=\"s1\">This website is using cookies to improve user experience, to ensure safe functioning of the website and for the purpose of actions a visitor chooses individually (using the contact form or requesting services). Session cookies are erased when you close your browser. Their only role is to improve user experience during the visit to our website. Permanent cookies are unlimited and stay in your computer until you manually erase them. Collected data is used exclusively for statistical purposes an to Help remember and process the items in the shopping cart.<\/span><\/p>\n<p class=\"p6\"><span class=\"s1\">You can choose to have your computer warn you each time a cookie is being sent, or you can choose to turn off all cookies. You do this through your browser settings. Since the browser is a little different, look at your browser\u2019s Help Menu to learn the correct way to modify your cookies.<\/span><\/p>\n<p class=\"p6\"><span class=\"s1\">If you turn cookies off, some features will be disabled. It won\u2019t affect the user\u2019s experience that makes your site experience more efficient and may not function properly.<\/span><\/p>\n<p class=\"p6\"><span class=\"s1\">We, along with third-party vendors such as Google use first-party cookies (such as the Google Analytics cookies) and third-party cookies (such as the DoubleClick cookie) or other third-party identifiers together to compile data regarding user interactions with ad impressions and other ad service functions as they relate to our website.<\/span><\/p>\n<p class=\"p6\"><span class=\"s1\">Third-party disclosure<\/span><\/p>\n<p class=\"p6\"><span class=\"s1\">We do not sell, trade, or otherwise transfer to outside parties your personal data.<\/span><\/p>\n<p class=\"p6\"><span class=\"s1\">Third-party links<\/span><\/p>\n<p class=\"p6\"><span class=\"s1\">We do not include or offer third-party products or services on our website.<\/span><\/p>\n<p class=\"p5\"><span class=\"s1\">Audience Measurement<\/span><\/p>\n<p class=\"p6\"><span class=\"s1\">Our website uses services for audience measurement, Google Analytics. Data collected this way cannot identify the visitor of the website, and all the data is used exclusively for statistical purposes. If you want to prevent said services from installing cookies, you can do that on the following link:<\/span><\/p>\n<p class=\"p9\"><span class=\"s4\">Google Analytics \u2013\u00a0<a href=\"https:\/\/tools.google.com\/dlpage\/gaoptout\"><span class=\"s5\">https:\/\/tools.google.com\/dlpage\/gaoptout<\/span><\/a><\/span><\/p>\n<p class=\"p10\"><span class=\"s6\">Google Ads &#8211; <\/span><span class=\"s7\">\u00a0<a href=\"http:\/\/www.google.com\/privacy\/ads\/\"><span class=\"s8\">http:\/\/www.google.com\/privacy\/ads\/<\/span><\/a><\/span><\/p>\n<p class=\"p6\"><span class=\"s1\">To disable installing cookies for different services, you can visit the following links: <a href=\"http:\/\/www.allaboutcookies.org\/\"><span class=\"s10\">http:\/\/www.allaboutcookies.org\/<\/span><\/a><a href=\"http:\/\/www.youronlinechoices.eu\/\"><span class=\"s6\">http:\/\/www.youronlinechoices.eu\/<\/span><\/a><\/span><\/p>\n<p class=\"p3\"><span class=\"s1\">A detailed description of managing cookies for different browsers:\u00a0<\/span><\/p>\n<p class=\"p13\"><span class=\"s4\">Chrome:\u00a0<a href=\"https:\/\/support.google.com\/chrome\/answer\/95647?co=GENIE.Platform%252525253DDesktop&amp;hl=en\"><span class=\"s3\">https:\/\/support.google.com\/chrome\/answer\/95647? hl=en<\/span><\/a><\/span><\/p>\n<p class=\"p13\"><span class=\"s4\">Firefox:\u00a0<a href=\"https:\/\/support.mozilla.org\/en-US\/kb\/enable-and-disable-cookies-website-preferences\"><span class=\"s3\">https:\/\/support.mozilla.org\/en-US\/kb\/enable-and-disable-cookies-website-preferences<\/span><\/a><\/span><\/p>\n<p class=\"p13\"><span class=\"s4\">Internet Explorer:\u00a0<a href=\"http:\/\/windows.microsoft.com\/hr-HR\/internet-explorer\/delete-manage-cookies#ie=ie-11\"><span class=\"s3\">http:\/\/windows.microsoft.com\/hr-HR\/internet-explorer\/delete-manage-cookies#ie=ie-11<\/span><\/a><\/span><\/p>\n<p class=\"p13\"><span class=\"s4\">Opera:\u00a0<a href=\"http:\/\/help.opera.com\/Windows\/10.00\/en\/cookies.html\"><span class=\"s3\">http:\/\/help.opera.com\/Windows\/10.00\/en\/cookies.html<\/span><\/a><\/span><\/p>\n<p class=\"p13\"><span class=\"s4\">Safari:\u00a0<a href=\"https:\/\/support.apple.com\/guide\/safari\/manage-cookies-and-website-data-sfri11471\/mac\"><span class=\"s3\">https:\/\/support.apple.com\/guide\/safari\/manage-cookies-and-website-data-sfri11471\/mac<\/span><\/a><\/span><\/p>\n<p class=\"p6\"><span class=\"s1\">Opting out<\/span><\/p>\n<p class=\"p6\"><span class=\"s1\">Users can set preferences for how Google advertises to you using the Google Ad Settings page. Alternatively, you can opt out by visiting the Network Advertising Initiative Opt Out page or by using the Google Analytics Opt Out Browser add on.<\/span><\/p>\n<p class=\"p5\"><span class=\"s1\">How does our site handle Do Not Track signals?<\/span><\/p>\n<p class=\"p6\"><span class=\"s1\">We honor Do Not Track signals and Do Not Track, plant cookies, or use advertising when a Do Not Track (DNT) browser mechanism is in place.<\/span><\/p>\n<p class=\"p3\"><span class=\"s1\">You can unsubscribe from any e-mails via\u00a0<a href=\"mailto:info@matyodesign.hu\"><span class=\"s10\">info@matyodesign.hu<\/span><\/a> <\/span><\/p>\n<p class=\"p5\"><span class=\"s1\">Contact Us<\/span><\/p>\n<p class=\"p3\"><span class=\"s1\">If there are any questions regarding this privacy policy, you may contact us:\u00a0<a href=\"mailto:info@matyodesign.hu\"><span class=\"s10\">info@matyodesign.hu<\/span><\/a> <\/span><\/p>\n<p class=\"p6\"><span class=\"s1\">Matyodesign Nonprofit Kft.<\/span><\/p>\n<p class=\"p6\"><span class=\"s1\">3416 Tard, R\u00e1k\u00f3czi \u00fat 30.<\/span><\/p>\n<p class=\"p6\"><span class=\"s1\">+36 20\u00a0982 2830<\/span><\/p>\n<p class=\"p6\"><span class=\"s1\">You may request information, data correction, deletion, blocking, refusal of data protection, refusal of data protection, refusal of access to personal data, violation of your rights, claim for damages and damages or complain to the data protection authority at:<\/span><\/p>\n<p class=\"p3\"><span class=\"s1\"><b>Hungarian National Privacy Authority<\/b><\/span><\/p>\n<p class=\"p3\"><span class=\"s1\"><b>22\/c Szil\u00e1gyi Erzs\u00e9bet fasor\u00a0<\/b><\/span><\/p>\n<p class=\"p3\"><span class=\"s1\"><b>Budapest 1122, Hungary<\/b><\/span><\/p>\n<p class=\"p3\"><span class=\"s1\"><b>+36 1 391 1400<\/b><\/span><\/p>\n<p class=\"p3\"><span class=\"s1\"><b>www.naih.hu<\/b><\/span><\/p>\n\n\t\t<\/div>\n\t<\/div>\n<\/div><\/div><\/div><\/div>\n<\/section>","protected":false},"excerpt":{"rendered":"This is custom heading element Note:\u00a0Please read our privacy policy considerately to understand the collection, usage, protection and management of your personal data.\u00a0 Personal data This Privacy Policy is in compliance with the Regulation (EU) 2016\/679 of the European Parliament [...]","protected":false},"author":1,"featured_media":0,"parent":0,"menu_order":0,"comment_status":"closed","ping_status":"closed","template":"","meta":{"footnotes":""},"class_list":["post-82078","page","type-page","status-publish","hentry"],"yoast_head":"<!-- This site is optimized with the Yoast SEO plugin v27.5 - https:\/\/yoast.com\/product\/yoast-seo-wordpress\/ -->\n<title>Adatv\u00e9delmi T\u00e1j\u00e9koztat\u00f3 \u2013 Matyodesign<\/title>\n<meta name=\"description\" content=\"Ismerd meg a Matyodesign adatv\u00e9delmi ir\u00e1nyelveit, \u00e9s tudd meg, hogyan v\u00e9dj\u00fck meg szem\u00e9lyes adataidat a v\u00e1s\u00e1rl\u00e1s \u00e9s a h\u00edmzett term\u00e9kek eset\u00e9n.\" \/>\n<meta name=\"robots\" content=\"index, follow, max-snippet:-1, max-image-preview:large, max-video-preview:-1\" \/>\n<link rel=\"canonical\" href=\"https:\/\/matyodesign.hu\/en\/privacy-policy-2\/\" \/>\n<meta property=\"og:locale\" content=\"en_GB\" \/>\n<meta property=\"og:type\" content=\"article\" \/>\n<meta property=\"og:title\" content=\"Adatv\u00e9delmi T\u00e1j\u00e9koztat\u00f3 \u2013 Matyodesign\" \/>\n<meta property=\"og:description\" content=\"Ismerd meg a Matyodesign adatv\u00e9delmi ir\u00e1nyelveit, \u00e9s tudd meg, hogyan v\u00e9dj\u00fck meg szem\u00e9lyes adataidat a v\u00e1s\u00e1rl\u00e1s \u00e9s a h\u00edmzett term\u00e9kek eset\u00e9n.\" \/>\n<meta property=\"og:url\" content=\"https:\/\/matyodesign.hu\/en\/privacy-policy-2\/\" \/>\n<meta property=\"og:site_name\" content=\"matyodesign\" \/>\n<meta property=\"article:modified_time\" content=\"2025-04-11T09:51:15+00:00\" \/>\n<meta name=\"twitter:card\" content=\"summary_large_image\" \/>\n<meta name=\"twitter:label1\" content=\"Estimated reading time\" \/>\n\t<meta name=\"twitter:data1\" content=\"9 minutes\" \/>\n<script type=\"application\/ld+json\" class=\"yoast-schema-graph\">{\"@context\":\"https:\\\/\\\/schema.org\",\"@graph\":[{\"@type\":\"WebPage\",\"@id\":\"https:\\\/\\\/matyodesign.hu\\\/privacy-policy-2\\\/\",\"url\":\"https:\\\/\\\/matyodesign.hu\\\/privacy-policy-2\\\/\",\"name\":\"Adatv\u00e9delmi T\u00e1j\u00e9koztat\u00f3 \u2013 Matyodesign\",\"isPartOf\":{\"@id\":\"https:\\\/\\\/matyodesign.hu\\\/#website\"},\"datePublished\":\"2019-11-27T10:11:53+00:00\",\"dateModified\":\"2025-04-11T09:51:15+00:00\",\"description\":\"Ismerd meg a Matyodesign adatv\u00e9delmi ir\u00e1nyelveit, \u00e9s tudd meg, hogyan v\u00e9dj\u00fck meg szem\u00e9lyes adataidat a v\u00e1s\u00e1rl\u00e1s \u00e9s a h\u00edmzett term\u00e9kek eset\u00e9n.\",\"breadcrumb\":{\"@id\":\"https:\\\/\\\/matyodesign.hu\\\/privacy-policy-2\\\/#breadcrumb\"},\"inLanguage\":\"en-GB\",\"potentialAction\":[{\"@type\":\"ReadAction\",\"target\":[\"https:\\\/\\\/matyodesign.hu\\\/privacy-policy-2\\\/\"]}]},{\"@type\":\"BreadcrumbList\",\"@id\":\"https:\\\/\\\/matyodesign.hu\\\/privacy-policy-2\\\/#breadcrumb\",\"itemListElement\":[{\"@type\":\"ListItem\",\"position\":1,\"name\":\"Kezd\u0151lap\",\"item\":\"https:\\\/\\\/matyodesign.hu\\\/\"},{\"@type\":\"ListItem\",\"position\":2,\"name\":\"Privacy Policy\"}]},{\"@type\":\"WebSite\",\"@id\":\"https:\\\/\\\/matyodesign.hu\\\/#website\",\"url\":\"https:\\\/\\\/matyodesign.hu\\\/\",\"name\":\"matyodesign\",\"description\":\"K\u00e9zzel. Szeretettel. Neked.\",\"potentialAction\":[{\"@type\":\"SearchAction\",\"target\":{\"@type\":\"EntryPoint\",\"urlTemplate\":\"https:\\\/\\\/matyodesign.hu\\\/?s={search_term_string}\"},\"query-input\":{\"@type\":\"PropertyValueSpecification\",\"valueRequired\":true,\"valueName\":\"search_term_string\"}}],\"inLanguage\":\"en-GB\"}]}<\/script>\n<!-- \/ Yoast SEO plugin. -->","yoast_head_json":{"title":"Adatv\u00e9delmi T\u00e1j\u00e9koztat\u00f3 \u2013 Matyodesign","description":"Ismerd meg a Matyodesign adatv\u00e9delmi ir\u00e1nyelveit, \u00e9s tudd meg, hogyan v\u00e9dj\u00fck meg szem\u00e9lyes adataidat a v\u00e1s\u00e1rl\u00e1s \u00e9s a h\u00edmzett term\u00e9kek eset\u00e9n.","robots":{"index":"index","follow":"follow","max-snippet":"max-snippet:-1","max-image-preview":"max-image-preview:large","max-video-preview":"max-video-preview:-1"},"canonical":"https:\/\/matyodesign.hu\/en\/privacy-policy-2\/","og_locale":"en_GB","og_type":"article","og_title":"Adatv\u00e9delmi T\u00e1j\u00e9koztat\u00f3 \u2013 Matyodesign","og_description":"Ismerd meg a Matyodesign adatv\u00e9delmi ir\u00e1nyelveit, \u00e9s tudd meg, hogyan v\u00e9dj\u00fck meg szem\u00e9lyes adataidat a v\u00e1s\u00e1rl\u00e1s \u00e9s a h\u00edmzett term\u00e9kek eset\u00e9n.","og_url":"https:\/\/matyodesign.hu\/en\/privacy-policy-2\/","og_site_name":"matyodesign","article_modified_time":"2025-04-11T09:51:15+00:00","twitter_card":"summary_large_image","twitter_misc":{"Estimated reading time":"9 minutes"},"schema":{"@context":"https:\/\/schema.org","@graph":[{"@type":"WebPage","@id":"https:\/\/matyodesign.hu\/privacy-policy-2\/","url":"https:\/\/matyodesign.hu\/privacy-policy-2\/","name":"Adatv\u00e9delmi T\u00e1j\u00e9koztat\u00f3 \u2013 Matyodesign","isPartOf":{"@id":"https:\/\/matyodesign.hu\/#website"},"datePublished":"2019-11-27T10:11:53+00:00","dateModified":"2025-04-11T09:51:15+00:00","description":"Ismerd meg a Matyodesign adatv\u00e9delmi ir\u00e1nyelveit, \u00e9s tudd meg, hogyan v\u00e9dj\u00fck meg szem\u00e9lyes adataidat a v\u00e1s\u00e1rl\u00e1s \u00e9s a h\u00edmzett term\u00e9kek eset\u00e9n.","breadcrumb":{"@id":"https:\/\/matyodesign.hu\/privacy-policy-2\/#breadcrumb"},"inLanguage":"en-GB","potentialAction":[{"@type":"ReadAction","target":["https:\/\/matyodesign.hu\/privacy-policy-2\/"]}]},{"@type":"BreadcrumbList","@id":"https:\/\/matyodesign.hu\/privacy-policy-2\/#breadcrumb","itemListElement":[{"@type":"ListItem","position":1,"name":"Kezd\u0151lap","item":"https:\/\/matyodesign.hu\/"},{"@type":"ListItem","position":2,"name":"Privacy Policy"}]},{"@type":"WebSite","@id":"https:\/\/matyodesign.hu\/#website","url":"https:\/\/matyodesign.hu\/","name":"matyodesign","description":"K\u00e9zzel. Szeretettel. Neked.","potentialAction":[{"@type":"SearchAction","target":{"@type":"EntryPoint","urlTemplate":"https:\/\/matyodesign.hu\/?s={search_term_string}"},"query-input":{"@type":"PropertyValueSpecification","valueRequired":true,"valueName":"search_term_string"}}],"inLanguage":"en-GB"}]}},"_links":{"self":[{"href":"https:\/\/matyodesign.hu\/en\/wp-json\/wp\/v2\/pages\/82078","targetHints":{"allow":["GET"]}}],"collection":[{"href":"https:\/\/matyodesign.hu\/en\/wp-json\/wp\/v2\/pages"}],"about":[{"href":"https:\/\/matyodesign.hu\/en\/wp-json\/wp\/v2\/types\/page"}],"author":[{"embeddable":true,"href":"https:\/\/matyodesign.hu\/en\/wp-json\/wp\/v2\/users\/1"}],"replies":[{"embeddable":true,"href":"https:\/\/matyodesign.hu\/en\/wp-json\/wp\/v2\/comments?post=82078"}],"version-history":[{"count":2,"href":"https:\/\/matyodesign.hu\/en\/wp-json\/wp\/v2\/pages\/82078\/revisions"}],"predecessor-version":[{"id":102572,"href":"https:\/\/matyodesign.hu\/en\/wp-json\/wp\/v2\/pages\/82078\/revisions\/102572"}],"wp:attachment":[{"href":"https:\/\/matyodesign.hu\/en\/wp-json\/wp\/v2\/media?parent=82078"}],"curies":[{"name":"wp","href":"https:\/\/api.w.org\/{rel}","templated":true}]}}