{"id":100078,"date":"2024-05-29T11:11:40","date_gmt":"2024-05-29T09:11:40","guid":{"rendered":"https:\/\/2024.matyodesign.hu\/?post_type=product&#038;p=100078"},"modified":"2026-05-08T10:59:40","modified_gmt":"2026-05-08T08:59:40","slug":"exkluziv_ruha-old-one","status":"publish","type":"product","link":"https:\/\/matyodesign.hu\/en\/termek\/exkluziv_ruha-old-one\/","title":{"rendered":"EXCLUSIVE DRESSES"},"content":{"rendered":"<p class=\"p1\"><strong><span class=\"s1\">EXKLUZ\u00cdV RUHA<\/span><\/strong><\/p>\n<p data-start=\"0\" data-end=\"344\">A matyodesign egyik legk\u00fcl\u00f6nlegesebb darabja, amelyben a tradicion\u00e1lis maty\u00f3 h\u00edmz\u00e9s modern eleganci\u00e1val tal\u00e1lkozik. Egy igaz\u00e1n exkluz\u00edv ruha azoknak, akik szeretik az egyedi, k\u00e9zzel k\u00e9sz\u00edtett magyar designer darabokat, \u00e9s nem f\u00e9lnek kit\u0171nni a t\u00f6megb\u0151l.<\/p>\n<p data-start=\"346\" data-end=\"570\">A ruh\u00e1t egy tardi h\u00edmz\u0151n\u0151 k\u00e9sz\u00edti nagy odafigyel\u00e9ssel \u00e9s szeretettel, a r\u00e9szletgazdag h\u00edmz\u00e9sen k\u00f6zel h\u00e1rom h\u00e9ten kereszt\u00fcl dolgozva. Minden egyes darab k\u00fcl\u00f6nleges \u00e9s megism\u00e9telhetetlen, hiszen val\u00f3di k\u00e9zimunka \u00e1ll m\u00f6g\u00f6tte.<\/p>\n<p data-start=\"572\" data-end=\"774\">Eleg\u00e1ns esem\u00e9nyekre, k\u00fcl\u00f6nleges alkalmakra vagy ak\u00e1r egy eml\u00e9kezetes megjelen\u00e9shez is t\u00f6k\u00e9letes v\u00e1laszt\u00e1s. Ez a ruha nem csup\u00e1n egy viselet, hanem a magyar n\u00e9pm\u0171v\u00e9szet \u00e9s a kort\u00e1rs design tal\u00e1lkoz\u00e1sa.<\/p>\n<p data-start=\"776\" data-end=\"800\" data-is-last-node=\"\" data-is-only-node=\"\"><strong>Megrendel\u00e9sre k\u00e9sz\u00edtj\u00fck.<\/strong><\/p>\n<p data-start=\"1590\" data-end=\"1619\"><strong data-start=\"1593\" data-end=\"1617\">Related products:<\/strong><\/p>\n<ul data-start=\"1620\" data-end=\"1686\">\n<li data-start=\"1620\" data-end=\"1654\"><a href=\"https:\/\/matyodesign.hu\/en\/termek\/exkluziv-kabat\/\">matyodesign exkluz\u00edv kab\u00e1t<\/a><\/li>\n<li data-start=\"1620\" data-end=\"1654\"><a href=\"https:\/\/matyodesign.hu\/en\/termek\/exclusive-peacock-feather-coat\/\">matyodesign exkluz\u00edv p\u00e1vatoll kab\u00e1t<\/a><\/li>\n<\/ul>\n<p><strong>Did you know?<\/strong><\/p>\n<p>Our handmade products are providing work to women in Tard, a small northeast Hungarian village and Unesco World Heritage Site. We create products that are majestic in design, have a high standard of quality and celebrate the invidualality of the Matyodesign culture. It is our mission to keep the Matyo culture alive with ethical business practices and by creating sustainable income opportunities for the Matyodesign artisans.<br \/>\nWe have created the matyodesign community, keeping in mind the values that resonate with the challenges of today\u2019s world: we operate under an ethical business model, focusing on timeless value creation rather than disposable products. Responsible purchasing and sustainability are key aspects of our philosophy, alongside preserving the values of the past. The Maty\u00f3 embroidery has also been included in the UNESCO list of intangible cultural heritage.<\/p>\n<p>Follow us on our Facebook page as well: <a href=\"https:\/\/www.facebook.com\/matyodesign\">https:\/\/www.facebook.com\/matyodesign<\/a><\/p>\n<p>You can also find us on Instagram: <a href=\"https:\/\/www.instagram.com\/matyodesign\/\">https:\/\/www.instagram.com\/matyodesign\/<\/a><\/p>","protected":false},"excerpt":{"rendered":"<p class=\"p1\"><span class=\"s1\">All attention will be on you in this magnificent dress.<\/span><\/p>\n<p class=\"p2\"><span class=\"s1\">Our artisans work more than 3 weeks to make this one of a kind piece. Be the most beautiful and elegant that you can be.<\/span><\/p>\n<p>Made to order.<\/p>","protected":false},"featured_media":98753,"template":"","meta":[],"product_brand":[],"product_cat":[79,369],"product_tag":[],"class_list":{"0":"post-100078","1":"product","2":"type-product","3":"status-publish","4":"has-post-thumbnail","6":"product_cat-noknek","7":"product_cat-ruhak","9":"first","10":"instock","11":"shipping-taxable","12":"purchasable","13":"product-type-variable"},"yoast_head":"<!-- This site is optimized with the Yoast SEO plugin v27.5 - https:\/\/yoast.com\/product\/yoast-seo-wordpress\/ -->\n<title>Exkluz\u00edv, egyedi h\u00edmzett ruha \u2013 Matyodesign<\/title>\n<meta name=\"description\" content=\"Fedezd fel exkluz\u00edv h\u00edmzett ruh\u00e1inkat, ahol a maty\u00f3 h\u00edmz\u00e9s \u00e9s a modern diz\u00e1jn tal\u00e1lkozik. Kiemelked\u0151 min\u0151s\u00e9g \u00e9s egyedi st\u00edlus minden darabban.\" \/>\n<meta name=\"robots\" content=\"index, follow, max-snippet:-1, max-image-preview:large, max-video-preview:-1\" \/>\n<link rel=\"canonical\" href=\"https:\/\/matyodesign.hu\/en\/termek\/exclusive_dress\/\" \/>\n<meta property=\"og:locale\" content=\"en_GB\" \/>\n<meta property=\"og:type\" content=\"article\" \/>\n<meta property=\"og:title\" content=\"Exkluz\u00edv, egyedi h\u00edmzett ruha \u2013 Matyodesign\" \/>\n<meta property=\"og:description\" content=\"Fedezd fel exkluz\u00edv h\u00edmzett ruh\u00e1inkat, ahol a maty\u00f3 h\u00edmz\u00e9s \u00e9s a modern diz\u00e1jn tal\u00e1lkozik. Kiemelked\u0151 min\u0151s\u00e9g \u00e9s egyedi st\u00edlus minden darabban.\" \/>\n<meta property=\"og:url\" content=\"https:\/\/matyodesign.hu\/en\/termek\/exclusive_dress\/\" \/>\n<meta property=\"og:site_name\" content=\"matyodesign\" \/>\n<meta property=\"article:modified_time\" content=\"2026-05-08T08:59:40+00:00\" \/>\n<meta property=\"og:image\" content=\"https:\/\/matyodesign.hu\/wp-content\/uploads\/2024\/02\/02-2.jpg\" \/>\n\t<meta property=\"og:image:width\" content=\"1000\" \/>\n\t<meta property=\"og:image:height\" content=\"1000\" \/>\n\t<meta property=\"og:image:type\" content=\"image\/jpeg\" \/>\n<meta name=\"twitter:card\" content=\"summary_large_image\" \/>\n<meta name=\"twitter:label1\" content=\"Estimated reading time\" \/>\n\t<meta name=\"twitter:data1\" content=\"2 minutes\" \/>\n<script type=\"application\/ld+json\" class=\"yoast-schema-graph\">{\"@context\":\"https:\\\/\\\/schema.org\",\"@graph\":[{\"@type\":\"WebPage\",\"@id\":\"https:\\\/\\\/matyodesign.hu\\\/termek\\\/exkluziv_ruha-old-one\\\/\",\"url\":\"https:\\\/\\\/matyodesign.hu\\\/termek\\\/exkluziv_ruha-old-one\\\/\",\"name\":\"Exkluz\u00edv, egyedi h\u00edmzett ruha \u2013 Matyodesign\",\"isPartOf\":{\"@id\":\"https:\\\/\\\/matyodesign.hu\\\/#website\"},\"primaryImageOfPage\":{\"@id\":\"https:\\\/\\\/matyodesign.hu\\\/termek\\\/exkluziv_ruha-old-one\\\/#primaryimage\"},\"image\":{\"@id\":\"https:\\\/\\\/matyodesign.hu\\\/termek\\\/exkluziv_ruha-old-one\\\/#primaryimage\"},\"thumbnailUrl\":\"https:\\\/\\\/matyodesign.hu\\\/wp-content\\\/uploads\\\/2024\\\/02\\\/02-2.jpg\",\"datePublished\":\"2024-05-29T09:11:40+00:00\",\"dateModified\":\"2026-05-08T08:59:40+00:00\",\"description\":\"Fedezd fel exkluz\u00edv h\u00edmzett ruh\u00e1inkat, ahol a maty\u00f3 h\u00edmz\u00e9s \u00e9s a modern diz\u00e1jn tal\u00e1lkozik. Kiemelked\u0151 min\u0151s\u00e9g \u00e9s egyedi st\u00edlus minden darabban.\",\"breadcrumb\":{\"@id\":\"https:\\\/\\\/matyodesign.hu\\\/termek\\\/exkluziv_ruha-old-one\\\/#breadcrumb\"},\"inLanguage\":\"en-GB\",\"potentialAction\":[{\"@type\":\"ReadAction\",\"target\":[\"https:\\\/\\\/matyodesign.hu\\\/termek\\\/exkluziv_ruha-old-one\\\/\"]}]},{\"@type\":\"ImageObject\",\"inLanguage\":\"en-GB\",\"@id\":\"https:\\\/\\\/matyodesign.hu\\\/termek\\\/exkluziv_ruha-old-one\\\/#primaryimage\",\"url\":\"https:\\\/\\\/matyodesign.hu\\\/wp-content\\\/uploads\\\/2024\\\/02\\\/02-2.jpg\",\"contentUrl\":\"https:\\\/\\\/matyodesign.hu\\\/wp-content\\\/uploads\\\/2024\\\/02\\\/02-2.jpg\",\"width\":1000,\"height\":1000,\"caption\":\"Ruha exkluz\u00edv maty\u00f3, h\u00edmzett ruhanem\u0171 web\u00e1ruh\u00e1z\"},{\"@type\":\"BreadcrumbList\",\"@id\":\"https:\\\/\\\/matyodesign.hu\\\/termek\\\/exkluziv_ruha-old-one\\\/#breadcrumb\",\"itemListElement\":[{\"@type\":\"ListItem\",\"position\":1,\"name\":\"Kezd\u0151lap\",\"item\":\"https:\\\/\\\/matyodesign.hu\\\/\"},{\"@type\":\"ListItem\",\"position\":2,\"name\":\"Webshop\",\"item\":\"https:\\\/\\\/matyodesign.hu\\\/webshop\\\/\"},{\"@type\":\"ListItem\",\"position\":3,\"name\":\"EXKLUZ\u00cdV RUH\u00c1K\"}]},{\"@type\":\"WebSite\",\"@id\":\"https:\\\/\\\/matyodesign.hu\\\/#website\",\"url\":\"https:\\\/\\\/matyodesign.hu\\\/\",\"name\":\"matyodesign\",\"description\":\"K\u00e9zzel. Szeretettel. Neked.\",\"potentialAction\":[{\"@type\":\"SearchAction\",\"target\":{\"@type\":\"EntryPoint\",\"urlTemplate\":\"https:\\\/\\\/matyodesign.hu\\\/?s={search_term_string}\"},\"query-input\":{\"@type\":\"PropertyValueSpecification\",\"valueRequired\":true,\"valueName\":\"search_term_string\"}}],\"inLanguage\":\"en-GB\"}]}<\/script>\n<!-- \/ Yoast SEO plugin. -->","yoast_head_json":{"title":"Exkluz\u00edv, egyedi h\u00edmzett ruha \u2013 Matyodesign","description":"Fedezd fel exkluz\u00edv h\u00edmzett ruh\u00e1inkat, ahol a maty\u00f3 h\u00edmz\u00e9s \u00e9s a modern diz\u00e1jn tal\u00e1lkozik. Kiemelked\u0151 min\u0151s\u00e9g \u00e9s egyedi st\u00edlus minden darabban.","robots":{"index":"index","follow":"follow","max-snippet":"max-snippet:-1","max-image-preview":"max-image-preview:large","max-video-preview":"max-video-preview:-1"},"canonical":"https:\/\/matyodesign.hu\/en\/termek\/exclusive_dress\/","og_locale":"en_GB","og_type":"article","og_title":"Exkluz\u00edv, egyedi h\u00edmzett ruha \u2013 Matyodesign","og_description":"Fedezd fel exkluz\u00edv h\u00edmzett ruh\u00e1inkat, ahol a maty\u00f3 h\u00edmz\u00e9s \u00e9s a modern diz\u00e1jn tal\u00e1lkozik. Kiemelked\u0151 min\u0151s\u00e9g \u00e9s egyedi st\u00edlus minden darabban.","og_url":"https:\/\/matyodesign.hu\/en\/termek\/exclusive_dress\/","og_site_name":"matyodesign","article_modified_time":"2026-05-08T08:59:40+00:00","og_image":[{"width":1000,"height":1000,"url":"https:\/\/matyodesign.hu\/wp-content\/uploads\/2024\/02\/02-2.jpg","type":"image\/jpeg"}],"twitter_card":"summary_large_image","twitter_misc":{"Estimated reading time":"2 minutes"},"schema":{"@context":"https:\/\/schema.org","@graph":[{"@type":"WebPage","@id":"https:\/\/matyodesign.hu\/termek\/exkluziv_ruha-old-one\/","url":"https:\/\/matyodesign.hu\/termek\/exkluziv_ruha-old-one\/","name":"Exkluz\u00edv, egyedi h\u00edmzett ruha \u2013 Matyodesign","isPartOf":{"@id":"https:\/\/matyodesign.hu\/#website"},"primaryImageOfPage":{"@id":"https:\/\/matyodesign.hu\/termek\/exkluziv_ruha-old-one\/#primaryimage"},"image":{"@id":"https:\/\/matyodesign.hu\/termek\/exkluziv_ruha-old-one\/#primaryimage"},"thumbnailUrl":"https:\/\/matyodesign.hu\/wp-content\/uploads\/2024\/02\/02-2.jpg","datePublished":"2024-05-29T09:11:40+00:00","dateModified":"2026-05-08T08:59:40+00:00","description":"Fedezd fel exkluz\u00edv h\u00edmzett ruh\u00e1inkat, ahol a maty\u00f3 h\u00edmz\u00e9s \u00e9s a modern diz\u00e1jn tal\u00e1lkozik. Kiemelked\u0151 min\u0151s\u00e9g \u00e9s egyedi st\u00edlus minden darabban.","breadcrumb":{"@id":"https:\/\/matyodesign.hu\/termek\/exkluziv_ruha-old-one\/#breadcrumb"},"inLanguage":"en-GB","potentialAction":[{"@type":"ReadAction","target":["https:\/\/matyodesign.hu\/termek\/exkluziv_ruha-old-one\/"]}]},{"@type":"ImageObject","inLanguage":"en-GB","@id":"https:\/\/matyodesign.hu\/termek\/exkluziv_ruha-old-one\/#primaryimage","url":"https:\/\/matyodesign.hu\/wp-content\/uploads\/2024\/02\/02-2.jpg","contentUrl":"https:\/\/matyodesign.hu\/wp-content\/uploads\/2024\/02\/02-2.jpg","width":1000,"height":1000,"caption":"Ruha exkluz\u00edv maty\u00f3, h\u00edmzett ruhanem\u0171 web\u00e1ruh\u00e1z"},{"@type":"BreadcrumbList","@id":"https:\/\/matyodesign.hu\/termek\/exkluziv_ruha-old-one\/#breadcrumb","itemListElement":[{"@type":"ListItem","position":1,"name":"Kezd\u0151lap","item":"https:\/\/matyodesign.hu\/"},{"@type":"ListItem","position":2,"name":"Webshop","item":"https:\/\/matyodesign.hu\/webshop\/"},{"@type":"ListItem","position":3,"name":"EXKLUZ\u00cdV RUH\u00c1K"}]},{"@type":"WebSite","@id":"https:\/\/matyodesign.hu\/#website","url":"https:\/\/matyodesign.hu\/","name":"matyodesign","description":"K\u00e9zzel. Szeretettel. Neked.","potentialAction":[{"@type":"SearchAction","target":{"@type":"EntryPoint","urlTemplate":"https:\/\/matyodesign.hu\/?s={search_term_string}"},"query-input":{"@type":"PropertyValueSpecification","valueRequired":true,"valueName":"search_term_string"}}],"inLanguage":"en-GB"}]}},"_links":{"self":[{"href":"https:\/\/matyodesign.hu\/en\/wp-json\/wp\/v2\/product\/100078","targetHints":{"allow":["GET"]}}],"collection":[{"href":"https:\/\/matyodesign.hu\/en\/wp-json\/wp\/v2\/product"}],"about":[{"href":"https:\/\/matyodesign.hu\/en\/wp-json\/wp\/v2\/types\/product"}],"wp:featuredmedia":[{"embeddable":true,"href":"https:\/\/matyodesign.hu\/en\/wp-json\/wp\/v2\/media\/98753"}],"wp:attachment":[{"href":"https:\/\/matyodesign.hu\/en\/wp-json\/wp\/v2\/media?parent=100078"}],"wp:term":[{"taxonomy":"product_brand","embeddable":true,"href":"https:\/\/matyodesign.hu\/en\/wp-json\/wp\/v2\/product_brand?post=100078"},{"taxonomy":"product_cat","embeddable":true,"href":"https:\/\/matyodesign.hu\/en\/wp-json\/wp\/v2\/product_cat?post=100078"},{"taxonomy":"product_tag","embeddable":true,"href":"https:\/\/matyodesign.hu\/en\/wp-json\/wp\/v2\/product_tag?post=100078"}],"curies":[{"name":"wp","href":"https:\/\/api.w.org\/{rel}","templated":true}]}}