{"id":100088,"date":"2024-05-29T11:11:44","date_gmt":"2024-05-29T09:11:44","guid":{"rendered":"https:\/\/2024.matyodesign.hu\/?post_type=product&#038;p=100088"},"modified":"2025-06-25T14:31:31","modified_gmt":"2025-06-25T12:31:31","slug":"parna-nevekkel","status":"publish","type":"product","link":"https:\/\/matyodesign.hu\/en\/product\/pillowcase-with-names\/","title":{"rendered":"DOUBLE PILLOWCASE WITH YOUR NAMES"},"content":{"rendered":"","protected":false},"excerpt":{"rendered":"<p class=\"p1\">If you embroider your names on this pair of blankets as a gift for your loved one, you can be sure that you love...<\/p>\n<p><strong>The pillows will be sent with your names on them.<\/strong><\/p>\n<p>You can write the names in the comment section when ordering.<\/p>\n<p><strong>The price is for 2 pillows!<\/strong><\/p>\n<p>&nbsp;<\/p>","protected":false},"featured_media":98781,"template":"","meta":[],"product_brand":[],"product_cat":[54],"product_tag":[],"class_list":{"0":"post-100088","1":"product","2":"type-product","3":"status-publish","4":"has-post-thumbnail","6":"product_cat-home","8":"first","9":"instock","10":"shipping-taxable","11":"purchasable","12":"product-type-variable"},"yoast_head":"<!-- This site is optimized with the Yoast SEO plugin v27.4 - https:\/\/yoast.com\/product\/yoast-seo-wordpress\/ -->\n<title>P\u00e1ros h\u00edmzett p\u00e1rna nevekkel \u2013 Szem\u00e9lyre szabott aj\u00e1nd\u00e9k<\/title>\n<meta name=\"description\" content=\"Egyedi p\u00e1ros h\u00edmzett p\u00e1rna nevekkel. K\u00e9zzel k\u00e9sz\u00fclt, szem\u00e9lyre szabott aj\u00e1nd\u00e9k kedvesednek. K\u00fcl\u00f6nleges \u00e9s romantikus meglepet\u00e9s, k\u00e9t p\u00e1rn\u00e1val.\" \/>\n<meta name=\"robots\" content=\"index, follow, max-snippet:-1, max-image-preview:large, max-video-preview:-1\" \/>\n<link rel=\"canonical\" href=\"https:\/\/matyodesign.hu\/en\/product\/pillowcase-with-names\/\" \/>\n<meta property=\"og:locale\" content=\"en_GB\" \/>\n<meta property=\"og:type\" content=\"article\" \/>\n<meta property=\"og:title\" content=\"P\u00e1ros h\u00edmzett p\u00e1rna nevekkel \u2013 Szem\u00e9lyre szabott aj\u00e1nd\u00e9k\" \/>\n<meta property=\"og:description\" content=\"Egyedi p\u00e1ros h\u00edmzett p\u00e1rna nevekkel. K\u00e9zzel k\u00e9sz\u00fclt, szem\u00e9lyre szabott aj\u00e1nd\u00e9k kedvesednek. K\u00fcl\u00f6nleges \u00e9s romantikus meglepet\u00e9s, k\u00e9t p\u00e1rn\u00e1val.\" \/>\n<meta property=\"og:url\" content=\"https:\/\/matyodesign.hu\/en\/product\/pillowcase-with-names\/\" \/>\n<meta property=\"og:site_name\" content=\"matyodesign\" \/>\n<meta property=\"article:modified_time\" content=\"2025-06-25T12:31:31+00:00\" \/>\n<meta property=\"og:image\" content=\"https:\/\/matyodesign.hu\/wp-content\/uploads\/2024\/02\/mockup_1.jpg\" \/>\n\t<meta property=\"og:image:width\" content=\"1000\" \/>\n\t<meta property=\"og:image:height\" content=\"1000\" \/>\n\t<meta property=\"og:image:type\" content=\"image\/jpeg\" \/>\n<meta name=\"twitter:card\" content=\"summary_large_image\" \/>\n<meta name=\"twitter:label1\" content=\"Estimated reading time\" \/>\n\t<meta name=\"twitter:data1\" content=\"1 minute\" \/>\n<script type=\"application\/ld+json\" class=\"yoast-schema-graph\">{\"@context\":\"https:\\\/\\\/schema.org\",\"@graph\":[{\"@type\":\"WebPage\",\"@id\":\"https:\\\/\\\/matyodesign.hu\\\/termek\\\/parna-nevekkel\\\/\",\"url\":\"https:\\\/\\\/matyodesign.hu\\\/termek\\\/parna-nevekkel\\\/\",\"name\":\"P\u00e1ros h\u00edmzett p\u00e1rna nevekkel \u2013 Szem\u00e9lyre szabott aj\u00e1nd\u00e9k\",\"isPartOf\":{\"@id\":\"https:\\\/\\\/matyodesign.hu\\\/#website\"},\"primaryImageOfPage\":{\"@id\":\"https:\\\/\\\/matyodesign.hu\\\/termek\\\/parna-nevekkel\\\/#primaryimage\"},\"image\":{\"@id\":\"https:\\\/\\\/matyodesign.hu\\\/termek\\\/parna-nevekkel\\\/#primaryimage\"},\"thumbnailUrl\":\"https:\\\/\\\/matyodesign.hu\\\/wp-content\\\/uploads\\\/2024\\\/02\\\/mockup_1.jpg\",\"datePublished\":\"2024-05-29T09:11:44+00:00\",\"dateModified\":\"2025-06-25T12:31:31+00:00\",\"description\":\"Egyedi p\u00e1ros h\u00edmzett p\u00e1rna nevekkel. K\u00e9zzel k\u00e9sz\u00fclt, szem\u00e9lyre szabott aj\u00e1nd\u00e9k kedvesednek. K\u00fcl\u00f6nleges \u00e9s romantikus meglepet\u00e9s, k\u00e9t p\u00e1rn\u00e1val.\",\"breadcrumb\":{\"@id\":\"https:\\\/\\\/matyodesign.hu\\\/termek\\\/parna-nevekkel\\\/#breadcrumb\"},\"inLanguage\":\"en-GB\",\"potentialAction\":[{\"@type\":\"ReadAction\",\"target\":[\"https:\\\/\\\/matyodesign.hu\\\/termek\\\/parna-nevekkel\\\/\"]}]},{\"@type\":\"ImageObject\",\"inLanguage\":\"en-GB\",\"@id\":\"https:\\\/\\\/matyodesign.hu\\\/termek\\\/parna-nevekkel\\\/#primaryimage\",\"url\":\"https:\\\/\\\/matyodesign.hu\\\/wp-content\\\/uploads\\\/2024\\\/02\\\/mockup_1.jpg\",\"contentUrl\":\"https:\\\/\\\/matyodesign.hu\\\/wp-content\\\/uploads\\\/2024\\\/02\\\/mockup_1.jpg\",\"width\":1000,\"height\":1000,\"caption\":\"P\u00e1rnahuzat mad\u00e1r sz\u00ednes, magyar n\u00e9pi mot\u00edvumos ruhanem\u0171\"},{\"@type\":\"BreadcrumbList\",\"@id\":\"https:\\\/\\\/matyodesign.hu\\\/termek\\\/parna-nevekkel\\\/#breadcrumb\",\"itemListElement\":[{\"@type\":\"ListItem\",\"position\":1,\"name\":\"Kezd\u0151lap\",\"item\":\"https:\\\/\\\/matyodesign.hu\\\/\"},{\"@type\":\"ListItem\",\"position\":2,\"name\":\"Webshop\",\"item\":\"https:\\\/\\\/matyodesign.hu\\\/webshop\\\/\"},{\"@type\":\"ListItem\",\"position\":3,\"name\":\"P\u00c1ROS P\u00c1RNA nevekkel\"}]},{\"@type\":\"WebSite\",\"@id\":\"https:\\\/\\\/matyodesign.hu\\\/#website\",\"url\":\"https:\\\/\\\/matyodesign.hu\\\/\",\"name\":\"matyodesign\",\"description\":\"K\u00e9zzel. Szeretettel. Neked.\",\"potentialAction\":[{\"@type\":\"SearchAction\",\"target\":{\"@type\":\"EntryPoint\",\"urlTemplate\":\"https:\\\/\\\/matyodesign.hu\\\/?s={search_term_string}\"},\"query-input\":{\"@type\":\"PropertyValueSpecification\",\"valueRequired\":true,\"valueName\":\"search_term_string\"}}],\"inLanguage\":\"en-GB\"}]}<\/script>\n<!-- \/ Yoast SEO plugin. -->","yoast_head_json":{"title":"P\u00e1ros h\u00edmzett p\u00e1rna nevekkel \u2013 Szem\u00e9lyre szabott aj\u00e1nd\u00e9k","description":"Egyedi p\u00e1ros h\u00edmzett p\u00e1rna nevekkel. K\u00e9zzel k\u00e9sz\u00fclt, szem\u00e9lyre szabott aj\u00e1nd\u00e9k kedvesednek. K\u00fcl\u00f6nleges \u00e9s romantikus meglepet\u00e9s, k\u00e9t p\u00e1rn\u00e1val.","robots":{"index":"index","follow":"follow","max-snippet":"max-snippet:-1","max-image-preview":"max-image-preview:large","max-video-preview":"max-video-preview:-1"},"canonical":"https:\/\/matyodesign.hu\/en\/product\/pillowcase-with-names\/","og_locale":"en_GB","og_type":"article","og_title":"P\u00e1ros h\u00edmzett p\u00e1rna nevekkel \u2013 Szem\u00e9lyre szabott aj\u00e1nd\u00e9k","og_description":"Egyedi p\u00e1ros h\u00edmzett p\u00e1rna nevekkel. K\u00e9zzel k\u00e9sz\u00fclt, szem\u00e9lyre szabott aj\u00e1nd\u00e9k kedvesednek. K\u00fcl\u00f6nleges \u00e9s romantikus meglepet\u00e9s, k\u00e9t p\u00e1rn\u00e1val.","og_url":"https:\/\/matyodesign.hu\/en\/product\/pillowcase-with-names\/","og_site_name":"matyodesign","article_modified_time":"2025-06-25T12:31:31+00:00","og_image":[{"width":1000,"height":1000,"url":"https:\/\/matyodesign.hu\/wp-content\/uploads\/2024\/02\/mockup_1.jpg","type":"image\/jpeg"}],"twitter_card":"summary_large_image","twitter_misc":{"Estimated reading time":"1 minute"},"schema":{"@context":"https:\/\/schema.org","@graph":[{"@type":"WebPage","@id":"https:\/\/matyodesign.hu\/termek\/parna-nevekkel\/","url":"https:\/\/matyodesign.hu\/termek\/parna-nevekkel\/","name":"P\u00e1ros h\u00edmzett p\u00e1rna nevekkel \u2013 Szem\u00e9lyre szabott aj\u00e1nd\u00e9k","isPartOf":{"@id":"https:\/\/matyodesign.hu\/#website"},"primaryImageOfPage":{"@id":"https:\/\/matyodesign.hu\/termek\/parna-nevekkel\/#primaryimage"},"image":{"@id":"https:\/\/matyodesign.hu\/termek\/parna-nevekkel\/#primaryimage"},"thumbnailUrl":"https:\/\/matyodesign.hu\/wp-content\/uploads\/2024\/02\/mockup_1.jpg","datePublished":"2024-05-29T09:11:44+00:00","dateModified":"2025-06-25T12:31:31+00:00","description":"Egyedi p\u00e1ros h\u00edmzett p\u00e1rna nevekkel. K\u00e9zzel k\u00e9sz\u00fclt, szem\u00e9lyre szabott aj\u00e1nd\u00e9k kedvesednek. K\u00fcl\u00f6nleges \u00e9s romantikus meglepet\u00e9s, k\u00e9t p\u00e1rn\u00e1val.","breadcrumb":{"@id":"https:\/\/matyodesign.hu\/termek\/parna-nevekkel\/#breadcrumb"},"inLanguage":"en-GB","potentialAction":[{"@type":"ReadAction","target":["https:\/\/matyodesign.hu\/termek\/parna-nevekkel\/"]}]},{"@type":"ImageObject","inLanguage":"en-GB","@id":"https:\/\/matyodesign.hu\/termek\/parna-nevekkel\/#primaryimage","url":"https:\/\/matyodesign.hu\/wp-content\/uploads\/2024\/02\/mockup_1.jpg","contentUrl":"https:\/\/matyodesign.hu\/wp-content\/uploads\/2024\/02\/mockup_1.jpg","width":1000,"height":1000,"caption":"P\u00e1rnahuzat mad\u00e1r sz\u00ednes, magyar n\u00e9pi mot\u00edvumos ruhanem\u0171"},{"@type":"BreadcrumbList","@id":"https:\/\/matyodesign.hu\/termek\/parna-nevekkel\/#breadcrumb","itemListElement":[{"@type":"ListItem","position":1,"name":"Kezd\u0151lap","item":"https:\/\/matyodesign.hu\/"},{"@type":"ListItem","position":2,"name":"Webshop","item":"https:\/\/matyodesign.hu\/webshop\/"},{"@type":"ListItem","position":3,"name":"P\u00c1ROS P\u00c1RNA nevekkel"}]},{"@type":"WebSite","@id":"https:\/\/matyodesign.hu\/#website","url":"https:\/\/matyodesign.hu\/","name":"matyodesign","description":"K\u00e9zzel. Szeretettel. Neked.","potentialAction":[{"@type":"SearchAction","target":{"@type":"EntryPoint","urlTemplate":"https:\/\/matyodesign.hu\/?s={search_term_string}"},"query-input":{"@type":"PropertyValueSpecification","valueRequired":true,"valueName":"search_term_string"}}],"inLanguage":"en-GB"}]}},"_links":{"self":[{"href":"https:\/\/matyodesign.hu\/en\/wp-json\/wp\/v2\/product\/100088","targetHints":{"allow":["GET"]}}],"collection":[{"href":"https:\/\/matyodesign.hu\/en\/wp-json\/wp\/v2\/product"}],"about":[{"href":"https:\/\/matyodesign.hu\/en\/wp-json\/wp\/v2\/types\/product"}],"wp:featuredmedia":[{"embeddable":true,"href":"https:\/\/matyodesign.hu\/en\/wp-json\/wp\/v2\/media\/98781"}],"wp:attachment":[{"href":"https:\/\/matyodesign.hu\/en\/wp-json\/wp\/v2\/media?parent=100088"}],"wp:term":[{"taxonomy":"product_brand","embeddable":true,"href":"https:\/\/matyodesign.hu\/en\/wp-json\/wp\/v2\/product_brand?post=100088"},{"taxonomy":"product_cat","embeddable":true,"href":"https:\/\/matyodesign.hu\/en\/wp-json\/wp\/v2\/product_cat?post=100088"},{"taxonomy":"product_tag","embeddable":true,"href":"https:\/\/matyodesign.hu\/en\/wp-json\/wp\/v2\/product_tag?post=100088"}],"curies":[{"name":"wp","href":"https:\/\/api.w.org\/{rel}","templated":true}]}}