{"id":100091,"date":"2024-05-29T11:11:45","date_gmt":"2024-05-29T09:11:45","guid":{"rendered":"https:\/\/2024.matyodesign.hu\/?post_type=product&#038;p=100091"},"modified":"2025-08-28T11:36:47","modified_gmt":"2025-08-28T09:36:47","slug":"nyari-polo","status":"publish","type":"product","link":"https:\/\/matyodesign.hu\/en\/product\/t-shirt-spring\/","title":{"rendered":"T-SHIRTS \u2013 VIVID EDITION"},"content":{"rendered":"","protected":false},"excerpt":{"rendered":"<p>Leap into Spring with bold, new colors! Our hand embroidered shirts come in bright green, pink, lemon yellow and purple blue with the traditional Matyo roses.<\/p>","protected":false},"featured_media":98788,"template":"","meta":[],"product_brand":[],"product_cat":[79,367],"product_tag":[],"class_list":{"0":"post-100091","1":"product","2":"type-product","3":"status-publish","4":"has-post-thumbnail","6":"product_cat-noknek","7":"product_cat-polok","9":"first","10":"instock","11":"featured","12":"shipping-taxable","13":"purchasable","14":"product-type-variable"},"yoast_head":"<!-- This site is optimized with the Yoast SEO plugin v27.0 - https:\/\/yoast.com\/product\/yoast-seo-wordpress\/ -->\n<title>\u00c9l\u00e9nk maty\u00f3 p\u00f3l\u00f3k r\u00f3zs\u00e1kkal \u2013 Matyodesign<\/title>\n<meta name=\"description\" content=\"Friss\u00edtsd fel a ruhat\u00e1rad \u00e9l\u00e9nk p\u00f3l\u00f3inkkal! Z\u00f6ld, pink, citroms\u00e1rga \u00e9s lil\u00e1sk\u00e9k sz\u00ednek, maty\u00f3 r\u00f3zs\u00e1kkal, hogy tavaszra hangol\u00f3dj!\" \/>\n<meta name=\"robots\" content=\"index, follow, max-snippet:-1, max-image-preview:large, max-video-preview:-1\" \/>\n<link rel=\"canonical\" href=\"https:\/\/matyodesign.hu\/en\/product\/t-shirt-spring\/\" \/>\n<meta property=\"og:locale\" content=\"en_GB\" \/>\n<meta property=\"og:type\" content=\"article\" \/>\n<meta property=\"og:title\" content=\"\u00c9l\u00e9nk maty\u00f3 p\u00f3l\u00f3k r\u00f3zs\u00e1kkal \u2013 Matyodesign\" \/>\n<meta property=\"og:description\" content=\"Friss\u00edtsd fel a ruhat\u00e1rad \u00e9l\u00e9nk p\u00f3l\u00f3inkkal! Z\u00f6ld, pink, citroms\u00e1rga \u00e9s lil\u00e1sk\u00e9k sz\u00ednek, maty\u00f3 r\u00f3zs\u00e1kkal, hogy tavaszra hangol\u00f3dj!\" \/>\n<meta property=\"og:url\" content=\"https:\/\/matyodesign.hu\/en\/product\/t-shirt-spring\/\" \/>\n<meta property=\"og:site_name\" content=\"matyodesign\" \/>\n<meta property=\"article:modified_time\" content=\"2025-08-28T09:36:47+00:00\" \/>\n<meta property=\"og:image\" content=\"https:\/\/matyodesign.hu\/wp-content\/uploads\/2024\/02\/elenk_2.jpg\" \/>\n\t<meta property=\"og:image:width\" content=\"1000\" \/>\n\t<meta property=\"og:image:height\" content=\"1000\" \/>\n\t<meta property=\"og:image:type\" content=\"image\/jpeg\" \/>\n<meta name=\"twitter:card\" content=\"summary_large_image\" \/>\n<meta name=\"twitter:label1\" content=\"Estimated reading time\" \/>\n\t<meta name=\"twitter:data1\" content=\"1 minute\" \/>\n<script type=\"application\/ld+json\" class=\"yoast-schema-graph\">{\"@context\":\"https:\/\/schema.org\",\"@graph\":[{\"@type\":\"WebPage\",\"@id\":\"https:\/\/matyodesign.hu\/termek\/nyari-polo\/\",\"url\":\"https:\/\/matyodesign.hu\/termek\/nyari-polo\/\",\"name\":\"\u00c9l\u00e9nk maty\u00f3 p\u00f3l\u00f3k r\u00f3zs\u00e1kkal \u2013 Matyodesign\",\"isPartOf\":{\"@id\":\"https:\/\/matyodesign.hu\/#website\"},\"primaryImageOfPage\":{\"@id\":\"https:\/\/matyodesign.hu\/termek\/nyari-polo\/#primaryimage\"},\"image\":{\"@id\":\"https:\/\/matyodesign.hu\/termek\/nyari-polo\/#primaryimage\"},\"thumbnailUrl\":\"https:\/\/matyodesign.hu\/wp-content\/uploads\/2024\/02\/elenk_2.jpg\",\"datePublished\":\"2024-05-29T09:11:45+00:00\",\"dateModified\":\"2025-08-28T09:36:47+00:00\",\"description\":\"Friss\u00edtsd fel a ruhat\u00e1rad \u00e9l\u00e9nk p\u00f3l\u00f3inkkal! Z\u00f6ld, pink, citroms\u00e1rga \u00e9s lil\u00e1sk\u00e9k sz\u00ednek, maty\u00f3 r\u00f3zs\u00e1kkal, hogy tavaszra hangol\u00f3dj!\",\"breadcrumb\":{\"@id\":\"https:\/\/matyodesign.hu\/termek\/nyari-polo\/#breadcrumb\"},\"inLanguage\":\"en-GB\",\"potentialAction\":[{\"@type\":\"ReadAction\",\"target\":[\"https:\/\/matyodesign.hu\/termek\/nyari-polo\/\"]}]},{\"@type\":\"ImageObject\",\"inLanguage\":\"en-GB\",\"@id\":\"https:\/\/matyodesign.hu\/termek\/nyari-polo\/#primaryimage\",\"url\":\"https:\/\/matyodesign.hu\/wp-content\/uploads\/2024\/02\/elenk_2.jpg\",\"contentUrl\":\"https:\/\/matyodesign.hu\/wp-content\/uploads\/2024\/02\/elenk_2.jpg\",\"width\":1000,\"height\":1000,\"caption\":\"P\u00f3l\u00f3 sz\u00ednes, maty\u00f3 mint\u00e1s p\u00f3l\u00f3\"},{\"@type\":\"BreadcrumbList\",\"@id\":\"https:\/\/matyodesign.hu\/termek\/nyari-polo\/#breadcrumb\",\"itemListElement\":[{\"@type\":\"ListItem\",\"position\":1,\"name\":\"Kezd\u0151lap\",\"item\":\"https:\/\/matyodesign.hu\/\"},{\"@type\":\"ListItem\",\"position\":2,\"name\":\"Webshop\",\"item\":\"https:\/\/matyodesign.hu\/webshop\/\"},{\"@type\":\"ListItem\",\"position\":3,\"name\":\"\u00c9L\u00c9NK P\u00d3L\u00d3K\"}]},{\"@type\":\"WebSite\",\"@id\":\"https:\/\/matyodesign.hu\/#website\",\"url\":\"https:\/\/matyodesign.hu\/\",\"name\":\"matyodesign\",\"description\":\"K\u00e9zzel. Szeretettel. Neked.\",\"potentialAction\":[{\"@type\":\"SearchAction\",\"target\":{\"@type\":\"EntryPoint\",\"urlTemplate\":\"https:\/\/matyodesign.hu\/?s={search_term_string}\"},\"query-input\":{\"@type\":\"PropertyValueSpecification\",\"valueRequired\":true,\"valueName\":\"search_term_string\"}}],\"inLanguage\":\"en-GB\"}]}<\/script>\n<!-- \/ Yoast SEO plugin. -->","yoast_head_json":{"title":"\u00c9l\u00e9nk maty\u00f3 p\u00f3l\u00f3k r\u00f3zs\u00e1kkal \u2013 Matyodesign","description":"Friss\u00edtsd fel a ruhat\u00e1rad \u00e9l\u00e9nk p\u00f3l\u00f3inkkal! Z\u00f6ld, pink, citroms\u00e1rga \u00e9s lil\u00e1sk\u00e9k sz\u00ednek, maty\u00f3 r\u00f3zs\u00e1kkal, hogy tavaszra hangol\u00f3dj!","robots":{"index":"index","follow":"follow","max-snippet":"max-snippet:-1","max-image-preview":"max-image-preview:large","max-video-preview":"max-video-preview:-1"},"canonical":"https:\/\/matyodesign.hu\/en\/product\/t-shirt-spring\/","og_locale":"en_GB","og_type":"article","og_title":"\u00c9l\u00e9nk maty\u00f3 p\u00f3l\u00f3k r\u00f3zs\u00e1kkal \u2013 Matyodesign","og_description":"Friss\u00edtsd fel a ruhat\u00e1rad \u00e9l\u00e9nk p\u00f3l\u00f3inkkal! Z\u00f6ld, pink, citroms\u00e1rga \u00e9s lil\u00e1sk\u00e9k sz\u00ednek, maty\u00f3 r\u00f3zs\u00e1kkal, hogy tavaszra hangol\u00f3dj!","og_url":"https:\/\/matyodesign.hu\/en\/product\/t-shirt-spring\/","og_site_name":"matyodesign","article_modified_time":"2025-08-28T09:36:47+00:00","og_image":[{"width":1000,"height":1000,"url":"https:\/\/matyodesign.hu\/wp-content\/uploads\/2024\/02\/elenk_2.jpg","type":"image\/jpeg"}],"twitter_card":"summary_large_image","twitter_misc":{"Estimated reading time":"1 minute"},"schema":{"@context":"https:\/\/schema.org","@graph":[{"@type":"WebPage","@id":"https:\/\/matyodesign.hu\/termek\/nyari-polo\/","url":"https:\/\/matyodesign.hu\/termek\/nyari-polo\/","name":"\u00c9l\u00e9nk maty\u00f3 p\u00f3l\u00f3k r\u00f3zs\u00e1kkal \u2013 Matyodesign","isPartOf":{"@id":"https:\/\/matyodesign.hu\/#website"},"primaryImageOfPage":{"@id":"https:\/\/matyodesign.hu\/termek\/nyari-polo\/#primaryimage"},"image":{"@id":"https:\/\/matyodesign.hu\/termek\/nyari-polo\/#primaryimage"},"thumbnailUrl":"https:\/\/matyodesign.hu\/wp-content\/uploads\/2024\/02\/elenk_2.jpg","datePublished":"2024-05-29T09:11:45+00:00","dateModified":"2025-08-28T09:36:47+00:00","description":"Friss\u00edtsd fel a ruhat\u00e1rad \u00e9l\u00e9nk p\u00f3l\u00f3inkkal! Z\u00f6ld, pink, citroms\u00e1rga \u00e9s lil\u00e1sk\u00e9k sz\u00ednek, maty\u00f3 r\u00f3zs\u00e1kkal, hogy tavaszra hangol\u00f3dj!","breadcrumb":{"@id":"https:\/\/matyodesign.hu\/termek\/nyari-polo\/#breadcrumb"},"inLanguage":"en-GB","potentialAction":[{"@type":"ReadAction","target":["https:\/\/matyodesign.hu\/termek\/nyari-polo\/"]}]},{"@type":"ImageObject","inLanguage":"en-GB","@id":"https:\/\/matyodesign.hu\/termek\/nyari-polo\/#primaryimage","url":"https:\/\/matyodesign.hu\/wp-content\/uploads\/2024\/02\/elenk_2.jpg","contentUrl":"https:\/\/matyodesign.hu\/wp-content\/uploads\/2024\/02\/elenk_2.jpg","width":1000,"height":1000,"caption":"P\u00f3l\u00f3 sz\u00ednes, maty\u00f3 mint\u00e1s p\u00f3l\u00f3"},{"@type":"BreadcrumbList","@id":"https:\/\/matyodesign.hu\/termek\/nyari-polo\/#breadcrumb","itemListElement":[{"@type":"ListItem","position":1,"name":"Kezd\u0151lap","item":"https:\/\/matyodesign.hu\/"},{"@type":"ListItem","position":2,"name":"Webshop","item":"https:\/\/matyodesign.hu\/webshop\/"},{"@type":"ListItem","position":3,"name":"\u00c9L\u00c9NK P\u00d3L\u00d3K"}]},{"@type":"WebSite","@id":"https:\/\/matyodesign.hu\/#website","url":"https:\/\/matyodesign.hu\/","name":"matyodesign","description":"K\u00e9zzel. Szeretettel. Neked.","potentialAction":[{"@type":"SearchAction","target":{"@type":"EntryPoint","urlTemplate":"https:\/\/matyodesign.hu\/?s={search_term_string}"},"query-input":{"@type":"PropertyValueSpecification","valueRequired":true,"valueName":"search_term_string"}}],"inLanguage":"en-GB"}]}},"_links":{"self":[{"href":"https:\/\/matyodesign.hu\/en\/wp-json\/wp\/v2\/product\/100091","targetHints":{"allow":["GET"]}}],"collection":[{"href":"https:\/\/matyodesign.hu\/en\/wp-json\/wp\/v2\/product"}],"about":[{"href":"https:\/\/matyodesign.hu\/en\/wp-json\/wp\/v2\/types\/product"}],"wp:featuredmedia":[{"embeddable":true,"href":"https:\/\/matyodesign.hu\/en\/wp-json\/wp\/v2\/media\/98788"}],"wp:attachment":[{"href":"https:\/\/matyodesign.hu\/en\/wp-json\/wp\/v2\/media?parent=100091"}],"wp:term":[{"taxonomy":"product_brand","embeddable":true,"href":"https:\/\/matyodesign.hu\/en\/wp-json\/wp\/v2\/product_brand?post=100091"},{"taxonomy":"product_cat","embeddable":true,"href":"https:\/\/matyodesign.hu\/en\/wp-json\/wp\/v2\/product_cat?post=100091"},{"taxonomy":"product_tag","embeddable":true,"href":"https:\/\/matyodesign.hu\/en\/wp-json\/wp\/v2\/product_tag?post=100091"}],"curies":[{"name":"wp","href":"https:\/\/api.w.org\/{rel}","templated":true}]}}