{"id":100094,"date":"2024-05-29T11:11:46","date_gmt":"2024-05-29T09:11:46","guid":{"rendered":"https:\/\/2024.matyodesign.hu\/?post_type=product&#038;p=100094"},"modified":"2026-04-02T11:26:28","modified_gmt":"2026-04-02T09:26:28","slug":"arany-sotetkek-pulover-6","status":"publish","type":"product","link":"https:\/\/matyodesign.hu\/en\/product\/pullover-limited-edition\/","title":{"rendered":"PULLOVER \u2013 limited edition"},"content":{"rendered":"","protected":false},"excerpt":{"rendered":"<p><strong>Attention! We can ship this product 10 days after ordering, due to the long embroidery time!\u00a0<\/strong><\/p>\n<p class=\"p1\">An elegant yet casual piece for festive occasions, this navy sweater is hand-embroidered in gold with gold trim.<\/p>\n<p>The sweater pattern is designed by Kriston Gitka.<\/p>","protected":false},"featured_media":99105,"template":"","meta":[],"product_brand":[],"product_cat":[79,370],"product_tag":[],"class_list":{"0":"post-100094","1":"product","2":"type-product","3":"status-publish","4":"has-post-thumbnail","6":"product_cat-noknek","7":"product_cat-puloverek","9":"first","10":"instock","11":"shipping-taxable","12":"purchasable","13":"product-type-variable"},"yoast_head":"<!-- This site is optimized with the Yoast SEO plugin v27.0 - https:\/\/yoast.com\/product\/yoast-seo-wordpress\/ -->\n<title>Arany s\u00f6t\u00e9tk\u00e9k h\u00edmzett pul\u00f3ver \u2013 Matyodesign<\/title>\n<meta name=\"description\" content=\"Fedezd fel a Matyodesign arany s\u00f6t\u00e9tk\u00e9k h\u00edmzett pul\u00f3ver\u00e9t! Tradicion\u00e1lis maty\u00f3 mint\u00e1k, modern diz\u00e1jn, egyedi st\u00edlus a t\u00e9li ruhat\u00e1radhoz.\" \/>\n<meta name=\"robots\" content=\"index, follow, max-snippet:-1, max-image-preview:large, max-video-preview:-1\" \/>\n<link rel=\"canonical\" href=\"https:\/\/matyodesign.hu\/en\/product\/pullover-limited-edition\/\" \/>\n<meta property=\"og:locale\" content=\"en_GB\" \/>\n<meta property=\"og:type\" content=\"article\" \/>\n<meta property=\"og:title\" content=\"Arany s\u00f6t\u00e9tk\u00e9k h\u00edmzett pul\u00f3ver \u2013 Matyodesign\" \/>\n<meta property=\"og:description\" content=\"Fedezd fel a Matyodesign arany s\u00f6t\u00e9tk\u00e9k h\u00edmzett pul\u00f3ver\u00e9t! Tradicion\u00e1lis maty\u00f3 mint\u00e1k, modern diz\u00e1jn, egyedi st\u00edlus a t\u00e9li ruhat\u00e1radhoz.\" \/>\n<meta property=\"og:url\" content=\"https:\/\/matyodesign.hu\/en\/product\/pullover-limited-edition\/\" \/>\n<meta property=\"og:site_name\" content=\"matyodesign\" \/>\n<meta property=\"article:modified_time\" content=\"2026-04-02T09:26:28+00:00\" \/>\n<meta property=\"og:image\" content=\"https:\/\/matyodesign.hu\/wp-content\/uploads\/2024\/02\/pulcsi.webp\" \/>\n\t<meta property=\"og:image:width\" content=\"1000\" \/>\n\t<meta property=\"og:image:height\" content=\"1000\" \/>\n\t<meta property=\"og:image:type\" content=\"image\/webp\" \/>\n<meta name=\"twitter:card\" content=\"summary_large_image\" \/>\n<meta name=\"twitter:label1\" content=\"Estimated reading time\" \/>\n\t<meta name=\"twitter:data1\" content=\"1 minute\" \/>\n<script type=\"application\/ld+json\" class=\"yoast-schema-graph\">{\"@context\":\"https:\/\/schema.org\",\"@graph\":[{\"@type\":\"WebPage\",\"@id\":\"https:\/\/matyodesign.hu\/termek\/arany-sotetkek-pulover-6\/\",\"url\":\"https:\/\/matyodesign.hu\/termek\/arany-sotetkek-pulover-6\/\",\"name\":\"Arany s\u00f6t\u00e9tk\u00e9k h\u00edmzett pul\u00f3ver \u2013 Matyodesign\",\"isPartOf\":{\"@id\":\"https:\/\/matyodesign.hu\/#website\"},\"primaryImageOfPage\":{\"@id\":\"https:\/\/matyodesign.hu\/termek\/arany-sotetkek-pulover-6\/#primaryimage\"},\"image\":{\"@id\":\"https:\/\/matyodesign.hu\/termek\/arany-sotetkek-pulover-6\/#primaryimage\"},\"thumbnailUrl\":\"https:\/\/matyodesign.hu\/wp-content\/uploads\/2024\/02\/pulcsi.webp\",\"datePublished\":\"2024-05-29T09:11:46+00:00\",\"dateModified\":\"2026-04-02T09:26:28+00:00\",\"description\":\"Fedezd fel a Matyodesign arany s\u00f6t\u00e9tk\u00e9k h\u00edmzett pul\u00f3ver\u00e9t! Tradicion\u00e1lis maty\u00f3 mint\u00e1k, modern diz\u00e1jn, egyedi st\u00edlus a t\u00e9li ruhat\u00e1radhoz.\",\"breadcrumb\":{\"@id\":\"https:\/\/matyodesign.hu\/termek\/arany-sotetkek-pulover-6\/#breadcrumb\"},\"inLanguage\":\"en-GB\",\"potentialAction\":[{\"@type\":\"ReadAction\",\"target\":[\"https:\/\/matyodesign.hu\/termek\/arany-sotetkek-pulover-6\/\"]}]},{\"@type\":\"ImageObject\",\"inLanguage\":\"en-GB\",\"@id\":\"https:\/\/matyodesign.hu\/termek\/arany-sotetkek-pulover-6\/#primaryimage\",\"url\":\"https:\/\/matyodesign.hu\/wp-content\/uploads\/2024\/02\/pulcsi.webp\",\"contentUrl\":\"https:\/\/matyodesign.hu\/wp-content\/uploads\/2024\/02\/pulcsi.webp\",\"width\":1000,\"height\":1000,\"caption\":\"Pul\u00f3ver k\u00e9k arany, h\u00edmzett bl\u00faz webshop\"},{\"@type\":\"BreadcrumbList\",\"@id\":\"https:\/\/matyodesign.hu\/termek\/arany-sotetkek-pulover-6\/#breadcrumb\",\"itemListElement\":[{\"@type\":\"ListItem\",\"position\":1,\"name\":\"Kezd\u0151lap\",\"item\":\"https:\/\/matyodesign.hu\/\"},{\"@type\":\"ListItem\",\"position\":2,\"name\":\"Webshop\",\"item\":\"https:\/\/matyodesign.hu\/webshop\/\"},{\"@type\":\"ListItem\",\"position\":3,\"name\":\"ARANY-S\u00d6T\u00c9TK\u00c9K PUL\u00d3VER\"}]},{\"@type\":\"WebSite\",\"@id\":\"https:\/\/matyodesign.hu\/#website\",\"url\":\"https:\/\/matyodesign.hu\/\",\"name\":\"matyodesign\",\"description\":\"K\u00e9zzel. Szeretettel. Neked.\",\"potentialAction\":[{\"@type\":\"SearchAction\",\"target\":{\"@type\":\"EntryPoint\",\"urlTemplate\":\"https:\/\/matyodesign.hu\/?s={search_term_string}\"},\"query-input\":{\"@type\":\"PropertyValueSpecification\",\"valueRequired\":true,\"valueName\":\"search_term_string\"}}],\"inLanguage\":\"en-GB\"}]}<\/script>\n<!-- \/ Yoast SEO plugin. -->","yoast_head_json":{"title":"Arany s\u00f6t\u00e9tk\u00e9k h\u00edmzett pul\u00f3ver \u2013 Matyodesign","description":"Fedezd fel a Matyodesign arany s\u00f6t\u00e9tk\u00e9k h\u00edmzett pul\u00f3ver\u00e9t! Tradicion\u00e1lis maty\u00f3 mint\u00e1k, modern diz\u00e1jn, egyedi st\u00edlus a t\u00e9li ruhat\u00e1radhoz.","robots":{"index":"index","follow":"follow","max-snippet":"max-snippet:-1","max-image-preview":"max-image-preview:large","max-video-preview":"max-video-preview:-1"},"canonical":"https:\/\/matyodesign.hu\/en\/product\/pullover-limited-edition\/","og_locale":"en_GB","og_type":"article","og_title":"Arany s\u00f6t\u00e9tk\u00e9k h\u00edmzett pul\u00f3ver \u2013 Matyodesign","og_description":"Fedezd fel a Matyodesign arany s\u00f6t\u00e9tk\u00e9k h\u00edmzett pul\u00f3ver\u00e9t! Tradicion\u00e1lis maty\u00f3 mint\u00e1k, modern diz\u00e1jn, egyedi st\u00edlus a t\u00e9li ruhat\u00e1radhoz.","og_url":"https:\/\/matyodesign.hu\/en\/product\/pullover-limited-edition\/","og_site_name":"matyodesign","article_modified_time":"2026-04-02T09:26:28+00:00","og_image":[{"width":1000,"height":1000,"url":"https:\/\/matyodesign.hu\/wp-content\/uploads\/2024\/02\/pulcsi.webp","type":"image\/webp"}],"twitter_card":"summary_large_image","twitter_misc":{"Estimated reading time":"1 minute"},"schema":{"@context":"https:\/\/schema.org","@graph":[{"@type":"WebPage","@id":"https:\/\/matyodesign.hu\/termek\/arany-sotetkek-pulover-6\/","url":"https:\/\/matyodesign.hu\/termek\/arany-sotetkek-pulover-6\/","name":"Arany s\u00f6t\u00e9tk\u00e9k h\u00edmzett pul\u00f3ver \u2013 Matyodesign","isPartOf":{"@id":"https:\/\/matyodesign.hu\/#website"},"primaryImageOfPage":{"@id":"https:\/\/matyodesign.hu\/termek\/arany-sotetkek-pulover-6\/#primaryimage"},"image":{"@id":"https:\/\/matyodesign.hu\/termek\/arany-sotetkek-pulover-6\/#primaryimage"},"thumbnailUrl":"https:\/\/matyodesign.hu\/wp-content\/uploads\/2024\/02\/pulcsi.webp","datePublished":"2024-05-29T09:11:46+00:00","dateModified":"2026-04-02T09:26:28+00:00","description":"Fedezd fel a Matyodesign arany s\u00f6t\u00e9tk\u00e9k h\u00edmzett pul\u00f3ver\u00e9t! Tradicion\u00e1lis maty\u00f3 mint\u00e1k, modern diz\u00e1jn, egyedi st\u00edlus a t\u00e9li ruhat\u00e1radhoz.","breadcrumb":{"@id":"https:\/\/matyodesign.hu\/termek\/arany-sotetkek-pulover-6\/#breadcrumb"},"inLanguage":"en-GB","potentialAction":[{"@type":"ReadAction","target":["https:\/\/matyodesign.hu\/termek\/arany-sotetkek-pulover-6\/"]}]},{"@type":"ImageObject","inLanguage":"en-GB","@id":"https:\/\/matyodesign.hu\/termek\/arany-sotetkek-pulover-6\/#primaryimage","url":"https:\/\/matyodesign.hu\/wp-content\/uploads\/2024\/02\/pulcsi.webp","contentUrl":"https:\/\/matyodesign.hu\/wp-content\/uploads\/2024\/02\/pulcsi.webp","width":1000,"height":1000,"caption":"Pul\u00f3ver k\u00e9k arany, h\u00edmzett bl\u00faz webshop"},{"@type":"BreadcrumbList","@id":"https:\/\/matyodesign.hu\/termek\/arany-sotetkek-pulover-6\/#breadcrumb","itemListElement":[{"@type":"ListItem","position":1,"name":"Kezd\u0151lap","item":"https:\/\/matyodesign.hu\/"},{"@type":"ListItem","position":2,"name":"Webshop","item":"https:\/\/matyodesign.hu\/webshop\/"},{"@type":"ListItem","position":3,"name":"ARANY-S\u00d6T\u00c9TK\u00c9K PUL\u00d3VER"}]},{"@type":"WebSite","@id":"https:\/\/matyodesign.hu\/#website","url":"https:\/\/matyodesign.hu\/","name":"matyodesign","description":"K\u00e9zzel. Szeretettel. Neked.","potentialAction":[{"@type":"SearchAction","target":{"@type":"EntryPoint","urlTemplate":"https:\/\/matyodesign.hu\/?s={search_term_string}"},"query-input":{"@type":"PropertyValueSpecification","valueRequired":true,"valueName":"search_term_string"}}],"inLanguage":"en-GB"}]}},"_links":{"self":[{"href":"https:\/\/matyodesign.hu\/en\/wp-json\/wp\/v2\/product\/100094","targetHints":{"allow":["GET"]}}],"collection":[{"href":"https:\/\/matyodesign.hu\/en\/wp-json\/wp\/v2\/product"}],"about":[{"href":"https:\/\/matyodesign.hu\/en\/wp-json\/wp\/v2\/types\/product"}],"wp:featuredmedia":[{"embeddable":true,"href":"https:\/\/matyodesign.hu\/en\/wp-json\/wp\/v2\/media\/99105"}],"wp:attachment":[{"href":"https:\/\/matyodesign.hu\/en\/wp-json\/wp\/v2\/media?parent=100094"}],"wp:term":[{"taxonomy":"product_brand","embeddable":true,"href":"https:\/\/matyodesign.hu\/en\/wp-json\/wp\/v2\/product_brand?post=100094"},{"taxonomy":"product_cat","embeddable":true,"href":"https:\/\/matyodesign.hu\/en\/wp-json\/wp\/v2\/product_cat?post=100094"},{"taxonomy":"product_tag","embeddable":true,"href":"https:\/\/matyodesign.hu\/en\/wp-json\/wp\/v2\/product_tag?post=100094"}],"curies":[{"name":"wp","href":"https:\/\/api.w.org\/{rel}","templated":true}]}}