{"id":100097,"date":"2024-05-29T11:11:47","date_gmt":"2024-05-29T09:11:47","guid":{"rendered":"https:\/\/2024.matyodesign.hu\/?post_type=product&#038;p=100097"},"modified":"2026-03-11T08:37:59","modified_gmt":"2026-03-11T07:37:59","slug":"lezser_polo","status":"publish","type":"product","link":"https:\/\/matyodesign.hu\/en\/product\/casual-t-shirt\/","title":{"rendered":"COSY T-SHIRTS"},"content":{"rendered":"","protected":false},"excerpt":{"rendered":"<p>If you don't like bright colours but want to celebrate the arrival of spring with a loose T-shirt - and flowers on your shoulders...<\/p>\n<p>The product has embroidery on one shoulder!<\/p>\n<p>&nbsp;<\/p>\n<p>&nbsp;<\/p>","protected":false},"featured_media":98830,"template":"","meta":[],"product_brand":[],"product_cat":[79,367,582],"product_tag":[],"class_list":{"0":"post-100097","1":"product","2":"type-product","3":"status-publish","4":"has-post-thumbnail","6":"product_cat-noknek","7":"product_cat-polok","8":"product_cat-outlet","10":"first","11":"instock","12":"sale","13":"shipping-taxable","14":"purchasable","15":"product-type-variable","16":"has-default-attributes"},"yoast_head":"<!-- This site is optimized with the Yoast SEO plugin v27.0 - https:\/\/yoast.com\/product\/yoast-seo-wordpress\/ -->\n<title>Lezser h\u00edmzett, maty\u00f3 p\u00f3l\u00f3 \u2013 Matyodesign Webshop<\/title>\n<meta name=\"description\" content=\"\u00dcnnepeld a tavaszt ezzel a laza, h\u00edmzett p\u00f3l\u00f3val! A vir\u00e1gos h\u00edmz\u00e9s a v\u00e1lladon, visszafogott st\u00edlusban. V\u00e1s\u00e1rolj most a Matyodesign-t\u00f3l!\" \/>\n<meta name=\"robots\" content=\"index, follow, max-snippet:-1, max-image-preview:large, max-video-preview:-1\" \/>\n<link rel=\"canonical\" href=\"https:\/\/matyodesign.hu\/en\/product\/casual-t-shirt\/\" \/>\n<meta property=\"og:locale\" content=\"en_GB\" \/>\n<meta property=\"og:type\" content=\"article\" \/>\n<meta property=\"og:title\" content=\"Lezser h\u00edmzett, maty\u00f3 p\u00f3l\u00f3 \u2013 Matyodesign Webshop\" \/>\n<meta property=\"og:description\" content=\"\u00dcnnepeld a tavaszt ezzel a laza, h\u00edmzett p\u00f3l\u00f3val! A vir\u00e1gos h\u00edmz\u00e9s a v\u00e1lladon, visszafogott st\u00edlusban. V\u00e1s\u00e1rolj most a Matyodesign-t\u00f3l!\" \/>\n<meta property=\"og:url\" content=\"https:\/\/matyodesign.hu\/en\/product\/casual-t-shirt\/\" \/>\n<meta property=\"og:site_name\" content=\"matyodesign\" \/>\n<meta property=\"article:modified_time\" content=\"2026-03-11T07:37:59+00:00\" \/>\n<meta property=\"og:image\" content=\"https:\/\/matyodesign.hu\/wp-content\/uploads\/2024\/02\/polo_khaki_6.jpg\" \/>\n\t<meta property=\"og:image:width\" content=\"1000\" \/>\n\t<meta property=\"og:image:height\" content=\"1000\" \/>\n\t<meta property=\"og:image:type\" content=\"image\/jpeg\" \/>\n<meta name=\"twitter:card\" content=\"summary_large_image\" \/>\n<meta name=\"twitter:label1\" content=\"Estimated reading time\" \/>\n\t<meta name=\"twitter:data1\" content=\"1 minute\" \/>\n<script type=\"application\/ld+json\" class=\"yoast-schema-graph\">{\"@context\":\"https:\/\/schema.org\",\"@graph\":[{\"@type\":\"WebPage\",\"@id\":\"https:\/\/matyodesign.hu\/termek\/lezser_polo\/\",\"url\":\"https:\/\/matyodesign.hu\/termek\/lezser_polo\/\",\"name\":\"Lezser h\u00edmzett, maty\u00f3 p\u00f3l\u00f3 \u2013 Matyodesign Webshop\",\"isPartOf\":{\"@id\":\"https:\/\/matyodesign.hu\/#website\"},\"primaryImageOfPage\":{\"@id\":\"https:\/\/matyodesign.hu\/termek\/lezser_polo\/#primaryimage\"},\"image\":{\"@id\":\"https:\/\/matyodesign.hu\/termek\/lezser_polo\/#primaryimage\"},\"thumbnailUrl\":\"https:\/\/matyodesign.hu\/wp-content\/uploads\/2024\/02\/polo_khaki_6.jpg\",\"datePublished\":\"2024-05-29T09:11:47+00:00\",\"dateModified\":\"2026-03-11T07:37:59+00:00\",\"description\":\"\u00dcnnepeld a tavaszt ezzel a laza, h\u00edmzett p\u00f3l\u00f3val! A vir\u00e1gos h\u00edmz\u00e9s a v\u00e1lladon, visszafogott st\u00edlusban. V\u00e1s\u00e1rolj most a Matyodesign-t\u00f3l!\",\"breadcrumb\":{\"@id\":\"https:\/\/matyodesign.hu\/termek\/lezser_polo\/#breadcrumb\"},\"inLanguage\":\"en-GB\",\"potentialAction\":[{\"@type\":\"ReadAction\",\"target\":[\"https:\/\/matyodesign.hu\/termek\/lezser_polo\/\"]}]},{\"@type\":\"ImageObject\",\"inLanguage\":\"en-GB\",\"@id\":\"https:\/\/matyodesign.hu\/termek\/lezser_polo\/#primaryimage\",\"url\":\"https:\/\/matyodesign.hu\/wp-content\/uploads\/2024\/02\/polo_khaki_6.jpg\",\"contentUrl\":\"https:\/\/matyodesign.hu\/wp-content\/uploads\/2024\/02\/polo_khaki_6.jpg\",\"width\":1000,\"height\":1000,\"caption\":\"P\u00f3l\u00f3 lezser keki, h\u00edmzett bl\u00faz webshop\"},{\"@type\":\"BreadcrumbList\",\"@id\":\"https:\/\/matyodesign.hu\/termek\/lezser_polo\/#breadcrumb\",\"itemListElement\":[{\"@type\":\"ListItem\",\"position\":1,\"name\":\"Kezd\u0151lap\",\"item\":\"https:\/\/matyodesign.hu\/\"},{\"@type\":\"ListItem\",\"position\":2,\"name\":\"Webshop\",\"item\":\"https:\/\/matyodesign.hu\/webshop\/\"},{\"@type\":\"ListItem\",\"position\":3,\"name\":\"LEZSER P\u00d3L\u00d3\"}]},{\"@type\":\"WebSite\",\"@id\":\"https:\/\/matyodesign.hu\/#website\",\"url\":\"https:\/\/matyodesign.hu\/\",\"name\":\"matyodesign\",\"description\":\"K\u00e9zzel. Szeretettel. Neked.\",\"potentialAction\":[{\"@type\":\"SearchAction\",\"target\":{\"@type\":\"EntryPoint\",\"urlTemplate\":\"https:\/\/matyodesign.hu\/?s={search_term_string}\"},\"query-input\":{\"@type\":\"PropertyValueSpecification\",\"valueRequired\":true,\"valueName\":\"search_term_string\"}}],\"inLanguage\":\"en-GB\"}]}<\/script>\n<!-- \/ Yoast SEO plugin. -->","yoast_head_json":{"title":"Lezser h\u00edmzett, maty\u00f3 p\u00f3l\u00f3 \u2013 Matyodesign Webshop","description":"\u00dcnnepeld a tavaszt ezzel a laza, h\u00edmzett p\u00f3l\u00f3val! A vir\u00e1gos h\u00edmz\u00e9s a v\u00e1lladon, visszafogott st\u00edlusban. V\u00e1s\u00e1rolj most a Matyodesign-t\u00f3l!","robots":{"index":"index","follow":"follow","max-snippet":"max-snippet:-1","max-image-preview":"max-image-preview:large","max-video-preview":"max-video-preview:-1"},"canonical":"https:\/\/matyodesign.hu\/en\/product\/casual-t-shirt\/","og_locale":"en_GB","og_type":"article","og_title":"Lezser h\u00edmzett, maty\u00f3 p\u00f3l\u00f3 \u2013 Matyodesign Webshop","og_description":"\u00dcnnepeld a tavaszt ezzel a laza, h\u00edmzett p\u00f3l\u00f3val! A vir\u00e1gos h\u00edmz\u00e9s a v\u00e1lladon, visszafogott st\u00edlusban. V\u00e1s\u00e1rolj most a Matyodesign-t\u00f3l!","og_url":"https:\/\/matyodesign.hu\/en\/product\/casual-t-shirt\/","og_site_name":"matyodesign","article_modified_time":"2026-03-11T07:37:59+00:00","og_image":[{"width":1000,"height":1000,"url":"https:\/\/matyodesign.hu\/wp-content\/uploads\/2024\/02\/polo_khaki_6.jpg","type":"image\/jpeg"}],"twitter_card":"summary_large_image","twitter_misc":{"Estimated reading time":"1 minute"},"schema":{"@context":"https:\/\/schema.org","@graph":[{"@type":"WebPage","@id":"https:\/\/matyodesign.hu\/termek\/lezser_polo\/","url":"https:\/\/matyodesign.hu\/termek\/lezser_polo\/","name":"Lezser h\u00edmzett, maty\u00f3 p\u00f3l\u00f3 \u2013 Matyodesign Webshop","isPartOf":{"@id":"https:\/\/matyodesign.hu\/#website"},"primaryImageOfPage":{"@id":"https:\/\/matyodesign.hu\/termek\/lezser_polo\/#primaryimage"},"image":{"@id":"https:\/\/matyodesign.hu\/termek\/lezser_polo\/#primaryimage"},"thumbnailUrl":"https:\/\/matyodesign.hu\/wp-content\/uploads\/2024\/02\/polo_khaki_6.jpg","datePublished":"2024-05-29T09:11:47+00:00","dateModified":"2026-03-11T07:37:59+00:00","description":"\u00dcnnepeld a tavaszt ezzel a laza, h\u00edmzett p\u00f3l\u00f3val! A vir\u00e1gos h\u00edmz\u00e9s a v\u00e1lladon, visszafogott st\u00edlusban. V\u00e1s\u00e1rolj most a Matyodesign-t\u00f3l!","breadcrumb":{"@id":"https:\/\/matyodesign.hu\/termek\/lezser_polo\/#breadcrumb"},"inLanguage":"en-GB","potentialAction":[{"@type":"ReadAction","target":["https:\/\/matyodesign.hu\/termek\/lezser_polo\/"]}]},{"@type":"ImageObject","inLanguage":"en-GB","@id":"https:\/\/matyodesign.hu\/termek\/lezser_polo\/#primaryimage","url":"https:\/\/matyodesign.hu\/wp-content\/uploads\/2024\/02\/polo_khaki_6.jpg","contentUrl":"https:\/\/matyodesign.hu\/wp-content\/uploads\/2024\/02\/polo_khaki_6.jpg","width":1000,"height":1000,"caption":"P\u00f3l\u00f3 lezser keki, h\u00edmzett bl\u00faz webshop"},{"@type":"BreadcrumbList","@id":"https:\/\/matyodesign.hu\/termek\/lezser_polo\/#breadcrumb","itemListElement":[{"@type":"ListItem","position":1,"name":"Kezd\u0151lap","item":"https:\/\/matyodesign.hu\/"},{"@type":"ListItem","position":2,"name":"Webshop","item":"https:\/\/matyodesign.hu\/webshop\/"},{"@type":"ListItem","position":3,"name":"LEZSER P\u00d3L\u00d3"}]},{"@type":"WebSite","@id":"https:\/\/matyodesign.hu\/#website","url":"https:\/\/matyodesign.hu\/","name":"matyodesign","description":"K\u00e9zzel. Szeretettel. Neked.","potentialAction":[{"@type":"SearchAction","target":{"@type":"EntryPoint","urlTemplate":"https:\/\/matyodesign.hu\/?s={search_term_string}"},"query-input":{"@type":"PropertyValueSpecification","valueRequired":true,"valueName":"search_term_string"}}],"inLanguage":"en-GB"}]}},"_links":{"self":[{"href":"https:\/\/matyodesign.hu\/en\/wp-json\/wp\/v2\/product\/100097","targetHints":{"allow":["GET"]}}],"collection":[{"href":"https:\/\/matyodesign.hu\/en\/wp-json\/wp\/v2\/product"}],"about":[{"href":"https:\/\/matyodesign.hu\/en\/wp-json\/wp\/v2\/types\/product"}],"wp:featuredmedia":[{"embeddable":true,"href":"https:\/\/matyodesign.hu\/en\/wp-json\/wp\/v2\/media\/98830"}],"wp:attachment":[{"href":"https:\/\/matyodesign.hu\/en\/wp-json\/wp\/v2\/media?parent=100097"}],"wp:term":[{"taxonomy":"product_brand","embeddable":true,"href":"https:\/\/matyodesign.hu\/en\/wp-json\/wp\/v2\/product_brand?post=100097"},{"taxonomy":"product_cat","embeddable":true,"href":"https:\/\/matyodesign.hu\/en\/wp-json\/wp\/v2\/product_cat?post=100097"},{"taxonomy":"product_tag","embeddable":true,"href":"https:\/\/matyodesign.hu\/en\/wp-json\/wp\/v2\/product_tag?post=100097"}],"curies":[{"name":"wp","href":"https:\/\/api.w.org\/{rel}","templated":true}]}}