{"id":100115,"date":"2024-05-29T11:12:47","date_gmt":"2024-05-29T09:12:47","guid":{"rendered":"https:\/\/2024.matyodesign.hu\/?post_type=product&#038;p=100115"},"modified":"2026-04-08T13:33:03","modified_gmt":"2026-04-08T11:33:03","slug":"szivarvany-polo-ferfi","status":"publish","type":"product","link":"https:\/\/matyodesign.hu\/en\/product\/t-shirt-with-rainbow-man\/","title":{"rendered":"T-SHIRTS WITH RAINBOW \u2013 for man"},"content":{"rendered":"","protected":false},"excerpt":{"rendered":"<div dir=\"auto\">At matyodesign, we believe that just as the world is diverse, so is our society. We believe in openness, love, dialogue, knowing and respecting each other, tolerance.<\/div>\n<div dir=\"auto\">Here in the Tard we like colour. <span class=\"pq6dq46d tbxw36s4 knj5qynh kvgmc6g5 ditlmg2l oygrvhab nvdbi5me sf5mxxl7 gl3lb2sf hhz5lgdu\"><img loading=\"lazy\" decoding=\"async\" src=\"https:\/\/static.xx.fbcdn.net\/images\/emoji.php\/v9\/tb2\/2\/16\/1f308.png\" alt=\"\ud83c\udf08\" width=\"16\" height=\"16\" \/><\/span><\/div>\n<div dir=\"auto\"><\/div>\n<div dir=\"auto\"><\/div>\n<p>&nbsp;<\/p>\n<p>&nbsp;<\/p>","protected":false},"featured_media":98886,"template":"","meta":[],"product_brand":[],"product_cat":[299],"product_tag":[],"class_list":{"0":"post-100115","1":"product","2":"type-product","3":"status-publish","4":"has-post-thumbnail","6":"product_cat-ferfiaknak","8":"first","9":"instock","10":"featured","11":"shipping-taxable","12":"purchasable","13":"product-type-variable"},"yoast_head":"<!-- This site is optimized with the Yoast SEO plugin v27.0 - https:\/\/yoast.com\/product\/yoast-seo-wordpress\/ -->\n<title>Sziv\u00e1rv\u00e1ny p\u00f3l\u00f3k \u2013 F\u00e9rfi, egyedi h\u00edmzett p\u00f3l\u00f3<\/title>\n<meta name=\"description\" content=\"Fedezd fel a Matyodesign f\u00e9rfi sziv\u00e1rv\u00e1ny p\u00f3l\u00f3it! Egyedi h\u00edmz\u00e9s, soksz\u00edn\u0171s\u00e9g, szeretet \u00e9s tolerancia a divatban \u2013 a vil\u00e1g sz\u00ednes oldal\u00e1n.\" \/>\n<meta name=\"robots\" content=\"index, follow, max-snippet:-1, max-image-preview:large, max-video-preview:-1\" \/>\n<link rel=\"canonical\" href=\"https:\/\/matyodesign.hu\/en\/product\/t-shirt-with-rainbow-man\/\" \/>\n<meta property=\"og:locale\" content=\"en_GB\" \/>\n<meta property=\"og:type\" content=\"article\" \/>\n<meta property=\"og:title\" content=\"Sziv\u00e1rv\u00e1ny p\u00f3l\u00f3k \u2013 F\u00e9rfi, egyedi h\u00edmzett p\u00f3l\u00f3\" \/>\n<meta property=\"og:description\" content=\"Fedezd fel a Matyodesign f\u00e9rfi sziv\u00e1rv\u00e1ny p\u00f3l\u00f3it! Egyedi h\u00edmz\u00e9s, soksz\u00edn\u0171s\u00e9g, szeretet \u00e9s tolerancia a divatban \u2013 a vil\u00e1g sz\u00ednes oldal\u00e1n.\" \/>\n<meta property=\"og:url\" content=\"https:\/\/matyodesign.hu\/en\/product\/t-shirt-with-rainbow-man\/\" \/>\n<meta property=\"og:site_name\" content=\"matyodesign\" \/>\n<meta property=\"article:modified_time\" content=\"2026-04-08T11:33:03+00:00\" \/>\n<meta property=\"og:image\" content=\"https:\/\/matyodesign.hu\/wp-content\/uploads\/2024\/02\/rainbow_man_black.jpg\" \/>\n\t<meta property=\"og:image:width\" content=\"1000\" \/>\n\t<meta property=\"og:image:height\" content=\"1000\" \/>\n\t<meta property=\"og:image:type\" content=\"image\/jpeg\" \/>\n<meta name=\"twitter:card\" content=\"summary_large_image\" \/>\n<meta name=\"twitter:label1\" content=\"Estimated reading time\" \/>\n\t<meta name=\"twitter:data1\" content=\"1 minute\" \/>\n<script type=\"application\/ld+json\" class=\"yoast-schema-graph\">{\"@context\":\"https:\/\/schema.org\",\"@graph\":[{\"@type\":\"WebPage\",\"@id\":\"https:\/\/matyodesign.hu\/termek\/szivarvany-polo-ferfi\/\",\"url\":\"https:\/\/matyodesign.hu\/termek\/szivarvany-polo-ferfi\/\",\"name\":\"Sziv\u00e1rv\u00e1ny p\u00f3l\u00f3k \u2013 F\u00e9rfi, egyedi h\u00edmzett p\u00f3l\u00f3\",\"isPartOf\":{\"@id\":\"https:\/\/matyodesign.hu\/#website\"},\"primaryImageOfPage\":{\"@id\":\"https:\/\/matyodesign.hu\/termek\/szivarvany-polo-ferfi\/#primaryimage\"},\"image\":{\"@id\":\"https:\/\/matyodesign.hu\/termek\/szivarvany-polo-ferfi\/#primaryimage\"},\"thumbnailUrl\":\"https:\/\/matyodesign.hu\/wp-content\/uploads\/2024\/02\/rainbow_man_black.jpg\",\"datePublished\":\"2024-05-29T09:12:47+00:00\",\"dateModified\":\"2026-04-08T11:33:03+00:00\",\"description\":\"Fedezd fel a Matyodesign f\u00e9rfi sziv\u00e1rv\u00e1ny p\u00f3l\u00f3it! Egyedi h\u00edmz\u00e9s, soksz\u00edn\u0171s\u00e9g, szeretet \u00e9s tolerancia a divatban \u2013 a vil\u00e1g sz\u00ednes oldal\u00e1n.\",\"breadcrumb\":{\"@id\":\"https:\/\/matyodesign.hu\/termek\/szivarvany-polo-ferfi\/#breadcrumb\"},\"inLanguage\":\"en-GB\",\"potentialAction\":[{\"@type\":\"ReadAction\",\"target\":[\"https:\/\/matyodesign.hu\/termek\/szivarvany-polo-ferfi\/\"]}]},{\"@type\":\"ImageObject\",\"inLanguage\":\"en-GB\",\"@id\":\"https:\/\/matyodesign.hu\/termek\/szivarvany-polo-ferfi\/#primaryimage\",\"url\":\"https:\/\/matyodesign.hu\/wp-content\/uploads\/2024\/02\/rainbow_man_black.jpg\",\"contentUrl\":\"https:\/\/matyodesign.hu\/wp-content\/uploads\/2024\/02\/rainbow_man_black.jpg\",\"width\":1000,\"height\":1000,\"caption\":\"P\u00f3l\u00f3 sziv\u00e1rv\u00e1ny fekete, h\u00edmzett bl\u00faz webshop\"},{\"@type\":\"BreadcrumbList\",\"@id\":\"https:\/\/matyodesign.hu\/termek\/szivarvany-polo-ferfi\/#breadcrumb\",\"itemListElement\":[{\"@type\":\"ListItem\",\"position\":1,\"name\":\"Kezd\u0151lap\",\"item\":\"https:\/\/matyodesign.hu\/\"},{\"@type\":\"ListItem\",\"position\":2,\"name\":\"Webshop\",\"item\":\"https:\/\/matyodesign.hu\/webshop\/\"},{\"@type\":\"ListItem\",\"position\":3,\"name\":\"SZIV\u00c1RV\u00c1NY P\u00d3L\u00d3K &#8211; F\u00c9RFI\"}]},{\"@type\":\"WebSite\",\"@id\":\"https:\/\/matyodesign.hu\/#website\",\"url\":\"https:\/\/matyodesign.hu\/\",\"name\":\"matyodesign\",\"description\":\"K\u00e9zzel. Szeretettel. Neked.\",\"potentialAction\":[{\"@type\":\"SearchAction\",\"target\":{\"@type\":\"EntryPoint\",\"urlTemplate\":\"https:\/\/matyodesign.hu\/?s={search_term_string}\"},\"query-input\":{\"@type\":\"PropertyValueSpecification\",\"valueRequired\":true,\"valueName\":\"search_term_string\"}}],\"inLanguage\":\"en-GB\"}]}<\/script>\n<!-- \/ Yoast SEO plugin. -->","yoast_head_json":{"title":"Sziv\u00e1rv\u00e1ny p\u00f3l\u00f3k \u2013 F\u00e9rfi, egyedi h\u00edmzett p\u00f3l\u00f3","description":"Fedezd fel a Matyodesign f\u00e9rfi sziv\u00e1rv\u00e1ny p\u00f3l\u00f3it! Egyedi h\u00edmz\u00e9s, soksz\u00edn\u0171s\u00e9g, szeretet \u00e9s tolerancia a divatban \u2013 a vil\u00e1g sz\u00ednes oldal\u00e1n.","robots":{"index":"index","follow":"follow","max-snippet":"max-snippet:-1","max-image-preview":"max-image-preview:large","max-video-preview":"max-video-preview:-1"},"canonical":"https:\/\/matyodesign.hu\/en\/product\/t-shirt-with-rainbow-man\/","og_locale":"en_GB","og_type":"article","og_title":"Sziv\u00e1rv\u00e1ny p\u00f3l\u00f3k \u2013 F\u00e9rfi, egyedi h\u00edmzett p\u00f3l\u00f3","og_description":"Fedezd fel a Matyodesign f\u00e9rfi sziv\u00e1rv\u00e1ny p\u00f3l\u00f3it! Egyedi h\u00edmz\u00e9s, soksz\u00edn\u0171s\u00e9g, szeretet \u00e9s tolerancia a divatban \u2013 a vil\u00e1g sz\u00ednes oldal\u00e1n.","og_url":"https:\/\/matyodesign.hu\/en\/product\/t-shirt-with-rainbow-man\/","og_site_name":"matyodesign","article_modified_time":"2026-04-08T11:33:03+00:00","og_image":[{"width":1000,"height":1000,"url":"https:\/\/matyodesign.hu\/wp-content\/uploads\/2024\/02\/rainbow_man_black.jpg","type":"image\/jpeg"}],"twitter_card":"summary_large_image","twitter_misc":{"Estimated reading time":"1 minute"},"schema":{"@context":"https:\/\/schema.org","@graph":[{"@type":"WebPage","@id":"https:\/\/matyodesign.hu\/termek\/szivarvany-polo-ferfi\/","url":"https:\/\/matyodesign.hu\/termek\/szivarvany-polo-ferfi\/","name":"Sziv\u00e1rv\u00e1ny p\u00f3l\u00f3k \u2013 F\u00e9rfi, egyedi h\u00edmzett p\u00f3l\u00f3","isPartOf":{"@id":"https:\/\/matyodesign.hu\/#website"},"primaryImageOfPage":{"@id":"https:\/\/matyodesign.hu\/termek\/szivarvany-polo-ferfi\/#primaryimage"},"image":{"@id":"https:\/\/matyodesign.hu\/termek\/szivarvany-polo-ferfi\/#primaryimage"},"thumbnailUrl":"https:\/\/matyodesign.hu\/wp-content\/uploads\/2024\/02\/rainbow_man_black.jpg","datePublished":"2024-05-29T09:12:47+00:00","dateModified":"2026-04-08T11:33:03+00:00","description":"Fedezd fel a Matyodesign f\u00e9rfi sziv\u00e1rv\u00e1ny p\u00f3l\u00f3it! Egyedi h\u00edmz\u00e9s, soksz\u00edn\u0171s\u00e9g, szeretet \u00e9s tolerancia a divatban \u2013 a vil\u00e1g sz\u00ednes oldal\u00e1n.","breadcrumb":{"@id":"https:\/\/matyodesign.hu\/termek\/szivarvany-polo-ferfi\/#breadcrumb"},"inLanguage":"en-GB","potentialAction":[{"@type":"ReadAction","target":["https:\/\/matyodesign.hu\/termek\/szivarvany-polo-ferfi\/"]}]},{"@type":"ImageObject","inLanguage":"en-GB","@id":"https:\/\/matyodesign.hu\/termek\/szivarvany-polo-ferfi\/#primaryimage","url":"https:\/\/matyodesign.hu\/wp-content\/uploads\/2024\/02\/rainbow_man_black.jpg","contentUrl":"https:\/\/matyodesign.hu\/wp-content\/uploads\/2024\/02\/rainbow_man_black.jpg","width":1000,"height":1000,"caption":"P\u00f3l\u00f3 sziv\u00e1rv\u00e1ny fekete, h\u00edmzett bl\u00faz webshop"},{"@type":"BreadcrumbList","@id":"https:\/\/matyodesign.hu\/termek\/szivarvany-polo-ferfi\/#breadcrumb","itemListElement":[{"@type":"ListItem","position":1,"name":"Kezd\u0151lap","item":"https:\/\/matyodesign.hu\/"},{"@type":"ListItem","position":2,"name":"Webshop","item":"https:\/\/matyodesign.hu\/webshop\/"},{"@type":"ListItem","position":3,"name":"SZIV\u00c1RV\u00c1NY P\u00d3L\u00d3K &#8211; F\u00c9RFI"}]},{"@type":"WebSite","@id":"https:\/\/matyodesign.hu\/#website","url":"https:\/\/matyodesign.hu\/","name":"matyodesign","description":"K\u00e9zzel. Szeretettel. Neked.","potentialAction":[{"@type":"SearchAction","target":{"@type":"EntryPoint","urlTemplate":"https:\/\/matyodesign.hu\/?s={search_term_string}"},"query-input":{"@type":"PropertyValueSpecification","valueRequired":true,"valueName":"search_term_string"}}],"inLanguage":"en-GB"}]}},"_links":{"self":[{"href":"https:\/\/matyodesign.hu\/en\/wp-json\/wp\/v2\/product\/100115","targetHints":{"allow":["GET"]}}],"collection":[{"href":"https:\/\/matyodesign.hu\/en\/wp-json\/wp\/v2\/product"}],"about":[{"href":"https:\/\/matyodesign.hu\/en\/wp-json\/wp\/v2\/types\/product"}],"wp:featuredmedia":[{"embeddable":true,"href":"https:\/\/matyodesign.hu\/en\/wp-json\/wp\/v2\/media\/98886"}],"wp:attachment":[{"href":"https:\/\/matyodesign.hu\/en\/wp-json\/wp\/v2\/media?parent=100115"}],"wp:term":[{"taxonomy":"product_brand","embeddable":true,"href":"https:\/\/matyodesign.hu\/en\/wp-json\/wp\/v2\/product_brand?post=100115"},{"taxonomy":"product_cat","embeddable":true,"href":"https:\/\/matyodesign.hu\/en\/wp-json\/wp\/v2\/product_cat?post=100115"},{"taxonomy":"product_tag","embeddable":true,"href":"https:\/\/matyodesign.hu\/en\/wp-json\/wp\/v2\/product_tag?post=100115"}],"curies":[{"name":"wp","href":"https:\/\/api.w.org\/{rel}","templated":true}]}}