{"id":100117,"date":"2024-09-30T22:40:49","date_gmt":"2024-09-30T20:40:49","guid":{"rendered":"https:\/\/2024.matyodesign.hu\/?post_type=product&#038;p=100117"},"modified":"2026-04-01T08:38:42","modified_gmt":"2026-04-01T06:38:42","slug":"hosszu-mellenyek-6","status":"publish","type":"product","link":"https:\/\/matyodesign.hu\/en\/product\/waistcoat\/","title":{"rendered":"WAISTCOATS"},"content":{"rendered":"","protected":false},"excerpt":{"rendered":"<p>For cooler days, here's this beautiful, fluffy-soft, hand-embroidered vest that you can also wear as a sleeveless jacket. Casual yet elegant, you can even wear it to a concert\/theatre.<\/p>\n<div>\n<p>It was sewn and hand embroidered by the women of Tard in our sewing room.<\/p>\n<\/div>\n<p>Available in one size!<\/p>\n<p>&nbsp;<\/p>","protected":false},"featured_media":98965,"template":"","meta":[],"product_brand":[],"product_cat":[79,371],"product_tag":[],"class_list":{"0":"post-100117","1":"product","2":"type-product","3":"status-publish","4":"has-post-thumbnail","6":"product_cat-noknek","7":"product_cat-mellenyek","9":"first","10":"instock","11":"shipping-taxable","12":"purchasable","13":"product-type-variable"},"yoast_head":"<!-- This site is optimized with the Yoast SEO plugin v27.0 - https:\/\/yoast.com\/product\/yoast-seo-wordpress\/ -->\n<title>H\u00edmzett, egyedi maty\u00f3 mell\u00e9ny \u2013 Matyodesign<\/title>\n<meta name=\"description\" content=\"Fedezd fel a h\u00edmzett hossz\u00fa mell\u00e9nyt, amely a maty\u00f3 h\u00edmz\u00e9s var\u00e1zs\u00e1t \u00e9s a k\u00e9zzel h\u00edmzett ruh\u00e1k eleganci\u00e1j\u00e1t hozza. K\u00e9nyelmes, st\u00edlusos n\u0151i ruha.\" \/>\n<meta name=\"robots\" content=\"index, follow, max-snippet:-1, max-image-preview:large, max-video-preview:-1\" \/>\n<link rel=\"canonical\" href=\"https:\/\/matyodesign.hu\/en\/product\/waistcoat\/\" \/>\n<meta property=\"og:locale\" content=\"en_GB\" \/>\n<meta property=\"og:type\" content=\"article\" \/>\n<meta property=\"og:title\" content=\"H\u00edmzett, egyedi maty\u00f3 mell\u00e9ny \u2013 Matyodesign\" \/>\n<meta property=\"og:description\" content=\"Fedezd fel a h\u00edmzett hossz\u00fa mell\u00e9nyt, amely a maty\u00f3 h\u00edmz\u00e9s var\u00e1zs\u00e1t \u00e9s a k\u00e9zzel h\u00edmzett ruh\u00e1k eleganci\u00e1j\u00e1t hozza. K\u00e9nyelmes, st\u00edlusos n\u0151i ruha.\" \/>\n<meta property=\"og:url\" content=\"https:\/\/matyodesign.hu\/en\/product\/waistcoat\/\" \/>\n<meta property=\"og:site_name\" content=\"matyodesign\" \/>\n<meta property=\"article:modified_time\" content=\"2026-04-01T06:38:42+00:00\" \/>\n<meta property=\"og:image\" content=\"https:\/\/matyodesign.hu\/wp-content\/uploads\/2024\/02\/melleny_szurke_2.png\" \/>\n\t<meta property=\"og:image:width\" content=\"1000\" \/>\n\t<meta property=\"og:image:height\" content=\"1000\" \/>\n\t<meta property=\"og:image:type\" content=\"image\/png\" \/>\n<meta name=\"twitter:card\" content=\"summary_large_image\" \/>\n<meta name=\"twitter:label1\" content=\"Estimated reading time\" \/>\n\t<meta name=\"twitter:data1\" content=\"1 minute\" \/>\n<script type=\"application\/ld+json\" class=\"yoast-schema-graph\">{\"@context\":\"https:\/\/schema.org\",\"@graph\":[{\"@type\":\"WebPage\",\"@id\":\"https:\/\/matyodesign.hu\/termek\/hosszu-mellenyek-6\/\",\"url\":\"https:\/\/matyodesign.hu\/termek\/hosszu-mellenyek-6\/\",\"name\":\"H\u00edmzett, egyedi maty\u00f3 mell\u00e9ny \u2013 Matyodesign\",\"isPartOf\":{\"@id\":\"https:\/\/matyodesign.hu\/#website\"},\"primaryImageOfPage\":{\"@id\":\"https:\/\/matyodesign.hu\/termek\/hosszu-mellenyek-6\/#primaryimage\"},\"image\":{\"@id\":\"https:\/\/matyodesign.hu\/termek\/hosszu-mellenyek-6\/#primaryimage\"},\"thumbnailUrl\":\"https:\/\/matyodesign.hu\/wp-content\/uploads\/2024\/02\/melleny_szurke_2.png\",\"datePublished\":\"2024-09-30T20:40:49+00:00\",\"dateModified\":\"2026-04-01T06:38:42+00:00\",\"description\":\"Fedezd fel a h\u00edmzett hossz\u00fa mell\u00e9nyt, amely a maty\u00f3 h\u00edmz\u00e9s var\u00e1zs\u00e1t \u00e9s a k\u00e9zzel h\u00edmzett ruh\u00e1k eleganci\u00e1j\u00e1t hozza. K\u00e9nyelmes, st\u00edlusos n\u0151i ruha.\",\"breadcrumb\":{\"@id\":\"https:\/\/matyodesign.hu\/termek\/hosszu-mellenyek-6\/#breadcrumb\"},\"inLanguage\":\"en-GB\",\"potentialAction\":[{\"@type\":\"ReadAction\",\"target\":[\"https:\/\/matyodesign.hu\/termek\/hosszu-mellenyek-6\/\"]}]},{\"@type\":\"ImageObject\",\"inLanguage\":\"en-GB\",\"@id\":\"https:\/\/matyodesign.hu\/termek\/hosszu-mellenyek-6\/#primaryimage\",\"url\":\"https:\/\/matyodesign.hu\/wp-content\/uploads\/2024\/02\/melleny_szurke_2.png\",\"contentUrl\":\"https:\/\/matyodesign.hu\/wp-content\/uploads\/2024\/02\/melleny_szurke_2.png\",\"width\":1000,\"height\":1000,\"caption\":\"Mell\u00e9ny fekete sz\u00fcrke, magyar h\u00edmzett ruha\"},{\"@type\":\"BreadcrumbList\",\"@id\":\"https:\/\/matyodesign.hu\/termek\/hosszu-mellenyek-6\/#breadcrumb\",\"itemListElement\":[{\"@type\":\"ListItem\",\"position\":1,\"name\":\"Kezd\u0151lap\",\"item\":\"https:\/\/matyodesign.hu\/\"},{\"@type\":\"ListItem\",\"position\":2,\"name\":\"Webshop\",\"item\":\"https:\/\/matyodesign.hu\/webshop\/\"},{\"@type\":\"ListItem\",\"position\":3,\"name\":\"HOSSZ\u00da MELL\u00c9NYEK\"}]},{\"@type\":\"WebSite\",\"@id\":\"https:\/\/matyodesign.hu\/#website\",\"url\":\"https:\/\/matyodesign.hu\/\",\"name\":\"matyodesign\",\"description\":\"K\u00e9zzel. Szeretettel. Neked.\",\"potentialAction\":[{\"@type\":\"SearchAction\",\"target\":{\"@type\":\"EntryPoint\",\"urlTemplate\":\"https:\/\/matyodesign.hu\/?s={search_term_string}\"},\"query-input\":{\"@type\":\"PropertyValueSpecification\",\"valueRequired\":true,\"valueName\":\"search_term_string\"}}],\"inLanguage\":\"en-GB\"}]}<\/script>\n<!-- \/ Yoast SEO plugin. -->","yoast_head_json":{"title":"H\u00edmzett, egyedi maty\u00f3 mell\u00e9ny \u2013 Matyodesign","description":"Fedezd fel a h\u00edmzett hossz\u00fa mell\u00e9nyt, amely a maty\u00f3 h\u00edmz\u00e9s var\u00e1zs\u00e1t \u00e9s a k\u00e9zzel h\u00edmzett ruh\u00e1k eleganci\u00e1j\u00e1t hozza. K\u00e9nyelmes, st\u00edlusos n\u0151i ruha.","robots":{"index":"index","follow":"follow","max-snippet":"max-snippet:-1","max-image-preview":"max-image-preview:large","max-video-preview":"max-video-preview:-1"},"canonical":"https:\/\/matyodesign.hu\/en\/product\/waistcoat\/","og_locale":"en_GB","og_type":"article","og_title":"H\u00edmzett, egyedi maty\u00f3 mell\u00e9ny \u2013 Matyodesign","og_description":"Fedezd fel a h\u00edmzett hossz\u00fa mell\u00e9nyt, amely a maty\u00f3 h\u00edmz\u00e9s var\u00e1zs\u00e1t \u00e9s a k\u00e9zzel h\u00edmzett ruh\u00e1k eleganci\u00e1j\u00e1t hozza. K\u00e9nyelmes, st\u00edlusos n\u0151i ruha.","og_url":"https:\/\/matyodesign.hu\/en\/product\/waistcoat\/","og_site_name":"matyodesign","article_modified_time":"2026-04-01T06:38:42+00:00","og_image":[{"width":1000,"height":1000,"url":"https:\/\/matyodesign.hu\/wp-content\/uploads\/2024\/02\/melleny_szurke_2.png","type":"image\/png"}],"twitter_card":"summary_large_image","twitter_misc":{"Estimated reading time":"1 minute"},"schema":{"@context":"https:\/\/schema.org","@graph":[{"@type":"WebPage","@id":"https:\/\/matyodesign.hu\/termek\/hosszu-mellenyek-6\/","url":"https:\/\/matyodesign.hu\/termek\/hosszu-mellenyek-6\/","name":"H\u00edmzett, egyedi maty\u00f3 mell\u00e9ny \u2013 Matyodesign","isPartOf":{"@id":"https:\/\/matyodesign.hu\/#website"},"primaryImageOfPage":{"@id":"https:\/\/matyodesign.hu\/termek\/hosszu-mellenyek-6\/#primaryimage"},"image":{"@id":"https:\/\/matyodesign.hu\/termek\/hosszu-mellenyek-6\/#primaryimage"},"thumbnailUrl":"https:\/\/matyodesign.hu\/wp-content\/uploads\/2024\/02\/melleny_szurke_2.png","datePublished":"2024-09-30T20:40:49+00:00","dateModified":"2026-04-01T06:38:42+00:00","description":"Fedezd fel a h\u00edmzett hossz\u00fa mell\u00e9nyt, amely a maty\u00f3 h\u00edmz\u00e9s var\u00e1zs\u00e1t \u00e9s a k\u00e9zzel h\u00edmzett ruh\u00e1k eleganci\u00e1j\u00e1t hozza. K\u00e9nyelmes, st\u00edlusos n\u0151i ruha.","breadcrumb":{"@id":"https:\/\/matyodesign.hu\/termek\/hosszu-mellenyek-6\/#breadcrumb"},"inLanguage":"en-GB","potentialAction":[{"@type":"ReadAction","target":["https:\/\/matyodesign.hu\/termek\/hosszu-mellenyek-6\/"]}]},{"@type":"ImageObject","inLanguage":"en-GB","@id":"https:\/\/matyodesign.hu\/termek\/hosszu-mellenyek-6\/#primaryimage","url":"https:\/\/matyodesign.hu\/wp-content\/uploads\/2024\/02\/melleny_szurke_2.png","contentUrl":"https:\/\/matyodesign.hu\/wp-content\/uploads\/2024\/02\/melleny_szurke_2.png","width":1000,"height":1000,"caption":"Mell\u00e9ny fekete sz\u00fcrke, magyar h\u00edmzett ruha"},{"@type":"BreadcrumbList","@id":"https:\/\/matyodesign.hu\/termek\/hosszu-mellenyek-6\/#breadcrumb","itemListElement":[{"@type":"ListItem","position":1,"name":"Kezd\u0151lap","item":"https:\/\/matyodesign.hu\/"},{"@type":"ListItem","position":2,"name":"Webshop","item":"https:\/\/matyodesign.hu\/webshop\/"},{"@type":"ListItem","position":3,"name":"HOSSZ\u00da MELL\u00c9NYEK"}]},{"@type":"WebSite","@id":"https:\/\/matyodesign.hu\/#website","url":"https:\/\/matyodesign.hu\/","name":"matyodesign","description":"K\u00e9zzel. Szeretettel. Neked.","potentialAction":[{"@type":"SearchAction","target":{"@type":"EntryPoint","urlTemplate":"https:\/\/matyodesign.hu\/?s={search_term_string}"},"query-input":{"@type":"PropertyValueSpecification","valueRequired":true,"valueName":"search_term_string"}}],"inLanguage":"en-GB"}]}},"_links":{"self":[{"href":"https:\/\/matyodesign.hu\/en\/wp-json\/wp\/v2\/product\/100117","targetHints":{"allow":["GET"]}}],"collection":[{"href":"https:\/\/matyodesign.hu\/en\/wp-json\/wp\/v2\/product"}],"about":[{"href":"https:\/\/matyodesign.hu\/en\/wp-json\/wp\/v2\/types\/product"}],"wp:featuredmedia":[{"embeddable":true,"href":"https:\/\/matyodesign.hu\/en\/wp-json\/wp\/v2\/media\/98965"}],"wp:attachment":[{"href":"https:\/\/matyodesign.hu\/en\/wp-json\/wp\/v2\/media?parent=100117"}],"wp:term":[{"taxonomy":"product_brand","embeddable":true,"href":"https:\/\/matyodesign.hu\/en\/wp-json\/wp\/v2\/product_brand?post=100117"},{"taxonomy":"product_cat","embeddable":true,"href":"https:\/\/matyodesign.hu\/en\/wp-json\/wp\/v2\/product_cat?post=100117"},{"taxonomy":"product_tag","embeddable":true,"href":"https:\/\/matyodesign.hu\/en\/wp-json\/wp\/v2\/product_tag?post=100117"}],"curies":[{"name":"wp","href":"https:\/\/api.w.org\/{rel}","templated":true}]}}