{"id":100390,"date":"2024-05-29T11:30:58","date_gmt":"2024-05-29T09:30:58","guid":{"rendered":"https:\/\/2024.matyodesign.hu\/?post_type=product&#038;p=100390"},"modified":"2026-02-10T10:43:44","modified_gmt":"2026-02-10T09:43:44","slug":"kapucnis-kardigan-9","status":"publish","type":"product","link":"https:\/\/matyodesign.hu\/en\/product\/soft-cardigan\/","title":{"rendered":"SOFT CARDIGAN"},"content":{"rendered":"","protected":false},"excerpt":{"rendered":"<p>Let Matyodesigns stylish cardigans,accompany you all year long, Perfect for a concert, excursion, work and any occasion that you can think of.\nWhy choose between comfort and feminity when you can have both.<\/p>","protected":false},"featured_media":99323,"template":"","meta":[],"product_brand":[],"product_cat":[79,370],"product_tag":[],"class_list":{"0":"post-100390","1":"product","2":"type-product","3":"status-publish","4":"has-post-thumbnail","6":"product_cat-noknek","7":"product_cat-puloverek","9":"first","10":"instock","11":"shipping-taxable","12":"purchasable","13":"product-type-variable"},"yoast_head":"<!-- This site is optimized with the Yoast SEO plugin v27.0 - https:\/\/yoast.com\/product\/yoast-seo-wordpress\/ -->\n<title>H\u00edmzett kapucnis kardig\u00e1n \u2013 Matyodesign \u2013 N\u0151i divat<\/title>\n<meta name=\"description\" content=\"T\u00f6k\u00e9letes h\u00edmzett kapucnis kardig\u00e1n a tavaszi \u00e9s \u0151szi napokra. K\u00e9nyelem \u00e9s n\u0151iess\u00e9g egyes\u00edtve! V\u00e1s\u00e1rolj most Matyodesign webshopunkban!\" \/>\n<meta name=\"robots\" content=\"index, follow, max-snippet:-1, max-image-preview:large, max-video-preview:-1\" \/>\n<link rel=\"canonical\" href=\"https:\/\/matyodesign.hu\/en\/product\/soft-cardigan\/\" \/>\n<meta property=\"og:locale\" content=\"en_GB\" \/>\n<meta property=\"og:type\" content=\"article\" \/>\n<meta property=\"og:title\" content=\"H\u00edmzett kapucnis kardig\u00e1n \u2013 Matyodesign \u2013 N\u0151i divat\" \/>\n<meta property=\"og:description\" content=\"T\u00f6k\u00e9letes h\u00edmzett kapucnis kardig\u00e1n a tavaszi \u00e9s \u0151szi napokra. K\u00e9nyelem \u00e9s n\u0151iess\u00e9g egyes\u00edtve! V\u00e1s\u00e1rolj most Matyodesign webshopunkban!\" \/>\n<meta property=\"og:url\" content=\"https:\/\/matyodesign.hu\/en\/product\/soft-cardigan\/\" \/>\n<meta property=\"og:site_name\" content=\"matyodesign\" \/>\n<meta property=\"article:modified_time\" content=\"2026-02-10T09:43:44+00:00\" \/>\n<meta property=\"og:image\" content=\"https:\/\/matyodesign.hu\/wp-content\/uploads\/2024\/02\/puder_kardigan_01_FOKEP.jpg\" \/>\n\t<meta property=\"og:image:width\" content=\"1000\" \/>\n\t<meta property=\"og:image:height\" content=\"1000\" \/>\n\t<meta property=\"og:image:type\" content=\"image\/jpeg\" \/>\n<meta name=\"twitter:card\" content=\"summary_large_image\" \/>\n<meta name=\"twitter:label1\" content=\"Estimated reading time\" \/>\n\t<meta name=\"twitter:data1\" content=\"1 minute\" \/>\n<script type=\"application\/ld+json\" class=\"yoast-schema-graph\">{\"@context\":\"https:\/\/schema.org\",\"@graph\":[{\"@type\":\"WebPage\",\"@id\":\"https:\/\/matyodesign.hu\/termek\/kapucnis-kardigan-9\/\",\"url\":\"https:\/\/matyodesign.hu\/termek\/kapucnis-kardigan-9\/\",\"name\":\"H\u00edmzett kapucnis kardig\u00e1n \u2013 Matyodesign \u2013 N\u0151i divat\",\"isPartOf\":{\"@id\":\"https:\/\/matyodesign.hu\/#website\"},\"primaryImageOfPage\":{\"@id\":\"https:\/\/matyodesign.hu\/termek\/kapucnis-kardigan-9\/#primaryimage\"},\"image\":{\"@id\":\"https:\/\/matyodesign.hu\/termek\/kapucnis-kardigan-9\/#primaryimage\"},\"thumbnailUrl\":\"https:\/\/matyodesign.hu\/wp-content\/uploads\/2024\/02\/puder_kardigan_01_FOKEP.jpg\",\"datePublished\":\"2024-05-29T09:30:58+00:00\",\"dateModified\":\"2026-02-10T09:43:44+00:00\",\"description\":\"T\u00f6k\u00e9letes h\u00edmzett kapucnis kardig\u00e1n a tavaszi \u00e9s \u0151szi napokra. K\u00e9nyelem \u00e9s n\u0151iess\u00e9g egyes\u00edtve! V\u00e1s\u00e1rolj most Matyodesign webshopunkban!\",\"breadcrumb\":{\"@id\":\"https:\/\/matyodesign.hu\/termek\/kapucnis-kardigan-9\/#breadcrumb\"},\"inLanguage\":\"en-GB\",\"potentialAction\":[{\"@type\":\"ReadAction\",\"target\":[\"https:\/\/matyodesign.hu\/termek\/kapucnis-kardigan-9\/\"]}]},{\"@type\":\"ImageObject\",\"inLanguage\":\"en-GB\",\"@id\":\"https:\/\/matyodesign.hu\/termek\/kapucnis-kardigan-9\/#primaryimage\",\"url\":\"https:\/\/matyodesign.hu\/wp-content\/uploads\/2024\/02\/puder_kardigan_01_FOKEP.jpg\",\"contentUrl\":\"https:\/\/matyodesign.hu\/wp-content\/uploads\/2024\/02\/puder_kardigan_01_FOKEP.jpg\",\"width\":1000,\"height\":1000,\"caption\":\"Kardig\u00e1n p\u00fader, modern n\u00e9pi ruhanem\u0171\"},{\"@type\":\"BreadcrumbList\",\"@id\":\"https:\/\/matyodesign.hu\/termek\/kapucnis-kardigan-9\/#breadcrumb\",\"itemListElement\":[{\"@type\":\"ListItem\",\"position\":1,\"name\":\"Kezd\u0151lap\",\"item\":\"https:\/\/matyodesign.hu\/\"},{\"@type\":\"ListItem\",\"position\":2,\"name\":\"Webshop\",\"item\":\"https:\/\/matyodesign.hu\/webshop\/\"},{\"@type\":\"ListItem\",\"position\":3,\"name\":\"KAPUCNIS KARDIG\u00c1N\"}]},{\"@type\":\"WebSite\",\"@id\":\"https:\/\/matyodesign.hu\/#website\",\"url\":\"https:\/\/matyodesign.hu\/\",\"name\":\"matyodesign\",\"description\":\"K\u00e9zzel. Szeretettel. Neked.\",\"potentialAction\":[{\"@type\":\"SearchAction\",\"target\":{\"@type\":\"EntryPoint\",\"urlTemplate\":\"https:\/\/matyodesign.hu\/?s={search_term_string}\"},\"query-input\":{\"@type\":\"PropertyValueSpecification\",\"valueRequired\":true,\"valueName\":\"search_term_string\"}}],\"inLanguage\":\"en-GB\"}]}<\/script>\n<!-- \/ Yoast SEO plugin. -->","yoast_head_json":{"title":"H\u00edmzett kapucnis kardig\u00e1n \u2013 Matyodesign \u2013 N\u0151i divat","description":"T\u00f6k\u00e9letes h\u00edmzett kapucnis kardig\u00e1n a tavaszi \u00e9s \u0151szi napokra. K\u00e9nyelem \u00e9s n\u0151iess\u00e9g egyes\u00edtve! V\u00e1s\u00e1rolj most Matyodesign webshopunkban!","robots":{"index":"index","follow":"follow","max-snippet":"max-snippet:-1","max-image-preview":"max-image-preview:large","max-video-preview":"max-video-preview:-1"},"canonical":"https:\/\/matyodesign.hu\/en\/product\/soft-cardigan\/","og_locale":"en_GB","og_type":"article","og_title":"H\u00edmzett kapucnis kardig\u00e1n \u2013 Matyodesign \u2013 N\u0151i divat","og_description":"T\u00f6k\u00e9letes h\u00edmzett kapucnis kardig\u00e1n a tavaszi \u00e9s \u0151szi napokra. K\u00e9nyelem \u00e9s n\u0151iess\u00e9g egyes\u00edtve! V\u00e1s\u00e1rolj most Matyodesign webshopunkban!","og_url":"https:\/\/matyodesign.hu\/en\/product\/soft-cardigan\/","og_site_name":"matyodesign","article_modified_time":"2026-02-10T09:43:44+00:00","og_image":[{"width":1000,"height":1000,"url":"https:\/\/matyodesign.hu\/wp-content\/uploads\/2024\/02\/puder_kardigan_01_FOKEP.jpg","type":"image\/jpeg"}],"twitter_card":"summary_large_image","twitter_misc":{"Estimated reading time":"1 minute"},"schema":{"@context":"https:\/\/schema.org","@graph":[{"@type":"WebPage","@id":"https:\/\/matyodesign.hu\/termek\/kapucnis-kardigan-9\/","url":"https:\/\/matyodesign.hu\/termek\/kapucnis-kardigan-9\/","name":"H\u00edmzett kapucnis kardig\u00e1n \u2013 Matyodesign \u2013 N\u0151i divat","isPartOf":{"@id":"https:\/\/matyodesign.hu\/#website"},"primaryImageOfPage":{"@id":"https:\/\/matyodesign.hu\/termek\/kapucnis-kardigan-9\/#primaryimage"},"image":{"@id":"https:\/\/matyodesign.hu\/termek\/kapucnis-kardigan-9\/#primaryimage"},"thumbnailUrl":"https:\/\/matyodesign.hu\/wp-content\/uploads\/2024\/02\/puder_kardigan_01_FOKEP.jpg","datePublished":"2024-05-29T09:30:58+00:00","dateModified":"2026-02-10T09:43:44+00:00","description":"T\u00f6k\u00e9letes h\u00edmzett kapucnis kardig\u00e1n a tavaszi \u00e9s \u0151szi napokra. K\u00e9nyelem \u00e9s n\u0151iess\u00e9g egyes\u00edtve! V\u00e1s\u00e1rolj most Matyodesign webshopunkban!","breadcrumb":{"@id":"https:\/\/matyodesign.hu\/termek\/kapucnis-kardigan-9\/#breadcrumb"},"inLanguage":"en-GB","potentialAction":[{"@type":"ReadAction","target":["https:\/\/matyodesign.hu\/termek\/kapucnis-kardigan-9\/"]}]},{"@type":"ImageObject","inLanguage":"en-GB","@id":"https:\/\/matyodesign.hu\/termek\/kapucnis-kardigan-9\/#primaryimage","url":"https:\/\/matyodesign.hu\/wp-content\/uploads\/2024\/02\/puder_kardigan_01_FOKEP.jpg","contentUrl":"https:\/\/matyodesign.hu\/wp-content\/uploads\/2024\/02\/puder_kardigan_01_FOKEP.jpg","width":1000,"height":1000,"caption":"Kardig\u00e1n p\u00fader, modern n\u00e9pi ruhanem\u0171"},{"@type":"BreadcrumbList","@id":"https:\/\/matyodesign.hu\/termek\/kapucnis-kardigan-9\/#breadcrumb","itemListElement":[{"@type":"ListItem","position":1,"name":"Kezd\u0151lap","item":"https:\/\/matyodesign.hu\/"},{"@type":"ListItem","position":2,"name":"Webshop","item":"https:\/\/matyodesign.hu\/webshop\/"},{"@type":"ListItem","position":3,"name":"KAPUCNIS KARDIG\u00c1N"}]},{"@type":"WebSite","@id":"https:\/\/matyodesign.hu\/#website","url":"https:\/\/matyodesign.hu\/","name":"matyodesign","description":"K\u00e9zzel. Szeretettel. Neked.","potentialAction":[{"@type":"SearchAction","target":{"@type":"EntryPoint","urlTemplate":"https:\/\/matyodesign.hu\/?s={search_term_string}"},"query-input":{"@type":"PropertyValueSpecification","valueRequired":true,"valueName":"search_term_string"}}],"inLanguage":"en-GB"}]}},"_links":{"self":[{"href":"https:\/\/matyodesign.hu\/en\/wp-json\/wp\/v2\/product\/100390","targetHints":{"allow":["GET"]}}],"collection":[{"href":"https:\/\/matyodesign.hu\/en\/wp-json\/wp\/v2\/product"}],"about":[{"href":"https:\/\/matyodesign.hu\/en\/wp-json\/wp\/v2\/types\/product"}],"wp:featuredmedia":[{"embeddable":true,"href":"https:\/\/matyodesign.hu\/en\/wp-json\/wp\/v2\/media\/99323"}],"wp:attachment":[{"href":"https:\/\/matyodesign.hu\/en\/wp-json\/wp\/v2\/media?parent=100390"}],"wp:term":[{"taxonomy":"product_brand","embeddable":true,"href":"https:\/\/matyodesign.hu\/en\/wp-json\/wp\/v2\/product_brand?post=100390"},{"taxonomy":"product_cat","embeddable":true,"href":"https:\/\/matyodesign.hu\/en\/wp-json\/wp\/v2\/product_cat?post=100390"},{"taxonomy":"product_tag","embeddable":true,"href":"https:\/\/matyodesign.hu\/en\/wp-json\/wp\/v2\/product_tag?post=100390"}],"curies":[{"name":"wp","href":"https:\/\/api.w.org\/{rel}","templated":true}]}}