{"id":100465,"date":"2024-05-29T11:36:06","date_gmt":"2024-05-29T09:36:06","guid":{"rendered":"https:\/\/2024.matyodesign.hu\/?post_type=product&#038;p=100465"},"modified":"2026-04-30T21:48:51","modified_gmt":"2026-04-30T19:48:51","slug":"orias-strandtaska-2","status":"publish","type":"product","link":"https:\/\/matyodesign.hu\/en\/termek\/orias-strandtaska-2\/","title":{"rendered":"OVERSIZED BEACH BAG"},"content":{"rendered":"","protected":false},"excerpt":{"rendered":"<p>Are you going to the pool or beach and need a stylish solution? The answer is our oversized beach bag. You can pack\neverything in it that you will need during your vacation.<\/p>","protected":false},"featured_media":99446,"template":"","meta":[],"product_brand":[],"product_cat":[85,79],"product_tag":[],"class_list":{"0":"post-100465","1":"product","2":"type-product","3":"status-publish","4":"has-post-thumbnail","6":"product_cat-kiegeszito","7":"product_cat-noknek","9":"first","10":"instock","11":"shipping-taxable","12":"purchasable","13":"product-type-simple"},"yoast_head":"<!-- This site is optimized with the Yoast SEO plugin v27.5 - https:\/\/yoast.com\/product\/yoast-seo-wordpress\/ -->\n<title>\u00d3ri\u00e1s strandt\u00e1ska \u2013 egyedi, h\u00edmzett \u2013 Matyodesign<\/title>\n<meta name=\"description\" content=\"Strandt\u00e1ska \u2013 h\u00edmzett, egyedi darab a Matyodesignt\u00f3l. K\u00e9zzel h\u00edmzett r\u00e9szletek \u00e9s magyar hagyom\u00e1ny, egyedi darabokon. Szerezd be m\u00e9g ma!\" \/>\n<meta name=\"robots\" content=\"index, follow, max-snippet:-1, max-image-preview:large, max-video-preview:-1\" \/>\n<link rel=\"canonical\" href=\"https:\/\/matyodesign.hu\/en\/termek\/orias-strandtaska-2\/\" \/>\n<meta property=\"og:locale\" content=\"en_GB\" \/>\n<meta property=\"og:type\" content=\"article\" \/>\n<meta property=\"og:title\" content=\"\u00d3ri\u00e1s strandt\u00e1ska \u2013 egyedi, h\u00edmzett \u2013 Matyodesign\" \/>\n<meta property=\"og:description\" content=\"Strandt\u00e1ska \u2013 h\u00edmzett, egyedi darab a Matyodesignt\u00f3l. K\u00e9zzel h\u00edmzett r\u00e9szletek \u00e9s magyar hagyom\u00e1ny, egyedi darabokon. Szerezd be m\u00e9g ma!\" \/>\n<meta property=\"og:url\" content=\"https:\/\/matyodesign.hu\/en\/termek\/orias-strandtaska-2\/\" \/>\n<meta property=\"og:site_name\" content=\"matyodesign\" \/>\n<meta property=\"article:modified_time\" content=\"2026-04-30T19:48:51+00:00\" \/>\n<meta property=\"og:image\" content=\"https:\/\/matyodesign.hu\/wp-content\/uploads\/2024\/02\/oversize_taska_1-sq-e1748708361783.webp\" \/>\n\t<meta property=\"og:image:width\" content=\"983\" \/>\n\t<meta property=\"og:image:height\" content=\"985\" \/>\n\t<meta property=\"og:image:type\" content=\"image\/webp\" \/>\n<meta name=\"twitter:card\" content=\"summary_large_image\" \/>\n<meta name=\"twitter:label1\" content=\"Estimated reading time\" \/>\n\t<meta name=\"twitter:data1\" content=\"1 minute\" \/>\n<script type=\"application\/ld+json\" class=\"yoast-schema-graph\">{\"@context\":\"https:\\\/\\\/schema.org\",\"@graph\":[{\"@type\":\"WebPage\",\"@id\":\"https:\\\/\\\/matyodesign.hu\\\/termek\\\/orias-strandtaska-2\\\/\",\"url\":\"https:\\\/\\\/matyodesign.hu\\\/termek\\\/orias-strandtaska-2\\\/\",\"name\":\"\u00d3ri\u00e1s strandt\u00e1ska \u2013 egyedi, h\u00edmzett \u2013 Matyodesign\",\"isPartOf\":{\"@id\":\"https:\\\/\\\/matyodesign.hu\\\/#website\"},\"primaryImageOfPage\":{\"@id\":\"https:\\\/\\\/matyodesign.hu\\\/termek\\\/orias-strandtaska-2\\\/#primaryimage\"},\"image\":{\"@id\":\"https:\\\/\\\/matyodesign.hu\\\/termek\\\/orias-strandtaska-2\\\/#primaryimage\"},\"thumbnailUrl\":\"https:\\\/\\\/matyodesign.hu\\\/wp-content\\\/uploads\\\/2024\\\/02\\\/oversize_taska_1-sq-e1748708361783.webp\",\"datePublished\":\"2024-05-29T09:36:06+00:00\",\"dateModified\":\"2026-04-30T19:48:51+00:00\",\"description\":\"Strandt\u00e1ska \u2013 h\u00edmzett, egyedi darab a Matyodesignt\u00f3l. K\u00e9zzel h\u00edmzett r\u00e9szletek \u00e9s magyar hagyom\u00e1ny, egyedi darabokon. Szerezd be m\u00e9g ma!\",\"breadcrumb\":{\"@id\":\"https:\\\/\\\/matyodesign.hu\\\/termek\\\/orias-strandtaska-2\\\/#breadcrumb\"},\"inLanguage\":\"en-GB\",\"potentialAction\":[{\"@type\":\"ReadAction\",\"target\":[\"https:\\\/\\\/matyodesign.hu\\\/termek\\\/orias-strandtaska-2\\\/\"]}]},{\"@type\":\"ImageObject\",\"inLanguage\":\"en-GB\",\"@id\":\"https:\\\/\\\/matyodesign.hu\\\/termek\\\/orias-strandtaska-2\\\/#primaryimage\",\"url\":\"https:\\\/\\\/matyodesign.hu\\\/wp-content\\\/uploads\\\/2024\\\/02\\\/oversize_taska_1-sq-e1748708361783.webp\",\"contentUrl\":\"https:\\\/\\\/matyodesign.hu\\\/wp-content\\\/uploads\\\/2024\\\/02\\\/oversize_taska_1-sq-e1748708361783.webp\",\"width\":983,\"height\":985,\"caption\":\"Strandt\u00e1ska, h\u00edmzett ruha web\u00e1ruh\u00e1z\"},{\"@type\":\"BreadcrumbList\",\"@id\":\"https:\\\/\\\/matyodesign.hu\\\/termek\\\/orias-strandtaska-2\\\/#breadcrumb\",\"itemListElement\":[{\"@type\":\"ListItem\",\"position\":1,\"name\":\"Kezd\u0151lap\",\"item\":\"https:\\\/\\\/matyodesign.hu\\\/\"},{\"@type\":\"ListItem\",\"position\":2,\"name\":\"Webshop\",\"item\":\"https:\\\/\\\/matyodesign.hu\\\/webshop\\\/\"},{\"@type\":\"ListItem\",\"position\":3,\"name\":\"\u00d3RI\u00c1S STRANDT\u00c1SKA\"}]},{\"@type\":\"WebSite\",\"@id\":\"https:\\\/\\\/matyodesign.hu\\\/#website\",\"url\":\"https:\\\/\\\/matyodesign.hu\\\/\",\"name\":\"matyodesign\",\"description\":\"K\u00e9zzel. Szeretettel. Neked.\",\"potentialAction\":[{\"@type\":\"SearchAction\",\"target\":{\"@type\":\"EntryPoint\",\"urlTemplate\":\"https:\\\/\\\/matyodesign.hu\\\/?s={search_term_string}\"},\"query-input\":{\"@type\":\"PropertyValueSpecification\",\"valueRequired\":true,\"valueName\":\"search_term_string\"}}],\"inLanguage\":\"en-GB\"}]}<\/script>\n<!-- \/ Yoast SEO plugin. -->","yoast_head_json":{"title":"\u00d3ri\u00e1s strandt\u00e1ska \u2013 egyedi, h\u00edmzett \u2013 Matyodesign","description":"Strandt\u00e1ska \u2013 h\u00edmzett, egyedi darab a Matyodesignt\u00f3l. K\u00e9zzel h\u00edmzett r\u00e9szletek \u00e9s magyar hagyom\u00e1ny, egyedi darabokon. Szerezd be m\u00e9g ma!","robots":{"index":"index","follow":"follow","max-snippet":"max-snippet:-1","max-image-preview":"max-image-preview:large","max-video-preview":"max-video-preview:-1"},"canonical":"https:\/\/matyodesign.hu\/en\/termek\/orias-strandtaska-2\/","og_locale":"en_GB","og_type":"article","og_title":"\u00d3ri\u00e1s strandt\u00e1ska \u2013 egyedi, h\u00edmzett \u2013 Matyodesign","og_description":"Strandt\u00e1ska \u2013 h\u00edmzett, egyedi darab a Matyodesignt\u00f3l. K\u00e9zzel h\u00edmzett r\u00e9szletek \u00e9s magyar hagyom\u00e1ny, egyedi darabokon. Szerezd be m\u00e9g ma!","og_url":"https:\/\/matyodesign.hu\/en\/termek\/orias-strandtaska-2\/","og_site_name":"matyodesign","article_modified_time":"2026-04-30T19:48:51+00:00","og_image":[{"width":983,"height":985,"url":"https:\/\/matyodesign.hu\/wp-content\/uploads\/2024\/02\/oversize_taska_1-sq-e1748708361783.webp","type":"image\/webp"}],"twitter_card":"summary_large_image","twitter_misc":{"Estimated reading time":"1 minute"},"schema":{"@context":"https:\/\/schema.org","@graph":[{"@type":"WebPage","@id":"https:\/\/matyodesign.hu\/termek\/orias-strandtaska-2\/","url":"https:\/\/matyodesign.hu\/termek\/orias-strandtaska-2\/","name":"\u00d3ri\u00e1s strandt\u00e1ska \u2013 egyedi, h\u00edmzett \u2013 Matyodesign","isPartOf":{"@id":"https:\/\/matyodesign.hu\/#website"},"primaryImageOfPage":{"@id":"https:\/\/matyodesign.hu\/termek\/orias-strandtaska-2\/#primaryimage"},"image":{"@id":"https:\/\/matyodesign.hu\/termek\/orias-strandtaska-2\/#primaryimage"},"thumbnailUrl":"https:\/\/matyodesign.hu\/wp-content\/uploads\/2024\/02\/oversize_taska_1-sq-e1748708361783.webp","datePublished":"2024-05-29T09:36:06+00:00","dateModified":"2026-04-30T19:48:51+00:00","description":"Strandt\u00e1ska \u2013 h\u00edmzett, egyedi darab a Matyodesignt\u00f3l. K\u00e9zzel h\u00edmzett r\u00e9szletek \u00e9s magyar hagyom\u00e1ny, egyedi darabokon. Szerezd be m\u00e9g ma!","breadcrumb":{"@id":"https:\/\/matyodesign.hu\/termek\/orias-strandtaska-2\/#breadcrumb"},"inLanguage":"en-GB","potentialAction":[{"@type":"ReadAction","target":["https:\/\/matyodesign.hu\/termek\/orias-strandtaska-2\/"]}]},{"@type":"ImageObject","inLanguage":"en-GB","@id":"https:\/\/matyodesign.hu\/termek\/orias-strandtaska-2\/#primaryimage","url":"https:\/\/matyodesign.hu\/wp-content\/uploads\/2024\/02\/oversize_taska_1-sq-e1748708361783.webp","contentUrl":"https:\/\/matyodesign.hu\/wp-content\/uploads\/2024\/02\/oversize_taska_1-sq-e1748708361783.webp","width":983,"height":985,"caption":"Strandt\u00e1ska, h\u00edmzett ruha web\u00e1ruh\u00e1z"},{"@type":"BreadcrumbList","@id":"https:\/\/matyodesign.hu\/termek\/orias-strandtaska-2\/#breadcrumb","itemListElement":[{"@type":"ListItem","position":1,"name":"Kezd\u0151lap","item":"https:\/\/matyodesign.hu\/"},{"@type":"ListItem","position":2,"name":"Webshop","item":"https:\/\/matyodesign.hu\/webshop\/"},{"@type":"ListItem","position":3,"name":"\u00d3RI\u00c1S STRANDT\u00c1SKA"}]},{"@type":"WebSite","@id":"https:\/\/matyodesign.hu\/#website","url":"https:\/\/matyodesign.hu\/","name":"matyodesign","description":"K\u00e9zzel. Szeretettel. Neked.","potentialAction":[{"@type":"SearchAction","target":{"@type":"EntryPoint","urlTemplate":"https:\/\/matyodesign.hu\/?s={search_term_string}"},"query-input":{"@type":"PropertyValueSpecification","valueRequired":true,"valueName":"search_term_string"}}],"inLanguage":"en-GB"}]}},"_links":{"self":[{"href":"https:\/\/matyodesign.hu\/en\/wp-json\/wp\/v2\/product\/100465","targetHints":{"allow":["GET"]}}],"collection":[{"href":"https:\/\/matyodesign.hu\/en\/wp-json\/wp\/v2\/product"}],"about":[{"href":"https:\/\/matyodesign.hu\/en\/wp-json\/wp\/v2\/types\/product"}],"wp:featuredmedia":[{"embeddable":true,"href":"https:\/\/matyodesign.hu\/en\/wp-json\/wp\/v2\/media\/99446"}],"wp:attachment":[{"href":"https:\/\/matyodesign.hu\/en\/wp-json\/wp\/v2\/media?parent=100465"}],"wp:term":[{"taxonomy":"product_brand","embeddable":true,"href":"https:\/\/matyodesign.hu\/en\/wp-json\/wp\/v2\/product_brand?post=100465"},{"taxonomy":"product_cat","embeddable":true,"href":"https:\/\/matyodesign.hu\/en\/wp-json\/wp\/v2\/product_cat?post=100465"},{"taxonomy":"product_tag","embeddable":true,"href":"https:\/\/matyodesign.hu\/en\/wp-json\/wp\/v2\/product_tag?post=100465"}],"curies":[{"name":"wp","href":"https:\/\/api.w.org\/{rel}","templated":true}]}}