{"id":100909,"date":"2024-08-12T10:18:05","date_gmt":"2024-08-12T08:18:05","guid":{"rendered":"https:\/\/2024.matyodesign.hu\/?post_type=product&#038;p=100909"},"modified":"2025-11-19T06:59:58","modified_gmt":"2025-11-19T05:59:58","slug":"ferfi-polo-szurke","status":"publish","type":"product","link":"https:\/\/matyodesign.hu\/en\/product\/t-shirt-for-men-grey\/","title":{"rendered":"T-SHIRT FOR MEN - grey"},"content":{"rendered":"<h4 data-start=\"0\" data-end=\"41\"><strong data-start=\"0\" data-end=\"39\">F\u00e9rfi p\u00f3l\u00f3 sz\u00fcrke \u2013 maty\u00f3 h\u00edmz\u00e9ssel<\/strong><\/h4>\n<p data-start=\"43\" data-end=\"345\">Ez a matyodesign f\u00e9rfi p\u00f3l\u00f3 a hagyom\u00e1ny \u00e9s a modern st\u00edlus t\u00f6k\u00e9letes \u00f6tv\u00f6zete. V\u00e9gre a f\u00e9rfiak is magukon viselhetik a maty\u00f3 mot\u00edvumokat, m\u00e9ghozz\u00e1 egy k\u00e9nyelmes, testhez\u00e1ll\u00f3 p\u00f3l\u00f3n! A klasszikus sz\u00fcrke sz\u00edn eleg\u00e1ns \u00e9s k\u00f6nnyen kombin\u00e1lhat\u00f3, m\u00edg a k\u00e9zzel h\u00edmzett minta egyedi karaktert ad a ruhadarabnak.<\/p>\n<p data-start=\"347\" data-end=\"658\">A rugalmas anyag t\u00f6k\u00e9letesen illeszkedik a test vonalaihoz, mik\u00f6zben szabad mozg\u00e1st enged. K\u00f6nnyen kezelhet\u0151, 30 fokon mos\u00f3g\u00e9pben moshat\u00f3 \u00e9s vasalhat\u00f3, \u00edgy hossz\u00fa t\u00e1von is meg\u0151rzi sz\u00e9ps\u00e9g\u00e9t \u00e9s k\u00e9nyelm\u00e9t.<\/p>\n<h4 data-start=\"993\" data-end=\"1033\"><strong data-start=\"997\" data-end=\"1031\">Mi\u00e9rt v\u00e1laszd a matyodesign-t?<\/strong><\/h4>\n<p data-start=\"1034\" data-end=\"1382\">A matyodesign c\u00e9lja, hogy a maty\u00f3 h\u00edmz\u00e9s \u00e9vsz\u00e1zados hagyom\u00e1ny\u00e1t kort\u00e1rs ruhadarabokon tegye el\u00e9rhet\u0151v\u00e9. Minden egyes term\u00e9k\u00fcnkben tal\u00e1lkozik a k\u00e9zm\u0171vess\u00e9g szeretete \u00e9s a modern divat. B\u00fcszk\u00e9k vagyunk arra, hogy a fenntarthat\u00f3s\u00e1gra is nagy hangs\u00falyt fektet\u00fcnk, hiszen a min\u0151s\u00e9gi alapanyagok \u00e9s az id\u0151t\u00e1ll\u00f3 diz\u00e1jn hossz\u00fa t\u00e1v\u00fa viseletet garant\u00e1lnak.<\/p>\n<p>Fedezd fel teljes kollekci\u00f3nkat weboldalunkon: <strong data-start=\"1431\" data-end=\"1479\"><a href=\"https:\/\/matyodesign.hu\/en\/\" target=\"_new\" rel=\"noopener\" data-start=\"1433\" data-end=\"1477\">www.matyodesign.hu<\/a><\/strong><br data-start=\"1479\" data-end=\"1482\" \/>Csatlakozz hozz\u00e1nk a k\u00f6z\u00f6ss\u00e9gi m\u00e9di\u00e1ban is, \u00e9s inspir\u00e1l\u00f3dj a leg\u00fajabb darabjainkb\u00f3l:<\/p>\n<ul>\n<li><strong data-start=\"1571\" data-end=\"1583\">Facebook<\/strong>: <a href=\"https:\/\/www.facebook.com\/matyodesign\" target=\"_new\" rel=\"noopener\" data-start=\"1585\" data-end=\"1636\">Matyodesign<\/a><\/li>\n<li><strong data-start=\"1641\" data-end=\"1654\">and on Instagram<\/strong>: <a href=\"https:\/\/www.instagram.com\/matyodesign\/\" target=\"_new\" rel=\"noopener\" data-start=\"1656\" data-end=\"1710\">@matyodesign<\/a><\/li>\n<li><strong data-start=\"1715\" data-end=\"1725\">TikTok<\/strong>: <a target=\"_new\" rel=\"noopener\" data-start=\"1727\" data-end=\"1778\">@matyodesign<\/a><\/li>\n<\/ul>","protected":false},"excerpt":{"rendered":"<p>Casual spring shirt with a slim fit for men.  Being stylish is not only for women.<\/p>","protected":false},"featured_media":100915,"template":"","meta":[],"product_brand":[],"product_cat":[299],"product_tag":[],"class_list":{"0":"post-100909","1":"product","2":"type-product","3":"status-publish","4":"has-post-thumbnail","6":"product_cat-ferfiaknak","8":"first","9":"instock","10":"shipping-taxable","11":"purchasable","12":"product-type-variable","13":"has-default-attributes"},"yoast_head":"<!-- This site is optimized with the Yoast SEO plugin v27.0 - https:\/\/yoast.com\/product\/yoast-seo-wordpress\/ -->\n<title>F\u00e9rfi h\u00edmzett, egyedi, maty\u00f3 p\u00f3l\u00f3 \u2013 Sz\u00fcrke \u2013 Matyodesign<\/title>\n<meta name=\"description\" content=\"F\u00e9rfi sz\u00fcrke h\u00edmzett p\u00f3l\u00f3, testhez\u00e1ll\u00f3 szab\u00e1s, maty\u00f3 h\u00edmz\u00e9s. Tavaszi st\u00edlus, amely minden f\u00e9rfi ruhat\u00e1r\u00e1ban helyet kap. V\u00e1s\u00e1rold meg most!\" \/>\n<meta name=\"robots\" content=\"index, follow, max-snippet:-1, max-image-preview:large, max-video-preview:-1\" \/>\n<link rel=\"canonical\" href=\"https:\/\/matyodesign.hu\/en\/product\/t-shirt-for-men-grey\/\" \/>\n<meta property=\"og:locale\" content=\"en_GB\" \/>\n<meta property=\"og:type\" content=\"article\" \/>\n<meta property=\"og:title\" content=\"F\u00e9rfi h\u00edmzett, egyedi, maty\u00f3 p\u00f3l\u00f3 \u2013 Sz\u00fcrke \u2013 Matyodesign\" \/>\n<meta property=\"og:description\" content=\"F\u00e9rfi sz\u00fcrke h\u00edmzett p\u00f3l\u00f3, testhez\u00e1ll\u00f3 szab\u00e1s, maty\u00f3 h\u00edmz\u00e9s. Tavaszi st\u00edlus, amely minden f\u00e9rfi ruhat\u00e1r\u00e1ban helyet kap. V\u00e1s\u00e1rold meg most!\" \/>\n<meta property=\"og:url\" content=\"https:\/\/matyodesign.hu\/en\/product\/t-shirt-for-men-grey\/\" \/>\n<meta property=\"og:site_name\" content=\"matyodesign\" \/>\n<meta property=\"article:modified_time\" content=\"2025-11-19T05:59:58+00:00\" \/>\n<meta property=\"og:image\" content=\"https:\/\/matyodesign.hu\/wp-content\/uploads\/2024\/08\/ferfipolo_2.jpg.webp\" \/>\n\t<meta property=\"og:image:width\" content=\"1000\" \/>\n\t<meta property=\"og:image:height\" content=\"1000\" \/>\n\t<meta property=\"og:image:type\" content=\"image\/webp\" \/>\n<meta name=\"twitter:card\" content=\"summary_large_image\" \/>\n<meta name=\"twitter:label1\" content=\"Estimated reading time\" \/>\n\t<meta name=\"twitter:data1\" content=\"2 minutes\" \/>\n<script type=\"application\/ld+json\" class=\"yoast-schema-graph\">{\"@context\":\"https:\/\/schema.org\",\"@graph\":[{\"@type\":\"WebPage\",\"@id\":\"https:\/\/matyodesign.hu\/termek\/ferfi-polo-szurke\/\",\"url\":\"https:\/\/matyodesign.hu\/termek\/ferfi-polo-szurke\/\",\"name\":\"F\u00e9rfi h\u00edmzett, egyedi, maty\u00f3 p\u00f3l\u00f3 \u2013 Sz\u00fcrke \u2013 Matyodesign\",\"isPartOf\":{\"@id\":\"https:\/\/matyodesign.hu\/#website\"},\"primaryImageOfPage\":{\"@id\":\"https:\/\/matyodesign.hu\/termek\/ferfi-polo-szurke\/#primaryimage\"},\"image\":{\"@id\":\"https:\/\/matyodesign.hu\/termek\/ferfi-polo-szurke\/#primaryimage\"},\"thumbnailUrl\":\"https:\/\/matyodesign.hu\/wp-content\/uploads\/2024\/08\/ferfipolo_2.jpg.webp\",\"datePublished\":\"2024-08-12T08:18:05+00:00\",\"dateModified\":\"2025-11-19T05:59:58+00:00\",\"description\":\"F\u00e9rfi sz\u00fcrke h\u00edmzett p\u00f3l\u00f3, testhez\u00e1ll\u00f3 szab\u00e1s, maty\u00f3 h\u00edmz\u00e9s. Tavaszi st\u00edlus, amely minden f\u00e9rfi ruhat\u00e1r\u00e1ban helyet kap. V\u00e1s\u00e1rold meg most!\",\"breadcrumb\":{\"@id\":\"https:\/\/matyodesign.hu\/termek\/ferfi-polo-szurke\/#breadcrumb\"},\"inLanguage\":\"en-GB\",\"potentialAction\":[{\"@type\":\"ReadAction\",\"target\":[\"https:\/\/matyodesign.hu\/termek\/ferfi-polo-szurke\/\"]}]},{\"@type\":\"ImageObject\",\"inLanguage\":\"en-GB\",\"@id\":\"https:\/\/matyodesign.hu\/termek\/ferfi-polo-szurke\/#primaryimage\",\"url\":\"https:\/\/matyodesign.hu\/wp-content\/uploads\/2024\/08\/ferfipolo_2.jpg.webp\",\"contentUrl\":\"https:\/\/matyodesign.hu\/wp-content\/uploads\/2024\/08\/ferfipolo_2.jpg.webp\",\"width\":1000,\"height\":1000,\"caption\":\"P\u00f3l\u00f3 f\u00e9rfi sz\u00fcrke, modern n\u00e9pi ruh\u00e1k\"},{\"@type\":\"BreadcrumbList\",\"@id\":\"https:\/\/matyodesign.hu\/termek\/ferfi-polo-szurke\/#breadcrumb\",\"itemListElement\":[{\"@type\":\"ListItem\",\"position\":1,\"name\":\"Kezd\u0151lap\",\"item\":\"https:\/\/matyodesign.hu\/\"},{\"@type\":\"ListItem\",\"position\":2,\"name\":\"Webshop\",\"item\":\"https:\/\/matyodesign.hu\/webshop\/\"},{\"@type\":\"ListItem\",\"position\":3,\"name\":\"F\u00c9RFI P\u00d3L\u00d3 &#8211; sz\u00fcrke\"}]},{\"@type\":\"WebSite\",\"@id\":\"https:\/\/matyodesign.hu\/#website\",\"url\":\"https:\/\/matyodesign.hu\/\",\"name\":\"matyodesign\",\"description\":\"K\u00e9zzel. Szeretettel. Neked.\",\"potentialAction\":[{\"@type\":\"SearchAction\",\"target\":{\"@type\":\"EntryPoint\",\"urlTemplate\":\"https:\/\/matyodesign.hu\/?s={search_term_string}\"},\"query-input\":{\"@type\":\"PropertyValueSpecification\",\"valueRequired\":true,\"valueName\":\"search_term_string\"}}],\"inLanguage\":\"en-GB\"}]}<\/script>\n<!-- \/ Yoast SEO plugin. -->","yoast_head_json":{"title":"F\u00e9rfi h\u00edmzett, egyedi, maty\u00f3 p\u00f3l\u00f3 \u2013 Sz\u00fcrke \u2013 Matyodesign","description":"F\u00e9rfi sz\u00fcrke h\u00edmzett p\u00f3l\u00f3, testhez\u00e1ll\u00f3 szab\u00e1s, maty\u00f3 h\u00edmz\u00e9s. Tavaszi st\u00edlus, amely minden f\u00e9rfi ruhat\u00e1r\u00e1ban helyet kap. V\u00e1s\u00e1rold meg most!","robots":{"index":"index","follow":"follow","max-snippet":"max-snippet:-1","max-image-preview":"max-image-preview:large","max-video-preview":"max-video-preview:-1"},"canonical":"https:\/\/matyodesign.hu\/en\/product\/t-shirt-for-men-grey\/","og_locale":"en_GB","og_type":"article","og_title":"F\u00e9rfi h\u00edmzett, egyedi, maty\u00f3 p\u00f3l\u00f3 \u2013 Sz\u00fcrke \u2013 Matyodesign","og_description":"F\u00e9rfi sz\u00fcrke h\u00edmzett p\u00f3l\u00f3, testhez\u00e1ll\u00f3 szab\u00e1s, maty\u00f3 h\u00edmz\u00e9s. Tavaszi st\u00edlus, amely minden f\u00e9rfi ruhat\u00e1r\u00e1ban helyet kap. V\u00e1s\u00e1rold meg most!","og_url":"https:\/\/matyodesign.hu\/en\/product\/t-shirt-for-men-grey\/","og_site_name":"matyodesign","article_modified_time":"2025-11-19T05:59:58+00:00","og_image":[{"width":1000,"height":1000,"url":"https:\/\/matyodesign.hu\/wp-content\/uploads\/2024\/08\/ferfipolo_2.jpg.webp","type":"image\/webp"}],"twitter_card":"summary_large_image","twitter_misc":{"Estimated reading time":"2 minutes"},"schema":{"@context":"https:\/\/schema.org","@graph":[{"@type":"WebPage","@id":"https:\/\/matyodesign.hu\/termek\/ferfi-polo-szurke\/","url":"https:\/\/matyodesign.hu\/termek\/ferfi-polo-szurke\/","name":"F\u00e9rfi h\u00edmzett, egyedi, maty\u00f3 p\u00f3l\u00f3 \u2013 Sz\u00fcrke \u2013 Matyodesign","isPartOf":{"@id":"https:\/\/matyodesign.hu\/#website"},"primaryImageOfPage":{"@id":"https:\/\/matyodesign.hu\/termek\/ferfi-polo-szurke\/#primaryimage"},"image":{"@id":"https:\/\/matyodesign.hu\/termek\/ferfi-polo-szurke\/#primaryimage"},"thumbnailUrl":"https:\/\/matyodesign.hu\/wp-content\/uploads\/2024\/08\/ferfipolo_2.jpg.webp","datePublished":"2024-08-12T08:18:05+00:00","dateModified":"2025-11-19T05:59:58+00:00","description":"F\u00e9rfi sz\u00fcrke h\u00edmzett p\u00f3l\u00f3, testhez\u00e1ll\u00f3 szab\u00e1s, maty\u00f3 h\u00edmz\u00e9s. Tavaszi st\u00edlus, amely minden f\u00e9rfi ruhat\u00e1r\u00e1ban helyet kap. V\u00e1s\u00e1rold meg most!","breadcrumb":{"@id":"https:\/\/matyodesign.hu\/termek\/ferfi-polo-szurke\/#breadcrumb"},"inLanguage":"en-GB","potentialAction":[{"@type":"ReadAction","target":["https:\/\/matyodesign.hu\/termek\/ferfi-polo-szurke\/"]}]},{"@type":"ImageObject","inLanguage":"en-GB","@id":"https:\/\/matyodesign.hu\/termek\/ferfi-polo-szurke\/#primaryimage","url":"https:\/\/matyodesign.hu\/wp-content\/uploads\/2024\/08\/ferfipolo_2.jpg.webp","contentUrl":"https:\/\/matyodesign.hu\/wp-content\/uploads\/2024\/08\/ferfipolo_2.jpg.webp","width":1000,"height":1000,"caption":"P\u00f3l\u00f3 f\u00e9rfi sz\u00fcrke, modern n\u00e9pi ruh\u00e1k"},{"@type":"BreadcrumbList","@id":"https:\/\/matyodesign.hu\/termek\/ferfi-polo-szurke\/#breadcrumb","itemListElement":[{"@type":"ListItem","position":1,"name":"Kezd\u0151lap","item":"https:\/\/matyodesign.hu\/"},{"@type":"ListItem","position":2,"name":"Webshop","item":"https:\/\/matyodesign.hu\/webshop\/"},{"@type":"ListItem","position":3,"name":"F\u00c9RFI P\u00d3L\u00d3 &#8211; sz\u00fcrke"}]},{"@type":"WebSite","@id":"https:\/\/matyodesign.hu\/#website","url":"https:\/\/matyodesign.hu\/","name":"matyodesign","description":"K\u00e9zzel. Szeretettel. Neked.","potentialAction":[{"@type":"SearchAction","target":{"@type":"EntryPoint","urlTemplate":"https:\/\/matyodesign.hu\/?s={search_term_string}"},"query-input":{"@type":"PropertyValueSpecification","valueRequired":true,"valueName":"search_term_string"}}],"inLanguage":"en-GB"}]}},"_links":{"self":[{"href":"https:\/\/matyodesign.hu\/en\/wp-json\/wp\/v2\/product\/100909","targetHints":{"allow":["GET"]}}],"collection":[{"href":"https:\/\/matyodesign.hu\/en\/wp-json\/wp\/v2\/product"}],"about":[{"href":"https:\/\/matyodesign.hu\/en\/wp-json\/wp\/v2\/types\/product"}],"wp:featuredmedia":[{"embeddable":true,"href":"https:\/\/matyodesign.hu\/en\/wp-json\/wp\/v2\/media\/100915"}],"wp:attachment":[{"href":"https:\/\/matyodesign.hu\/en\/wp-json\/wp\/v2\/media?parent=100909"}],"wp:term":[{"taxonomy":"product_brand","embeddable":true,"href":"https:\/\/matyodesign.hu\/en\/wp-json\/wp\/v2\/product_brand?post=100909"},{"taxonomy":"product_cat","embeddable":true,"href":"https:\/\/matyodesign.hu\/en\/wp-json\/wp\/v2\/product_cat?post=100909"},{"taxonomy":"product_tag","embeddable":true,"href":"https:\/\/matyodesign.hu\/en\/wp-json\/wp\/v2\/product_tag?post=100909"}],"curies":[{"name":"wp","href":"https:\/\/api.w.org\/{rel}","templated":true}]}}