{"id":101389,"date":"2024-10-01T00:01:00","date_gmt":"2024-09-30T22:01:00","guid":{"rendered":"https:\/\/matyodesign.hu\/?post_type=product&#038;p=101389"},"modified":"2026-01-09T08:50:33","modified_gmt":"2026-01-09T07:50:33","slug":"himzett-garbo","status":"publish","type":"product","link":"https:\/\/matyodesign.hu\/en\/product\/himzett-garbo\/","title":{"rendered":"Turtlenecks"},"content":{"rendered":"<h4 data-start=\"101\" data-end=\"167\"><strong data-start=\"105\" data-end=\"165\">Embroidered turtleneck - hand-embroidered elegance for cold days<\/strong><\/h4>\n<p data-start=\"169\" data-end=\"436\">The <strong data-start=\"171\" data-end=\"188\">Hand embroidered turtleneck<\/strong> is the perfect choice for the autumn-winter season! Hand embroidered turtleneck by matyodesign combines the <strong data-start=\"280\" data-end=\"297\">tradition of Hungarian embroidery<\/strong> with modern fashion. The <strong data-start=\"332\" data-end=\"380\">floral motifs embroidered by Tard's women<\/strong> make this unique garment really special.<\/p>\n<ul>\n<li data-start=\"438\" data-end=\"829\"><strong data-start=\"441\" data-end=\"465\">Hand embroidered turtleneck<\/strong> - a unique piece of Hungarian embroidery that combines tradition with modern elegance.<\/li>\n<li data-start=\"438\" data-end=\"829\"><strong data-start=\"557\" data-end=\"587\">Warm and comfortable to wear<\/strong> - made from soft, breathable fabric, perfect for the colder months.<\/li>\n<li data-start=\"438\" data-end=\"829\"><strong data-start=\"663\" data-end=\"689\">Available in three colours<\/strong> \u2013 <strong>beige, black and white<\/strong>to find the right one for you.<\/li>\n<li data-start=\"438\" data-end=\"829\"><strong data-start=\"755\" data-end=\"783\">Versatile combinations<\/strong> - wear it with jeans or a chic skirt!<\/li>\n<\/ul>\n<p data-start=\"831\" data-end=\"966\">Don't miss this special <strong data-start=\"861\" data-end=\"886\">hand-embroidered turtleneck!<\/strong>Discover the full <strong>matyodesign collection here<\/strong>: <a href=\"https:\/\/matyodesign.hu\/en\/shop\/\">matyodesign webshop<\/a><\/p>\n<p data-start=\"968\" data-end=\"997\"><strong data-start=\"971\" data-end=\"995\">Related products:<\/strong><\/p>\n<ul data-start=\"998\" data-end=\"1056\">\n<li data-start=\"998\" data-end=\"1022\"><a href=\"#\" rel=\"noopener\" data-start=\"1000\" data-end=\"1020\">embroidered sweater<\/a><\/li>\n<li data-start=\"1023\" data-end=\"1056\"><a href=\"#\" rel=\"noopener\" data-start=\"1025\" data-end=\"1054\">matyodesign embroidered t-shirt<\/a><\/li>\n<\/ul>\n<p><strong>Did you know?<\/strong><\/p>\n<p>Our handmade products are providing work to women in Tard, a small northeast Hungarian village and Unesco World Heritage Site. We create products that are majestic in design, have a high standard of quality and celebrate the invidualality of the Matyodesign culture. It is our mission to keep the Matyo culture alive with ethical business practices and by creating sustainable income opportunities for the Matyodesign artisans.<br \/>\nWe have created the matyodesign community, keeping in mind the values that resonate with the challenges of today\u2019s world: we operate under an ethical business model, focusing on timeless value creation rather than disposable products. Responsible purchasing and sustainability are key aspects of our philosophy, alongside preserving the values of the past. The Maty\u00f3 embroidery has also been included in the UNESCO list of intangible cultural heritage.<\/p>\n<p>Follow us on our Facebook page as well: <a href=\"https:\/\/www.facebook.com\/matyodesign\">https:\/\/www.facebook.com\/matyodesign<\/a><\/p>\n<p>You can also find us on Instagram: <a href=\"https:\/\/www.instagram.com\/matyodesign\/\">https:\/\/www.instagram.com\/matyodesign\/<\/a><\/p>","protected":false},"excerpt":{"rendered":"<p>From the cooler autumn sunshine to spring, the turtleneck from matyodesign can be a comfortable choice. Hand-embroidered by the women of Tard, ensuring you won't be without flowers even in the colder seasons.<\/p>","protected":false},"featured_media":102479,"template":"","meta":[],"product_brand":[],"product_cat":[79,94],"product_tag":[],"class_list":{"0":"post-101389","1":"product","2":"type-product","3":"status-publish","4":"has-post-thumbnail","6":"product_cat-noknek","7":"product_cat-ujdonsagok","9":"first","10":"instock","11":"shipping-taxable","12":"purchasable","13":"product-type-variable","14":"has-default-attributes"},"yoast_head":"<!-- This site is optimized with the Yoast SEO plugin v27.0 - https:\/\/yoast.com\/product\/yoast-seo-wordpress\/ -->\n<title>H\u00edmzett garb\u00f3 \u2013 Matyodesign \u2013 K\u00e9nyelem \u00e9s st\u00edlus<\/title>\n<meta name=\"description\" content=\"Fedezd fel a h\u00edmzett garb\u00f3t, melyet a tardi asszonyok k\u00e9sz\u00edtettek! Meleg, k\u00e9nyelmes viselet a hideg napokra, tavaszig. V\u00e1laszd a maty\u00f3 h\u00edmz\u00e9st!\" \/>\n<meta name=\"robots\" content=\"index, follow, max-snippet:-1, max-image-preview:large, max-video-preview:-1\" \/>\n<link rel=\"canonical\" href=\"https:\/\/matyodesign.hu\/en\/product\/himzett-garbo\/\" \/>\n<meta property=\"og:locale\" content=\"en_GB\" \/>\n<meta property=\"og:type\" content=\"article\" \/>\n<meta property=\"og:title\" content=\"H\u00edmzett garb\u00f3 \u2013 Matyodesign \u2013 K\u00e9nyelem \u00e9s st\u00edlus\" \/>\n<meta property=\"og:description\" content=\"Fedezd fel a h\u00edmzett garb\u00f3t, melyet a tardi asszonyok k\u00e9sz\u00edtettek! Meleg, k\u00e9nyelmes viselet a hideg napokra, tavaszig. V\u00e1laszd a maty\u00f3 h\u00edmz\u00e9st!\" \/>\n<meta property=\"og:url\" content=\"https:\/\/matyodesign.hu\/en\/product\/himzett-garbo\/\" \/>\n<meta property=\"og:site_name\" content=\"matyodesign\" \/>\n<meta property=\"article:modified_time\" content=\"2026-01-09T07:50:33+00:00\" \/>\n<meta property=\"og:image\" content=\"https:\/\/matyodesign.hu\/wp-content\/uploads\/2024\/10\/matyodesign_garbo_puder_5-scaled-e1743516944507.jpg\" \/>\n\t<meta property=\"og:image:width\" content=\"1900\" \/>\n\t<meta property=\"og:image:height\" content=\"1900\" \/>\n\t<meta property=\"og:image:type\" content=\"image\/jpeg\" \/>\n<meta name=\"twitter:card\" content=\"summary_large_image\" \/>\n<meta name=\"twitter:label1\" content=\"Estimated reading time\" \/>\n\t<meta name=\"twitter:data1\" content=\"2 minutes\" \/>\n<script type=\"application\/ld+json\" class=\"yoast-schema-graph\">{\"@context\":\"https:\/\/schema.org\",\"@graph\":[{\"@type\":\"WebPage\",\"@id\":\"https:\/\/matyodesign.hu\/termek\/himzett-garbo\/\",\"url\":\"https:\/\/matyodesign.hu\/termek\/himzett-garbo\/\",\"name\":\"H\u00edmzett garb\u00f3 \u2013 Matyodesign \u2013 K\u00e9nyelem \u00e9s st\u00edlus\",\"isPartOf\":{\"@id\":\"https:\/\/matyodesign.hu\/#website\"},\"primaryImageOfPage\":{\"@id\":\"https:\/\/matyodesign.hu\/termek\/himzett-garbo\/#primaryimage\"},\"image\":{\"@id\":\"https:\/\/matyodesign.hu\/termek\/himzett-garbo\/#primaryimage\"},\"thumbnailUrl\":\"https:\/\/matyodesign.hu\/wp-content\/uploads\/2024\/10\/matyodesign_garbo_puder_5-scaled-e1743516944507.jpg\",\"datePublished\":\"2024-09-30T22:01:00+00:00\",\"dateModified\":\"2026-01-09T07:50:33+00:00\",\"description\":\"Fedezd fel a h\u00edmzett garb\u00f3t, melyet a tardi asszonyok k\u00e9sz\u00edtettek! Meleg, k\u00e9nyelmes viselet a hideg napokra, tavaszig. V\u00e1laszd a maty\u00f3 h\u00edmz\u00e9st!\",\"breadcrumb\":{\"@id\":\"https:\/\/matyodesign.hu\/termek\/himzett-garbo\/#breadcrumb\"},\"inLanguage\":\"en-GB\",\"potentialAction\":[{\"@type\":\"ReadAction\",\"target\":[\"https:\/\/matyodesign.hu\/termek\/himzett-garbo\/\"]}]},{\"@type\":\"ImageObject\",\"inLanguage\":\"en-GB\",\"@id\":\"https:\/\/matyodesign.hu\/termek\/himzett-garbo\/#primaryimage\",\"url\":\"https:\/\/matyodesign.hu\/wp-content\/uploads\/2024\/10\/matyodesign_garbo_puder_5-scaled-e1743516944507.jpg\",\"contentUrl\":\"https:\/\/matyodesign.hu\/wp-content\/uploads\/2024\/10\/matyodesign_garbo_puder_5-scaled-e1743516944507.jpg\",\"width\":1900,\"height\":1900},{\"@type\":\"BreadcrumbList\",\"@id\":\"https:\/\/matyodesign.hu\/termek\/himzett-garbo\/#breadcrumb\",\"itemListElement\":[{\"@type\":\"ListItem\",\"position\":1,\"name\":\"Kezd\u0151lap\",\"item\":\"https:\/\/matyodesign.hu\/\"},{\"@type\":\"ListItem\",\"position\":2,\"name\":\"Webshop\",\"item\":\"https:\/\/matyodesign.hu\/webshop\/\"},{\"@type\":\"ListItem\",\"position\":3,\"name\":\"GARB\u00d3K\"}]},{\"@type\":\"WebSite\",\"@id\":\"https:\/\/matyodesign.hu\/#website\",\"url\":\"https:\/\/matyodesign.hu\/\",\"name\":\"matyodesign\",\"description\":\"K\u00e9zzel. Szeretettel. Neked.\",\"potentialAction\":[{\"@type\":\"SearchAction\",\"target\":{\"@type\":\"EntryPoint\",\"urlTemplate\":\"https:\/\/matyodesign.hu\/?s={search_term_string}\"},\"query-input\":{\"@type\":\"PropertyValueSpecification\",\"valueRequired\":true,\"valueName\":\"search_term_string\"}}],\"inLanguage\":\"en-GB\"}]}<\/script>\n<!-- \/ Yoast SEO plugin. -->","yoast_head_json":{"title":"H\u00edmzett garb\u00f3 \u2013 Matyodesign \u2013 K\u00e9nyelem \u00e9s st\u00edlus","description":"Fedezd fel a h\u00edmzett garb\u00f3t, melyet a tardi asszonyok k\u00e9sz\u00edtettek! Meleg, k\u00e9nyelmes viselet a hideg napokra, tavaszig. V\u00e1laszd a maty\u00f3 h\u00edmz\u00e9st!","robots":{"index":"index","follow":"follow","max-snippet":"max-snippet:-1","max-image-preview":"max-image-preview:large","max-video-preview":"max-video-preview:-1"},"canonical":"https:\/\/matyodesign.hu\/en\/product\/himzett-garbo\/","og_locale":"en_GB","og_type":"article","og_title":"H\u00edmzett garb\u00f3 \u2013 Matyodesign \u2013 K\u00e9nyelem \u00e9s st\u00edlus","og_description":"Fedezd fel a h\u00edmzett garb\u00f3t, melyet a tardi asszonyok k\u00e9sz\u00edtettek! Meleg, k\u00e9nyelmes viselet a hideg napokra, tavaszig. V\u00e1laszd a maty\u00f3 h\u00edmz\u00e9st!","og_url":"https:\/\/matyodesign.hu\/en\/product\/himzett-garbo\/","og_site_name":"matyodesign","article_modified_time":"2026-01-09T07:50:33+00:00","og_image":[{"width":1900,"height":1900,"url":"https:\/\/matyodesign.hu\/wp-content\/uploads\/2024\/10\/matyodesign_garbo_puder_5-scaled-e1743516944507.jpg","type":"image\/jpeg"}],"twitter_card":"summary_large_image","twitter_misc":{"Estimated reading time":"2 minutes"},"schema":{"@context":"https:\/\/schema.org","@graph":[{"@type":"WebPage","@id":"https:\/\/matyodesign.hu\/termek\/himzett-garbo\/","url":"https:\/\/matyodesign.hu\/termek\/himzett-garbo\/","name":"H\u00edmzett garb\u00f3 \u2013 Matyodesign \u2013 K\u00e9nyelem \u00e9s st\u00edlus","isPartOf":{"@id":"https:\/\/matyodesign.hu\/#website"},"primaryImageOfPage":{"@id":"https:\/\/matyodesign.hu\/termek\/himzett-garbo\/#primaryimage"},"image":{"@id":"https:\/\/matyodesign.hu\/termek\/himzett-garbo\/#primaryimage"},"thumbnailUrl":"https:\/\/matyodesign.hu\/wp-content\/uploads\/2024\/10\/matyodesign_garbo_puder_5-scaled-e1743516944507.jpg","datePublished":"2024-09-30T22:01:00+00:00","dateModified":"2026-01-09T07:50:33+00:00","description":"Fedezd fel a h\u00edmzett garb\u00f3t, melyet a tardi asszonyok k\u00e9sz\u00edtettek! Meleg, k\u00e9nyelmes viselet a hideg napokra, tavaszig. V\u00e1laszd a maty\u00f3 h\u00edmz\u00e9st!","breadcrumb":{"@id":"https:\/\/matyodesign.hu\/termek\/himzett-garbo\/#breadcrumb"},"inLanguage":"en-GB","potentialAction":[{"@type":"ReadAction","target":["https:\/\/matyodesign.hu\/termek\/himzett-garbo\/"]}]},{"@type":"ImageObject","inLanguage":"en-GB","@id":"https:\/\/matyodesign.hu\/termek\/himzett-garbo\/#primaryimage","url":"https:\/\/matyodesign.hu\/wp-content\/uploads\/2024\/10\/matyodesign_garbo_puder_5-scaled-e1743516944507.jpg","contentUrl":"https:\/\/matyodesign.hu\/wp-content\/uploads\/2024\/10\/matyodesign_garbo_puder_5-scaled-e1743516944507.jpg","width":1900,"height":1900},{"@type":"BreadcrumbList","@id":"https:\/\/matyodesign.hu\/termek\/himzett-garbo\/#breadcrumb","itemListElement":[{"@type":"ListItem","position":1,"name":"Kezd\u0151lap","item":"https:\/\/matyodesign.hu\/"},{"@type":"ListItem","position":2,"name":"Webshop","item":"https:\/\/matyodesign.hu\/webshop\/"},{"@type":"ListItem","position":3,"name":"GARB\u00d3K"}]},{"@type":"WebSite","@id":"https:\/\/matyodesign.hu\/#website","url":"https:\/\/matyodesign.hu\/","name":"matyodesign","description":"K\u00e9zzel. Szeretettel. Neked.","potentialAction":[{"@type":"SearchAction","target":{"@type":"EntryPoint","urlTemplate":"https:\/\/matyodesign.hu\/?s={search_term_string}"},"query-input":{"@type":"PropertyValueSpecification","valueRequired":true,"valueName":"search_term_string"}}],"inLanguage":"en-GB"}]}},"_links":{"self":[{"href":"https:\/\/matyodesign.hu\/en\/wp-json\/wp\/v2\/product\/101389","targetHints":{"allow":["GET"]}}],"collection":[{"href":"https:\/\/matyodesign.hu\/en\/wp-json\/wp\/v2\/product"}],"about":[{"href":"https:\/\/matyodesign.hu\/en\/wp-json\/wp\/v2\/types\/product"}],"wp:featuredmedia":[{"embeddable":true,"href":"https:\/\/matyodesign.hu\/en\/wp-json\/wp\/v2\/media\/102479"}],"wp:attachment":[{"href":"https:\/\/matyodesign.hu\/en\/wp-json\/wp\/v2\/media?parent=101389"}],"wp:term":[{"taxonomy":"product_brand","embeddable":true,"href":"https:\/\/matyodesign.hu\/en\/wp-json\/wp\/v2\/product_brand?post=101389"},{"taxonomy":"product_cat","embeddable":true,"href":"https:\/\/matyodesign.hu\/en\/wp-json\/wp\/v2\/product_cat?post=101389"},{"taxonomy":"product_tag","embeddable":true,"href":"https:\/\/matyodesign.hu\/en\/wp-json\/wp\/v2\/product_tag?post=101389"}],"curies":[{"name":"wp","href":"https:\/\/api.w.org\/{rel}","templated":true}]}}