{"id":101988,"date":"2025-04-14T20:36:17","date_gmt":"2025-04-14T18:36:17","guid":{"rendered":"https:\/\/matyodesign.hu\/?post_type=product&#038;p=101988"},"modified":"2025-11-19T06:41:34","modified_gmt":"2025-11-19T05:41:34","slug":"polo-szivecske","status":"publish","type":"product","link":"https:\/\/matyodesign.hu\/en\/termek\/polo-szivecske\/","title":{"rendered":"T-SHIRT \u2013 HEART"},"content":{"rendered":"<p>NEW T-shirt! Discover Matyodesign's new women's T-shirt adorned with tiny red hearts! Made from comfortable, sustainable cotton, it symbolizes love.<\/p>\n<p><strong>Made from the heart: Matyodesign's latest women's T-shirt<\/strong><\/p>\n<p>This special women's T-shirt is a symbol of love and uniqueness. The design, adorned with tiny red hearts, is modern and playful, yet it reflects Matyodesign's tradition-honoring style.<\/p>\n<p><strong>Why choose this T-shirt?<\/strong><\/p>\n<ul>\n<li><strong>Personal message:<\/strong> The heart is a universal symbol of emotions, love, and harmony. It's the perfect choice if you're looking for a unique and expressive piece.<\/li>\n<li><strong>Quality materials:<\/strong> Made from sustainably sourced cotton, which is soft to the touch and ensures all-day comfort.<\/li>\n<li><strong>Modern design:<\/strong> The tiny red hearts add a touch of freshness and cheerfulness to any outfit.<\/li>\n<li><strong>Handcrafted details:<\/strong> Each piece is meticulously crafted, making it truly special to wear.<\/li>\n<\/ul>\n<p>This T-shirt is also a great gift choice if you want the recipient to always carry the message of love with them.<\/p>\n<p><strong>Style and tradition in one place.<\/strong><br \/>\nIn matyodesign products, Hungarian craftsmanship traditions meet modern sustainability values. Choose this women's T-shirt and support the local artisan community!<\/p>\n<p>Complete your outfit with other accessories from matyodesign. Explore our webshop and find the perfect match: <a href=\"https:\/\/matyodesign.hu\/en\/\" target=\"_new\" rel=\"noopener\">https:\/\/matyodesign.hu<\/a><\/p>\n<p><strong>Did you know?<\/strong><\/p>\n<p>Our handmade products are providing work to women in Tard, a small northeast Hungarian village and Unesco World Heritage Site. We create products that are majestic in design, have a high standard of quality and celebrate the invidualality of the Matyodesign culture. It is our mission to keep the Matyo culture alive with ethical business practices and by creating sustainable income opportunities for the Matyodesign artisans.<\/p>\n<p>We have created the matyodesign community, keeping in mind the values that resonate with the challenges of today\u2019s world: we operate under an ethical business model, focusing on timeless value creation rather than disposable products. Responsible purchasing and sustainability are key aspects of our philosophy, alongside preserving the values of the past. The Maty\u00f3 embroidery has also been included in the UNESCO list of intangible cultural heritage.<\/p>\n<p>Follow us on our Facebook page as well: <a href=\"https:\/\/www.facebook.com\/matyodesign\">https:\/\/www.facebook.com\/matyodesign<\/a><\/p>\n<p>You can also find us on Instagram: <a href=\"https:\/\/www.instagram.com\/matyodesign\/\">https:\/\/www.instagram.com\/matyodesign\/<\/a><\/p>","protected":false},"excerpt":{"rendered":"<div dir=\"auto\">\n<p>Discover Matyodesign's latest women's T-shirt. Made from comfortable, soft cotton and featuring a minimalist design, it's the perfect choice for everyday wear or special occasions. This T-shirt embodies not only hearts but also a love for traditional Maty\u00f3 embroidery.<\/p>\n<\/div>\n<p>&nbsp;<\/p>","protected":false},"featured_media":102179,"template":"","meta":[],"product_brand":[],"product_cat":[79,367],"product_tag":[],"class_list":{"0":"post-101988","1":"product","2":"type-product","3":"status-publish","4":"has-post-thumbnail","6":"product_cat-noknek","7":"product_cat-polok","9":"first","10":"instock","11":"shipping-taxable","12":"purchasable","13":"product-type-variable","14":"has-default-attributes"},"yoast_head":"<!-- This site is optimized with the Yoast SEO plugin v27.5 - https:\/\/yoast.com\/product\/yoast-seo-wordpress\/ -->\n<title>Sz\u00edvecske egyedi h\u00edmzett p\u00f3l\u00f3 \u2013 Matyodesign<\/title>\n<meta name=\"description\" content=\"Fedezd fel a Matyodesign n\u0151i p\u00f3l\u00f3t sz\u00edvecske mint\u00e1val! K\u00e9zzel h\u00edmzett, puha pamut anyag, amely a maty\u00f3 h\u00edmz\u00e9st \u00e9s a st\u00edlust \u00f6tv\u00f6zi. V\u00e1s\u00e1rold meg most!\" \/>\n<meta name=\"robots\" content=\"index, follow, max-snippet:-1, max-image-preview:large, max-video-preview:-1\" \/>\n<link rel=\"canonical\" href=\"https:\/\/matyodesign.hu\/en\/termek\/t-shirt-heart\/\" \/>\n<meta property=\"og:locale\" content=\"en_GB\" \/>\n<meta property=\"og:type\" content=\"article\" \/>\n<meta property=\"og:title\" content=\"Sz\u00edvecske egyedi h\u00edmzett p\u00f3l\u00f3 \u2013 Matyodesign\" \/>\n<meta property=\"og:description\" content=\"Fedezd fel a Matyodesign n\u0151i p\u00f3l\u00f3t sz\u00edvecske mint\u00e1val! K\u00e9zzel h\u00edmzett, puha pamut anyag, amely a maty\u00f3 h\u00edmz\u00e9st \u00e9s a st\u00edlust \u00f6tv\u00f6zi. V\u00e1s\u00e1rold meg most!\" \/>\n<meta property=\"og:url\" content=\"https:\/\/matyodesign.hu\/en\/termek\/t-shirt-heart\/\" \/>\n<meta property=\"og:site_name\" content=\"matyodesign\" \/>\n<meta property=\"article:modified_time\" content=\"2025-11-19T05:41:34+00:00\" \/>\n<meta property=\"og:image\" content=\"https:\/\/matyodesign.hu\/wp-content\/uploads\/2025\/01\/matyodesign_szivecske_feher_1.png\" \/>\n\t<meta property=\"og:image:width\" content=\"1080\" \/>\n\t<meta property=\"og:image:height\" content=\"1080\" \/>\n\t<meta property=\"og:image:type\" content=\"image\/png\" \/>\n<meta name=\"twitter:card\" content=\"summary_large_image\" \/>\n<meta name=\"twitter:label1\" content=\"Estimated reading time\" \/>\n\t<meta name=\"twitter:data1\" content=\"2 minutes\" \/>\n<script type=\"application\/ld+json\" class=\"yoast-schema-graph\">{\"@context\":\"https:\\\/\\\/schema.org\",\"@graph\":[{\"@type\":\"WebPage\",\"@id\":\"https:\\\/\\\/matyodesign.hu\\\/termek\\\/polo-szivecske\\\/\",\"url\":\"https:\\\/\\\/matyodesign.hu\\\/termek\\\/polo-szivecske\\\/\",\"name\":\"Sz\u00edvecske egyedi h\u00edmzett p\u00f3l\u00f3 \u2013 Matyodesign\",\"isPartOf\":{\"@id\":\"https:\\\/\\\/matyodesign.hu\\\/#website\"},\"primaryImageOfPage\":{\"@id\":\"https:\\\/\\\/matyodesign.hu\\\/termek\\\/polo-szivecske\\\/#primaryimage\"},\"image\":{\"@id\":\"https:\\\/\\\/matyodesign.hu\\\/termek\\\/polo-szivecske\\\/#primaryimage\"},\"thumbnailUrl\":\"https:\\\/\\\/matyodesign.hu\\\/wp-content\\\/uploads\\\/2025\\\/01\\\/matyodesign_szivecske_feher_1.png\",\"datePublished\":\"2025-04-14T18:36:17+00:00\",\"dateModified\":\"2025-11-19T05:41:34+00:00\",\"description\":\"Fedezd fel a Matyodesign n\u0151i p\u00f3l\u00f3t sz\u00edvecske mint\u00e1val! K\u00e9zzel h\u00edmzett, puha pamut anyag, amely a maty\u00f3 h\u00edmz\u00e9st \u00e9s a st\u00edlust \u00f6tv\u00f6zi. V\u00e1s\u00e1rold meg most!\",\"breadcrumb\":{\"@id\":\"https:\\\/\\\/matyodesign.hu\\\/termek\\\/polo-szivecske\\\/#breadcrumb\"},\"inLanguage\":\"en-GB\",\"potentialAction\":[{\"@type\":\"ReadAction\",\"target\":[\"https:\\\/\\\/matyodesign.hu\\\/termek\\\/polo-szivecske\\\/\"]}]},{\"@type\":\"ImageObject\",\"inLanguage\":\"en-GB\",\"@id\":\"https:\\\/\\\/matyodesign.hu\\\/termek\\\/polo-szivecske\\\/#primaryimage\",\"url\":\"https:\\\/\\\/matyodesign.hu\\\/wp-content\\\/uploads\\\/2025\\\/01\\\/matyodesign_szivecske_feher_1.png\",\"contentUrl\":\"https:\\\/\\\/matyodesign.hu\\\/wp-content\\\/uploads\\\/2025\\\/01\\\/matyodesign_szivecske_feher_1.png\",\"width\":1080,\"height\":1080},{\"@type\":\"BreadcrumbList\",\"@id\":\"https:\\\/\\\/matyodesign.hu\\\/termek\\\/polo-szivecske\\\/#breadcrumb\",\"itemListElement\":[{\"@type\":\"ListItem\",\"position\":1,\"name\":\"Kezd\u0151lap\",\"item\":\"https:\\\/\\\/matyodesign.hu\\\/\"},{\"@type\":\"ListItem\",\"position\":2,\"name\":\"Webshop\",\"item\":\"https:\\\/\\\/matyodesign.hu\\\/webshop\\\/\"},{\"@type\":\"ListItem\",\"position\":3,\"name\":\"P\u00d3L\u00d3 &#8211; SZIVECSKE\"}]},{\"@type\":\"WebSite\",\"@id\":\"https:\\\/\\\/matyodesign.hu\\\/#website\",\"url\":\"https:\\\/\\\/matyodesign.hu\\\/\",\"name\":\"matyodesign\",\"description\":\"K\u00e9zzel. Szeretettel. Neked.\",\"potentialAction\":[{\"@type\":\"SearchAction\",\"target\":{\"@type\":\"EntryPoint\",\"urlTemplate\":\"https:\\\/\\\/matyodesign.hu\\\/?s={search_term_string}\"},\"query-input\":{\"@type\":\"PropertyValueSpecification\",\"valueRequired\":true,\"valueName\":\"search_term_string\"}}],\"inLanguage\":\"en-GB\"}]}<\/script>\n<!-- \/ Yoast SEO plugin. -->","yoast_head_json":{"title":"Sz\u00edvecske egyedi h\u00edmzett p\u00f3l\u00f3 \u2013 Matyodesign","description":"Fedezd fel a Matyodesign n\u0151i p\u00f3l\u00f3t sz\u00edvecske mint\u00e1val! K\u00e9zzel h\u00edmzett, puha pamut anyag, amely a maty\u00f3 h\u00edmz\u00e9st \u00e9s a st\u00edlust \u00f6tv\u00f6zi. V\u00e1s\u00e1rold meg most!","robots":{"index":"index","follow":"follow","max-snippet":"max-snippet:-1","max-image-preview":"max-image-preview:large","max-video-preview":"max-video-preview:-1"},"canonical":"https:\/\/matyodesign.hu\/en\/termek\/t-shirt-heart\/","og_locale":"en_GB","og_type":"article","og_title":"Sz\u00edvecske egyedi h\u00edmzett p\u00f3l\u00f3 \u2013 Matyodesign","og_description":"Fedezd fel a Matyodesign n\u0151i p\u00f3l\u00f3t sz\u00edvecske mint\u00e1val! K\u00e9zzel h\u00edmzett, puha pamut anyag, amely a maty\u00f3 h\u00edmz\u00e9st \u00e9s a st\u00edlust \u00f6tv\u00f6zi. V\u00e1s\u00e1rold meg most!","og_url":"https:\/\/matyodesign.hu\/en\/termek\/t-shirt-heart\/","og_site_name":"matyodesign","article_modified_time":"2025-11-19T05:41:34+00:00","og_image":[{"width":1080,"height":1080,"url":"https:\/\/matyodesign.hu\/wp-content\/uploads\/2025\/01\/matyodesign_szivecske_feher_1.png","type":"image\/png"}],"twitter_card":"summary_large_image","twitter_misc":{"Estimated reading time":"2 minutes"},"schema":{"@context":"https:\/\/schema.org","@graph":[{"@type":"WebPage","@id":"https:\/\/matyodesign.hu\/termek\/polo-szivecske\/","url":"https:\/\/matyodesign.hu\/termek\/polo-szivecske\/","name":"Sz\u00edvecske egyedi h\u00edmzett p\u00f3l\u00f3 \u2013 Matyodesign","isPartOf":{"@id":"https:\/\/matyodesign.hu\/#website"},"primaryImageOfPage":{"@id":"https:\/\/matyodesign.hu\/termek\/polo-szivecske\/#primaryimage"},"image":{"@id":"https:\/\/matyodesign.hu\/termek\/polo-szivecske\/#primaryimage"},"thumbnailUrl":"https:\/\/matyodesign.hu\/wp-content\/uploads\/2025\/01\/matyodesign_szivecske_feher_1.png","datePublished":"2025-04-14T18:36:17+00:00","dateModified":"2025-11-19T05:41:34+00:00","description":"Fedezd fel a Matyodesign n\u0151i p\u00f3l\u00f3t sz\u00edvecske mint\u00e1val! K\u00e9zzel h\u00edmzett, puha pamut anyag, amely a maty\u00f3 h\u00edmz\u00e9st \u00e9s a st\u00edlust \u00f6tv\u00f6zi. V\u00e1s\u00e1rold meg most!","breadcrumb":{"@id":"https:\/\/matyodesign.hu\/termek\/polo-szivecske\/#breadcrumb"},"inLanguage":"en-GB","potentialAction":[{"@type":"ReadAction","target":["https:\/\/matyodesign.hu\/termek\/polo-szivecske\/"]}]},{"@type":"ImageObject","inLanguage":"en-GB","@id":"https:\/\/matyodesign.hu\/termek\/polo-szivecske\/#primaryimage","url":"https:\/\/matyodesign.hu\/wp-content\/uploads\/2025\/01\/matyodesign_szivecske_feher_1.png","contentUrl":"https:\/\/matyodesign.hu\/wp-content\/uploads\/2025\/01\/matyodesign_szivecske_feher_1.png","width":1080,"height":1080},{"@type":"BreadcrumbList","@id":"https:\/\/matyodesign.hu\/termek\/polo-szivecske\/#breadcrumb","itemListElement":[{"@type":"ListItem","position":1,"name":"Kezd\u0151lap","item":"https:\/\/matyodesign.hu\/"},{"@type":"ListItem","position":2,"name":"Webshop","item":"https:\/\/matyodesign.hu\/webshop\/"},{"@type":"ListItem","position":3,"name":"P\u00d3L\u00d3 &#8211; SZIVECSKE"}]},{"@type":"WebSite","@id":"https:\/\/matyodesign.hu\/#website","url":"https:\/\/matyodesign.hu\/","name":"matyodesign","description":"K\u00e9zzel. Szeretettel. Neked.","potentialAction":[{"@type":"SearchAction","target":{"@type":"EntryPoint","urlTemplate":"https:\/\/matyodesign.hu\/?s={search_term_string}"},"query-input":{"@type":"PropertyValueSpecification","valueRequired":true,"valueName":"search_term_string"}}],"inLanguage":"en-GB"}]}},"_links":{"self":[{"href":"https:\/\/matyodesign.hu\/en\/wp-json\/wp\/v2\/product\/101988","targetHints":{"allow":["GET"]}}],"collection":[{"href":"https:\/\/matyodesign.hu\/en\/wp-json\/wp\/v2\/product"}],"about":[{"href":"https:\/\/matyodesign.hu\/en\/wp-json\/wp\/v2\/types\/product"}],"wp:featuredmedia":[{"embeddable":true,"href":"https:\/\/matyodesign.hu\/en\/wp-json\/wp\/v2\/media\/102179"}],"wp:attachment":[{"href":"https:\/\/matyodesign.hu\/en\/wp-json\/wp\/v2\/media?parent=101988"}],"wp:term":[{"taxonomy":"product_brand","embeddable":true,"href":"https:\/\/matyodesign.hu\/en\/wp-json\/wp\/v2\/product_brand?post=101988"},{"taxonomy":"product_cat","embeddable":true,"href":"https:\/\/matyodesign.hu\/en\/wp-json\/wp\/v2\/product_cat?post=101988"},{"taxonomy":"product_tag","embeddable":true,"href":"https:\/\/matyodesign.hu\/en\/wp-json\/wp\/v2\/product_tag?post=101988"}],"curies":[{"name":"wp","href":"https:\/\/api.w.org\/{rel}","templated":true}]}}