{"id":102442,"date":"2025-03-31T19:49:53","date_gmt":"2025-03-31T17:49:53","guid":{"rendered":"https:\/\/matyodesign.hu\/?post_type=product&#038;p=102442"},"modified":"2026-03-06T15:08:06","modified_gmt":"2026-03-06T14:08:06","slug":"laza-polok","status":"publish","type":"product","link":"https:\/\/matyodesign.hu\/en\/product\/laza-polok\/","title":{"rendered":"Loose T-shirts"},"content":{"rendered":"<h4 data-start=\"0\" data-end=\"30\">New product from matyodesign: loose T-shirts<\/h4>\n<p class=\"\" data-start=\"32\" data-end=\"320\">Simple yet unique, this loose-fit T-shirt brings you the perfect balance of comfort and femininity. Available in two sophisticated shades: soft powder and fresh sky blue. The delicate detailing of the hand-embroidered floral pattern on the left shoulder makes this basic piece unique. Ideal for everyday wear, whether for work or leisure.<\/p>\n<p class=\"\" data-start=\"322\" data-end=\"667\">The T-shirt is 96% cotton and 4% elastane, so it's soft, breathable and slightly stretchy to adapt to your every move. Ideal for everyday wear, whether it's work, a stroll around town or a nice afternoon out. The cut is relaxed but feminine, so you can easily combine it with jeans, a skirt or a smart blazer.<\/p>\n<p class=\"\" data-start=\"861\" data-end=\"973\"><strong data-start=\"861\" data-end=\"880\">Material composition<\/strong>: 96% cotton, 4% elastane<br data-start=\"904\" data-end=\"907\" \/><strong data-start=\"907\" data-end=\"928\">Handling instructions<\/strong>: Machine washable at 30 degrees and can be ironed.<\/p>\n<p data-start=\"861\" data-end=\"973\">\n<p class=\"\" data-start=\"861\" data-end=\"973\"><b>Check out the webshop! <\/b><a href=\"https:\/\/matyodesign.hu\/en\/shop\/\">https:\/\/matyodesign.hu\/shop\/<\/a><\/p>\n<p class=\"\" data-start=\"1078\" data-end=\"1260\">The <strong data-start=\"1080\" data-end=\"1095\">Matyodesign<\/strong> combines traditional Maty\u00f3 embroidery with modern patterns, premium fabrics and a sustainable approach. Discover the other unique pieces on our website!<\/p>\n<p class=\"\" data-start=\"1262\" data-end=\"1442\">Follow us:<br data-start=\"1279\" data-end=\"1282\" \/><a class=\"\" href=\"https:\/\/www.facebook.com\/matyodesign\" target=\"_new\" rel=\"noopener\" data-start=\"1285\" data-end=\"1333\">Facebook-on<\/a><br data-start=\"1333\" data-end=\"1336\" \/><a class=\"\" href=\"https:\/\/www.instagram.com\/matyodesign\" target=\"_new\" rel=\"noopener\" data-start=\"1339\" data-end=\"1389\">Instagram-on<\/a><br data-start=\"1389\" data-end=\"1392\" \/><a class=\"cursor-pointer\" target=\"_new\" rel=\"noopener\" data-start=\"1395\" data-end=\"1440\">TikTok-on<\/a><\/p>\n<p>&nbsp;<\/p>\n<p><strong>Did you know?<\/strong><\/p>\n<p>Our handmade products provide work for 45 women in Tardon, a tiny village in northeastern Hungary. The mission of matyodesign is not only to keep the tradition alive, but also to recreate it with high quality and uniqueness, keeping in mind the challenges of the present. We have created the Matyodesign community, not forgetting aspirations that resonate with the challenges of today's world: we exist in an ethical business model, creating value in time instead of disposable products, and responsible shopping and sustainability are important parts of our ethos, alongside passing on the values of the past. Maty\u00f3 embroidery, is on the UNESCO Intangible and Cultural Heritage List.<\/p>","protected":false},"excerpt":{"rendered":"<p>Simple yet unique, this loose-fit T-shirt brings you the perfect balance of comfort and femininity. Available in two sophisticated shades: soft powder and fresh sky blue. The delicate detailing of the hand-embroidered floral pattern on the left shoulder makes this basic piece unique. Ideal for everyday wear, whether for work or leisure.<\/p>","protected":false},"featured_media":102456,"template":"","meta":[],"product_brand":[],"product_cat":[367],"product_tag":[],"class_list":{"0":"post-102442","1":"product","2":"type-product","3":"status-publish","4":"has-post-thumbnail","6":"product_cat-polok","8":"first","9":"instock","10":"shipping-taxable","11":"purchasable","12":"product-type-variable"},"yoast_head":"<!-- This site is optimized with the Yoast SEO plugin v27.0 - https:\/\/yoast.com\/product\/yoast-seo-wordpress\/ -->\n<title>Laza h\u00edmzett n\u0151i maty\u00f3 p\u00f3l\u00f3 \u2013 Matyodesign<\/title>\n<meta name=\"description\" content=\"Laza maty\u00f3 p\u00f3l\u00f3 \u2013 h\u00edmzett, egyedi darab a Matyodesignt\u00f3l. V\u00e1laszd a fenntarthat\u00f3, k\u00e9zzel k\u00e9sz\u00fclt magyar divatot!\" \/>\n<meta name=\"robots\" content=\"index, follow, max-snippet:-1, max-image-preview:large, max-video-preview:-1\" \/>\n<link rel=\"canonical\" href=\"https:\/\/matyodesign.hu\/en\/product\/laza-polok\/\" \/>\n<meta property=\"og:locale\" content=\"en_GB\" \/>\n<meta property=\"og:type\" content=\"article\" \/>\n<meta property=\"og:title\" content=\"Laza h\u00edmzett n\u0151i maty\u00f3 p\u00f3l\u00f3 \u2013 Matyodesign\" \/>\n<meta property=\"og:description\" content=\"Laza maty\u00f3 p\u00f3l\u00f3 \u2013 h\u00edmzett, egyedi darab a Matyodesignt\u00f3l. V\u00e1laszd a fenntarthat\u00f3, k\u00e9zzel k\u00e9sz\u00fclt magyar divatot!\" \/>\n<meta property=\"og:url\" content=\"https:\/\/matyodesign.hu\/en\/product\/laza-polok\/\" \/>\n<meta property=\"og:site_name\" content=\"matyodesign\" \/>\n<meta property=\"article:modified_time\" content=\"2026-03-06T14:08:06+00:00\" \/>\n<meta property=\"og:image\" content=\"https:\/\/matyodesign.hu\/wp-content\/uploads\/2025\/03\/matyodesign_laza_polo_puder_2-scaled-e1743516204641.jpg\" \/>\n\t<meta property=\"og:image:width\" content=\"1707\" \/>\n\t<meta property=\"og:image:height\" content=\"1707\" \/>\n\t<meta property=\"og:image:type\" content=\"image\/jpeg\" \/>\n<meta name=\"twitter:card\" content=\"summary_large_image\" \/>\n<meta name=\"twitter:label1\" content=\"Estimated reading time\" \/>\n\t<meta name=\"twitter:data1\" content=\"2 minutes\" \/>\n<script type=\"application\/ld+json\" class=\"yoast-schema-graph\">{\"@context\":\"https:\/\/schema.org\",\"@graph\":[{\"@type\":\"WebPage\",\"@id\":\"https:\/\/matyodesign.hu\/termek\/laza-polok\/\",\"url\":\"https:\/\/matyodesign.hu\/termek\/laza-polok\/\",\"name\":\"Laza h\u00edmzett n\u0151i maty\u00f3 p\u00f3l\u00f3 \u2013 Matyodesign\",\"isPartOf\":{\"@id\":\"https:\/\/matyodesign.hu\/#website\"},\"primaryImageOfPage\":{\"@id\":\"https:\/\/matyodesign.hu\/termek\/laza-polok\/#primaryimage\"},\"image\":{\"@id\":\"https:\/\/matyodesign.hu\/termek\/laza-polok\/#primaryimage\"},\"thumbnailUrl\":\"https:\/\/matyodesign.hu\/wp-content\/uploads\/2025\/03\/matyodesign_laza_polo_puder_2-scaled-e1743516204641.jpg\",\"datePublished\":\"2025-03-31T17:49:53+00:00\",\"dateModified\":\"2026-03-06T14:08:06+00:00\",\"description\":\"Laza maty\u00f3 p\u00f3l\u00f3 \u2013 h\u00edmzett, egyedi darab a Matyodesignt\u00f3l. V\u00e1laszd a fenntarthat\u00f3, k\u00e9zzel k\u00e9sz\u00fclt magyar divatot!\",\"breadcrumb\":{\"@id\":\"https:\/\/matyodesign.hu\/termek\/laza-polok\/#breadcrumb\"},\"inLanguage\":\"en-GB\",\"potentialAction\":[{\"@type\":\"ReadAction\",\"target\":[\"https:\/\/matyodesign.hu\/termek\/laza-polok\/\"]}]},{\"@type\":\"ImageObject\",\"inLanguage\":\"en-GB\",\"@id\":\"https:\/\/matyodesign.hu\/termek\/laza-polok\/#primaryimage\",\"url\":\"https:\/\/matyodesign.hu\/wp-content\/uploads\/2025\/03\/matyodesign_laza_polo_puder_2-scaled-e1743516204641.jpg\",\"contentUrl\":\"https:\/\/matyodesign.hu\/wp-content\/uploads\/2025\/03\/matyodesign_laza_polo_puder_2-scaled-e1743516204641.jpg\",\"width\":1707,\"height\":1707,\"caption\":\"matyodesign laza polo\"},{\"@type\":\"BreadcrumbList\",\"@id\":\"https:\/\/matyodesign.hu\/termek\/laza-polok\/#breadcrumb\",\"itemListElement\":[{\"@type\":\"ListItem\",\"position\":1,\"name\":\"Kezd\u0151lap\",\"item\":\"https:\/\/matyodesign.hu\/\"},{\"@type\":\"ListItem\",\"position\":2,\"name\":\"Webshop\",\"item\":\"https:\/\/matyodesign.hu\/webshop\/\"},{\"@type\":\"ListItem\",\"position\":3,\"name\":\"Laza p\u00f3l\u00f3k\"}]},{\"@type\":\"WebSite\",\"@id\":\"https:\/\/matyodesign.hu\/#website\",\"url\":\"https:\/\/matyodesign.hu\/\",\"name\":\"matyodesign\",\"description\":\"K\u00e9zzel. Szeretettel. Neked.\",\"potentialAction\":[{\"@type\":\"SearchAction\",\"target\":{\"@type\":\"EntryPoint\",\"urlTemplate\":\"https:\/\/matyodesign.hu\/?s={search_term_string}\"},\"query-input\":{\"@type\":\"PropertyValueSpecification\",\"valueRequired\":true,\"valueName\":\"search_term_string\"}}],\"inLanguage\":\"en-GB\"}]}<\/script>\n<!-- \/ Yoast SEO plugin. -->","yoast_head_json":{"title":"Laza h\u00edmzett n\u0151i maty\u00f3 p\u00f3l\u00f3 \u2013 Matyodesign","description":"Laza maty\u00f3 p\u00f3l\u00f3 \u2013 h\u00edmzett, egyedi darab a Matyodesignt\u00f3l. V\u00e1laszd a fenntarthat\u00f3, k\u00e9zzel k\u00e9sz\u00fclt magyar divatot!","robots":{"index":"index","follow":"follow","max-snippet":"max-snippet:-1","max-image-preview":"max-image-preview:large","max-video-preview":"max-video-preview:-1"},"canonical":"https:\/\/matyodesign.hu\/en\/product\/laza-polok\/","og_locale":"en_GB","og_type":"article","og_title":"Laza h\u00edmzett n\u0151i maty\u00f3 p\u00f3l\u00f3 \u2013 Matyodesign","og_description":"Laza maty\u00f3 p\u00f3l\u00f3 \u2013 h\u00edmzett, egyedi darab a Matyodesignt\u00f3l. V\u00e1laszd a fenntarthat\u00f3, k\u00e9zzel k\u00e9sz\u00fclt magyar divatot!","og_url":"https:\/\/matyodesign.hu\/en\/product\/laza-polok\/","og_site_name":"matyodesign","article_modified_time":"2026-03-06T14:08:06+00:00","og_image":[{"width":1707,"height":1707,"url":"https:\/\/matyodesign.hu\/wp-content\/uploads\/2025\/03\/matyodesign_laza_polo_puder_2-scaled-e1743516204641.jpg","type":"image\/jpeg"}],"twitter_card":"summary_large_image","twitter_misc":{"Estimated reading time":"2 minutes"},"schema":{"@context":"https:\/\/schema.org","@graph":[{"@type":"WebPage","@id":"https:\/\/matyodesign.hu\/termek\/laza-polok\/","url":"https:\/\/matyodesign.hu\/termek\/laza-polok\/","name":"Laza h\u00edmzett n\u0151i maty\u00f3 p\u00f3l\u00f3 \u2013 Matyodesign","isPartOf":{"@id":"https:\/\/matyodesign.hu\/#website"},"primaryImageOfPage":{"@id":"https:\/\/matyodesign.hu\/termek\/laza-polok\/#primaryimage"},"image":{"@id":"https:\/\/matyodesign.hu\/termek\/laza-polok\/#primaryimage"},"thumbnailUrl":"https:\/\/matyodesign.hu\/wp-content\/uploads\/2025\/03\/matyodesign_laza_polo_puder_2-scaled-e1743516204641.jpg","datePublished":"2025-03-31T17:49:53+00:00","dateModified":"2026-03-06T14:08:06+00:00","description":"Laza maty\u00f3 p\u00f3l\u00f3 \u2013 h\u00edmzett, egyedi darab a Matyodesignt\u00f3l. V\u00e1laszd a fenntarthat\u00f3, k\u00e9zzel k\u00e9sz\u00fclt magyar divatot!","breadcrumb":{"@id":"https:\/\/matyodesign.hu\/termek\/laza-polok\/#breadcrumb"},"inLanguage":"en-GB","potentialAction":[{"@type":"ReadAction","target":["https:\/\/matyodesign.hu\/termek\/laza-polok\/"]}]},{"@type":"ImageObject","inLanguage":"en-GB","@id":"https:\/\/matyodesign.hu\/termek\/laza-polok\/#primaryimage","url":"https:\/\/matyodesign.hu\/wp-content\/uploads\/2025\/03\/matyodesign_laza_polo_puder_2-scaled-e1743516204641.jpg","contentUrl":"https:\/\/matyodesign.hu\/wp-content\/uploads\/2025\/03\/matyodesign_laza_polo_puder_2-scaled-e1743516204641.jpg","width":1707,"height":1707,"caption":"matyodesign laza polo"},{"@type":"BreadcrumbList","@id":"https:\/\/matyodesign.hu\/termek\/laza-polok\/#breadcrumb","itemListElement":[{"@type":"ListItem","position":1,"name":"Kezd\u0151lap","item":"https:\/\/matyodesign.hu\/"},{"@type":"ListItem","position":2,"name":"Webshop","item":"https:\/\/matyodesign.hu\/webshop\/"},{"@type":"ListItem","position":3,"name":"Laza p\u00f3l\u00f3k"}]},{"@type":"WebSite","@id":"https:\/\/matyodesign.hu\/#website","url":"https:\/\/matyodesign.hu\/","name":"matyodesign","description":"K\u00e9zzel. Szeretettel. Neked.","potentialAction":[{"@type":"SearchAction","target":{"@type":"EntryPoint","urlTemplate":"https:\/\/matyodesign.hu\/?s={search_term_string}"},"query-input":{"@type":"PropertyValueSpecification","valueRequired":true,"valueName":"search_term_string"}}],"inLanguage":"en-GB"}]}},"_links":{"self":[{"href":"https:\/\/matyodesign.hu\/en\/wp-json\/wp\/v2\/product\/102442","targetHints":{"allow":["GET"]}}],"collection":[{"href":"https:\/\/matyodesign.hu\/en\/wp-json\/wp\/v2\/product"}],"about":[{"href":"https:\/\/matyodesign.hu\/en\/wp-json\/wp\/v2\/types\/product"}],"wp:featuredmedia":[{"embeddable":true,"href":"https:\/\/matyodesign.hu\/en\/wp-json\/wp\/v2\/media\/102456"}],"wp:attachment":[{"href":"https:\/\/matyodesign.hu\/en\/wp-json\/wp\/v2\/media?parent=102442"}],"wp:term":[{"taxonomy":"product_brand","embeddable":true,"href":"https:\/\/matyodesign.hu\/en\/wp-json\/wp\/v2\/product_brand?post=102442"},{"taxonomy":"product_cat","embeddable":true,"href":"https:\/\/matyodesign.hu\/en\/wp-json\/wp\/v2\/product_cat?post=102442"},{"taxonomy":"product_tag","embeddable":true,"href":"https:\/\/matyodesign.hu\/en\/wp-json\/wp\/v2\/product_tag?post=102442"}],"curies":[{"name":"wp","href":"https:\/\/api.w.org\/{rel}","templated":true}]}}