{"id":102729,"date":"2024-01-01T07:59:12","date_gmt":"2024-01-01T06:59:12","guid":{"rendered":"https:\/\/matyodesign.hu\/?post_type=product&#038;p=102729"},"modified":"2026-03-11T08:38:27","modified_gmt":"2026-03-11T07:38:27","slug":"poloruha-14","status":"publish","type":"product","link":"https:\/\/matyodesign.hu\/en\/product\/poloruha-14\/","title":{"rendered":"Shirt dress"},"content":{"rendered":"","protected":false},"excerpt":{"rendered":"<p><span data-sheets-root=\"1\">A ny\u00e1ri napok kedvence: a matyodesign p\u00f3l\u00f3ruha egyszerre laza \u00e9s n\u0151ies, t\u00f6k\u00e9letes v\u00e1laszt\u00e1s a mindennapokra. T\u00e9rd f\u00f6l\u00e9 \u00e9r\u0151 fazonja \u00e9s r\u00f6vid ujja biztos\u00edtja a k\u00e9nyelmet, a bal v\u00e1llon elhelyezett k\u00e9zi h\u00edmz\u00e9s pedig egyedi, kifinomult r\u00e9szlettel gazdag\u00edtja.<\/span><\/p>\n<p>Az \u00faj szezon sz\u00ednei: pink, zom\u00e1nck\u00e9k \u00e9s \u00e9jk\u00e9k \u2013 vibr\u00e1l\u00f3, friss \u00e1rnyalatok, amelyek b\u00e1rmilyen alkalomhoz passzolnak. K\u00f6nnyed, st\u00edlusos, \u00e9s mindig k\u00fcl\u00f6nleges \u2013 \u00e9pp, mint te!<\/p>","protected":false},"featured_media":102746,"template":"","meta":[],"product_brand":[],"product_cat":[79,367,369,582],"product_tag":[],"class_list":{"0":"post-102729","1":"product","2":"type-product","3":"status-publish","4":"has-post-thumbnail","6":"product_cat-noknek","7":"product_cat-polok","8":"product_cat-ruhak","9":"product_cat-outlet","11":"first","12":"instock","13":"sale","14":"shipping-taxable","15":"purchasable","16":"product-type-variable"},"yoast_head":"<!-- This site is optimized with the Yoast SEO plugin v27.0 - https:\/\/yoast.com\/product\/yoast-seo-wordpress\/ -->\n<title>Egyedi maty\u00f3 h\u00edmzett p\u00f3l\u00f3ruha \u2013 Matyodesign<\/title>\n<meta name=\"description\" content=\"P\u00f3l\u00f3ruha \u2013 h\u00edmzett, egyedi darab a Matyodesignt\u00f3l. K\u00e9zzel h\u00edmzett r\u00e9szletek \u00e9s magyar hagyom\u00e1ny, egyedi darabokon.\" \/>\n<meta name=\"robots\" content=\"index, follow, max-snippet:-1, max-image-preview:large, max-video-preview:-1\" \/>\n<link rel=\"canonical\" href=\"https:\/\/matyodesign.hu\/en\/product\/poloruha-14\/\" \/>\n<meta property=\"og:locale\" content=\"en_GB\" \/>\n<meta property=\"og:type\" content=\"article\" \/>\n<meta property=\"og:title\" content=\"Egyedi maty\u00f3 h\u00edmzett p\u00f3l\u00f3ruha \u2013 Matyodesign\" \/>\n<meta property=\"og:description\" content=\"P\u00f3l\u00f3ruha \u2013 h\u00edmzett, egyedi darab a Matyodesignt\u00f3l. K\u00e9zzel h\u00edmzett r\u00e9szletek \u00e9s magyar hagyom\u00e1ny, egyedi darabokon.\" \/>\n<meta property=\"og:url\" content=\"https:\/\/matyodesign.hu\/en\/product\/poloruha-14\/\" \/>\n<meta property=\"og:site_name\" content=\"matyodesign\" \/>\n<meta property=\"article:modified_time\" content=\"2026-03-11T07:38:27+00:00\" \/>\n<meta property=\"og:image\" content=\"https:\/\/matyodesign.hu\/wp-content\/uploads\/2025\/05\/matyodesign_poloruha_3-e1746977028800.jpg\" \/>\n\t<meta property=\"og:image:width\" content=\"1520\" \/>\n\t<meta property=\"og:image:height\" content=\"1520\" \/>\n\t<meta property=\"og:image:type\" content=\"image\/jpeg\" \/>\n<meta name=\"twitter:card\" content=\"summary_large_image\" \/>\n<meta name=\"twitter:label1\" content=\"Estimated reading time\" \/>\n\t<meta name=\"twitter:data1\" content=\"1 minute\" \/>\n<script type=\"application\/ld+json\" class=\"yoast-schema-graph\">{\"@context\":\"https:\/\/schema.org\",\"@graph\":[{\"@type\":\"WebPage\",\"@id\":\"https:\/\/matyodesign.hu\/termek\/poloruha-14\/\",\"url\":\"https:\/\/matyodesign.hu\/termek\/poloruha-14\/\",\"name\":\"Egyedi maty\u00f3 h\u00edmzett p\u00f3l\u00f3ruha \u2013 Matyodesign\",\"isPartOf\":{\"@id\":\"https:\/\/matyodesign.hu\/#website\"},\"primaryImageOfPage\":{\"@id\":\"https:\/\/matyodesign.hu\/termek\/poloruha-14\/#primaryimage\"},\"image\":{\"@id\":\"https:\/\/matyodesign.hu\/termek\/poloruha-14\/#primaryimage\"},\"thumbnailUrl\":\"https:\/\/matyodesign.hu\/wp-content\/uploads\/2025\/05\/matyodesign_poloruha_3-e1746977028800.jpg\",\"datePublished\":\"2024-01-01T06:59:12+00:00\",\"dateModified\":\"2026-03-11T07:38:27+00:00\",\"description\":\"P\u00f3l\u00f3ruha \u2013 h\u00edmzett, egyedi darab a Matyodesignt\u00f3l. K\u00e9zzel h\u00edmzett r\u00e9szletek \u00e9s magyar hagyom\u00e1ny, egyedi darabokon.\",\"breadcrumb\":{\"@id\":\"https:\/\/matyodesign.hu\/termek\/poloruha-14\/#breadcrumb\"},\"inLanguage\":\"en-GB\",\"potentialAction\":[{\"@type\":\"ReadAction\",\"target\":[\"https:\/\/matyodesign.hu\/termek\/poloruha-14\/\"]}]},{\"@type\":\"ImageObject\",\"inLanguage\":\"en-GB\",\"@id\":\"https:\/\/matyodesign.hu\/termek\/poloruha-14\/#primaryimage\",\"url\":\"https:\/\/matyodesign.hu\/wp-content\/uploads\/2025\/05\/matyodesign_poloruha_3-e1746977028800.jpg\",\"contentUrl\":\"https:\/\/matyodesign.hu\/wp-content\/uploads\/2025\/05\/matyodesign_poloruha_3-e1746977028800.jpg\",\"width\":1520,\"height\":1520},{\"@type\":\"BreadcrumbList\",\"@id\":\"https:\/\/matyodesign.hu\/termek\/poloruha-14\/#breadcrumb\",\"itemListElement\":[{\"@type\":\"ListItem\",\"position\":1,\"name\":\"Kezd\u0151lap\",\"item\":\"https:\/\/matyodesign.hu\/\"},{\"@type\":\"ListItem\",\"position\":2,\"name\":\"Webshop\",\"item\":\"https:\/\/matyodesign.hu\/webshop\/\"},{\"@type\":\"ListItem\",\"position\":3,\"name\":\"P\u00f3l\u00f3ruha\"}]},{\"@type\":\"WebSite\",\"@id\":\"https:\/\/matyodesign.hu\/#website\",\"url\":\"https:\/\/matyodesign.hu\/\",\"name\":\"matyodesign\",\"description\":\"K\u00e9zzel. Szeretettel. Neked.\",\"potentialAction\":[{\"@type\":\"SearchAction\",\"target\":{\"@type\":\"EntryPoint\",\"urlTemplate\":\"https:\/\/matyodesign.hu\/?s={search_term_string}\"},\"query-input\":{\"@type\":\"PropertyValueSpecification\",\"valueRequired\":true,\"valueName\":\"search_term_string\"}}],\"inLanguage\":\"en-GB\"}]}<\/script>\n<!-- \/ Yoast SEO plugin. -->","yoast_head_json":{"title":"Egyedi maty\u00f3 h\u00edmzett p\u00f3l\u00f3ruha \u2013 Matyodesign","description":"P\u00f3l\u00f3ruha \u2013 h\u00edmzett, egyedi darab a Matyodesignt\u00f3l. K\u00e9zzel h\u00edmzett r\u00e9szletek \u00e9s magyar hagyom\u00e1ny, egyedi darabokon.","robots":{"index":"index","follow":"follow","max-snippet":"max-snippet:-1","max-image-preview":"max-image-preview:large","max-video-preview":"max-video-preview:-1"},"canonical":"https:\/\/matyodesign.hu\/en\/product\/poloruha-14\/","og_locale":"en_GB","og_type":"article","og_title":"Egyedi maty\u00f3 h\u00edmzett p\u00f3l\u00f3ruha \u2013 Matyodesign","og_description":"P\u00f3l\u00f3ruha \u2013 h\u00edmzett, egyedi darab a Matyodesignt\u00f3l. K\u00e9zzel h\u00edmzett r\u00e9szletek \u00e9s magyar hagyom\u00e1ny, egyedi darabokon.","og_url":"https:\/\/matyodesign.hu\/en\/product\/poloruha-14\/","og_site_name":"matyodesign","article_modified_time":"2026-03-11T07:38:27+00:00","og_image":[{"width":1520,"height":1520,"url":"https:\/\/matyodesign.hu\/wp-content\/uploads\/2025\/05\/matyodesign_poloruha_3-e1746977028800.jpg","type":"image\/jpeg"}],"twitter_card":"summary_large_image","twitter_misc":{"Estimated reading time":"1 minute"},"schema":{"@context":"https:\/\/schema.org","@graph":[{"@type":"WebPage","@id":"https:\/\/matyodesign.hu\/termek\/poloruha-14\/","url":"https:\/\/matyodesign.hu\/termek\/poloruha-14\/","name":"Egyedi maty\u00f3 h\u00edmzett p\u00f3l\u00f3ruha \u2013 Matyodesign","isPartOf":{"@id":"https:\/\/matyodesign.hu\/#website"},"primaryImageOfPage":{"@id":"https:\/\/matyodesign.hu\/termek\/poloruha-14\/#primaryimage"},"image":{"@id":"https:\/\/matyodesign.hu\/termek\/poloruha-14\/#primaryimage"},"thumbnailUrl":"https:\/\/matyodesign.hu\/wp-content\/uploads\/2025\/05\/matyodesign_poloruha_3-e1746977028800.jpg","datePublished":"2024-01-01T06:59:12+00:00","dateModified":"2026-03-11T07:38:27+00:00","description":"P\u00f3l\u00f3ruha \u2013 h\u00edmzett, egyedi darab a Matyodesignt\u00f3l. K\u00e9zzel h\u00edmzett r\u00e9szletek \u00e9s magyar hagyom\u00e1ny, egyedi darabokon.","breadcrumb":{"@id":"https:\/\/matyodesign.hu\/termek\/poloruha-14\/#breadcrumb"},"inLanguage":"en-GB","potentialAction":[{"@type":"ReadAction","target":["https:\/\/matyodesign.hu\/termek\/poloruha-14\/"]}]},{"@type":"ImageObject","inLanguage":"en-GB","@id":"https:\/\/matyodesign.hu\/termek\/poloruha-14\/#primaryimage","url":"https:\/\/matyodesign.hu\/wp-content\/uploads\/2025\/05\/matyodesign_poloruha_3-e1746977028800.jpg","contentUrl":"https:\/\/matyodesign.hu\/wp-content\/uploads\/2025\/05\/matyodesign_poloruha_3-e1746977028800.jpg","width":1520,"height":1520},{"@type":"BreadcrumbList","@id":"https:\/\/matyodesign.hu\/termek\/poloruha-14\/#breadcrumb","itemListElement":[{"@type":"ListItem","position":1,"name":"Kezd\u0151lap","item":"https:\/\/matyodesign.hu\/"},{"@type":"ListItem","position":2,"name":"Webshop","item":"https:\/\/matyodesign.hu\/webshop\/"},{"@type":"ListItem","position":3,"name":"P\u00f3l\u00f3ruha"}]},{"@type":"WebSite","@id":"https:\/\/matyodesign.hu\/#website","url":"https:\/\/matyodesign.hu\/","name":"matyodesign","description":"K\u00e9zzel. Szeretettel. Neked.","potentialAction":[{"@type":"SearchAction","target":{"@type":"EntryPoint","urlTemplate":"https:\/\/matyodesign.hu\/?s={search_term_string}"},"query-input":{"@type":"PropertyValueSpecification","valueRequired":true,"valueName":"search_term_string"}}],"inLanguage":"en-GB"}]}},"_links":{"self":[{"href":"https:\/\/matyodesign.hu\/en\/wp-json\/wp\/v2\/product\/102729","targetHints":{"allow":["GET"]}}],"collection":[{"href":"https:\/\/matyodesign.hu\/en\/wp-json\/wp\/v2\/product"}],"about":[{"href":"https:\/\/matyodesign.hu\/en\/wp-json\/wp\/v2\/types\/product"}],"wp:featuredmedia":[{"embeddable":true,"href":"https:\/\/matyodesign.hu\/en\/wp-json\/wp\/v2\/media\/102746"}],"wp:attachment":[{"href":"https:\/\/matyodesign.hu\/en\/wp-json\/wp\/v2\/media?parent=102729"}],"wp:term":[{"taxonomy":"product_brand","embeddable":true,"href":"https:\/\/matyodesign.hu\/en\/wp-json\/wp\/v2\/product_brand?post=102729"},{"taxonomy":"product_cat","embeddable":true,"href":"https:\/\/matyodesign.hu\/en\/wp-json\/wp\/v2\/product_cat?post=102729"},{"taxonomy":"product_tag","embeddable":true,"href":"https:\/\/matyodesign.hu\/en\/wp-json\/wp\/v2\/product_tag?post=102729"}],"curies":[{"name":"wp","href":"https:\/\/api.w.org\/{rel}","templated":true}]}}