{"id":102966,"date":"2023-03-30T12:15:46","date_gmt":"2023-03-30T10:15:46","guid":{"rendered":"https:\/\/matyodesign.hu\/?post_type=product&#038;p=102966"},"modified":"2025-11-19T06:26:33","modified_gmt":"2025-11-19T05:26:33","slug":"feher-pulover","status":"publish","type":"product","link":"https:\/\/matyodesign.hu\/en\/product\/feher-pulover\/","title":{"rendered":"WHITE SWEATER"},"content":{"rendered":"","protected":false},"excerpt":{"rendered":"<p>This white sweater combines a fresh and sophisticated look with hand-embroidery in shades of pink, pastel, and gray. Its light, elegant cut makes it versatile, while the unique color combination gives it a distinctive character. The design was created by Kriston Gitka, and thanks to the hand-crafted details, each piece is a one-of-a-kind original.<\/p>\n<p><strong>Attention! We can ship this product 10 days after ordering, due to the long embroidery time!\u00a0<\/strong><\/p>\n<p>The sweater pattern is designed by Kriston Gitka.<\/p>","protected":false},"featured_media":99086,"template":"","meta":[],"product_brand":[],"product_cat":[79,370],"product_tag":[],"class_list":{"0":"post-102966","1":"product","2":"type-product","3":"status-publish","4":"has-post-thumbnail","6":"product_cat-noknek","7":"product_cat-puloverek","9":"first","10":"instock","11":"shipping-taxable","12":"purchasable","13":"product-type-variable"},"yoast_head":"<!-- This site is optimized with the Yoast SEO plugin v27.0 - https:\/\/yoast.com\/product\/yoast-seo-wordpress\/ -->\n<title>Feh\u00e9r maty\u00f3 h\u00edmzett pul\u00f3ver \u2013 Matyodesign<\/title>\n<meta name=\"description\" content=\"Feh\u00e9r maty\u00f3 pul\u00f3ver \u2013 h\u00edmzett, egyedi darab a Matyodesignt\u00f3l. A maty\u00f3 h\u00edmz\u00e9s \u00fajragondolva, a mindennapokra szabva. Rendeld meg, am\u00edg el\u00e9rhet\u0151!\" \/>\n<meta name=\"robots\" content=\"index, follow, max-snippet:-1, max-image-preview:large, max-video-preview:-1\" \/>\n<link rel=\"canonical\" href=\"https:\/\/matyodesign.hu\/en\/product\/feher-pulover\/\" \/>\n<meta property=\"og:locale\" content=\"en_GB\" \/>\n<meta property=\"og:type\" content=\"article\" \/>\n<meta property=\"og:title\" content=\"Feh\u00e9r maty\u00f3 h\u00edmzett pul\u00f3ver \u2013 Matyodesign\" \/>\n<meta property=\"og:description\" content=\"Feh\u00e9r maty\u00f3 pul\u00f3ver \u2013 h\u00edmzett, egyedi darab a Matyodesignt\u00f3l. A maty\u00f3 h\u00edmz\u00e9s \u00fajragondolva, a mindennapokra szabva. Rendeld meg, am\u00edg el\u00e9rhet\u0151!\" \/>\n<meta property=\"og:url\" content=\"https:\/\/matyodesign.hu\/en\/product\/feher-pulover\/\" \/>\n<meta property=\"og:site_name\" content=\"matyodesign\" \/>\n<meta property=\"article:modified_time\" content=\"2025-11-19T05:26:33+00:00\" \/>\n<meta property=\"og:image\" content=\"https:\/\/matyodesign.hu\/wp-content\/uploads\/2024\/02\/pulcsi_pasztel.webp\" \/>\n\t<meta property=\"og:image:width\" content=\"1000\" \/>\n\t<meta property=\"og:image:height\" content=\"1000\" \/>\n\t<meta property=\"og:image:type\" content=\"image\/webp\" \/>\n<meta name=\"twitter:card\" content=\"summary_large_image\" \/>\n<meta name=\"twitter:label1\" content=\"Estimated reading time\" \/>\n\t<meta name=\"twitter:data1\" content=\"1 minute\" \/>\n<script type=\"application\/ld+json\" class=\"yoast-schema-graph\">{\"@context\":\"https:\/\/schema.org\",\"@graph\":[{\"@type\":\"WebPage\",\"@id\":\"https:\/\/matyodesign.hu\/termek\/feher-pulover\/\",\"url\":\"https:\/\/matyodesign.hu\/termek\/feher-pulover\/\",\"name\":\"Feh\u00e9r maty\u00f3 h\u00edmzett pul\u00f3ver \u2013 Matyodesign\",\"isPartOf\":{\"@id\":\"https:\/\/matyodesign.hu\/#website\"},\"primaryImageOfPage\":{\"@id\":\"https:\/\/matyodesign.hu\/termek\/feher-pulover\/#primaryimage\"},\"image\":{\"@id\":\"https:\/\/matyodesign.hu\/termek\/feher-pulover\/#primaryimage\"},\"thumbnailUrl\":\"https:\/\/matyodesign.hu\/wp-content\/uploads\/2024\/02\/pulcsi_pasztel.webp\",\"datePublished\":\"2023-03-30T10:15:46+00:00\",\"dateModified\":\"2025-11-19T05:26:33+00:00\",\"description\":\"Feh\u00e9r maty\u00f3 pul\u00f3ver \u2013 h\u00edmzett, egyedi darab a Matyodesignt\u00f3l. A maty\u00f3 h\u00edmz\u00e9s \u00fajragondolva, a mindennapokra szabva. Rendeld meg, am\u00edg el\u00e9rhet\u0151!\",\"breadcrumb\":{\"@id\":\"https:\/\/matyodesign.hu\/termek\/feher-pulover\/#breadcrumb\"},\"inLanguage\":\"en-GB\",\"potentialAction\":[{\"@type\":\"ReadAction\",\"target\":[\"https:\/\/matyodesign.hu\/termek\/feher-pulover\/\"]}]},{\"@type\":\"ImageObject\",\"inLanguage\":\"en-GB\",\"@id\":\"https:\/\/matyodesign.hu\/termek\/feher-pulover\/#primaryimage\",\"url\":\"https:\/\/matyodesign.hu\/wp-content\/uploads\/2024\/02\/pulcsi_pasztel.webp\",\"contentUrl\":\"https:\/\/matyodesign.hu\/wp-content\/uploads\/2024\/02\/pulcsi_pasztel.webp\",\"width\":1000,\"height\":1000,\"caption\":\"Pul\u00f3ver feh\u00e9r pasztell, maty\u00f3 mint\u00e1s p\u00f3l\u00f3\"},{\"@type\":\"BreadcrumbList\",\"@id\":\"https:\/\/matyodesign.hu\/termek\/feher-pulover\/#breadcrumb\",\"itemListElement\":[{\"@type\":\"ListItem\",\"position\":1,\"name\":\"Kezd\u0151lap\",\"item\":\"https:\/\/matyodesign.hu\/\"},{\"@type\":\"ListItem\",\"position\":2,\"name\":\"Webshop\",\"item\":\"https:\/\/matyodesign.hu\/webshop\/\"},{\"@type\":\"ListItem\",\"position\":3,\"name\":\"FEH\u00c9R PUL\u00d3VER\"}]},{\"@type\":\"WebSite\",\"@id\":\"https:\/\/matyodesign.hu\/#website\",\"url\":\"https:\/\/matyodesign.hu\/\",\"name\":\"matyodesign\",\"description\":\"K\u00e9zzel. Szeretettel. Neked.\",\"potentialAction\":[{\"@type\":\"SearchAction\",\"target\":{\"@type\":\"EntryPoint\",\"urlTemplate\":\"https:\/\/matyodesign.hu\/?s={search_term_string}\"},\"query-input\":{\"@type\":\"PropertyValueSpecification\",\"valueRequired\":true,\"valueName\":\"search_term_string\"}}],\"inLanguage\":\"en-GB\"}]}<\/script>\n<!-- \/ Yoast SEO plugin. -->","yoast_head_json":{"title":"Feh\u00e9r maty\u00f3 h\u00edmzett pul\u00f3ver \u2013 Matyodesign","description":"Feh\u00e9r maty\u00f3 pul\u00f3ver \u2013 h\u00edmzett, egyedi darab a Matyodesignt\u00f3l. A maty\u00f3 h\u00edmz\u00e9s \u00fajragondolva, a mindennapokra szabva. Rendeld meg, am\u00edg el\u00e9rhet\u0151!","robots":{"index":"index","follow":"follow","max-snippet":"max-snippet:-1","max-image-preview":"max-image-preview:large","max-video-preview":"max-video-preview:-1"},"canonical":"https:\/\/matyodesign.hu\/en\/product\/feher-pulover\/","og_locale":"en_GB","og_type":"article","og_title":"Feh\u00e9r maty\u00f3 h\u00edmzett pul\u00f3ver \u2013 Matyodesign","og_description":"Feh\u00e9r maty\u00f3 pul\u00f3ver \u2013 h\u00edmzett, egyedi darab a Matyodesignt\u00f3l. A maty\u00f3 h\u00edmz\u00e9s \u00fajragondolva, a mindennapokra szabva. Rendeld meg, am\u00edg el\u00e9rhet\u0151!","og_url":"https:\/\/matyodesign.hu\/en\/product\/feher-pulover\/","og_site_name":"matyodesign","article_modified_time":"2025-11-19T05:26:33+00:00","og_image":[{"width":1000,"height":1000,"url":"https:\/\/matyodesign.hu\/wp-content\/uploads\/2024\/02\/pulcsi_pasztel.webp","type":"image\/webp"}],"twitter_card":"summary_large_image","twitter_misc":{"Estimated reading time":"1 minute"},"schema":{"@context":"https:\/\/schema.org","@graph":[{"@type":"WebPage","@id":"https:\/\/matyodesign.hu\/termek\/feher-pulover\/","url":"https:\/\/matyodesign.hu\/termek\/feher-pulover\/","name":"Feh\u00e9r maty\u00f3 h\u00edmzett pul\u00f3ver \u2013 Matyodesign","isPartOf":{"@id":"https:\/\/matyodesign.hu\/#website"},"primaryImageOfPage":{"@id":"https:\/\/matyodesign.hu\/termek\/feher-pulover\/#primaryimage"},"image":{"@id":"https:\/\/matyodesign.hu\/termek\/feher-pulover\/#primaryimage"},"thumbnailUrl":"https:\/\/matyodesign.hu\/wp-content\/uploads\/2024\/02\/pulcsi_pasztel.webp","datePublished":"2023-03-30T10:15:46+00:00","dateModified":"2025-11-19T05:26:33+00:00","description":"Feh\u00e9r maty\u00f3 pul\u00f3ver \u2013 h\u00edmzett, egyedi darab a Matyodesignt\u00f3l. A maty\u00f3 h\u00edmz\u00e9s \u00fajragondolva, a mindennapokra szabva. Rendeld meg, am\u00edg el\u00e9rhet\u0151!","breadcrumb":{"@id":"https:\/\/matyodesign.hu\/termek\/feher-pulover\/#breadcrumb"},"inLanguage":"en-GB","potentialAction":[{"@type":"ReadAction","target":["https:\/\/matyodesign.hu\/termek\/feher-pulover\/"]}]},{"@type":"ImageObject","inLanguage":"en-GB","@id":"https:\/\/matyodesign.hu\/termek\/feher-pulover\/#primaryimage","url":"https:\/\/matyodesign.hu\/wp-content\/uploads\/2024\/02\/pulcsi_pasztel.webp","contentUrl":"https:\/\/matyodesign.hu\/wp-content\/uploads\/2024\/02\/pulcsi_pasztel.webp","width":1000,"height":1000,"caption":"Pul\u00f3ver feh\u00e9r pasztell, maty\u00f3 mint\u00e1s p\u00f3l\u00f3"},{"@type":"BreadcrumbList","@id":"https:\/\/matyodesign.hu\/termek\/feher-pulover\/#breadcrumb","itemListElement":[{"@type":"ListItem","position":1,"name":"Kezd\u0151lap","item":"https:\/\/matyodesign.hu\/"},{"@type":"ListItem","position":2,"name":"Webshop","item":"https:\/\/matyodesign.hu\/webshop\/"},{"@type":"ListItem","position":3,"name":"FEH\u00c9R PUL\u00d3VER"}]},{"@type":"WebSite","@id":"https:\/\/matyodesign.hu\/#website","url":"https:\/\/matyodesign.hu\/","name":"matyodesign","description":"K\u00e9zzel. Szeretettel. Neked.","potentialAction":[{"@type":"SearchAction","target":{"@type":"EntryPoint","urlTemplate":"https:\/\/matyodesign.hu\/?s={search_term_string}"},"query-input":{"@type":"PropertyValueSpecification","valueRequired":true,"valueName":"search_term_string"}}],"inLanguage":"en-GB"}]}},"_links":{"self":[{"href":"https:\/\/matyodesign.hu\/en\/wp-json\/wp\/v2\/product\/102966","targetHints":{"allow":["GET"]}}],"collection":[{"href":"https:\/\/matyodesign.hu\/en\/wp-json\/wp\/v2\/product"}],"about":[{"href":"https:\/\/matyodesign.hu\/en\/wp-json\/wp\/v2\/types\/product"}],"wp:featuredmedia":[{"embeddable":true,"href":"https:\/\/matyodesign.hu\/en\/wp-json\/wp\/v2\/media\/99086"}],"wp:attachment":[{"href":"https:\/\/matyodesign.hu\/en\/wp-json\/wp\/v2\/media?parent=102966"}],"wp:term":[{"taxonomy":"product_brand","embeddable":true,"href":"https:\/\/matyodesign.hu\/en\/wp-json\/wp\/v2\/product_brand?post=102966"},{"taxonomy":"product_cat","embeddable":true,"href":"https:\/\/matyodesign.hu\/en\/wp-json\/wp\/v2\/product_cat?post=102966"},{"taxonomy":"product_tag","embeddable":true,"href":"https:\/\/matyodesign.hu\/en\/wp-json\/wp\/v2\/product_tag?post=102966"}],"curies":[{"name":"wp","href":"https:\/\/api.w.org\/{rel}","templated":true}]}}