{"id":103432,"date":"2025-10-26T14:00:58","date_gmt":"2025-10-26T13:00:58","guid":{"rendered":"https:\/\/matyodesign.hu\/?post_type=product&#038;p=103432"},"modified":"2025-10-26T14:07:08","modified_gmt":"2025-10-26T13:07:08","slug":"exkluziv-ruha-2","status":"publish","type":"product","link":"https:\/\/matyodesign.hu\/en\/product\/exkluziv-ruha-2\/","title":{"rendered":"EXCLUSIVE DRESSES"},"content":{"rendered":"","protected":false},"excerpt":{"rendered":"<p class=\"p1\"><span class=\"s1\">All attention will be on you in this magnificent dress.<\/span><\/p>\n<p class=\"p2\"><span class=\"s1\">Our artisans work more than 3 weeks to make this one of a kind piece. Be the most beautiful and elegant that you can be.<\/span><\/p>\n<p>Made to order.<\/p>","protected":false},"featured_media":98753,"template":"","meta":[],"product_brand":[],"product_cat":[79,369],"product_tag":[],"class_list":{"0":"post-103432","1":"product","2":"type-product","3":"status-publish","4":"has-post-thumbnail","6":"product_cat-noknek","7":"product_cat-ruhak","9":"first","10":"instock","11":"shipping-taxable","12":"purchasable","13":"product-type-variable"},"yoast_head":"<!-- This site is optimized with the Yoast SEO plugin v27.0 - https:\/\/yoast.com\/product\/yoast-seo-wordpress\/ -->\n<title>EXKLUZ\u00cdV RUH\u00c1K - matyodesign<\/title>\n<meta name=\"robots\" content=\"index, follow, max-snippet:-1, max-image-preview:large, max-video-preview:-1\" \/>\n<link rel=\"canonical\" href=\"https:\/\/matyodesign.hu\/en\/product\/exkluziv-ruha-2\/\" \/>\n<meta property=\"og:locale\" content=\"en_GB\" \/>\n<meta property=\"og:type\" content=\"article\" \/>\n<meta property=\"og:title\" content=\"EXKLUZ\u00cdV RUH\u00c1K - matyodesign\" \/>\n<meta property=\"og:description\" content=\"S\u00f6p\u00f6rd be az elismer\u0151 pillant\u00e1sokat ebben a pazar ruh\u00e1ban! Egy tardi h\u00edmz\u0151n\u0151 h\u00e1rom h\u00e9tig dolgozik azon, hogy Te legy\u00e9l a legszebb\u2026 Megrendel\u00e9sre k\u00e9sz\u00edtj\u00fck!\" \/>\n<meta property=\"og:url\" content=\"https:\/\/matyodesign.hu\/en\/product\/exkluziv-ruha-2\/\" \/>\n<meta property=\"og:site_name\" content=\"matyodesign\" \/>\n<meta property=\"article:modified_time\" content=\"2025-10-26T13:07:08+00:00\" \/>\n<meta property=\"og:image\" content=\"https:\/\/matyodesign.hu\/wp-content\/uploads\/2024\/02\/02-2.jpg\" \/>\n\t<meta property=\"og:image:width\" content=\"1000\" \/>\n\t<meta property=\"og:image:height\" content=\"1000\" \/>\n\t<meta property=\"og:image:type\" content=\"image\/jpeg\" \/>\n<meta name=\"twitter:card\" content=\"summary_large_image\" \/>\n<meta name=\"twitter:label1\" content=\"Estimated reading time\" \/>\n\t<meta name=\"twitter:data1\" content=\"1 minute\" \/>\n<script type=\"application\/ld+json\" class=\"yoast-schema-graph\">{\"@context\":\"https:\/\/schema.org\",\"@graph\":[{\"@type\":\"WebPage\",\"@id\":\"https:\/\/matyodesign.hu\/termek\/exkluziv-ruha-2\/\",\"url\":\"https:\/\/matyodesign.hu\/termek\/exkluziv-ruha-2\/\",\"name\":\"EXKLUZ\u00cdV RUH\u00c1K - matyodesign\",\"isPartOf\":{\"@id\":\"https:\/\/matyodesign.hu\/#website\"},\"primaryImageOfPage\":{\"@id\":\"https:\/\/matyodesign.hu\/termek\/exkluziv-ruha-2\/#primaryimage\"},\"image\":{\"@id\":\"https:\/\/matyodesign.hu\/termek\/exkluziv-ruha-2\/#primaryimage\"},\"thumbnailUrl\":\"https:\/\/matyodesign.hu\/wp-content\/uploads\/2024\/02\/02-2.jpg\",\"datePublished\":\"2025-10-26T13:00:58+00:00\",\"dateModified\":\"2025-10-26T13:07:08+00:00\",\"breadcrumb\":{\"@id\":\"https:\/\/matyodesign.hu\/termek\/exkluziv-ruha-2\/#breadcrumb\"},\"inLanguage\":\"en-GB\",\"potentialAction\":[{\"@type\":\"ReadAction\",\"target\":[\"https:\/\/matyodesign.hu\/termek\/exkluziv-ruha-2\/\"]}]},{\"@type\":\"ImageObject\",\"inLanguage\":\"en-GB\",\"@id\":\"https:\/\/matyodesign.hu\/termek\/exkluziv-ruha-2\/#primaryimage\",\"url\":\"https:\/\/matyodesign.hu\/wp-content\/uploads\/2024\/02\/02-2.jpg\",\"contentUrl\":\"https:\/\/matyodesign.hu\/wp-content\/uploads\/2024\/02\/02-2.jpg\",\"width\":1000,\"height\":1000,\"caption\":\"Ruha exkluz\u00edv maty\u00f3, h\u00edmzett ruhanem\u0171 web\u00e1ruh\u00e1z\"},{\"@type\":\"BreadcrumbList\",\"@id\":\"https:\/\/matyodesign.hu\/termek\/exkluziv-ruha-2\/#breadcrumb\",\"itemListElement\":[{\"@type\":\"ListItem\",\"position\":1,\"name\":\"Kezd\u0151lap\",\"item\":\"https:\/\/matyodesign.hu\/\"},{\"@type\":\"ListItem\",\"position\":2,\"name\":\"Webshop\",\"item\":\"https:\/\/matyodesign.hu\/webshop\/\"},{\"@type\":\"ListItem\",\"position\":3,\"name\":\"EXKLUZ\u00cdV RUH\u00c1K\"}]},{\"@type\":\"WebSite\",\"@id\":\"https:\/\/matyodesign.hu\/#website\",\"url\":\"https:\/\/matyodesign.hu\/\",\"name\":\"matyodesign\",\"description\":\"K\u00e9zzel. Szeretettel. Neked.\",\"potentialAction\":[{\"@type\":\"SearchAction\",\"target\":{\"@type\":\"EntryPoint\",\"urlTemplate\":\"https:\/\/matyodesign.hu\/?s={search_term_string}\"},\"query-input\":{\"@type\":\"PropertyValueSpecification\",\"valueRequired\":true,\"valueName\":\"search_term_string\"}}],\"inLanguage\":\"en-GB\"}]}<\/script>\n<!-- \/ Yoast SEO plugin. -->","yoast_head_json":{"title":"EXKLUZ\u00cdV RUH\u00c1K - matyodesign","robots":{"index":"index","follow":"follow","max-snippet":"max-snippet:-1","max-image-preview":"max-image-preview:large","max-video-preview":"max-video-preview:-1"},"canonical":"https:\/\/matyodesign.hu\/en\/product\/exkluziv-ruha-2\/","og_locale":"en_GB","og_type":"article","og_title":"EXKLUZ\u00cdV RUH\u00c1K - matyodesign","og_description":"S\u00f6p\u00f6rd be az elismer\u0151 pillant\u00e1sokat ebben a pazar ruh\u00e1ban! Egy tardi h\u00edmz\u0151n\u0151 h\u00e1rom h\u00e9tig dolgozik azon, hogy Te legy\u00e9l a legszebb\u2026 Megrendel\u00e9sre k\u00e9sz\u00edtj\u00fck!","og_url":"https:\/\/matyodesign.hu\/en\/product\/exkluziv-ruha-2\/","og_site_name":"matyodesign","article_modified_time":"2025-10-26T13:07:08+00:00","og_image":[{"width":1000,"height":1000,"url":"https:\/\/matyodesign.hu\/wp-content\/uploads\/2024\/02\/02-2.jpg","type":"image\/jpeg"}],"twitter_card":"summary_large_image","twitter_misc":{"Estimated reading time":"1 minute"},"schema":{"@context":"https:\/\/schema.org","@graph":[{"@type":"WebPage","@id":"https:\/\/matyodesign.hu\/termek\/exkluziv-ruha-2\/","url":"https:\/\/matyodesign.hu\/termek\/exkluziv-ruha-2\/","name":"EXKLUZ\u00cdV RUH\u00c1K - matyodesign","isPartOf":{"@id":"https:\/\/matyodesign.hu\/#website"},"primaryImageOfPage":{"@id":"https:\/\/matyodesign.hu\/termek\/exkluziv-ruha-2\/#primaryimage"},"image":{"@id":"https:\/\/matyodesign.hu\/termek\/exkluziv-ruha-2\/#primaryimage"},"thumbnailUrl":"https:\/\/matyodesign.hu\/wp-content\/uploads\/2024\/02\/02-2.jpg","datePublished":"2025-10-26T13:00:58+00:00","dateModified":"2025-10-26T13:07:08+00:00","breadcrumb":{"@id":"https:\/\/matyodesign.hu\/termek\/exkluziv-ruha-2\/#breadcrumb"},"inLanguage":"en-GB","potentialAction":[{"@type":"ReadAction","target":["https:\/\/matyodesign.hu\/termek\/exkluziv-ruha-2\/"]}]},{"@type":"ImageObject","inLanguage":"en-GB","@id":"https:\/\/matyodesign.hu\/termek\/exkluziv-ruha-2\/#primaryimage","url":"https:\/\/matyodesign.hu\/wp-content\/uploads\/2024\/02\/02-2.jpg","contentUrl":"https:\/\/matyodesign.hu\/wp-content\/uploads\/2024\/02\/02-2.jpg","width":1000,"height":1000,"caption":"Ruha exkluz\u00edv maty\u00f3, h\u00edmzett ruhanem\u0171 web\u00e1ruh\u00e1z"},{"@type":"BreadcrumbList","@id":"https:\/\/matyodesign.hu\/termek\/exkluziv-ruha-2\/#breadcrumb","itemListElement":[{"@type":"ListItem","position":1,"name":"Kezd\u0151lap","item":"https:\/\/matyodesign.hu\/"},{"@type":"ListItem","position":2,"name":"Webshop","item":"https:\/\/matyodesign.hu\/webshop\/"},{"@type":"ListItem","position":3,"name":"EXKLUZ\u00cdV RUH\u00c1K"}]},{"@type":"WebSite","@id":"https:\/\/matyodesign.hu\/#website","url":"https:\/\/matyodesign.hu\/","name":"matyodesign","description":"K\u00e9zzel. Szeretettel. Neked.","potentialAction":[{"@type":"SearchAction","target":{"@type":"EntryPoint","urlTemplate":"https:\/\/matyodesign.hu\/?s={search_term_string}"},"query-input":{"@type":"PropertyValueSpecification","valueRequired":true,"valueName":"search_term_string"}}],"inLanguage":"en-GB"}]}},"_links":{"self":[{"href":"https:\/\/matyodesign.hu\/en\/wp-json\/wp\/v2\/product\/103432","targetHints":{"allow":["GET"]}}],"collection":[{"href":"https:\/\/matyodesign.hu\/en\/wp-json\/wp\/v2\/product"}],"about":[{"href":"https:\/\/matyodesign.hu\/en\/wp-json\/wp\/v2\/types\/product"}],"wp:featuredmedia":[{"embeddable":true,"href":"https:\/\/matyodesign.hu\/en\/wp-json\/wp\/v2\/media\/98753"}],"wp:attachment":[{"href":"https:\/\/matyodesign.hu\/en\/wp-json\/wp\/v2\/media?parent=103432"}],"wp:term":[{"taxonomy":"product_brand","embeddable":true,"href":"https:\/\/matyodesign.hu\/en\/wp-json\/wp\/v2\/product_brand?post=103432"},{"taxonomy":"product_cat","embeddable":true,"href":"https:\/\/matyodesign.hu\/en\/wp-json\/wp\/v2\/product_cat?post=103432"},{"taxonomy":"product_tag","embeddable":true,"href":"https:\/\/matyodesign.hu\/en\/wp-json\/wp\/v2\/product_tag?post=103432"}],"curies":[{"name":"wp","href":"https:\/\/api.w.org\/{rel}","templated":true}]}}