{"id":103477,"date":"2025-11-05T06:25:06","date_gmt":"2025-11-05T05:25:06","guid":{"rendered":"https:\/\/matyodesign.hu\/?post_type=product&#038;p=103477"},"modified":"2025-11-12T07:27:24","modified_gmt":"2025-11-12T06:27:24","slug":"mini-matyo-polo-11","status":"publish","type":"product","link":"https:\/\/matyodesign.hu\/en\/product\/mini-matyo-polo-11\/","title":{"rendered":"Mini Maty\u00f3 T-shirt"},"content":{"rendered":"","protected":false},"excerpt":{"rendered":"<p>The perfect blend of tradition and modern style! These hand-embroidered T-shirts feature a classic cut yet have a distinctive character, made truly special by their beautiful patterns. Sometimes, even a small pattern is enough!<\/p>","protected":false},"featured_media":103526,"template":"","meta":[],"product_brand":[],"product_cat":[79,367],"product_tag":[],"class_list":{"0":"post-103477","1":"product","2":"type-product","3":"status-publish","4":"has-post-thumbnail","6":"product_cat-noknek","7":"product_cat-polok","9":"first","10":"instock","11":"shipping-taxable","12":"purchasable","13":"product-type-variable"},"yoast_head":"<!-- This site is optimized with the Yoast SEO plugin v27.0 - https:\/\/yoast.com\/product\/yoast-seo-wordpress\/ -->\n<title>Mini maty\u00f3 p\u00f3l\u00f3 - matyodesign<\/title>\n<meta name=\"robots\" content=\"index, follow, max-snippet:-1, max-image-preview:large, max-video-preview:-1\" \/>\n<link rel=\"canonical\" href=\"https:\/\/matyodesign.hu\/en\/product\/mini-matyo-polo-11\/\" \/>\n<meta property=\"og:locale\" content=\"en_GB\" \/>\n<meta property=\"og:type\" content=\"article\" \/>\n<meta property=\"og:title\" content=\"Mini maty\u00f3 p\u00f3l\u00f3 - matyodesign\" \/>\n<meta property=\"og:description\" content=\"A hagyom\u00e1ny \u00e9s a modern st\u00edlus t\u00f6k\u00e9letes tal\u00e1lkoz\u00e1sa! Ezek a k\u00e9zzel h\u00edmzett p\u00f3l\u00f3k klasszikus szab\u00e1s\u00faak, m\u00e9gis karakteres darabok, amelyeket a gy\u00f6ny\u00f6r\u0171 mint\u00e1k tesznek igaz\u00e1n k\u00fcl\u00f6nlegess\u00e9. N\u00e9ha pedig el\u00e9g egy apr\u00f3 minta is!\" \/>\n<meta property=\"og:url\" content=\"https:\/\/matyodesign.hu\/en\/product\/mini-matyo-polo-11\/\" \/>\n<meta property=\"og:site_name\" content=\"matyodesign\" \/>\n<meta property=\"article:modified_time\" content=\"2025-11-12T06:27:24+00:00\" \/>\n<meta property=\"og:image\" content=\"https:\/\/matyodesign.hu\/wp-content\/uploads\/2025\/11\/image00033-scaled.jpeg\" \/>\n\t<meta property=\"og:image:width\" content=\"1953\" \/>\n\t<meta property=\"og:image:height\" content=\"2560\" \/>\n\t<meta property=\"og:image:type\" content=\"image\/jpeg\" \/>\n<meta name=\"twitter:card\" content=\"summary_large_image\" \/>\n<meta name=\"twitter:label1\" content=\"Estimated reading time\" \/>\n\t<meta name=\"twitter:data1\" content=\"1 minute\" \/>\n<script type=\"application\/ld+json\" class=\"yoast-schema-graph\">{\"@context\":\"https:\/\/schema.org\",\"@graph\":[{\"@type\":\"WebPage\",\"@id\":\"https:\/\/matyodesign.hu\/termek\/mini-matyo-polo-11\/\",\"url\":\"https:\/\/matyodesign.hu\/termek\/mini-matyo-polo-11\/\",\"name\":\"Mini maty\u00f3 p\u00f3l\u00f3 - matyodesign\",\"isPartOf\":{\"@id\":\"https:\/\/matyodesign.hu\/#website\"},\"primaryImageOfPage\":{\"@id\":\"https:\/\/matyodesign.hu\/termek\/mini-matyo-polo-11\/#primaryimage\"},\"image\":{\"@id\":\"https:\/\/matyodesign.hu\/termek\/mini-matyo-polo-11\/#primaryimage\"},\"thumbnailUrl\":\"https:\/\/matyodesign.hu\/wp-content\/uploads\/2025\/11\/image00033-scaled-e1762929304738.jpeg\",\"datePublished\":\"2025-11-05T05:25:06+00:00\",\"dateModified\":\"2025-11-12T06:27:24+00:00\",\"breadcrumb\":{\"@id\":\"https:\/\/matyodesign.hu\/termek\/mini-matyo-polo-11\/#breadcrumb\"},\"inLanguage\":\"en-GB\",\"potentialAction\":[{\"@type\":\"ReadAction\",\"target\":[\"https:\/\/matyodesign.hu\/termek\/mini-matyo-polo-11\/\"]}]},{\"@type\":\"ImageObject\",\"inLanguage\":\"en-GB\",\"@id\":\"https:\/\/matyodesign.hu\/termek\/mini-matyo-polo-11\/#primaryimage\",\"url\":\"https:\/\/matyodesign.hu\/wp-content\/uploads\/2025\/11\/image00033-scaled-e1762929304738.jpeg\",\"contentUrl\":\"https:\/\/matyodesign.hu\/wp-content\/uploads\/2025\/11\/image00033-scaled-e1762929304738.jpeg\",\"width\":1953,\"height\":1954},{\"@type\":\"BreadcrumbList\",\"@id\":\"https:\/\/matyodesign.hu\/termek\/mini-matyo-polo-11\/#breadcrumb\",\"itemListElement\":[{\"@type\":\"ListItem\",\"position\":1,\"name\":\"Kezd\u0151lap\",\"item\":\"https:\/\/matyodesign.hu\/\"},{\"@type\":\"ListItem\",\"position\":2,\"name\":\"Webshop\",\"item\":\"https:\/\/matyodesign.hu\/webshop\/\"},{\"@type\":\"ListItem\",\"position\":3,\"name\":\"Mini maty\u00f3 p\u00f3l\u00f3\"}]},{\"@type\":\"WebSite\",\"@id\":\"https:\/\/matyodesign.hu\/#website\",\"url\":\"https:\/\/matyodesign.hu\/\",\"name\":\"matyodesign\",\"description\":\"K\u00e9zzel. Szeretettel. Neked.\",\"potentialAction\":[{\"@type\":\"SearchAction\",\"target\":{\"@type\":\"EntryPoint\",\"urlTemplate\":\"https:\/\/matyodesign.hu\/?s={search_term_string}\"},\"query-input\":{\"@type\":\"PropertyValueSpecification\",\"valueRequired\":true,\"valueName\":\"search_term_string\"}}],\"inLanguage\":\"en-GB\"}]}<\/script>\n<!-- \/ Yoast SEO plugin. -->","yoast_head_json":{"title":"Mini maty\u00f3 p\u00f3l\u00f3 - matyodesign","robots":{"index":"index","follow":"follow","max-snippet":"max-snippet:-1","max-image-preview":"max-image-preview:large","max-video-preview":"max-video-preview:-1"},"canonical":"https:\/\/matyodesign.hu\/en\/product\/mini-matyo-polo-11\/","og_locale":"en_GB","og_type":"article","og_title":"Mini maty\u00f3 p\u00f3l\u00f3 - matyodesign","og_description":"A hagyom\u00e1ny \u00e9s a modern st\u00edlus t\u00f6k\u00e9letes tal\u00e1lkoz\u00e1sa! Ezek a k\u00e9zzel h\u00edmzett p\u00f3l\u00f3k klasszikus szab\u00e1s\u00faak, m\u00e9gis karakteres darabok, amelyeket a gy\u00f6ny\u00f6r\u0171 mint\u00e1k tesznek igaz\u00e1n k\u00fcl\u00f6nlegess\u00e9. N\u00e9ha pedig el\u00e9g egy apr\u00f3 minta is!","og_url":"https:\/\/matyodesign.hu\/en\/product\/mini-matyo-polo-11\/","og_site_name":"matyodesign","article_modified_time":"2025-11-12T06:27:24+00:00","og_image":[{"width":1953,"height":2560,"url":"https:\/\/matyodesign.hu\/wp-content\/uploads\/2025\/11\/image00033-scaled.jpeg","type":"image\/jpeg"}],"twitter_card":"summary_large_image","twitter_misc":{"Estimated reading time":"1 minute"},"schema":{"@context":"https:\/\/schema.org","@graph":[{"@type":"WebPage","@id":"https:\/\/matyodesign.hu\/termek\/mini-matyo-polo-11\/","url":"https:\/\/matyodesign.hu\/termek\/mini-matyo-polo-11\/","name":"Mini maty\u00f3 p\u00f3l\u00f3 - matyodesign","isPartOf":{"@id":"https:\/\/matyodesign.hu\/#website"},"primaryImageOfPage":{"@id":"https:\/\/matyodesign.hu\/termek\/mini-matyo-polo-11\/#primaryimage"},"image":{"@id":"https:\/\/matyodesign.hu\/termek\/mini-matyo-polo-11\/#primaryimage"},"thumbnailUrl":"https:\/\/matyodesign.hu\/wp-content\/uploads\/2025\/11\/image00033-scaled-e1762929304738.jpeg","datePublished":"2025-11-05T05:25:06+00:00","dateModified":"2025-11-12T06:27:24+00:00","breadcrumb":{"@id":"https:\/\/matyodesign.hu\/termek\/mini-matyo-polo-11\/#breadcrumb"},"inLanguage":"en-GB","potentialAction":[{"@type":"ReadAction","target":["https:\/\/matyodesign.hu\/termek\/mini-matyo-polo-11\/"]}]},{"@type":"ImageObject","inLanguage":"en-GB","@id":"https:\/\/matyodesign.hu\/termek\/mini-matyo-polo-11\/#primaryimage","url":"https:\/\/matyodesign.hu\/wp-content\/uploads\/2025\/11\/image00033-scaled-e1762929304738.jpeg","contentUrl":"https:\/\/matyodesign.hu\/wp-content\/uploads\/2025\/11\/image00033-scaled-e1762929304738.jpeg","width":1953,"height":1954},{"@type":"BreadcrumbList","@id":"https:\/\/matyodesign.hu\/termek\/mini-matyo-polo-11\/#breadcrumb","itemListElement":[{"@type":"ListItem","position":1,"name":"Kezd\u0151lap","item":"https:\/\/matyodesign.hu\/"},{"@type":"ListItem","position":2,"name":"Webshop","item":"https:\/\/matyodesign.hu\/webshop\/"},{"@type":"ListItem","position":3,"name":"Mini maty\u00f3 p\u00f3l\u00f3"}]},{"@type":"WebSite","@id":"https:\/\/matyodesign.hu\/#website","url":"https:\/\/matyodesign.hu\/","name":"matyodesign","description":"K\u00e9zzel. Szeretettel. Neked.","potentialAction":[{"@type":"SearchAction","target":{"@type":"EntryPoint","urlTemplate":"https:\/\/matyodesign.hu\/?s={search_term_string}"},"query-input":{"@type":"PropertyValueSpecification","valueRequired":true,"valueName":"search_term_string"}}],"inLanguage":"en-GB"}]}},"_links":{"self":[{"href":"https:\/\/matyodesign.hu\/en\/wp-json\/wp\/v2\/product\/103477","targetHints":{"allow":["GET"]}}],"collection":[{"href":"https:\/\/matyodesign.hu\/en\/wp-json\/wp\/v2\/product"}],"about":[{"href":"https:\/\/matyodesign.hu\/en\/wp-json\/wp\/v2\/types\/product"}],"wp:featuredmedia":[{"embeddable":true,"href":"https:\/\/matyodesign.hu\/en\/wp-json\/wp\/v2\/media\/103526"}],"wp:attachment":[{"href":"https:\/\/matyodesign.hu\/en\/wp-json\/wp\/v2\/media?parent=103477"}],"wp:term":[{"taxonomy":"product_brand","embeddable":true,"href":"https:\/\/matyodesign.hu\/en\/wp-json\/wp\/v2\/product_brand?post=103477"},{"taxonomy":"product_cat","embeddable":true,"href":"https:\/\/matyodesign.hu\/en\/wp-json\/wp\/v2\/product_cat?post=103477"},{"taxonomy":"product_tag","embeddable":true,"href":"https:\/\/matyodesign.hu\/en\/wp-json\/wp\/v2\/product_tag?post=103477"}],"curies":[{"name":"wp","href":"https:\/\/api.w.org\/{rel}","templated":true}]}}