{"id":103528,"date":"2025-11-12T07:27:21","date_gmt":"2025-11-12T06:27:21","guid":{"rendered":"https:\/\/matyodesign.hu\/?post_type=product&#038;p=103528"},"modified":"2026-01-12T10:32:07","modified_gmt":"2026-01-12T09:32:07","slug":"olelo-sziv-pled","status":"publish","type":"product","link":"https:\/\/matyodesign.hu\/en\/product\/olelo-sziv-pled\/","title":{"rendered":"Hugging Heart Blanket"},"content":{"rendered":"<p>Size: <span data-sheets-root=\"1\">127 x 152 cm<\/span><\/p>\n<p>Material: <span data-sheets-root=\"1\">50% cotton, 50% polyester<\/span><\/p>","protected":false},"excerpt":{"rendered":"<p>Our cozy blanket is as soft as a loving embrace. Snuggle up under it with a mug of tea on winter evenings or during those slow, lazy Sunday afternoons. It also makes the perfect Christmas gift.<\/p>","protected":false},"featured_media":103534,"template":"","meta":[],"product_brand":[],"product_cat":[54,85],"product_tag":[],"class_list":{"0":"post-103528","1":"product","2":"type-product","3":"status-publish","4":"has-post-thumbnail","6":"product_cat-home","7":"product_cat-kiegeszito","9":"first","10":"instock","11":"shipping-taxable","12":"purchasable","13":"product-type-variable"},"yoast_head":"<!-- This site is optimized with the Yoast SEO plugin v27.4 - https:\/\/yoast.com\/product\/yoast-seo-wordpress\/ -->\n<title>\u00d6lel\u0151 sz\u00edv pl\u00e9d - matyodesign<\/title>\n<meta name=\"robots\" content=\"index, follow, max-snippet:-1, max-image-preview:large, max-video-preview:-1\" \/>\n<link rel=\"canonical\" href=\"https:\/\/matyodesign.hu\/en\/product\/olelo-sziv-pled\/\" \/>\n<meta property=\"og:locale\" content=\"en_GB\" \/>\n<meta property=\"og:type\" content=\"article\" \/>\n<meta property=\"og:title\" content=\"\u00d6lel\u0151 sz\u00edv pl\u00e9d - matyodesign\" \/>\n<meta property=\"og:description\" content=\"Simogat\u00f3 takar\u00f3nk annyira puha, mint egy szeretetteljes \u00f6lel\u00e9s. Kuck\u00f3zz be al\u00e1 egy b\u00f6gre te\u00e1val a t\u00e9li est\u00e9ken vagy a lass\u00fa, \u201evas\u00e1rnapi pihis\u201d percekhez. Kar\u00e1csonyi aj\u00e1nd\u00e9knak is t\u00f6k\u00e9letes v\u00e1laszt\u00e1s lehet.\" \/>\n<meta property=\"og:url\" content=\"https:\/\/matyodesign.hu\/en\/product\/olelo-sziv-pled\/\" \/>\n<meta property=\"og:site_name\" content=\"matyodesign\" \/>\n<meta property=\"article:modified_time\" content=\"2026-01-12T09:32:07+00:00\" \/>\n<meta property=\"og:image\" content=\"https:\/\/matyodesign.hu\/wp-content\/uploads\/2025\/11\/image00014.jpeg\" \/>\n\t<meta property=\"og:image:width\" content=\"2420\" \/>\n\t<meta property=\"og:image:height\" content=\"2420\" \/>\n\t<meta property=\"og:image:type\" content=\"image\/jpeg\" \/>\n<meta name=\"twitter:card\" content=\"summary_large_image\" \/>\n<meta name=\"twitter:label1\" content=\"Estimated reading time\" \/>\n\t<meta name=\"twitter:data1\" content=\"1 minute\" \/>\n<script type=\"application\/ld+json\" class=\"yoast-schema-graph\">{\"@context\":\"https:\\\/\\\/schema.org\",\"@graph\":[{\"@type\":\"WebPage\",\"@id\":\"https:\\\/\\\/matyodesign.hu\\\/termek\\\/olelo-sziv-pled\\\/\",\"url\":\"https:\\\/\\\/matyodesign.hu\\\/termek\\\/olelo-sziv-pled\\\/\",\"name\":\"\u00d6lel\u0151 sz\u00edv pl\u00e9d - matyodesign\",\"isPartOf\":{\"@id\":\"https:\\\/\\\/matyodesign.hu\\\/#website\"},\"primaryImageOfPage\":{\"@id\":\"https:\\\/\\\/matyodesign.hu\\\/termek\\\/olelo-sziv-pled\\\/#primaryimage\"},\"image\":{\"@id\":\"https:\\\/\\\/matyodesign.hu\\\/termek\\\/olelo-sziv-pled\\\/#primaryimage\"},\"thumbnailUrl\":\"https:\\\/\\\/matyodesign.hu\\\/wp-content\\\/uploads\\\/2025\\\/11\\\/image00014.jpeg\",\"datePublished\":\"2025-11-12T06:27:21+00:00\",\"dateModified\":\"2026-01-12T09:32:07+00:00\",\"breadcrumb\":{\"@id\":\"https:\\\/\\\/matyodesign.hu\\\/termek\\\/olelo-sziv-pled\\\/#breadcrumb\"},\"inLanguage\":\"en-GB\",\"potentialAction\":[{\"@type\":\"ReadAction\",\"target\":[\"https:\\\/\\\/matyodesign.hu\\\/termek\\\/olelo-sziv-pled\\\/\"]}]},{\"@type\":\"ImageObject\",\"inLanguage\":\"en-GB\",\"@id\":\"https:\\\/\\\/matyodesign.hu\\\/termek\\\/olelo-sziv-pled\\\/#primaryimage\",\"url\":\"https:\\\/\\\/matyodesign.hu\\\/wp-content\\\/uploads\\\/2025\\\/11\\\/image00014.jpeg\",\"contentUrl\":\"https:\\\/\\\/matyodesign.hu\\\/wp-content\\\/uploads\\\/2025\\\/11\\\/image00014.jpeg\",\"width\":2420,\"height\":2420},{\"@type\":\"BreadcrumbList\",\"@id\":\"https:\\\/\\\/matyodesign.hu\\\/termek\\\/olelo-sziv-pled\\\/#breadcrumb\",\"itemListElement\":[{\"@type\":\"ListItem\",\"position\":1,\"name\":\"Kezd\u0151lap\",\"item\":\"https:\\\/\\\/matyodesign.hu\\\/\"},{\"@type\":\"ListItem\",\"position\":2,\"name\":\"Webshop\",\"item\":\"https:\\\/\\\/matyodesign.hu\\\/webshop\\\/\"},{\"@type\":\"ListItem\",\"position\":3,\"name\":\"\u00d6lel\u0151 sz\u00edv pl\u00e9d\"}]},{\"@type\":\"WebSite\",\"@id\":\"https:\\\/\\\/matyodesign.hu\\\/#website\",\"url\":\"https:\\\/\\\/matyodesign.hu\\\/\",\"name\":\"matyodesign\",\"description\":\"K\u00e9zzel. Szeretettel. Neked.\",\"potentialAction\":[{\"@type\":\"SearchAction\",\"target\":{\"@type\":\"EntryPoint\",\"urlTemplate\":\"https:\\\/\\\/matyodesign.hu\\\/?s={search_term_string}\"},\"query-input\":{\"@type\":\"PropertyValueSpecification\",\"valueRequired\":true,\"valueName\":\"search_term_string\"}}],\"inLanguage\":\"en-GB\"}]}<\/script>\n<!-- \/ Yoast SEO plugin. -->","yoast_head_json":{"title":"\u00d6lel\u0151 sz\u00edv pl\u00e9d - matyodesign","robots":{"index":"index","follow":"follow","max-snippet":"max-snippet:-1","max-image-preview":"max-image-preview:large","max-video-preview":"max-video-preview:-1"},"canonical":"https:\/\/matyodesign.hu\/en\/product\/olelo-sziv-pled\/","og_locale":"en_GB","og_type":"article","og_title":"\u00d6lel\u0151 sz\u00edv pl\u00e9d - matyodesign","og_description":"Simogat\u00f3 takar\u00f3nk annyira puha, mint egy szeretetteljes \u00f6lel\u00e9s. Kuck\u00f3zz be al\u00e1 egy b\u00f6gre te\u00e1val a t\u00e9li est\u00e9ken vagy a lass\u00fa, \u201evas\u00e1rnapi pihis\u201d percekhez. Kar\u00e1csonyi aj\u00e1nd\u00e9knak is t\u00f6k\u00e9letes v\u00e1laszt\u00e1s lehet.","og_url":"https:\/\/matyodesign.hu\/en\/product\/olelo-sziv-pled\/","og_site_name":"matyodesign","article_modified_time":"2026-01-12T09:32:07+00:00","og_image":[{"width":2420,"height":2420,"url":"https:\/\/matyodesign.hu\/wp-content\/uploads\/2025\/11\/image00014.jpeg","type":"image\/jpeg"}],"twitter_card":"summary_large_image","twitter_misc":{"Estimated reading time":"1 minute"},"schema":{"@context":"https:\/\/schema.org","@graph":[{"@type":"WebPage","@id":"https:\/\/matyodesign.hu\/termek\/olelo-sziv-pled\/","url":"https:\/\/matyodesign.hu\/termek\/olelo-sziv-pled\/","name":"\u00d6lel\u0151 sz\u00edv pl\u00e9d - matyodesign","isPartOf":{"@id":"https:\/\/matyodesign.hu\/#website"},"primaryImageOfPage":{"@id":"https:\/\/matyodesign.hu\/termek\/olelo-sziv-pled\/#primaryimage"},"image":{"@id":"https:\/\/matyodesign.hu\/termek\/olelo-sziv-pled\/#primaryimage"},"thumbnailUrl":"https:\/\/matyodesign.hu\/wp-content\/uploads\/2025\/11\/image00014.jpeg","datePublished":"2025-11-12T06:27:21+00:00","dateModified":"2026-01-12T09:32:07+00:00","breadcrumb":{"@id":"https:\/\/matyodesign.hu\/termek\/olelo-sziv-pled\/#breadcrumb"},"inLanguage":"en-GB","potentialAction":[{"@type":"ReadAction","target":["https:\/\/matyodesign.hu\/termek\/olelo-sziv-pled\/"]}]},{"@type":"ImageObject","inLanguage":"en-GB","@id":"https:\/\/matyodesign.hu\/termek\/olelo-sziv-pled\/#primaryimage","url":"https:\/\/matyodesign.hu\/wp-content\/uploads\/2025\/11\/image00014.jpeg","contentUrl":"https:\/\/matyodesign.hu\/wp-content\/uploads\/2025\/11\/image00014.jpeg","width":2420,"height":2420},{"@type":"BreadcrumbList","@id":"https:\/\/matyodesign.hu\/termek\/olelo-sziv-pled\/#breadcrumb","itemListElement":[{"@type":"ListItem","position":1,"name":"Kezd\u0151lap","item":"https:\/\/matyodesign.hu\/"},{"@type":"ListItem","position":2,"name":"Webshop","item":"https:\/\/matyodesign.hu\/webshop\/"},{"@type":"ListItem","position":3,"name":"\u00d6lel\u0151 sz\u00edv pl\u00e9d"}]},{"@type":"WebSite","@id":"https:\/\/matyodesign.hu\/#website","url":"https:\/\/matyodesign.hu\/","name":"matyodesign","description":"K\u00e9zzel. Szeretettel. Neked.","potentialAction":[{"@type":"SearchAction","target":{"@type":"EntryPoint","urlTemplate":"https:\/\/matyodesign.hu\/?s={search_term_string}"},"query-input":{"@type":"PropertyValueSpecification","valueRequired":true,"valueName":"search_term_string"}}],"inLanguage":"en-GB"}]}},"_links":{"self":[{"href":"https:\/\/matyodesign.hu\/en\/wp-json\/wp\/v2\/product\/103528","targetHints":{"allow":["GET"]}}],"collection":[{"href":"https:\/\/matyodesign.hu\/en\/wp-json\/wp\/v2\/product"}],"about":[{"href":"https:\/\/matyodesign.hu\/en\/wp-json\/wp\/v2\/types\/product"}],"wp:featuredmedia":[{"embeddable":true,"href":"https:\/\/matyodesign.hu\/en\/wp-json\/wp\/v2\/media\/103534"}],"wp:attachment":[{"href":"https:\/\/matyodesign.hu\/en\/wp-json\/wp\/v2\/media?parent=103528"}],"wp:term":[{"taxonomy":"product_brand","embeddable":true,"href":"https:\/\/matyodesign.hu\/en\/wp-json\/wp\/v2\/product_brand?post=103528"},{"taxonomy":"product_cat","embeddable":true,"href":"https:\/\/matyodesign.hu\/en\/wp-json\/wp\/v2\/product_cat?post=103528"},{"taxonomy":"product_tag","embeddable":true,"href":"https:\/\/matyodesign.hu\/en\/wp-json\/wp\/v2\/product_tag?post=103528"}],"curies":[{"name":"wp","href":"https:\/\/api.w.org\/{rel}","templated":true}]}}