{"id":104134,"date":"2026-03-30T22:07:08","date_gmt":"2026-03-30T20:07:08","guid":{"rendered":"https:\/\/matyodesign.hu\/?post_type=product&#038;p=104134"},"modified":"2026-03-31T07:07:15","modified_gmt":"2026-03-31T05:07:15","slug":"elol-megkotos-polo","status":"publish","type":"product","link":"https:\/\/matyodesign.hu\/en\/product\/elol-megkotos-polo\/","title":{"rendered":"Front-tie top"},"content":{"rendered":"","protected":false},"excerpt":{"rendered":"<p>A new style joins our summer collection: introducing the tie-front top, \na fresh variation of our already popular side-tie blouse.<br \/>\nMade from a comfortable blend of cotton with a touch of elastane, it offers ease of movement and a soft, \nrelaxed fit that flatters every body shape. The tie-front detail adds a modern, feminine touch, \nwhile the hand-embroidered motif gives the piece its unique, artisanal character.\nSimple yet distinctive, this top pairs effortlessly with your summer wardrobe essentials.<\/p>\n<p>Simple yet distinctive, this top pairs effortlessly with your summer wardrobe essentials.<br \/>\nNow available in two new colours: Porcelain Rose and Poppy Red.<br \/>\nComfortable, feminine, and unique \u2013 a new summer favourite.<\/p>","protected":false},"featured_media":104143,"template":"","meta":[],"product_brand":[],"product_cat":[79,367],"product_tag":[],"class_list":{"0":"post-104134","1":"product","2":"type-product","3":"status-publish","4":"has-post-thumbnail","6":"product_cat-noknek","7":"product_cat-polok","9":"first","10":"instock","11":"shipping-taxable","12":"purchasable","13":"product-type-variable"},"yoast_head":"<!-- This site is optimized with the Yoast SEO plugin v27.0 - https:\/\/yoast.com\/product\/yoast-seo-wordpress\/ -->\n<title>El\u00f6l megk\u00f6t\u0151s p\u00f3l\u00f3 - matyodesign<\/title>\n<meta name=\"robots\" content=\"index, follow, max-snippet:-1, max-image-preview:large, max-video-preview:-1\" \/>\n<link rel=\"canonical\" href=\"https:\/\/matyodesign.hu\/en\/product\/elol-megkotos-polo\/\" \/>\n<meta property=\"og:locale\" content=\"en_GB\" \/>\n<meta property=\"og:type\" content=\"article\" \/>\n<meta property=\"og:title\" content=\"El\u00f6l megk\u00f6t\u0151s p\u00f3l\u00f3 - matyodesign\" \/>\n<meta property=\"og:description\" content=\"\u00daj fazonnal b\u0151v\u00fcl a ny\u00e1ri kollekci\u00f3nk: meg\u00e9rkezett az el\u00f6l csom\u00f3zott p\u00f3l\u00f3, amely a m\u00e1r j\u00f3l ismert, oldalt k\u00f6t\u0151s v\u00e1ltozatunk \u00fajragondolt vari\u00e1ci\u00f3ja. A pamut \u00e9s elaszt\u00e1n k\u00e9nyelmes, rugalmas kever\u00e9ke k\u00f6nnyed viseletet biztos\u00edt, mik\u00f6zben a laza szab\u00e1s minden testalkaton sz\u00e9pen \u00e9rv\u00e9nyes\u00fcl. Az el\u00f6l csom\u00f3zott megold\u00e1s modern, n\u0151ies karaktert ad a fels\u0151nek, amelyet a k\u00e9zzel k\u00e9sz\u00edtett h\u00edmz\u00e9s tesz igaz\u00e1n k\u00fcl\u00f6nlegess\u00e9.  Egyszer\u0171, m\u00e9gis karakteres darab, amely k\u00f6nnyed\u00e9n kombin\u00e1lhat\u00f3 a ny\u00e1ri ruhat\u00e1r alapdarabjaival. Most k\u00e9t \u00faj sz\u00ednben el\u00e9rhet\u0151: Porcel\u00e1n r\u00f3zsa \u00e9s Pipacs piros. K\u00e9nyelmes, n\u0151ies \u00e9s egyedi \u2013 egy \u00faj ny\u00e1ri kedvenc sz\u00fcletett.\" \/>\n<meta property=\"og:url\" content=\"https:\/\/matyodesign.hu\/en\/product\/elol-megkotos-polo\/\" \/>\n<meta property=\"og:site_name\" content=\"matyodesign\" \/>\n<meta property=\"article:modified_time\" content=\"2026-03-31T05:07:15+00:00\" \/>\n<meta property=\"og:image\" content=\"https:\/\/matyodesign.hu\/wp-content\/uploads\/2026\/03\/matyodesign_elol_csomozott_felso_pipacspiros_1-e1774933448856.jpg\" \/>\n\t<meta property=\"og:image:width\" content=\"1440\" \/>\n\t<meta property=\"og:image:height\" content=\"1440\" \/>\n\t<meta property=\"og:image:type\" content=\"image\/jpeg\" \/>\n<meta name=\"twitter:card\" content=\"summary_large_image\" \/>\n<meta name=\"twitter:label1\" content=\"Estimated reading time\" \/>\n\t<meta name=\"twitter:data1\" content=\"1 minute\" \/>\n<script type=\"application\/ld+json\" class=\"yoast-schema-graph\">{\"@context\":\"https:\/\/schema.org\",\"@graph\":[{\"@type\":\"WebPage\",\"@id\":\"https:\/\/matyodesign.hu\/termek\/elol-megkotos-polo\/\",\"url\":\"https:\/\/matyodesign.hu\/termek\/elol-megkotos-polo\/\",\"name\":\"El\u00f6l megk\u00f6t\u0151s p\u00f3l\u00f3 - matyodesign\",\"isPartOf\":{\"@id\":\"https:\/\/matyodesign.hu\/#website\"},\"primaryImageOfPage\":{\"@id\":\"https:\/\/matyodesign.hu\/termek\/elol-megkotos-polo\/#primaryimage\"},\"image\":{\"@id\":\"https:\/\/matyodesign.hu\/termek\/elol-megkotos-polo\/#primaryimage\"},\"thumbnailUrl\":\"https:\/\/matyodesign.hu\/wp-content\/uploads\/2026\/03\/matyodesign_elol_csomozott_felso_pipacspiros_1-e1774933448856.jpg\",\"datePublished\":\"2026-03-30T20:07:08+00:00\",\"dateModified\":\"2026-03-31T05:07:15+00:00\",\"breadcrumb\":{\"@id\":\"https:\/\/matyodesign.hu\/termek\/elol-megkotos-polo\/#breadcrumb\"},\"inLanguage\":\"en-GB\",\"potentialAction\":[{\"@type\":\"ReadAction\",\"target\":[\"https:\/\/matyodesign.hu\/termek\/elol-megkotos-polo\/\"]}]},{\"@type\":\"ImageObject\",\"inLanguage\":\"en-GB\",\"@id\":\"https:\/\/matyodesign.hu\/termek\/elol-megkotos-polo\/#primaryimage\",\"url\":\"https:\/\/matyodesign.hu\/wp-content\/uploads\/2026\/03\/matyodesign_elol_csomozott_felso_pipacspiros_1-e1774933448856.jpg\",\"contentUrl\":\"https:\/\/matyodesign.hu\/wp-content\/uploads\/2026\/03\/matyodesign_elol_csomozott_felso_pipacspiros_1-e1774933448856.jpg\",\"width\":1440,\"height\":1440},{\"@type\":\"BreadcrumbList\",\"@id\":\"https:\/\/matyodesign.hu\/termek\/elol-megkotos-polo\/#breadcrumb\",\"itemListElement\":[{\"@type\":\"ListItem\",\"position\":1,\"name\":\"Kezd\u0151lap\",\"item\":\"https:\/\/matyodesign.hu\/\"},{\"@type\":\"ListItem\",\"position\":2,\"name\":\"Webshop\",\"item\":\"https:\/\/matyodesign.hu\/webshop\/\"},{\"@type\":\"ListItem\",\"position\":3,\"name\":\"El\u00f6l megk\u00f6t\u0151s p\u00f3l\u00f3\"}]},{\"@type\":\"WebSite\",\"@id\":\"https:\/\/matyodesign.hu\/#website\",\"url\":\"https:\/\/matyodesign.hu\/\",\"name\":\"matyodesign\",\"description\":\"K\u00e9zzel. Szeretettel. Neked.\",\"potentialAction\":[{\"@type\":\"SearchAction\",\"target\":{\"@type\":\"EntryPoint\",\"urlTemplate\":\"https:\/\/matyodesign.hu\/?s={search_term_string}\"},\"query-input\":{\"@type\":\"PropertyValueSpecification\",\"valueRequired\":true,\"valueName\":\"search_term_string\"}}],\"inLanguage\":\"en-GB\"}]}<\/script>\n<!-- \/ Yoast SEO plugin. -->","yoast_head_json":{"title":"El\u00f6l megk\u00f6t\u0151s p\u00f3l\u00f3 - matyodesign","robots":{"index":"index","follow":"follow","max-snippet":"max-snippet:-1","max-image-preview":"max-image-preview:large","max-video-preview":"max-video-preview:-1"},"canonical":"https:\/\/matyodesign.hu\/en\/product\/elol-megkotos-polo\/","og_locale":"en_GB","og_type":"article","og_title":"El\u00f6l megk\u00f6t\u0151s p\u00f3l\u00f3 - matyodesign","og_description":"\u00daj fazonnal b\u0151v\u00fcl a ny\u00e1ri kollekci\u00f3nk: meg\u00e9rkezett az el\u00f6l csom\u00f3zott p\u00f3l\u00f3, amely a m\u00e1r j\u00f3l ismert, oldalt k\u00f6t\u0151s v\u00e1ltozatunk \u00fajragondolt vari\u00e1ci\u00f3ja. A pamut \u00e9s elaszt\u00e1n k\u00e9nyelmes, rugalmas kever\u00e9ke k\u00f6nnyed viseletet biztos\u00edt, mik\u00f6zben a laza szab\u00e1s minden testalkaton sz\u00e9pen \u00e9rv\u00e9nyes\u00fcl. Az el\u00f6l csom\u00f3zott megold\u00e1s modern, n\u0151ies karaktert ad a fels\u0151nek, amelyet a k\u00e9zzel k\u00e9sz\u00edtett h\u00edmz\u00e9s tesz igaz\u00e1n k\u00fcl\u00f6nlegess\u00e9.  Egyszer\u0171, m\u00e9gis karakteres darab, amely k\u00f6nnyed\u00e9n kombin\u00e1lhat\u00f3 a ny\u00e1ri ruhat\u00e1r alapdarabjaival. Most k\u00e9t \u00faj sz\u00ednben el\u00e9rhet\u0151: Porcel\u00e1n r\u00f3zsa \u00e9s Pipacs piros. K\u00e9nyelmes, n\u0151ies \u00e9s egyedi \u2013 egy \u00faj ny\u00e1ri kedvenc sz\u00fcletett.","og_url":"https:\/\/matyodesign.hu\/en\/product\/elol-megkotos-polo\/","og_site_name":"matyodesign","article_modified_time":"2026-03-31T05:07:15+00:00","og_image":[{"width":1440,"height":1440,"url":"https:\/\/matyodesign.hu\/wp-content\/uploads\/2026\/03\/matyodesign_elol_csomozott_felso_pipacspiros_1-e1774933448856.jpg","type":"image\/jpeg"}],"twitter_card":"summary_large_image","twitter_misc":{"Estimated reading time":"1 minute"},"schema":{"@context":"https:\/\/schema.org","@graph":[{"@type":"WebPage","@id":"https:\/\/matyodesign.hu\/termek\/elol-megkotos-polo\/","url":"https:\/\/matyodesign.hu\/termek\/elol-megkotos-polo\/","name":"El\u00f6l megk\u00f6t\u0151s p\u00f3l\u00f3 - matyodesign","isPartOf":{"@id":"https:\/\/matyodesign.hu\/#website"},"primaryImageOfPage":{"@id":"https:\/\/matyodesign.hu\/termek\/elol-megkotos-polo\/#primaryimage"},"image":{"@id":"https:\/\/matyodesign.hu\/termek\/elol-megkotos-polo\/#primaryimage"},"thumbnailUrl":"https:\/\/matyodesign.hu\/wp-content\/uploads\/2026\/03\/matyodesign_elol_csomozott_felso_pipacspiros_1-e1774933448856.jpg","datePublished":"2026-03-30T20:07:08+00:00","dateModified":"2026-03-31T05:07:15+00:00","breadcrumb":{"@id":"https:\/\/matyodesign.hu\/termek\/elol-megkotos-polo\/#breadcrumb"},"inLanguage":"en-GB","potentialAction":[{"@type":"ReadAction","target":["https:\/\/matyodesign.hu\/termek\/elol-megkotos-polo\/"]}]},{"@type":"ImageObject","inLanguage":"en-GB","@id":"https:\/\/matyodesign.hu\/termek\/elol-megkotos-polo\/#primaryimage","url":"https:\/\/matyodesign.hu\/wp-content\/uploads\/2026\/03\/matyodesign_elol_csomozott_felso_pipacspiros_1-e1774933448856.jpg","contentUrl":"https:\/\/matyodesign.hu\/wp-content\/uploads\/2026\/03\/matyodesign_elol_csomozott_felso_pipacspiros_1-e1774933448856.jpg","width":1440,"height":1440},{"@type":"BreadcrumbList","@id":"https:\/\/matyodesign.hu\/termek\/elol-megkotos-polo\/#breadcrumb","itemListElement":[{"@type":"ListItem","position":1,"name":"Kezd\u0151lap","item":"https:\/\/matyodesign.hu\/"},{"@type":"ListItem","position":2,"name":"Webshop","item":"https:\/\/matyodesign.hu\/webshop\/"},{"@type":"ListItem","position":3,"name":"El\u00f6l megk\u00f6t\u0151s p\u00f3l\u00f3"}]},{"@type":"WebSite","@id":"https:\/\/matyodesign.hu\/#website","url":"https:\/\/matyodesign.hu\/","name":"matyodesign","description":"K\u00e9zzel. Szeretettel. Neked.","potentialAction":[{"@type":"SearchAction","target":{"@type":"EntryPoint","urlTemplate":"https:\/\/matyodesign.hu\/?s={search_term_string}"},"query-input":{"@type":"PropertyValueSpecification","valueRequired":true,"valueName":"search_term_string"}}],"inLanguage":"en-GB"}]}},"_links":{"self":[{"href":"https:\/\/matyodesign.hu\/en\/wp-json\/wp\/v2\/product\/104134","targetHints":{"allow":["GET"]}}],"collection":[{"href":"https:\/\/matyodesign.hu\/en\/wp-json\/wp\/v2\/product"}],"about":[{"href":"https:\/\/matyodesign.hu\/en\/wp-json\/wp\/v2\/types\/product"}],"wp:featuredmedia":[{"embeddable":true,"href":"https:\/\/matyodesign.hu\/en\/wp-json\/wp\/v2\/media\/104143"}],"wp:attachment":[{"href":"https:\/\/matyodesign.hu\/en\/wp-json\/wp\/v2\/media?parent=104134"}],"wp:term":[{"taxonomy":"product_brand","embeddable":true,"href":"https:\/\/matyodesign.hu\/en\/wp-json\/wp\/v2\/product_brand?post=104134"},{"taxonomy":"product_cat","embeddable":true,"href":"https:\/\/matyodesign.hu\/en\/wp-json\/wp\/v2\/product_cat?post=104134"},{"taxonomy":"product_tag","embeddable":true,"href":"https:\/\/matyodesign.hu\/en\/wp-json\/wp\/v2\/product_tag?post=104134"}],"curies":[{"name":"wp","href":"https:\/\/api.w.org\/{rel}","templated":true}]}}