{"id":104202,"date":"2026-04-03T21:30:57","date_gmt":"2026-04-03T19:30:57","guid":{"rendered":"https:\/\/matyodesign.hu\/?post_type=product&#038;p=104202"},"modified":"2026-04-03T21:30:57","modified_gmt":"2026-04-03T19:30:57","slug":"anyak-napi-polo","status":"publish","type":"product","link":"https:\/\/matyodesign.hu\/en\/product\/anyak-napi-polo\/","title":{"rendered":"Mother's Day T-shirt"},"content":{"rendered":"","protected":false},"excerpt":{"rendered":"<p><span data-sheets-root=\"1\">We\u2019ve created a special new product for Mother\u2019s Day.<br \/>\nOur well-known Heart T-shirt is now enhanced with a unique, personal detail.<br \/>\nInside the heart motif, a hand-embroidered inscription is added, available in three versions:<br \/>\nMom \/ Mommy \/ Mama<br \/>\nThis makes the T-shirt not only comfortable and stylish, but also personal and perfect as a gift.<br \/>\nThe inscription is freely selectable, so everyone can choose the version that feels most special to them.<\/span><\/p>","protected":false},"featured_media":104208,"template":"","meta":[],"product_brand":[],"product_cat":[79,367],"product_tag":[],"class_list":{"0":"post-104202","1":"product","2":"type-product","3":"status-publish","4":"has-post-thumbnail","6":"product_cat-noknek","7":"product_cat-polok","9":"first","10":"instock","11":"shipping-taxable","12":"purchasable","13":"product-type-variable"},"yoast_head":"<!-- This site is optimized with the Yoast SEO plugin v27.0 - https:\/\/yoast.com\/product\/yoast-seo-wordpress\/ -->\n<title>Any\u00e1k napi p\u00f3l\u00f3 - matyodesign<\/title>\n<meta name=\"robots\" content=\"index, follow, max-snippet:-1, max-image-preview:large, max-video-preview:-1\" \/>\n<link rel=\"canonical\" href=\"https:\/\/matyodesign.hu\/en\/product\/anyak-napi-polo\/\" \/>\n<meta property=\"og:locale\" content=\"en_GB\" \/>\n<meta property=\"og:type\" content=\"article\" \/>\n<meta property=\"og:title\" content=\"Any\u00e1k napi p\u00f3l\u00f3 - matyodesign\" \/>\n<meta property=\"og:description\" content=\"\u00daj term\u00e9kkel k\u00e9sz\u00fclt\u00fcnk Any\u00e1k napj\u00e1ra. A m\u00e1r j\u00f3l ismert Sz\u00edv p\u00f3l\u00f3nkat most egy k\u00fcl\u00f6nleges, szem\u00e9lyes r\u00e9szlettel eg\u00e9sz\u00edtett\u00fck ki. A sz\u00edv mot\u00edvum bels\u0151 r\u00e9sz\u00e9be k\u00e9zzel h\u00edmzett felirat ker\u00fcl, amely h\u00e1rom verzi\u00f3ban v\u00e1laszthat\u00f3: Anya \/ Anyu \/ Mama \u00cdgy a p\u00f3l\u00f3 nemcsak k\u00e9nyelmes \u00e9s st\u00edlusos, hanem szem\u00e9lyes \u00e9s aj\u00e1nd\u00e9knak is t\u00f6k\u00e9letes. A felirat szabadon v\u00e1laszthat\u00f3, \u00edgy mindenki megtal\u00e1lhatja a sz\u00e1m\u00e1ra legkedvesebb v\u00e1ltozatot\" \/>\n<meta property=\"og:url\" content=\"https:\/\/matyodesign.hu\/en\/product\/anyak-napi-polo\/\" \/>\n<meta property=\"og:site_name\" content=\"matyodesign\" \/>\n<meta property=\"og:image\" content=\"https:\/\/matyodesign.hu\/wp-content\/uploads\/2026\/04\/trio3-matyo-e1775243739271.jpg\" \/>\n\t<meta property=\"og:image:width\" content=\"1792\" \/>\n\t<meta property=\"og:image:height\" content=\"1792\" \/>\n\t<meta property=\"og:image:type\" content=\"image\/jpeg\" \/>\n<meta name=\"twitter:card\" content=\"summary_large_image\" \/>\n<meta name=\"twitter:label1\" content=\"Estimated reading time\" \/>\n\t<meta name=\"twitter:data1\" content=\"1 minute\" \/>\n<script type=\"application\/ld+json\" class=\"yoast-schema-graph\">{\"@context\":\"https:\/\/schema.org\",\"@graph\":[{\"@type\":\"WebPage\",\"@id\":\"https:\/\/matyodesign.hu\/termek\/anyak-napi-polo\/\",\"url\":\"https:\/\/matyodesign.hu\/termek\/anyak-napi-polo\/\",\"name\":\"Any\u00e1k napi p\u00f3l\u00f3 - matyodesign\",\"isPartOf\":{\"@id\":\"https:\/\/matyodesign.hu\/#website\"},\"primaryImageOfPage\":{\"@id\":\"https:\/\/matyodesign.hu\/termek\/anyak-napi-polo\/#primaryimage\"},\"image\":{\"@id\":\"https:\/\/matyodesign.hu\/termek\/anyak-napi-polo\/#primaryimage\"},\"thumbnailUrl\":\"https:\/\/matyodesign.hu\/wp-content\/uploads\/2026\/04\/trio3-matyo-e1775243739271.jpg\",\"datePublished\":\"2026-04-03T19:30:57+00:00\",\"breadcrumb\":{\"@id\":\"https:\/\/matyodesign.hu\/termek\/anyak-napi-polo\/#breadcrumb\"},\"inLanguage\":\"en-GB\",\"potentialAction\":[{\"@type\":\"ReadAction\",\"target\":[\"https:\/\/matyodesign.hu\/termek\/anyak-napi-polo\/\"]}]},{\"@type\":\"ImageObject\",\"inLanguage\":\"en-GB\",\"@id\":\"https:\/\/matyodesign.hu\/termek\/anyak-napi-polo\/#primaryimage\",\"url\":\"https:\/\/matyodesign.hu\/wp-content\/uploads\/2026\/04\/trio3-matyo-e1775243739271.jpg\",\"contentUrl\":\"https:\/\/matyodesign.hu\/wp-content\/uploads\/2026\/04\/trio3-matyo-e1775243739271.jpg\",\"width\":1792,\"height\":1792},{\"@type\":\"BreadcrumbList\",\"@id\":\"https:\/\/matyodesign.hu\/termek\/anyak-napi-polo\/#breadcrumb\",\"itemListElement\":[{\"@type\":\"ListItem\",\"position\":1,\"name\":\"Kezd\u0151lap\",\"item\":\"https:\/\/matyodesign.hu\/\"},{\"@type\":\"ListItem\",\"position\":2,\"name\":\"Webshop\",\"item\":\"https:\/\/matyodesign.hu\/webshop\/\"},{\"@type\":\"ListItem\",\"position\":3,\"name\":\"Any\u00e1k napi p\u00f3l\u00f3\"}]},{\"@type\":\"WebSite\",\"@id\":\"https:\/\/matyodesign.hu\/#website\",\"url\":\"https:\/\/matyodesign.hu\/\",\"name\":\"matyodesign\",\"description\":\"K\u00e9zzel. Szeretettel. Neked.\",\"potentialAction\":[{\"@type\":\"SearchAction\",\"target\":{\"@type\":\"EntryPoint\",\"urlTemplate\":\"https:\/\/matyodesign.hu\/?s={search_term_string}\"},\"query-input\":{\"@type\":\"PropertyValueSpecification\",\"valueRequired\":true,\"valueName\":\"search_term_string\"}}],\"inLanguage\":\"en-GB\"}]}<\/script>\n<!-- \/ Yoast SEO plugin. -->","yoast_head_json":{"title":"Any\u00e1k napi p\u00f3l\u00f3 - matyodesign","robots":{"index":"index","follow":"follow","max-snippet":"max-snippet:-1","max-image-preview":"max-image-preview:large","max-video-preview":"max-video-preview:-1"},"canonical":"https:\/\/matyodesign.hu\/en\/product\/anyak-napi-polo\/","og_locale":"en_GB","og_type":"article","og_title":"Any\u00e1k napi p\u00f3l\u00f3 - matyodesign","og_description":"\u00daj term\u00e9kkel k\u00e9sz\u00fclt\u00fcnk Any\u00e1k napj\u00e1ra. A m\u00e1r j\u00f3l ismert Sz\u00edv p\u00f3l\u00f3nkat most egy k\u00fcl\u00f6nleges, szem\u00e9lyes r\u00e9szlettel eg\u00e9sz\u00edtett\u00fck ki. A sz\u00edv mot\u00edvum bels\u0151 r\u00e9sz\u00e9be k\u00e9zzel h\u00edmzett felirat ker\u00fcl, amely h\u00e1rom verzi\u00f3ban v\u00e1laszthat\u00f3: Anya \/ Anyu \/ Mama \u00cdgy a p\u00f3l\u00f3 nemcsak k\u00e9nyelmes \u00e9s st\u00edlusos, hanem szem\u00e9lyes \u00e9s aj\u00e1nd\u00e9knak is t\u00f6k\u00e9letes. A felirat szabadon v\u00e1laszthat\u00f3, \u00edgy mindenki megtal\u00e1lhatja a sz\u00e1m\u00e1ra legkedvesebb v\u00e1ltozatot","og_url":"https:\/\/matyodesign.hu\/en\/product\/anyak-napi-polo\/","og_site_name":"matyodesign","og_image":[{"width":1792,"height":1792,"url":"https:\/\/matyodesign.hu\/wp-content\/uploads\/2026\/04\/trio3-matyo-e1775243739271.jpg","type":"image\/jpeg"}],"twitter_card":"summary_large_image","twitter_misc":{"Estimated reading time":"1 minute"},"schema":{"@context":"https:\/\/schema.org","@graph":[{"@type":"WebPage","@id":"https:\/\/matyodesign.hu\/termek\/anyak-napi-polo\/","url":"https:\/\/matyodesign.hu\/termek\/anyak-napi-polo\/","name":"Any\u00e1k napi p\u00f3l\u00f3 - matyodesign","isPartOf":{"@id":"https:\/\/matyodesign.hu\/#website"},"primaryImageOfPage":{"@id":"https:\/\/matyodesign.hu\/termek\/anyak-napi-polo\/#primaryimage"},"image":{"@id":"https:\/\/matyodesign.hu\/termek\/anyak-napi-polo\/#primaryimage"},"thumbnailUrl":"https:\/\/matyodesign.hu\/wp-content\/uploads\/2026\/04\/trio3-matyo-e1775243739271.jpg","datePublished":"2026-04-03T19:30:57+00:00","breadcrumb":{"@id":"https:\/\/matyodesign.hu\/termek\/anyak-napi-polo\/#breadcrumb"},"inLanguage":"en-GB","potentialAction":[{"@type":"ReadAction","target":["https:\/\/matyodesign.hu\/termek\/anyak-napi-polo\/"]}]},{"@type":"ImageObject","inLanguage":"en-GB","@id":"https:\/\/matyodesign.hu\/termek\/anyak-napi-polo\/#primaryimage","url":"https:\/\/matyodesign.hu\/wp-content\/uploads\/2026\/04\/trio3-matyo-e1775243739271.jpg","contentUrl":"https:\/\/matyodesign.hu\/wp-content\/uploads\/2026\/04\/trio3-matyo-e1775243739271.jpg","width":1792,"height":1792},{"@type":"BreadcrumbList","@id":"https:\/\/matyodesign.hu\/termek\/anyak-napi-polo\/#breadcrumb","itemListElement":[{"@type":"ListItem","position":1,"name":"Kezd\u0151lap","item":"https:\/\/matyodesign.hu\/"},{"@type":"ListItem","position":2,"name":"Webshop","item":"https:\/\/matyodesign.hu\/webshop\/"},{"@type":"ListItem","position":3,"name":"Any\u00e1k napi p\u00f3l\u00f3"}]},{"@type":"WebSite","@id":"https:\/\/matyodesign.hu\/#website","url":"https:\/\/matyodesign.hu\/","name":"matyodesign","description":"K\u00e9zzel. Szeretettel. Neked.","potentialAction":[{"@type":"SearchAction","target":{"@type":"EntryPoint","urlTemplate":"https:\/\/matyodesign.hu\/?s={search_term_string}"},"query-input":{"@type":"PropertyValueSpecification","valueRequired":true,"valueName":"search_term_string"}}],"inLanguage":"en-GB"}]}},"_links":{"self":[{"href":"https:\/\/matyodesign.hu\/en\/wp-json\/wp\/v2\/product\/104202","targetHints":{"allow":["GET"]}}],"collection":[{"href":"https:\/\/matyodesign.hu\/en\/wp-json\/wp\/v2\/product"}],"about":[{"href":"https:\/\/matyodesign.hu\/en\/wp-json\/wp\/v2\/types\/product"}],"wp:featuredmedia":[{"embeddable":true,"href":"https:\/\/matyodesign.hu\/en\/wp-json\/wp\/v2\/media\/104208"}],"wp:attachment":[{"href":"https:\/\/matyodesign.hu\/en\/wp-json\/wp\/v2\/media?parent=104202"}],"wp:term":[{"taxonomy":"product_brand","embeddable":true,"href":"https:\/\/matyodesign.hu\/en\/wp-json\/wp\/v2\/product_brand?post=104202"},{"taxonomy":"product_cat","embeddable":true,"href":"https:\/\/matyodesign.hu\/en\/wp-json\/wp\/v2\/product_cat?post=104202"},{"taxonomy":"product_tag","embeddable":true,"href":"https:\/\/matyodesign.hu\/en\/wp-json\/wp\/v2\/product_tag?post=104202"}],"curies":[{"name":"wp","href":"https:\/\/api.w.org\/{rel}","templated":true}]}}