{"id":104256,"date":"2026-04-13T14:14:24","date_gmt":"2026-04-13T12:14:24","guid":{"rendered":"https:\/\/matyodesign.hu\/?post_type=product&#038;p=104256"},"modified":"2026-04-13T22:49:57","modified_gmt":"2026-04-13T20:49:57","slug":"vegre-polo","status":"publish","type":"product","link":"https:\/\/matyodesign.hu\/en\/product\/vegre-polo\/","title":{"rendered":"V\u00c9GRE"},"content":{"rendered":"<p><strong>Did you know?<\/strong><\/p>\n<p>Our handmade products are providing work to women in Tard, a small northeast Hungarian village and Unesco World Heritage Site. We create products that are majestic in design, have a high standard of quality and celebrate the invidualality of the Matyodesign culture. It is our mission to keep the Matyo culture alive with ethical business practices and by creating sustainable income opportunities for the Matyodesign artisans.<\/p>\n<p>We have created the matyodesign community, keeping in mind the values that resonate with the challenges of today\u2019s world: we operate under an ethical business model, focusing on timeless value creation rather than disposable products. Responsible purchasing and sustainability are key aspects of our philosophy, alongside preserving the values of the past. The Maty\u00f3 embroidery has also been included in the UNESCO list of intangible cultural heritage.<\/p>\n<p>Follow us on our Facebook page as well: <a href=\"https:\/\/www.facebook.com\/matyodesign\">https:\/\/www.facebook.com\/matyodesign<\/a><\/p>\n<p>You can also find us on Instagram: <a href=\"https:\/\/www.instagram.com\/matyodesign\/\">https:\/\/www.instagram.com\/matyodesign\/<\/a><\/p>","protected":false},"excerpt":{"rendered":"<p>Van, amikor egy sz\u00f3 mindent elmond.. A V\u00c9GRE p\u00f3l\u00f3 a megk\u00f6nnyebb\u00fcl\u00e9s \u00e9s az \u00faj kezdet jelk\u00e9pe.<\/p>\n<p>A p\u00f3l\u00f3 oversize m\u00e9ret\u0171.<\/p>","protected":false},"featured_media":104266,"template":"","meta":[],"product_brand":[],"product_cat":[79,367,299],"product_tag":[],"class_list":{"0":"post-104256","1":"product","2":"type-product","3":"status-publish","4":"has-post-thumbnail","6":"product_cat-noknek","7":"product_cat-polok","8":"product_cat-ferfiaknak","10":"first","11":"instock","12":"shipping-taxable","13":"purchasable","14":"product-type-variable"},"yoast_head":"<!-- This site is optimized with the Yoast SEO plugin v27.0 - https:\/\/yoast.com\/product\/yoast-seo-wordpress\/ -->\n<title>V\u00c9GRE - matyodesign<\/title>\n<meta name=\"description\" content=\"Van, amikor egy sz\u00f3 mindent elmond.. A V\u00c9GRE p\u00f3l\u00f3 a megk\u00f6nnyebb\u00fcl\u00e9s \u00e9s az \u00faj kezdet jelk\u00e9pe. A p\u00f3l\u00f3 oversize m\u00e9ret\u0171.\" \/>\n<meta name=\"robots\" content=\"index, follow, max-snippet:-1, max-image-preview:large, max-video-preview:-1\" \/>\n<link rel=\"canonical\" href=\"https:\/\/matyodesign.hu\/en\/product\/vegre-polo\/\" \/>\n<meta property=\"og:locale\" content=\"en_GB\" \/>\n<meta property=\"og:type\" content=\"article\" \/>\n<meta property=\"og:title\" content=\"V\u00c9GRE - matyodesign\" \/>\n<meta property=\"og:description\" content=\"Van, amikor egy sz\u00f3 mindent elmond.. A V\u00c9GRE p\u00f3l\u00f3 a megk\u00f6nnyebb\u00fcl\u00e9s \u00e9s az \u00faj kezdet jelk\u00e9pe. A p\u00f3l\u00f3 oversize m\u00e9ret\u0171.\" \/>\n<meta property=\"og:url\" content=\"https:\/\/matyodesign.hu\/en\/product\/vegre-polo\/\" \/>\n<meta property=\"og:site_name\" content=\"matyodesign\" \/>\n<meta property=\"article:modified_time\" content=\"2026-04-13T20:49:57+00:00\" \/>\n<meta property=\"og:image\" content=\"https:\/\/matyodesign.hu\/wp-content\/uploads\/2026\/04\/matyodesign_vegre_1a-e1776082323200.jpg\" \/>\n\t<meta property=\"og:image:width\" content=\"1440\" \/>\n\t<meta property=\"og:image:height\" content=\"1440\" \/>\n\t<meta property=\"og:image:type\" content=\"image\/jpeg\" \/>\n<meta name=\"twitter:card\" content=\"summary_large_image\" \/>\n<meta name=\"twitter:label1\" content=\"Estimated reading time\" \/>\n\t<meta name=\"twitter:data1\" content=\"1 minute\" \/>\n<script type=\"application\/ld+json\" class=\"yoast-schema-graph\">{\"@context\":\"https:\/\/schema.org\",\"@graph\":[{\"@type\":\"WebPage\",\"@id\":\"https:\/\/matyodesign.hu\/termek\/vegre-polo\/\",\"url\":\"https:\/\/matyodesign.hu\/termek\/vegre-polo\/\",\"name\":\"V\u00c9GRE - matyodesign\",\"isPartOf\":{\"@id\":\"https:\/\/matyodesign.hu\/#website\"},\"primaryImageOfPage\":{\"@id\":\"https:\/\/matyodesign.hu\/termek\/vegre-polo\/#primaryimage\"},\"image\":{\"@id\":\"https:\/\/matyodesign.hu\/termek\/vegre-polo\/#primaryimage\"},\"thumbnailUrl\":\"https:\/\/matyodesign.hu\/wp-content\/uploads\/2026\/04\/matyodesign_vegre_1a-e1776082323200.jpg\",\"datePublished\":\"2026-04-13T12:14:24+00:00\",\"dateModified\":\"2026-04-13T20:49:57+00:00\",\"description\":\"Van, amikor egy sz\u00f3 mindent elmond.. A V\u00c9GRE p\u00f3l\u00f3 a megk\u00f6nnyebb\u00fcl\u00e9s \u00e9s az \u00faj kezdet jelk\u00e9pe. A p\u00f3l\u00f3 oversize m\u00e9ret\u0171.\",\"breadcrumb\":{\"@id\":\"https:\/\/matyodesign.hu\/termek\/vegre-polo\/#breadcrumb\"},\"inLanguage\":\"en-GB\",\"potentialAction\":[{\"@type\":\"ReadAction\",\"target\":[\"https:\/\/matyodesign.hu\/termek\/vegre-polo\/\"]}]},{\"@type\":\"ImageObject\",\"inLanguage\":\"en-GB\",\"@id\":\"https:\/\/matyodesign.hu\/termek\/vegre-polo\/#primaryimage\",\"url\":\"https:\/\/matyodesign.hu\/wp-content\/uploads\/2026\/04\/matyodesign_vegre_1a-e1776082323200.jpg\",\"contentUrl\":\"https:\/\/matyodesign.hu\/wp-content\/uploads\/2026\/04\/matyodesign_vegre_1a-e1776082323200.jpg\",\"width\":1440,\"height\":1440},{\"@type\":\"BreadcrumbList\",\"@id\":\"https:\/\/matyodesign.hu\/termek\/vegre-polo\/#breadcrumb\",\"itemListElement\":[{\"@type\":\"ListItem\",\"position\":1,\"name\":\"Kezd\u0151lap\",\"item\":\"https:\/\/matyodesign.hu\/\"},{\"@type\":\"ListItem\",\"position\":2,\"name\":\"Webshop\",\"item\":\"https:\/\/matyodesign.hu\/webshop\/\"},{\"@type\":\"ListItem\",\"position\":3,\"name\":\"V\u00c9GRE\"}]},{\"@type\":\"WebSite\",\"@id\":\"https:\/\/matyodesign.hu\/#website\",\"url\":\"https:\/\/matyodesign.hu\/\",\"name\":\"matyodesign\",\"description\":\"K\u00e9zzel. Szeretettel. Neked.\",\"potentialAction\":[{\"@type\":\"SearchAction\",\"target\":{\"@type\":\"EntryPoint\",\"urlTemplate\":\"https:\/\/matyodesign.hu\/?s={search_term_string}\"},\"query-input\":{\"@type\":\"PropertyValueSpecification\",\"valueRequired\":true,\"valueName\":\"search_term_string\"}}],\"inLanguage\":\"en-GB\"}]}<\/script>\n<!-- \/ Yoast SEO plugin. -->","yoast_head_json":{"title":"V\u00c9GRE - matyodesign","description":"Van, amikor egy sz\u00f3 mindent elmond.. A V\u00c9GRE p\u00f3l\u00f3 a megk\u00f6nnyebb\u00fcl\u00e9s \u00e9s az \u00faj kezdet jelk\u00e9pe. A p\u00f3l\u00f3 oversize m\u00e9ret\u0171.","robots":{"index":"index","follow":"follow","max-snippet":"max-snippet:-1","max-image-preview":"max-image-preview:large","max-video-preview":"max-video-preview:-1"},"canonical":"https:\/\/matyodesign.hu\/en\/product\/vegre-polo\/","og_locale":"en_GB","og_type":"article","og_title":"V\u00c9GRE - matyodesign","og_description":"Van, amikor egy sz\u00f3 mindent elmond.. A V\u00c9GRE p\u00f3l\u00f3 a megk\u00f6nnyebb\u00fcl\u00e9s \u00e9s az \u00faj kezdet jelk\u00e9pe. A p\u00f3l\u00f3 oversize m\u00e9ret\u0171.","og_url":"https:\/\/matyodesign.hu\/en\/product\/vegre-polo\/","og_site_name":"matyodesign","article_modified_time":"2026-04-13T20:49:57+00:00","og_image":[{"width":1440,"height":1440,"url":"https:\/\/matyodesign.hu\/wp-content\/uploads\/2026\/04\/matyodesign_vegre_1a-e1776082323200.jpg","type":"image\/jpeg"}],"twitter_card":"summary_large_image","twitter_misc":{"Estimated reading time":"1 minute"},"schema":{"@context":"https:\/\/schema.org","@graph":[{"@type":"WebPage","@id":"https:\/\/matyodesign.hu\/termek\/vegre-polo\/","url":"https:\/\/matyodesign.hu\/termek\/vegre-polo\/","name":"V\u00c9GRE - matyodesign","isPartOf":{"@id":"https:\/\/matyodesign.hu\/#website"},"primaryImageOfPage":{"@id":"https:\/\/matyodesign.hu\/termek\/vegre-polo\/#primaryimage"},"image":{"@id":"https:\/\/matyodesign.hu\/termek\/vegre-polo\/#primaryimage"},"thumbnailUrl":"https:\/\/matyodesign.hu\/wp-content\/uploads\/2026\/04\/matyodesign_vegre_1a-e1776082323200.jpg","datePublished":"2026-04-13T12:14:24+00:00","dateModified":"2026-04-13T20:49:57+00:00","description":"Van, amikor egy sz\u00f3 mindent elmond.. A V\u00c9GRE p\u00f3l\u00f3 a megk\u00f6nnyebb\u00fcl\u00e9s \u00e9s az \u00faj kezdet jelk\u00e9pe. A p\u00f3l\u00f3 oversize m\u00e9ret\u0171.","breadcrumb":{"@id":"https:\/\/matyodesign.hu\/termek\/vegre-polo\/#breadcrumb"},"inLanguage":"en-GB","potentialAction":[{"@type":"ReadAction","target":["https:\/\/matyodesign.hu\/termek\/vegre-polo\/"]}]},{"@type":"ImageObject","inLanguage":"en-GB","@id":"https:\/\/matyodesign.hu\/termek\/vegre-polo\/#primaryimage","url":"https:\/\/matyodesign.hu\/wp-content\/uploads\/2026\/04\/matyodesign_vegre_1a-e1776082323200.jpg","contentUrl":"https:\/\/matyodesign.hu\/wp-content\/uploads\/2026\/04\/matyodesign_vegre_1a-e1776082323200.jpg","width":1440,"height":1440},{"@type":"BreadcrumbList","@id":"https:\/\/matyodesign.hu\/termek\/vegre-polo\/#breadcrumb","itemListElement":[{"@type":"ListItem","position":1,"name":"Kezd\u0151lap","item":"https:\/\/matyodesign.hu\/"},{"@type":"ListItem","position":2,"name":"Webshop","item":"https:\/\/matyodesign.hu\/webshop\/"},{"@type":"ListItem","position":3,"name":"V\u00c9GRE"}]},{"@type":"WebSite","@id":"https:\/\/matyodesign.hu\/#website","url":"https:\/\/matyodesign.hu\/","name":"matyodesign","description":"K\u00e9zzel. Szeretettel. Neked.","potentialAction":[{"@type":"SearchAction","target":{"@type":"EntryPoint","urlTemplate":"https:\/\/matyodesign.hu\/?s={search_term_string}"},"query-input":{"@type":"PropertyValueSpecification","valueRequired":true,"valueName":"search_term_string"}}],"inLanguage":"en-GB"}]}},"_links":{"self":[{"href":"https:\/\/matyodesign.hu\/en\/wp-json\/wp\/v2\/product\/104256","targetHints":{"allow":["GET"]}}],"collection":[{"href":"https:\/\/matyodesign.hu\/en\/wp-json\/wp\/v2\/product"}],"about":[{"href":"https:\/\/matyodesign.hu\/en\/wp-json\/wp\/v2\/types\/product"}],"wp:featuredmedia":[{"embeddable":true,"href":"https:\/\/matyodesign.hu\/en\/wp-json\/wp\/v2\/media\/104266"}],"wp:attachment":[{"href":"https:\/\/matyodesign.hu\/en\/wp-json\/wp\/v2\/media?parent=104256"}],"wp:term":[{"taxonomy":"product_brand","embeddable":true,"href":"https:\/\/matyodesign.hu\/en\/wp-json\/wp\/v2\/product_brand?post=104256"},{"taxonomy":"product_cat","embeddable":true,"href":"https:\/\/matyodesign.hu\/en\/wp-json\/wp\/v2\/product_cat?post=104256"},{"taxonomy":"product_tag","embeddable":true,"href":"https:\/\/matyodesign.hu\/en\/wp-json\/wp\/v2\/product_tag?post=104256"}],"curies":[{"name":"wp","href":"https:\/\/api.w.org\/{rel}","templated":true}]}}