{"id":104343,"date":"2026-04-16T21:43:09","date_gmt":"2026-04-16T19:43:09","guid":{"rendered":"https:\/\/matyodesign.hu\/?post_type=product&#038;p=104343"},"modified":"2026-05-11T22:43:34","modified_gmt":"2026-05-11T20:43:34","slug":"vegre-noi-polo","status":"publish","type":"product","link":"https:\/\/matyodesign.hu\/en\/termek\/vegre-noi-polo\/","title":{"rendered":"V\u00c9GRE women's T-shirt"},"content":{"rendered":"<p data-start=\"0\" data-end=\"48\">Sometimes a single word says it all\u2026<br data-start=\"35\" data-end=\"38\" \/><strong data-start=\"38\" data-end=\"48\">FINALLY!<\/strong><\/p>\n<p data-start=\"50\" data-end=\"273\">The matyodesign V\u00c9GRE T-shirt is made for those who know exactly what it feels like\u2014when something finally happens after a long wait. A special, embroidered Hungarian designer T-shirt that is modern, playful, and unique all at once.<\/p>\n<p data-start=\"275\" data-end=\"291\">The T-shirt is available:<\/p>\n<ul data-start=\"292\" data-end=\"342\">\n<li data-section-id=\"1n3f69z\" data-start=\"292\" data-end=\"308\">men's cut: <a href=\"https:\/\/matyodesign.hu\/en\/termek\/vegre-ferfi-polo\/\">https:\/\/matyodesign.hu\/termek\/vegre-ferfi-polo\/<\/a><\/li>\n<li data-section-id=\"xx2i1r\" data-start=\"309\" data-end=\"342\">valamint oversize verzi\u00f3ban is: <a href=\"https:\/\/matyodesign.hu\/en\/termek\/vegre-polo\/\">https:\/\/matyodesign.hu\/termek\/vegre-polo\/<\/a><\/li>\n<\/ul>\n<p data-start=\"344\" data-end=\"379\">You can choose the color of the embroidery:<\/p>\n<ul data-start=\"380\" data-end=\"410\">\n<li data-section-id=\"1j3b7ot\" data-start=\"380\" data-end=\"386\">blue,<\/li>\n<li data-section-id=\"1ik6yxf\" data-start=\"387\" data-end=\"395\">red<\/li>\n<li data-section-id=\"55tfg3\" data-start=\"396\" data-end=\"410\">or black<\/li>\n<\/ul>\n<p data-start=\"412\" data-end=\"514\">Please select your preferred color when placing your order!<\/p>\n<p><strong>Style and tradition in one place.<\/strong><br \/>\nIn matyodesign products, Hungarian craftsmanship traditions meet modern sustainability values. Choose this women's T-shirt and support the local artisan community!<\/p>\n<p>Complete your outfit with other accessories from matyodesign. Explore our webshop and find the perfect match: <a href=\"https:\/\/matyodesign.hu\/en\/\" target=\"_new\" rel=\"noopener\">https:\/\/matyodesign.hu<\/a><\/p>\n<p><strong>Did you know?<\/strong><\/p>\n<p>Our handmade products are providing work to women in Tard, a small northeast Hungarian village and Unesco World Heritage Site. We create products that are majestic in design, have a high standard of quality and celebrate the invidualality of the Matyodesign culture. It is our mission to keep the Matyo culture alive with ethical business practices and by creating sustainable income opportunities for the Matyodesign artisans.<\/p>\n<p>We have created the matyodesign community, keeping in mind the values that resonate with the challenges of today\u2019s world: we operate under an ethical business model, focusing on timeless value creation rather than disposable products. Responsible purchasing and sustainability are key aspects of our philosophy, alongside preserving the values of the past. The Maty\u00f3 embroidery has also been included in the UNESCO list of intangible cultural heritage.<\/p>\n<p>Follow us on our Facebook page as well: <a href=\"https:\/\/www.facebook.com\/matyodesign\">https:\/\/www.facebook.com\/matyodesign<\/a><\/p>\n<p>You can also find us on Instagram: <a href=\"https:\/\/www.instagram.com\/matyodesign\/\">https:\/\/www.instagram.com\/matyodesign\/<\/a><\/p>\n<p>&nbsp;<\/p>","protected":false},"excerpt":{"rendered":"<p>Sometimes a single word says it all... The \"V\u00c9GRE\" T-shirt symbolizes relief and a new beginning.<\/p>\n<p>You can choose the color of the embroidery; please specify your preferred color when placing your order. (blue, red, black)<\/p>","protected":false},"featured_media":104372,"template":"","meta":[],"product_brand":[],"product_cat":[79,367],"product_tag":[],"class_list":{"0":"post-104343","1":"product","2":"type-product","3":"status-publish","4":"has-post-thumbnail","6":"product_cat-noknek","7":"product_cat-polok","9":"first","10":"instock","11":"shipping-taxable","12":"purchasable","13":"product-type-variable"},"yoast_head":"<!-- This site is optimized with the Yoast SEO plugin v27.5 - https:\/\/yoast.com\/product\/yoast-seo-wordpress\/ -->\n<title>V\u00c9GRE n\u0151i p\u00f3l\u00f3 - matyodesign<\/title>\n<meta name=\"description\" content=\"Van, amikor egy sz\u00f3 mindent elmond.. A V\u00c9GRE p\u00f3l\u00f3 a megk\u00f6nnyebb\u00fcl\u00e9s \u00e9s az \u00faj kezdet jelk\u00e9pe. A p\u00f3l\u00f3 el\u00e9rhet\u0151 f\u00e9rfi szab\u00e1sban \u00e9s oversize m\u00e9retben is.\" \/>\n<meta name=\"robots\" content=\"index, follow, max-snippet:-1, max-image-preview:large, max-video-preview:-1\" \/>\n<link rel=\"canonical\" href=\"https:\/\/matyodesign.hu\/en\/termek\/vegre-noi-polo\/\" \/>\n<meta property=\"og:locale\" content=\"en_GB\" \/>\n<meta property=\"og:type\" content=\"article\" \/>\n<meta property=\"og:title\" content=\"V\u00c9GRE n\u0151i p\u00f3l\u00f3 - matyodesign\" \/>\n<meta property=\"og:description\" content=\"Van, amikor egy sz\u00f3 mindent elmond.. A V\u00c9GRE p\u00f3l\u00f3 a megk\u00f6nnyebb\u00fcl\u00e9s \u00e9s az \u00faj kezdet jelk\u00e9pe. A p\u00f3l\u00f3 el\u00e9rhet\u0151 f\u00e9rfi szab\u00e1sban \u00e9s oversize m\u00e9retben is.\" \/>\n<meta property=\"og:url\" content=\"https:\/\/matyodesign.hu\/en\/termek\/vegre-noi-polo\/\" \/>\n<meta property=\"og:site_name\" content=\"matyodesign\" \/>\n<meta property=\"article:modified_time\" content=\"2026-05-11T20:43:34+00:00\" \/>\n<meta property=\"og:image\" content=\"https:\/\/matyodesign.hu\/wp-content\/uploads\/2026\/04\/closeup1.png\" \/>\n\t<meta property=\"og:image:width\" content=\"1024\" \/>\n\t<meta property=\"og:image:height\" content=\"1024\" \/>\n\t<meta property=\"og:image:type\" content=\"image\/png\" \/>\n<meta name=\"twitter:card\" content=\"summary_large_image\" \/>\n<meta name=\"twitter:label1\" content=\"Estimated reading time\" \/>\n\t<meta name=\"twitter:data1\" content=\"2 minutes\" \/>\n<script type=\"application\/ld+json\" class=\"yoast-schema-graph\">{\"@context\":\"https:\\\/\\\/schema.org\",\"@graph\":[{\"@type\":\"WebPage\",\"@id\":\"https:\\\/\\\/matyodesign.hu\\\/termek\\\/vegre-noi-polo\\\/\",\"url\":\"https:\\\/\\\/matyodesign.hu\\\/termek\\\/vegre-noi-polo\\\/\",\"name\":\"V\u00c9GRE n\u0151i p\u00f3l\u00f3 - matyodesign\",\"isPartOf\":{\"@id\":\"https:\\\/\\\/matyodesign.hu\\\/#website\"},\"primaryImageOfPage\":{\"@id\":\"https:\\\/\\\/matyodesign.hu\\\/termek\\\/vegre-noi-polo\\\/#primaryimage\"},\"image\":{\"@id\":\"https:\\\/\\\/matyodesign.hu\\\/termek\\\/vegre-noi-polo\\\/#primaryimage\"},\"thumbnailUrl\":\"https:\\\/\\\/matyodesign.hu\\\/wp-content\\\/uploads\\\/2026\\\/04\\\/closeup1.png\",\"datePublished\":\"2026-04-16T19:43:09+00:00\",\"dateModified\":\"2026-05-11T20:43:34+00:00\",\"description\":\"Van, amikor egy sz\u00f3 mindent elmond.. A V\u00c9GRE p\u00f3l\u00f3 a megk\u00f6nnyebb\u00fcl\u00e9s \u00e9s az \u00faj kezdet jelk\u00e9pe. A p\u00f3l\u00f3 el\u00e9rhet\u0151 f\u00e9rfi szab\u00e1sban \u00e9s oversize m\u00e9retben is.\",\"breadcrumb\":{\"@id\":\"https:\\\/\\\/matyodesign.hu\\\/termek\\\/vegre-noi-polo\\\/#breadcrumb\"},\"inLanguage\":\"en-GB\",\"potentialAction\":[{\"@type\":\"ReadAction\",\"target\":[\"https:\\\/\\\/matyodesign.hu\\\/termek\\\/vegre-noi-polo\\\/\"]}]},{\"@type\":\"ImageObject\",\"inLanguage\":\"en-GB\",\"@id\":\"https:\\\/\\\/matyodesign.hu\\\/termek\\\/vegre-noi-polo\\\/#primaryimage\",\"url\":\"https:\\\/\\\/matyodesign.hu\\\/wp-content\\\/uploads\\\/2026\\\/04\\\/closeup1.png\",\"contentUrl\":\"https:\\\/\\\/matyodesign.hu\\\/wp-content\\\/uploads\\\/2026\\\/04\\\/closeup1.png\",\"width\":1024,\"height\":1024},{\"@type\":\"BreadcrumbList\",\"@id\":\"https:\\\/\\\/matyodesign.hu\\\/termek\\\/vegre-noi-polo\\\/#breadcrumb\",\"itemListElement\":[{\"@type\":\"ListItem\",\"position\":1,\"name\":\"Kezd\u0151lap\",\"item\":\"https:\\\/\\\/matyodesign.hu\\\/\"},{\"@type\":\"ListItem\",\"position\":2,\"name\":\"Webshop\",\"item\":\"https:\\\/\\\/matyodesign.hu\\\/webshop\\\/\"},{\"@type\":\"ListItem\",\"position\":3,\"name\":\"V\u00c9GRE n\u0151i p\u00f3l\u00f3\"}]},{\"@type\":\"WebSite\",\"@id\":\"https:\\\/\\\/matyodesign.hu\\\/#website\",\"url\":\"https:\\\/\\\/matyodesign.hu\\\/\",\"name\":\"matyodesign\",\"description\":\"K\u00e9zzel. Szeretettel. Neked.\",\"potentialAction\":[{\"@type\":\"SearchAction\",\"target\":{\"@type\":\"EntryPoint\",\"urlTemplate\":\"https:\\\/\\\/matyodesign.hu\\\/?s={search_term_string}\"},\"query-input\":{\"@type\":\"PropertyValueSpecification\",\"valueRequired\":true,\"valueName\":\"search_term_string\"}}],\"inLanguage\":\"en-GB\"}]}<\/script>\n<!-- \/ Yoast SEO plugin. -->","yoast_head_json":{"title":"V\u00c9GRE n\u0151i p\u00f3l\u00f3 - matyodesign","description":"Van, amikor egy sz\u00f3 mindent elmond.. A V\u00c9GRE p\u00f3l\u00f3 a megk\u00f6nnyebb\u00fcl\u00e9s \u00e9s az \u00faj kezdet jelk\u00e9pe. A p\u00f3l\u00f3 el\u00e9rhet\u0151 f\u00e9rfi szab\u00e1sban \u00e9s oversize m\u00e9retben is.","robots":{"index":"index","follow":"follow","max-snippet":"max-snippet:-1","max-image-preview":"max-image-preview:large","max-video-preview":"max-video-preview:-1"},"canonical":"https:\/\/matyodesign.hu\/en\/termek\/vegre-noi-polo\/","og_locale":"en_GB","og_type":"article","og_title":"V\u00c9GRE n\u0151i p\u00f3l\u00f3 - matyodesign","og_description":"Van, amikor egy sz\u00f3 mindent elmond.. A V\u00c9GRE p\u00f3l\u00f3 a megk\u00f6nnyebb\u00fcl\u00e9s \u00e9s az \u00faj kezdet jelk\u00e9pe. A p\u00f3l\u00f3 el\u00e9rhet\u0151 f\u00e9rfi szab\u00e1sban \u00e9s oversize m\u00e9retben is.","og_url":"https:\/\/matyodesign.hu\/en\/termek\/vegre-noi-polo\/","og_site_name":"matyodesign","article_modified_time":"2026-05-11T20:43:34+00:00","og_image":[{"width":1024,"height":1024,"url":"https:\/\/matyodesign.hu\/wp-content\/uploads\/2026\/04\/closeup1.png","type":"image\/png"}],"twitter_card":"summary_large_image","twitter_misc":{"Estimated reading time":"2 minutes"},"schema":{"@context":"https:\/\/schema.org","@graph":[{"@type":"WebPage","@id":"https:\/\/matyodesign.hu\/termek\/vegre-noi-polo\/","url":"https:\/\/matyodesign.hu\/termek\/vegre-noi-polo\/","name":"V\u00c9GRE n\u0151i p\u00f3l\u00f3 - matyodesign","isPartOf":{"@id":"https:\/\/matyodesign.hu\/#website"},"primaryImageOfPage":{"@id":"https:\/\/matyodesign.hu\/termek\/vegre-noi-polo\/#primaryimage"},"image":{"@id":"https:\/\/matyodesign.hu\/termek\/vegre-noi-polo\/#primaryimage"},"thumbnailUrl":"https:\/\/matyodesign.hu\/wp-content\/uploads\/2026\/04\/closeup1.png","datePublished":"2026-04-16T19:43:09+00:00","dateModified":"2026-05-11T20:43:34+00:00","description":"Van, amikor egy sz\u00f3 mindent elmond.. A V\u00c9GRE p\u00f3l\u00f3 a megk\u00f6nnyebb\u00fcl\u00e9s \u00e9s az \u00faj kezdet jelk\u00e9pe. A p\u00f3l\u00f3 el\u00e9rhet\u0151 f\u00e9rfi szab\u00e1sban \u00e9s oversize m\u00e9retben is.","breadcrumb":{"@id":"https:\/\/matyodesign.hu\/termek\/vegre-noi-polo\/#breadcrumb"},"inLanguage":"en-GB","potentialAction":[{"@type":"ReadAction","target":["https:\/\/matyodesign.hu\/termek\/vegre-noi-polo\/"]}]},{"@type":"ImageObject","inLanguage":"en-GB","@id":"https:\/\/matyodesign.hu\/termek\/vegre-noi-polo\/#primaryimage","url":"https:\/\/matyodesign.hu\/wp-content\/uploads\/2026\/04\/closeup1.png","contentUrl":"https:\/\/matyodesign.hu\/wp-content\/uploads\/2026\/04\/closeup1.png","width":1024,"height":1024},{"@type":"BreadcrumbList","@id":"https:\/\/matyodesign.hu\/termek\/vegre-noi-polo\/#breadcrumb","itemListElement":[{"@type":"ListItem","position":1,"name":"Kezd\u0151lap","item":"https:\/\/matyodesign.hu\/"},{"@type":"ListItem","position":2,"name":"Webshop","item":"https:\/\/matyodesign.hu\/webshop\/"},{"@type":"ListItem","position":3,"name":"V\u00c9GRE n\u0151i p\u00f3l\u00f3"}]},{"@type":"WebSite","@id":"https:\/\/matyodesign.hu\/#website","url":"https:\/\/matyodesign.hu\/","name":"matyodesign","description":"K\u00e9zzel. Szeretettel. Neked.","potentialAction":[{"@type":"SearchAction","target":{"@type":"EntryPoint","urlTemplate":"https:\/\/matyodesign.hu\/?s={search_term_string}"},"query-input":{"@type":"PropertyValueSpecification","valueRequired":true,"valueName":"search_term_string"}}],"inLanguage":"en-GB"}]}},"_links":{"self":[{"href":"https:\/\/matyodesign.hu\/en\/wp-json\/wp\/v2\/product\/104343","targetHints":{"allow":["GET"]}}],"collection":[{"href":"https:\/\/matyodesign.hu\/en\/wp-json\/wp\/v2\/product"}],"about":[{"href":"https:\/\/matyodesign.hu\/en\/wp-json\/wp\/v2\/types\/product"}],"wp:featuredmedia":[{"embeddable":true,"href":"https:\/\/matyodesign.hu\/en\/wp-json\/wp\/v2\/media\/104372"}],"wp:attachment":[{"href":"https:\/\/matyodesign.hu\/en\/wp-json\/wp\/v2\/media?parent=104343"}],"wp:term":[{"taxonomy":"product_brand","embeddable":true,"href":"https:\/\/matyodesign.hu\/en\/wp-json\/wp\/v2\/product_brand?post=104343"},{"taxonomy":"product_cat","embeddable":true,"href":"https:\/\/matyodesign.hu\/en\/wp-json\/wp\/v2\/product_cat?post=104343"},{"taxonomy":"product_tag","embeddable":true,"href":"https:\/\/matyodesign.hu\/en\/wp-json\/wp\/v2\/product_tag?post=104343"}],"curies":[{"name":"wp","href":"https:\/\/api.w.org\/{rel}","templated":true}]}}