{"id":104555,"date":"2026-05-08T07:05:44","date_gmt":"2026-05-08T05:05:44","guid":{"rendered":"https:\/\/matyodesign.hu\/?post_type=product&#038;p=104555"},"modified":"2026-05-08T11:17:28","modified_gmt":"2026-05-08T09:17:28","slug":"tejeskave-pulover","status":"publish","type":"product","link":"https:\/\/matyodesign.hu\/en\/termek\/tejeskave-pulover\/","title":{"rendered":"Tejesk\u00e1v\u00e9 pul\u00f3ver"},"content":{"rendered":"<h4 data-start=\"96\" data-end=\"122\">Tejesk\u00e1v\u00e9 pul\u00f3ver<\/h4>\n<p data-start=\"124\" data-end=\"226\">Figyelem! A rendel\u00e9st k\u00f6vet\u0151en 10 nappal tudjuk post\u00e1zni ezt a pul\u00f3vert, a hossz\u00fa h\u00edmz\u00e9si id\u0151 miatt!<\/p>\n<p data-start=\"228\" data-end=\"625\">A m\u00e9lt\u00e1n n\u00e9pszer\u0171 arany\/s\u00f6t\u00e9tk\u00e9k pul\u00f3ver\u00fcnk tejesk\u00e1v\u00e9 verzi\u00f3ja, amely visszafogott sz\u00edn\u00e9vel frissess\u00e9get \u00e9s kifinomults\u00e1got sug\u00e1roz. Ez a pul\u00f3ver t\u00f6k\u00e9letes v\u00e1laszt\u00e1s azok sz\u00e1m\u00e1ra, akik szeretik az egyedi, k\u00e9zzel k\u00e9sz\u00edtett h\u00edmz\u00e9seket, de a finomabb \u00e1rnyalatokat r\u00e9szes\u00edtik el\u0151nyben. Kriston Gitka tervez\u00e9s\u00e9ben sz\u00fcletett meg ez a k\u00fcl\u00f6nleges darab, amely nemcsak divatos, hanem id\u0151t\u00e1ll\u00f3 is.<\/p>\n<p data-start=\"627\" data-end=\"917\">A puha, kellemes tapint\u00e1s\u00fa anyag\u00f6sszet\u00e9tel (50% pamut, 50% poli\u00e9szter) garant\u00e1lja a k\u00e9nyelmet, m\u00edg a prec\u00edzen kidolgozott h\u00edmz\u00e9s a matyodesign hagyom\u00e1ny\u0151rz\u0151 \u00e9s m\u00e9gis modern vil\u00e1g\u00e1t id\u00e9zi meg. T\u00f6k\u00e9letes viselet a h\u0171v\u00f6sebb napokon, legyen sz\u00f3 v\u00e1rosi s\u00e9t\u00e1r\u00f3l vagy egy bar\u00e1ti \u00f6sszej\u00f6vetelr\u0151l.<\/p>\n<p data-start=\"919\" data-end=\"933\"><strong data-start=\"919\" data-end=\"931\">Sizes<\/strong><\/p>\n<ul data-start=\"934\" data-end=\"1000\">\n<li data-start=\"934\" data-end=\"959\">XS\u2013XL k\u00f6z\u00f6tt el\u00e9rhet\u0151<\/li>\n<li data-start=\"960\" data-end=\"1000\">R\u00e9szletes m\u00e9rett\u00e1bl\u00e1zat a weboldalon<\/li>\n<\/ul>\n<p data-start=\"1002\" data-end=\"1323\"><strong data-start=\"1002\" data-end=\"1026\">A matyodesign vil\u00e1ga<\/strong><br data-start=\"1026\" data-end=\"1029\" \/>A matyodesign a tradicion\u00e1lis maty\u00f3 h\u00edmz\u00e9st modern form\u00e1ba \u00f6ntve k\u00edn\u00e1l egyedi, k\u00e9zzel k\u00e9sz\u00fclt darabokat. Minden term\u00e9k\u00fcnk szeretettel \u00e9s gondos odafigyel\u00e9ssel k\u00e9sz\u00fcl, hogy val\u00f3di \u00e9rt\u00e9ket k\u00e9pviseljen a visel\u0151je sz\u00e1m\u00e1ra. Fedezd fel tov\u00e1bbi kollekci\u00f3inkat, \u00e9s k\u00f6vess minket a k\u00f6z\u00f6ss\u00e9gi m\u00e9di\u00e1ban!<\/p>\n<ul>\n<li data-start=\"1325\" data-end=\"1563\"><strong data-start=\"1328\" data-end=\"1341\">Facebook:<\/strong> <a href=\"https:\/\/facebook.com\/matyodesign\" target=\"_new\" rel=\"noopener\" data-start=\"1342\" data-end=\"1402\">facebook.com\/matyodesign<\/a><\/li>\n<li data-start=\"1325\" data-end=\"1563\"><strong data-start=\"1408\" data-end=\"1422\">Instagram:<\/strong> <a href=\"https:\/\/instagram.com\/matyodesign\" target=\"_new\" rel=\"noopener\" data-start=\"1423\" data-end=\"1485\">instagram.com\/matyodesign<\/a><\/li>\n<li data-start=\"1325\" data-end=\"1563\"><strong data-start=\"1491\" data-end=\"1502\">TikTok:<\/strong> <a target=\"_new\" rel=\"noopener\" data-start=\"1503\" data-end=\"1561\">tiktok.com\/@matyodesign<\/a><\/li>\n<\/ul>\n<p><strong>Did you know?<\/strong><\/p>\n<p>Our handmade products are providing work to women in Tard, a small northeast Hungarian village and Unesco World Heritage Site. We create products that are majestic in design, have a high standard of quality and celebrate the invidualality of the Matyodesign culture. It is our mission to keep the Matyo culture alive with ethical business practices and by creating sustainable income opportunities for the Matyodesign artisans.<br \/>\nWe have created the matyodesign community, keeping in mind the values that resonate with the challenges of today\u2019s world: we operate under an ethical business model, focusing on timeless value creation rather than disposable products. Responsible purchasing and sustainability are key aspects of our philosophy, alongside preserving the values of the past. The Maty\u00f3 embroidery has also been included in the UNESCO list of intangible cultural heritage.<\/p>","protected":false},"excerpt":{"rendered":"<p>Attention! We can ship this product 10 days after ordering, due to the long embroidery time!<\/p>\n<p>A m\u00e9lt\u00e1n n\u00e9pszer\u0171 arany\/s\u00f6t\u00e9tk\u00e9k pul\u00f3ver\u00fcnk tejesk\u00e1v\u00e9 verzi\u00f3ja. Friss, kifinomult, st\u00edlusos. K\u00e9zzel h\u00edmezve, szeretettel k\u00e9sz\u00edtve.<\/p>\n<p>The sweater pattern is designed by Kriston Gitka.<\/p>","protected":false},"featured_media":104564,"template":"","meta":[],"product_brand":[],"product_cat":[370],"product_tag":[],"class_list":{"0":"post-104555","1":"product","2":"type-product","3":"status-publish","4":"has-post-thumbnail","6":"product_cat-puloverek","8":"first","9":"instock","10":"shipping-taxable","11":"purchasable","12":"product-type-variable"},"yoast_head":"<!-- This site is optimized with the Yoast SEO plugin v27.5 - https:\/\/yoast.com\/product\/yoast-seo-wordpress\/ -->\n<title>Tejesk\u00e1v\u00e9 pul\u00f3ver \u2013 Matyodesign<\/title>\n<meta name=\"description\" content=\"Tejesk\u00e1v\u00e9 pul\u00f3ver \u2013 egyedi darab a Matyodesignt\u00f3l. A pasztel sz\u00ednek kedvel\u0151inek! A maty\u00f3 minta \u00e9lm\u00e9nny\u00e9 v\u00e1lik \u2013 viseld b\u00fcszk\u00e9n!\" \/>\n<meta name=\"robots\" content=\"index, follow, max-snippet:-1, max-image-preview:large, max-video-preview:-1\" \/>\n<link rel=\"canonical\" href=\"https:\/\/matyodesign.hu\/en\/termek\/tejeskave-pulover\/\" \/>\n<meta property=\"og:locale\" content=\"en_GB\" \/>\n<meta property=\"og:type\" content=\"article\" \/>\n<meta property=\"og:title\" content=\"Tejesk\u00e1v\u00e9 pul\u00f3ver \u2013 Matyodesign\" \/>\n<meta property=\"og:description\" content=\"Tejesk\u00e1v\u00e9 pul\u00f3ver \u2013 egyedi darab a Matyodesignt\u00f3l. A pasztel sz\u00ednek kedvel\u0151inek! A maty\u00f3 minta \u00e9lm\u00e9nny\u00e9 v\u00e1lik \u2013 viseld b\u00fcszk\u00e9n!\" \/>\n<meta property=\"og:url\" content=\"https:\/\/matyodesign.hu\/en\/termek\/tejeskave-pulover\/\" \/>\n<meta property=\"og:site_name\" content=\"matyodesign\" \/>\n<meta property=\"article:modified_time\" content=\"2026-05-08T09:17:28+00:00\" \/>\n<meta property=\"og:image\" content=\"https:\/\/matyodesign.hu\/wp-content\/uploads\/2026\/05\/matyodesign_tejeskave_pulover_4.png\" \/>\n\t<meta property=\"og:image:width\" content=\"1024\" \/>\n\t<meta property=\"og:image:height\" content=\"1024\" \/>\n\t<meta property=\"og:image:type\" content=\"image\/png\" \/>\n<meta name=\"twitter:card\" content=\"summary_large_image\" \/>\n<meta name=\"twitter:label1\" content=\"Estimated reading time\" \/>\n\t<meta name=\"twitter:data1\" content=\"2 minutes\" \/>\n<script type=\"application\/ld+json\" class=\"yoast-schema-graph\">{\"@context\":\"https:\\\/\\\/schema.org\",\"@graph\":[{\"@type\":\"WebPage\",\"@id\":\"https:\\\/\\\/matyodesign.hu\\\/termek\\\/tejeskave-pulover\\\/\",\"url\":\"https:\\\/\\\/matyodesign.hu\\\/termek\\\/tejeskave-pulover\\\/\",\"name\":\"Tejesk\u00e1v\u00e9 pul\u00f3ver \u2013 Matyodesign\",\"isPartOf\":{\"@id\":\"https:\\\/\\\/matyodesign.hu\\\/#website\"},\"primaryImageOfPage\":{\"@id\":\"https:\\\/\\\/matyodesign.hu\\\/termek\\\/tejeskave-pulover\\\/#primaryimage\"},\"image\":{\"@id\":\"https:\\\/\\\/matyodesign.hu\\\/termek\\\/tejeskave-pulover\\\/#primaryimage\"},\"thumbnailUrl\":\"https:\\\/\\\/matyodesign.hu\\\/wp-content\\\/uploads\\\/2026\\\/05\\\/matyodesign_tejeskave_pulover_4.png\",\"datePublished\":\"2026-05-08T05:05:44+00:00\",\"dateModified\":\"2026-05-08T09:17:28+00:00\",\"description\":\"Tejesk\u00e1v\u00e9 pul\u00f3ver \u2013 egyedi darab a Matyodesignt\u00f3l. A pasztel sz\u00ednek kedvel\u0151inek! A maty\u00f3 minta \u00e9lm\u00e9nny\u00e9 v\u00e1lik \u2013 viseld b\u00fcszk\u00e9n!\",\"breadcrumb\":{\"@id\":\"https:\\\/\\\/matyodesign.hu\\\/termek\\\/tejeskave-pulover\\\/#breadcrumb\"},\"inLanguage\":\"en-GB\",\"potentialAction\":[{\"@type\":\"ReadAction\",\"target\":[\"https:\\\/\\\/matyodesign.hu\\\/termek\\\/tejeskave-pulover\\\/\"]}]},{\"@type\":\"ImageObject\",\"inLanguage\":\"en-GB\",\"@id\":\"https:\\\/\\\/matyodesign.hu\\\/termek\\\/tejeskave-pulover\\\/#primaryimage\",\"url\":\"https:\\\/\\\/matyodesign.hu\\\/wp-content\\\/uploads\\\/2026\\\/05\\\/matyodesign_tejeskave_pulover_4.png\",\"contentUrl\":\"https:\\\/\\\/matyodesign.hu\\\/wp-content\\\/uploads\\\/2026\\\/05\\\/matyodesign_tejeskave_pulover_4.png\",\"width\":1024,\"height\":1024},{\"@type\":\"BreadcrumbList\",\"@id\":\"https:\\\/\\\/matyodesign.hu\\\/termek\\\/tejeskave-pulover\\\/#breadcrumb\",\"itemListElement\":[{\"@type\":\"ListItem\",\"position\":1,\"name\":\"Kezd\u0151lap\",\"item\":\"https:\\\/\\\/matyodesign.hu\\\/\"},{\"@type\":\"ListItem\",\"position\":2,\"name\":\"Webshop\",\"item\":\"https:\\\/\\\/matyodesign.hu\\\/webshop\\\/\"},{\"@type\":\"ListItem\",\"position\":3,\"name\":\"Tejesk\u00e1v\u00e9 pul\u00f3ver\"}]},{\"@type\":\"WebSite\",\"@id\":\"https:\\\/\\\/matyodesign.hu\\\/#website\",\"url\":\"https:\\\/\\\/matyodesign.hu\\\/\",\"name\":\"matyodesign\",\"description\":\"K\u00e9zzel. Szeretettel. Neked.\",\"potentialAction\":[{\"@type\":\"SearchAction\",\"target\":{\"@type\":\"EntryPoint\",\"urlTemplate\":\"https:\\\/\\\/matyodesign.hu\\\/?s={search_term_string}\"},\"query-input\":{\"@type\":\"PropertyValueSpecification\",\"valueRequired\":true,\"valueName\":\"search_term_string\"}}],\"inLanguage\":\"en-GB\"}]}<\/script>\n<!-- \/ Yoast SEO plugin. -->","yoast_head_json":{"title":"Tejesk\u00e1v\u00e9 pul\u00f3ver \u2013 Matyodesign","description":"Tejesk\u00e1v\u00e9 pul\u00f3ver \u2013 egyedi darab a Matyodesignt\u00f3l. A pasztel sz\u00ednek kedvel\u0151inek! A maty\u00f3 minta \u00e9lm\u00e9nny\u00e9 v\u00e1lik \u2013 viseld b\u00fcszk\u00e9n!","robots":{"index":"index","follow":"follow","max-snippet":"max-snippet:-1","max-image-preview":"max-image-preview:large","max-video-preview":"max-video-preview:-1"},"canonical":"https:\/\/matyodesign.hu\/en\/termek\/tejeskave-pulover\/","og_locale":"en_GB","og_type":"article","og_title":"Tejesk\u00e1v\u00e9 pul\u00f3ver \u2013 Matyodesign","og_description":"Tejesk\u00e1v\u00e9 pul\u00f3ver \u2013 egyedi darab a Matyodesignt\u00f3l. A pasztel sz\u00ednek kedvel\u0151inek! A maty\u00f3 minta \u00e9lm\u00e9nny\u00e9 v\u00e1lik \u2013 viseld b\u00fcszk\u00e9n!","og_url":"https:\/\/matyodesign.hu\/en\/termek\/tejeskave-pulover\/","og_site_name":"matyodesign","article_modified_time":"2026-05-08T09:17:28+00:00","og_image":[{"width":1024,"height":1024,"url":"https:\/\/matyodesign.hu\/wp-content\/uploads\/2026\/05\/matyodesign_tejeskave_pulover_4.png","type":"image\/png"}],"twitter_card":"summary_large_image","twitter_misc":{"Estimated reading time":"2 minutes"},"schema":{"@context":"https:\/\/schema.org","@graph":[{"@type":"WebPage","@id":"https:\/\/matyodesign.hu\/termek\/tejeskave-pulover\/","url":"https:\/\/matyodesign.hu\/termek\/tejeskave-pulover\/","name":"Tejesk\u00e1v\u00e9 pul\u00f3ver \u2013 Matyodesign","isPartOf":{"@id":"https:\/\/matyodesign.hu\/#website"},"primaryImageOfPage":{"@id":"https:\/\/matyodesign.hu\/termek\/tejeskave-pulover\/#primaryimage"},"image":{"@id":"https:\/\/matyodesign.hu\/termek\/tejeskave-pulover\/#primaryimage"},"thumbnailUrl":"https:\/\/matyodesign.hu\/wp-content\/uploads\/2026\/05\/matyodesign_tejeskave_pulover_4.png","datePublished":"2026-05-08T05:05:44+00:00","dateModified":"2026-05-08T09:17:28+00:00","description":"Tejesk\u00e1v\u00e9 pul\u00f3ver \u2013 egyedi darab a Matyodesignt\u00f3l. A pasztel sz\u00ednek kedvel\u0151inek! A maty\u00f3 minta \u00e9lm\u00e9nny\u00e9 v\u00e1lik \u2013 viseld b\u00fcszk\u00e9n!","breadcrumb":{"@id":"https:\/\/matyodesign.hu\/termek\/tejeskave-pulover\/#breadcrumb"},"inLanguage":"en-GB","potentialAction":[{"@type":"ReadAction","target":["https:\/\/matyodesign.hu\/termek\/tejeskave-pulover\/"]}]},{"@type":"ImageObject","inLanguage":"en-GB","@id":"https:\/\/matyodesign.hu\/termek\/tejeskave-pulover\/#primaryimage","url":"https:\/\/matyodesign.hu\/wp-content\/uploads\/2026\/05\/matyodesign_tejeskave_pulover_4.png","contentUrl":"https:\/\/matyodesign.hu\/wp-content\/uploads\/2026\/05\/matyodesign_tejeskave_pulover_4.png","width":1024,"height":1024},{"@type":"BreadcrumbList","@id":"https:\/\/matyodesign.hu\/termek\/tejeskave-pulover\/#breadcrumb","itemListElement":[{"@type":"ListItem","position":1,"name":"Kezd\u0151lap","item":"https:\/\/matyodesign.hu\/"},{"@type":"ListItem","position":2,"name":"Webshop","item":"https:\/\/matyodesign.hu\/webshop\/"},{"@type":"ListItem","position":3,"name":"Tejesk\u00e1v\u00e9 pul\u00f3ver"}]},{"@type":"WebSite","@id":"https:\/\/matyodesign.hu\/#website","url":"https:\/\/matyodesign.hu\/","name":"matyodesign","description":"K\u00e9zzel. Szeretettel. Neked.","potentialAction":[{"@type":"SearchAction","target":{"@type":"EntryPoint","urlTemplate":"https:\/\/matyodesign.hu\/?s={search_term_string}"},"query-input":{"@type":"PropertyValueSpecification","valueRequired":true,"valueName":"search_term_string"}}],"inLanguage":"en-GB"}]}},"_links":{"self":[{"href":"https:\/\/matyodesign.hu\/en\/wp-json\/wp\/v2\/product\/104555","targetHints":{"allow":["GET"]}}],"collection":[{"href":"https:\/\/matyodesign.hu\/en\/wp-json\/wp\/v2\/product"}],"about":[{"href":"https:\/\/matyodesign.hu\/en\/wp-json\/wp\/v2\/types\/product"}],"wp:featuredmedia":[{"embeddable":true,"href":"https:\/\/matyodesign.hu\/en\/wp-json\/wp\/v2\/media\/104564"}],"wp:attachment":[{"href":"https:\/\/matyodesign.hu\/en\/wp-json\/wp\/v2\/media?parent=104555"}],"wp:term":[{"taxonomy":"product_brand","embeddable":true,"href":"https:\/\/matyodesign.hu\/en\/wp-json\/wp\/v2\/product_brand?post=104555"},{"taxonomy":"product_cat","embeddable":true,"href":"https:\/\/matyodesign.hu\/en\/wp-json\/wp\/v2\/product_cat?post=104555"},{"taxonomy":"product_tag","embeddable":true,"href":"https:\/\/matyodesign.hu\/en\/wp-json\/wp\/v2\/product_tag?post=104555"}],"curies":[{"name":"wp","href":"https:\/\/api.w.org\/{rel}","templated":true}]}}